{"id":116,"date":"2022-05-30T16:22:35","date_gmt":"2022-05-30T14:22:35","guid":{"rendered":"https:\/\/site.educa.madrid.org\/cp.navalazarza.sanagustin\/?page_id=116"},"modified":"2024-07-03T14:16:50","modified_gmt":"2024-07-03T12:16:50","slug":"ampa","status":"publish","type":"page","link":"https:\/\/site.educa.madrid.org\/cp.navalazarza.sanagustin\/index.php\/ampa\/","title":{"rendered":"AMPA"},"content":{"rendered":"\n<p>Es una asociaci\u00f3n sin \u00e1nimo de lucro que agrupa y representa institucionalmente a los padres y madres del colegio. Act\u00faa como interlocutora de los mismos tratando y proponiendo diferentes temas que afectan o son de inter\u00e9s a todo el colectivo de las familias en relaci\u00f3n con la educaci\u00f3n de nuestros\/as hijos\/as.<\/p>\n\n\n\n<p>Participa activamente como protagonista en la vida de la comunidad educativa integr\u00e1ndose a su proyecto educativo aportando apoyo e iniciativas.<\/p>\n\n\n\n<p>A todo ello unimos la puesta en marcha de actividades extraescolares que facilitan la educaci\u00f3n integral del alumnado y ayudan a las familias a su conciliaci\u00f3n laboral con horarios ampliados en el centro.<\/p>\n\n\n\n<ul class=\"wp-block-list\">\n<li><strong>Tel\u00e9fono:<\/strong> 619 30 86 23<\/li>\n\n\n\n<li><strong>Email:<\/strong> <a href=\"mailto:oficina@ampanavalazarza.org\">oficina@ampanavalazarza.org<\/a><\/li>\n\n\n\n<li><strong>Web:<\/strong> <a href=\"https:\/\/www.ampanavalazarza.es\/\" target=\"_blank\" rel=\"noreferrer noopener\">www.ampanavalazarza.es<\/a><\/li>\n<\/ul>\n\n\n<div class=\"wp-block-image\">\n<figure class=\"aligncenter size-full is-resized\"><a href=\"https:\/\/www.ampanavalazarza.es\/\" target=\"_blank\" rel=\"noreferrer noopener\"><img loading=\"lazy\" decoding=\"async\" width=\"600\" height=\"209\" src=\"https:\/\/site.educa.madrid.org\/cp.navalazarza.sanagustin\/\/wp-content\/uploads\/cp.navalazarza.sanagustin\/2023\/11\/logoampa-navalazarza.png\" alt=\"\" class=\"wp-image-1246\" style=\"width:600px\" srcset=\"https:\/\/site.educa.madrid.org\/cp.navalazarza.sanagustin\/\/wp-content\/uploads\/cp.navalazarza.sanagustin\/2023\/11\/logoampa-navalazarza.png 600w, https:\/\/site.educa.madrid.org\/cp.navalazarza.sanagustin\/\/wp-content\/uploads\/cp.navalazarza.sanagustin\/2023\/11\/logoampa-navalazarza-300x105.png 300w\" sizes=\"auto, (max-width: 600px) 100vw, 600px\" \/><\/a><\/figure>\n<\/div>","protected":false},"excerpt":{"rendered":"<p>Es una asociaci\u00f3n sin \u00e1nimo de lucro que agrupa y representa institucionalmente a los padres y madres del colegio. Act\u00faa [&hellip;]<\/p>\n","protected":false},"author":6,"featured_media":0,"parent":0,"menu_order":4,"comment_status":"closed","ping_status":"closed","template":"page-templates\/page_fullwidth.php","meta":{"footnotes":""},"folder":[8,29],"class_list":["post-116","page","type-page","status-publish","hentry"],"rttpg_featured_image_url":null,"rttpg_author":{"display_name":"Cuenta Admin-educamadrid","author_link":"https:\/\/site.educa.madrid.org\/cp.navalazarza.sanagustin\/index.php\/author\/cuenta_admin-educamadrid\/"},"rttpg_comment":0,"rttpg_category":" <a href=\"https:\/\/site.educa.madrid.org\/cp.navalazarza.sanagustin\/?taxonomy=folder&#038;term=nuestro-centro-1700472291-3\" rel=\"tag\">El Centro<\/a><a href=\"https:\/\/site.educa.madrid.org\/cp.navalazarza.sanagustin\/?taxonomy=folder&#038;term=equipo-humano-1719471687-3\" rel=\"tag\">Equipo Humano<\/a>","rttpg_excerpt":"Es una asociaci\u00f3n sin \u00e1nimo de lucro que agrupa y representa institucionalmente a los padres y madres del colegio. Act\u00faa [&hellip;]","post_mailing_queue_ids":[],"_links":{"self":[{"href":"https:\/\/site.educa.madrid.org\/cp.navalazarza.sanagustin\/index.php\/wp-json\/wp\/v2\/pages\/116","targetHints":{"allow":["GET"]}}],"collection":[{"href":"https:\/\/site.educa.madrid.org\/cp.navalazarza.sanagustin\/index.php\/wp-json\/wp\/v2\/pages"}],"about":[{"href":"https:\/\/site.educa.madrid.org\/cp.navalazarza.sanagustin\/index.php\/wp-json\/wp\/v2\/types\/page"}],"author":[{"embeddable":true,"href":"https:\/\/site.educa.madrid.org\/cp.navalazarza.sanagustin\/index.php\/wp-json\/wp\/v2\/users\/6"}],"replies":[{"embeddable":true,"href":"https:\/\/site.educa.madrid.org\/cp.navalazarza.sanagustin\/index.php\/wp-json\/wp\/v2\/comments?post=116"}],"version-history":[{"count":7,"href":"https:\/\/site.educa.madrid.org\/cp.navalazarza.sanagustin\/index.php\/wp-json\/wp\/v2\/pages\/116\/revisions"}],"predecessor-version":[{"id":2754,"href":"https:\/\/site.educa.madrid.org\/cp.navalazarza.sanagustin\/index.php\/wp-json\/wp\/v2\/pages\/116\/revisions\/2754"}],"wp:attachment":[{"href":"https:\/\/site.educa.madrid.org\/cp.navalazarza.sanagustin\/index.php\/wp-json\/wp\/v2\/media?parent=116"}],"wp:term":[{"taxonomy":"folder","embeddable":true,"href":"https:\/\/site.educa.madrid.org\/cp.navalazarza.sanagustin\/index.php\/wp-json\/wp\/v2\/folder?post=116"}],"curies":[{"name":"wp","href":"https:\/\/api.w.org\/{rel}","templated":true}]}}