{"id":1316,"date":"2023-11-24T14:57:48","date_gmt":"2023-11-24T13:57:48","guid":{"rendered":"https:\/\/site.educa.madrid.org\/cp.navalazarza.sanagustin\/?page_id=1316"},"modified":"2025-06-09T10:29:12","modified_gmt":"2025-06-09T08:29:12","slug":"matriculacion","status":"publish","type":"page","link":"https:\/\/site.educa.madrid.org\/cp.navalazarza.sanagustin\/index.php\/matriculacion\/","title":{"rendered":"Matriculaci\u00f3n"},"content":{"rendered":"\n<h2 class=\"wp-block-heading\"><strong>Procedimiento de matriculaci\u00f3n<\/strong><\/h2>\n\n\n\n<h4 class=\"wp-block-heading\">Proceso de Matriculaci\u00f3n (una vez publicas las listas de alumnos\/as admitidos\/as).<\/h4>\n\n\n\n<p><strong>El Plazo de MATRICULACI\u00d3N <\/strong>comprende desde<strong> el 12 al 26 de junio de 2025.<\/strong><\/p>\n\n\n\n<h2 class=\"wp-block-heading\"><strong>Documentaci\u00f3n a presentar<\/strong><\/h2>\n\n\n\n<h4 class=\"wp-block-heading\">Documentaci\u00f3n nuevos alumnos proceso&nbsp;<em>Ordinario<\/em><\/h4>\n\n\n\n<p>Documentos OBLIGATORIOS:<\/p>\n\n\n\n<ul class=\"wp-block-list\">\n<li>Los alumnos de&nbsp;<strong>Infantil 4 a\u00f1os en adelante<\/strong>,&nbsp;<em><strong>Certificado de Traslado<\/strong><\/em>, emitido por el colegio del que provienen.<\/li>\n\n\n\n<li><strong>Libro de familia<\/strong>.<\/li>\n\n\n\n<li><strong>DNI padres\/tutores<\/strong>.<\/li>\n\n\n\n<li><strong>2 fotograf\u00edas.<\/strong><\/li>\n\n\n\n<li><strong>Anexos I al V.<\/strong><\/li>\n\n\n\n<li>Anexo VI (exclusivamente en caso de alergias y\/o enfermedad cr\u00f3nica \u2013<strong>adjuntar informe m\u00e9dico<\/strong>-).<\/li>\n\n\n\n<li>Declaraci\u00f3n responsable (exclusivamente si firma solamente un progenitor).<\/li>\n<\/ul>\n\n\n\n<p>Documento OPCIONAL:<\/p>\n\n\n\n<ul class=\"wp-block-list\">\n<li>Anexo VII.<\/li>\n<\/ul>\n\n\n\n<h4 class=\"wp-block-heading\">Documentaci\u00f3n nuevos alumnos proceso&nbsp;<em>Extraordinario<\/em><\/h4>\n\n\n\n<p>Documentos OBLIGATORIOS:<\/p>\n\n\n\n<ul class=\"wp-block-list\">\n<li>Los&nbsp;<strong>mismos que en Proceso Ordinario<\/strong>&nbsp;y adem\u00e1s:<\/li>\n\n\n\n<li><strong>\u00abVolante\u00bb de empadronamiento<\/strong>&nbsp;(expedido m\u00e1ximo 3 meses antes).<\/li>\n\n\n\n<li><a href=\"https:\/\/site.educa.madrid.org\/cp.navalazarza.sanagustin\/\/wp-content\/uploads\/cp.navalazarza.sanagustin\/2025\/06\/Solicitud-de-escolarizacion-proceso-extraordinario-2025-26.pdf\" target=\"_blank\" rel=\"noreferrer noopener\">Formulario Admisi\u00f3n Proceso Extraordinario<\/a><\/li>\n<\/ul>\n\n\n\n<h2 class=\"wp-block-heading\"><strong>Descargas<\/strong><\/h2>\n\n\n\n<ul class=\"wp-block-list\">\n<li><a href=\"https:\/\/site.educa.madrid.org\/cp.navalazarza.sanagustin\/\/wp-content\/uploads\/cp.navalazarza.sanagustin\/2023\/11\/Anexo-I.-Ficha-Recogida-Datos-Alumno.pdf\" target=\"_blank\" rel=\"noreferrer noopener\">Anexo I. Ficha Recogida Datos Alumnos<\/a><\/li>\n\n\n\n<li><a href=\"https:\/\/site.educa.madrid.org\/cp.navalazarza.sanagustin\/\/wp-content\/uploads\/cp.navalazarza.sanagustin\/2023\/11\/Anexo-II.-Ficha-Recogida-Datos-Familia.pdf\" target=\"_blank\" rel=\"noreferrer noopener\">Anexo II. Ficha Recogida Datos Padres<\/a><\/li>\n\n\n\n<li><a href=\"https:\/\/site.educa.madrid.org\/cp.navalazarza.sanagustin\/\/wp-content\/uploads\/cp.navalazarza.sanagustin\/2023\/11\/Anexo-III.-Autorizaciones-y-Aceptacion-Caracter-Propio.pdf\" target=\"_blank\" rel=\"noreferrer noopener\">Anexo III. Autorizaciones Salidas y Car\u00e1cter Propio<\/a><\/li>\n\n\n\n<li><a href=\"https:\/\/site.educa.madrid.org\/cp.navalazarza.sanagustin\/\/wp-content\/uploads\/cp.navalazarza.sanagustin\/2023\/11\/Anexo-IV.-Autorizacion-Recogida-Alumno-1.pdf\" target=\"_blank\" rel=\"noreferrer noopener\">Anexo IV. Autorizaci\u00f3n Recogida Alumno<\/a><\/li>\n\n\n\n<li><a href=\"https:\/\/site.educa.madrid.org\/cp.navalazarza.sanagustin\/\/wp-content\/uploads\/cp.navalazarza.sanagustin\/2023\/11\/Anexo-V.-Autorizacion-Uso-Imagen.pdf\" target=\"_blank\" rel=\"noreferrer noopener\">Anexo V. Autorizaci\u00f3n Uso Imagen<\/a><\/li>\n\n\n\n<li><a href=\"https:\/\/site.educa.madrid.org\/cp.navalazarza.sanagustin\/\/wp-content\/uploads\/cp.navalazarza.sanagustin\/2023\/11\/Anexo-VI.-Alergias-Intolerancias-Enfermedades-Cronicas.pdf\" target=\"_blank\" rel=\"noreferrer noopener\">Anexo VI. Alergias, Intolerancia o Enfermedad Cr\u00f3nica<\/a><\/li>\n\n\n\n<li><a href=\"https:\/\/site.educa.madrid.org\/cp.navalazarza.sanagustin\/\/wp-content\/uploads\/cp.navalazarza.sanagustin\/2023\/11\/Anexo-VII.-Consentimiento-Administracion-Medicamento.pdf\" target=\"_blank\" rel=\"noreferrer noopener\">Anexo VII. Consentimiento administraci\u00f3n de medicamento<\/a><\/li>\n\n\n\n<li><a href=\"https:\/\/site.educa.madrid.org\/cp.navalazarza.sanagustin\/\/wp-content\/uploads\/cp.navalazarza.sanagustin\/2023\/11\/Carta-Profesores-Religion.pdf\" target=\"_blank\" rel=\"noreferrer noopener\">Informaci\u00f3n familias sobre la elecci\u00f3n de Religi\u00f3n<\/a><\/li>\n\n\n\n<li><a href=\"https:\/\/www.youtube.com\/embed\/wsXFQTEaxw4\" target=\"_blank\" rel=\"noreferrer noopener\">Enlace al v\u00eddeo \u00bfPor qu\u00e9 quieres que tu hijo escoja Religi\u00f3n?<\/a><\/li>\n\n\n\n<li><a href=\"https:\/\/site.educa.madrid.org\/cp.navalazarza.sanagustin\/\/wp-content\/uploads\/cp.navalazarza.sanagustin\/2023\/11\/Politica-de-Privacidad-sep21.pdf\" target=\"_blank\" rel=\"noreferrer noopener\">Pol\u00edtica de privacidad<\/a><\/li>\n\n\n\n<li><a href=\"https:\/\/site.educa.madrid.org\/cp.navalazarza.sanagustin\/\/wp-content\/uploads\/cp.navalazarza.sanagustin\/2023\/11\/Material-Necesario-Alumnado-3-Anos.pdf\" target=\"_blank\" rel=\"noreferrer noopener\">Material necesario alumnos 3 a\u00f1os<\/a><\/li>\n\n\n\n<li><a href=\"https:\/\/site.educa.madrid.org\/cp.navalazarza.sanagustin\/\/wp-content\/uploads\/cp.navalazarza.sanagustin\/2025\/06\/Declaracion-Responsable-25_26.pdf\" target=\"_blank\" rel=\"noreferrer noopener\">Declaraci\u00f3n Responsable<\/a><\/li>\n<\/ul>\n","protected":false},"excerpt":{"rendered":"<p>Procedimiento de matriculaci\u00f3n Proceso de Matriculaci\u00f3n (una vez publicas las listas de alumnos\/as admitidos\/as). El Plazo de MATRICULACI\u00d3N comprende desde [&hellip;]<\/p>\n","protected":false},"author":3,"featured_media":0,"parent":0,"menu_order":12,"comment_status":"closed","ping_status":"closed","template":"page-templates\/page_fullwidth.php","meta":{"footnotes":""},"folder":[10],"class_list":["post-1316","page","type-page","status-publish","hentry"],"rttpg_featured_image_url":null,"rttpg_author":{"display_name":"cp.navalazarza.sanagustin","author_link":"https:\/\/site.educa.madrid.org\/cp.navalazarza.sanagustin\/index.php\/author\/cuenta_cp-navalazarza-sanagustin\/"},"rttpg_comment":0,"rttpg_category":" <a href=\"https:\/\/site.educa.madrid.org\/cp.navalazarza.sanagustin\/?taxonomy=folder&#038;term=secretaria-1700472319-3\" rel=\"tag\">Secretar\u00eda<\/a>","rttpg_excerpt":"Procedimiento de matriculaci\u00f3n Proceso de Matriculaci\u00f3n (una vez publicas las listas de alumnos\/as admitidos\/as). El Plazo de MATRICULACI\u00d3N comprende desde [&hellip;]","post_mailing_queue_ids":[],"_links":{"self":[{"href":"https:\/\/site.educa.madrid.org\/cp.navalazarza.sanagustin\/index.php\/wp-json\/wp\/v2\/pages\/1316","targetHints":{"allow":["GET"]}}],"collection":[{"href":"https:\/\/site.educa.madrid.org\/cp.navalazarza.sanagustin\/index.php\/wp-json\/wp\/v2\/pages"}],"about":[{"href":"https:\/\/site.educa.madrid.org\/cp.navalazarza.sanagustin\/index.php\/wp-json\/wp\/v2\/types\/page"}],"author":[{"embeddable":true,"href":"https:\/\/site.educa.madrid.org\/cp.navalazarza.sanagustin\/index.php\/wp-json\/wp\/v2\/users\/3"}],"replies":[{"embeddable":true,"href":"https:\/\/site.educa.madrid.org\/cp.navalazarza.sanagustin\/index.php\/wp-json\/wp\/v2\/comments?post=1316"}],"version-history":[{"count":7,"href":"https:\/\/site.educa.madrid.org\/cp.navalazarza.sanagustin\/index.php\/wp-json\/wp\/v2\/pages\/1316\/revisions"}],"predecessor-version":[{"id":5057,"href":"https:\/\/site.educa.madrid.org\/cp.navalazarza.sanagustin\/index.php\/wp-json\/wp\/v2\/pages\/1316\/revisions\/5057"}],"wp:attachment":[{"href":"https:\/\/site.educa.madrid.org\/cp.navalazarza.sanagustin\/index.php\/wp-json\/wp\/v2\/media?parent=1316"}],"wp:term":[{"taxonomy":"folder","embeddable":true,"href":"https:\/\/site.educa.madrid.org\/cp.navalazarza.sanagustin\/index.php\/wp-json\/wp\/v2\/folder?post=1316"}],"curies":[{"name":"wp","href":"https:\/\/api.w.org\/{rel}","templated":true}]}}