{"id":178,"date":"2022-05-31T11:04:12","date_gmt":"2022-05-31T09:04:12","guid":{"rendered":"https:\/\/site.educa.madrid.org\/cp.navalazarza.sanagustin\/?page_id=178"},"modified":"2026-05-04T11:15:43","modified_gmt":"2026-05-04T09:15:43","slug":"comedor","status":"publish","type":"page","link":"https:\/\/site.educa.madrid.org\/cp.navalazarza.sanagustin\/index.php\/comedor\/","title":{"rendered":"Comedor"},"content":{"rendered":"\n<div class=\"wp-block-columns is-layout-flex wp-container-core-columns-is-layout-9d6595d7 wp-block-columns-is-layout-flex\">\n<div class=\"wp-block-column is-vertically-aligned-center is-layout-flow wp-block-column-is-layout-flow\" style=\"flex-basis:45%\">\n<p>Para cualquier tema relacionado con la&nbsp;<strong>contrataci\u00f3n del servicio<\/strong>&nbsp;(cambio de d\u00edas, ausencias, cobros, bajas, etc.) dirigirse a secretar\u00eda:<\/p>\n\n\n\n<p><strong>Tel\u00e9fono:<\/strong>&nbsp;918 418 643<br><strong>Mail:<\/strong>&nbsp;<a href=\"mailto:milagros.cotrina@educa.madrid.org\">milagros.cotrina@educa.madrid.org<\/a><br><strong>Horario de atenci\u00f3n:<\/strong><br>Lunes, martes, jueves y viernes de 9:15 a 10:30 horas.<br>Lunes y mi\u00e9rcoles de 14:10 a 15:00 horas.<\/p>\n<\/div>\n\n\n\n<div class=\"wp-block-column has-background is-layout-flow wp-block-column-is-layout-flow\" style=\"background-color:#0432541a\">\n<div style=\"height:40px\" aria-hidden=\"true\" class=\"wp-block-spacer\"><\/div>\n\n\n\n<div class=\"wp-block-buttons is-content-justification-center is-layout-flex wp-container-core-buttons-is-layout-5e6b19ed wp-block-buttons-is-layout-flex\">\n<div class=\"wp-block-button has-custom-width wp-block-button__width-75\"><a class=\"wp-block-button__link wp-element-button\" href=\"https:\/\/forms.gle\/ojbkU6vu6UgW4U4ZA\" target=\"_blank\" rel=\"noreferrer noopener\">Formulario de inscripci\u00f3n servicio de comedor<\/a><\/div>\n\n\n\n<div class=\"wp-block-button has-custom-width wp-block-button__width-75\"><a class=\"wp-block-button__link wp-element-button\" href=\"https:\/\/site.educa.madrid.org\/cp.navalazarza.sanagustin\/\/wp-content\/uploads\/cp.navalazarza.sanagustin\/2025\/08\/Comedor-escolar_informacion-familias_curso-2025-26.pdf\" target=\"_blank\" rel=\"noreferrer noopener\">Informaci\u00f3n Comedor Escolar<\/a><\/div>\n\n\n\n<div class=\"wp-block-button has-custom-width wp-block-button__width-75\"><a class=\"wp-block-button__link wp-element-button\" href=\"https:\/\/site.educa.madrid.org\/cp.navalazarza.sanagustin\/\/wp-content\/uploads\/cp.navalazarza.sanagustin\/2023\/11\/Datos-Cuenta-Colegio-2023.pdf\" target=\"_blank\" rel=\"noreferrer noopener\">Datos Cuenta Colegio<\/a><\/div>\n\n\n\n<div class=\"wp-block-button has-custom-width wp-block-button__width-75\"><a class=\"wp-block-button__link wp-element-button\" href=\"https:\/\/site.educa.madrid.org\/cp.navalazarza.sanagustin\/\/wp-content\/uploads\/cp.navalazarza.sanagustin\/2025\/08\/Como-contratar-dias-sueltos.pdf\" target=\"_blank\" rel=\"noreferrer noopener\">D\u00edas Sueltos<\/a><\/div>\n\n\n\n<div class=\"wp-block-button has-custom-width wp-block-button__width-75\"><a class=\"wp-block-button__link wp-element-button\" href=\"https:\/\/site.educa.madrid.org\/cp.navalazarza.sanagustin\/index.php\/2026\/05\/04\/menus-del-comedor-escolar-mayo\/\">Men\u00fa Mensual<\/a><\/div>\n\n\n\n<div class=\"wp-block-button has-custom-width wp-block-button__width-75\"><a class=\"wp-block-button__link wp-element-button\" href=\"https:\/\/someal.app\/virgendenavalazarza\" target=\"_blank\" rel=\"noreferrer noopener\">web-app Someal<\/a><\/div>\n<\/div>\n\n\n\n<div style=\"height:40px\" aria-hidden=\"true\" class=\"wp-block-spacer\"><\/div>\n<\/div>\n<\/div>\n\n\n\n<div style=\"height:20px\" aria-hidden=\"true\" class=\"wp-block-spacer\"><\/div>\n\n\n\n<h4 class=\"wp-block-heading has-text-align-center\">Para una informaci\u00f3n m\u00e1s detallada de la alimentaci\u00f3n y\/o el comportamiento de su hijo dirigirse a la coordinadora: 689 799 564 (Rebeca Cano) y a trav\u00e9s del&nbsp;<a rel=\"noreferrer noopener\" href=\"https:\/\/forms.gle\/7w8TFgmDcDDUxfHB8\" target=\"_blank\">formulario de comunicaciones<\/a>.<\/h4>\n\n\n<div class=\"wp-block-image\">\n<figure class=\"aligncenter size-full\"><img loading=\"lazy\" decoding=\"async\" width=\"1004\" height=\"590\" src=\"https:\/\/site.educa.madrid.org\/cp.navalazarza.sanagustin\/\/wp-content\/uploads\/cp.navalazarza.sanagustin\/2025\/07\/CONTACTOS-COMEDOR-WEB-2025.jpg\" alt=\"\" class=\"wp-image-5347\" srcset=\"https:\/\/site.educa.madrid.org\/cp.navalazarza.sanagustin\/\/wp-content\/uploads\/cp.navalazarza.sanagustin\/2025\/07\/CONTACTOS-COMEDOR-WEB-2025.jpg 1004w, https:\/\/site.educa.madrid.org\/cp.navalazarza.sanagustin\/\/wp-content\/uploads\/cp.navalazarza.sanagustin\/2025\/07\/CONTACTOS-COMEDOR-WEB-2025-300x176.jpg 300w, https:\/\/site.educa.madrid.org\/cp.navalazarza.sanagustin\/\/wp-content\/uploads\/cp.navalazarza.sanagustin\/2025\/07\/CONTACTOS-COMEDOR-WEB-2025-768x451.jpg 768w, https:\/\/site.educa.madrid.org\/cp.navalazarza.sanagustin\/\/wp-content\/uploads\/cp.navalazarza.sanagustin\/2025\/07\/CONTACTOS-COMEDOR-WEB-2025-1000x588.jpg 1000w, https:\/\/site.educa.madrid.org\/cp.navalazarza.sanagustin\/\/wp-content\/uploads\/cp.navalazarza.sanagustin\/2025\/07\/CONTACTOS-COMEDOR-WEB-2025-230x135.jpg 230w, https:\/\/site.educa.madrid.org\/cp.navalazarza.sanagustin\/\/wp-content\/uploads\/cp.navalazarza.sanagustin\/2025\/07\/CONTACTOS-COMEDOR-WEB-2025-350x206.jpg 350w, https:\/\/site.educa.madrid.org\/cp.navalazarza.sanagustin\/\/wp-content\/uploads\/cp.navalazarza.sanagustin\/2025\/07\/CONTACTOS-COMEDOR-WEB-2025-480x282.jpg 480w\" sizes=\"auto, (max-width: 1004px) 100vw, 1004px\" \/><\/figure>\n<\/div>\n\n\n<p>El&nbsp;<strong>turno<\/strong>&nbsp;de comida es de 14:00 a 15:00 horas (meses de octubre a mayo) y de 13:00 a 14:00 horas (septiembre y junio); de 15:00 a 16:00 o de 14:00 a 15:00 horas se organizan actividades l\u00fadicas o los alumnos que quieran adelantan deberes. Tambi\u00e9n se pueden realizar algunas actividades extraescolares como judo, ingl\u00e9s, etc.<\/p>\n\n\n\n<p>El&nbsp;<strong>precio<\/strong>&nbsp;se acuerda cada a\u00f1o seg\u00fan la Comunidad de Madrid y se cobra en ocho mensualidades (de octubre a mayo):<\/p>\n\n\n\n<ul class=\"wp-block-list\">\n<li>5,50 \u20ac \u2013 Todos los d\u00edas (de lunes a viernes)<\/li>\n\n\n\n<li>6,50 \u20ac \u2013 D\u00edas sueltos<\/li>\n<\/ul>\n\n\n\n<p>Si de manera excepcional, un alumno necesita utilizar&nbsp;<strong>un d\u00eda el servicio de comedor<\/strong>&nbsp;deber\u00e1 comunicarlo previamente a secretar\u00eda, hacer el ingreso correspondiente (6,50 \u20ac) en la cuenta&nbsp;<strong>ES79 2100 3352 8313 0020 6384<\/strong>&nbsp;y entregar el justificante (presencialmente o por correo electr\u00f3nico).<\/p>\n\n\n\n<p>Las&nbsp;<strong>normas<\/strong>&nbsp;de nuestro comedor est\u00e1n pensadas para que nuestro alumnado aprenda a mantener un clima adecuado, a crear h\u00e1bitos de higiene, a respetar a los compa\u00f1eros y monitores y en definitiva, a hacer un buen uso de este servicio.<br>Os animamos a leerlas ya que en nuestro centro creemos que el tiempo de la comida es un momento&nbsp;<strong>educativo<\/strong>&nbsp;que debe responder a un planteamiento y a una organizaci\u00f3n acorde con el resto de programas del centro. Peri\u00f3dicamente se env\u00eda a las familias&nbsp;<strong>informes<\/strong>&nbsp;detallados de la alimentaci\u00f3n y comportamiento de cada alumno\/a.<\/p>\n\n\n\n<p>Los men\u00fas del comedor escolar se dise\u00f1an en colaboraci\u00f3n con la empresa responsable (Sodexo), siguiendo las directrices establecidas por la <strong>Ley 17\/2011, de 5 de julio<\/strong>, sobre seguridad alimentaria y nutrici\u00f3n. El objetivo principal es <strong>fomentar una alimentaci\u00f3n equilibrada y saludable<\/strong> entre nuestro alumnado.<\/p>\n\n\n\n<p>Adem\u00e1s, se ofrecen <strong>men\u00fas especiales para aquellos alumnos con necesidades alimentarias espec\u00edficas<\/strong>, siempre que se presente el correspondiente <strong>justificante m\u00e9dico<\/strong>. Estos men\u00fas se elaboran utilizando la herramienta oficial del <strong>Servicio Madrile\u00f1o de Salud<\/strong>, dependiente de la <strong>Consejer\u00eda de Sanidad<\/strong>, garantizando as\u00ed su adecuaci\u00f3n nutricional y sanitaria.<\/p>\n\n\n\n<p>Las&nbsp;<strong>bajas<\/strong>&nbsp;se deber\u00e1n comunicar&nbsp;<strong>por escrito antes del 25 de cada mes utilizando el&nbsp;<a href=\"https:\/\/forms.gle\/tYtjMMKCmQ6qTVWB9\" target=\"_blank\" rel=\"noreferrer noopener\">siguiente formulario.<\/a><\/strong><\/p>\n\n\n\n<h4 class=\"wp-block-heading has-text-align-center\">Nuestros men\u00fas son equilibrados fomentando el uso de productos naturales. Se insiste en el consumo de verduras y pescado y en la introducci\u00f3n de nuevos sabores.<\/h4>\n\n\n<div class=\"wp-block-image\">\n<figure class=\"aligncenter size-full\"><img loading=\"lazy\" decoding=\"async\" width=\"1600\" height=\"600\" src=\"https:\/\/site.educa.madrid.org\/cp.navalazarza.sanagustin\/\/wp-content\/uploads\/cp.navalazarza.sanagustin\/2023\/11\/comedor-navalazarza.jpg\" alt=\"\" class=\"wp-image-1278\" srcset=\"https:\/\/site.educa.madrid.org\/cp.navalazarza.sanagustin\/\/wp-content\/uploads\/cp.navalazarza.sanagustin\/2023\/11\/comedor-navalazarza.jpg 1600w, https:\/\/site.educa.madrid.org\/cp.navalazarza.sanagustin\/\/wp-content\/uploads\/cp.navalazarza.sanagustin\/2023\/11\/comedor-navalazarza-300x113.jpg 300w, https:\/\/site.educa.madrid.org\/cp.navalazarza.sanagustin\/\/wp-content\/uploads\/cp.navalazarza.sanagustin\/2023\/11\/comedor-navalazarza-1024x384.jpg 1024w, https:\/\/site.educa.madrid.org\/cp.navalazarza.sanagustin\/\/wp-content\/uploads\/cp.navalazarza.sanagustin\/2023\/11\/comedor-navalazarza-768x288.jpg 768w, https:\/\/site.educa.madrid.org\/cp.navalazarza.sanagustin\/\/wp-content\/uploads\/cp.navalazarza.sanagustin\/2023\/11\/comedor-navalazarza-1536x576.jpg 1536w\" sizes=\"auto, (max-width: 1600px) 100vw, 1600px\" \/><\/figure>\n<\/div>\n\n\n<p>Hoy en d\u00eda cuidar la privacidad en la comunicaci\u00f3n es una necesidad. Por ello, para mantener un contacto eficaz y respetando las leyes y regulaciones de protecci\u00f3n de datos, a partir de ahora enviaremos todas nuestras comunicaciones a trav\u00e9s de TokApp School.<\/p>\n\n\n<div class=\"wp-block-image\">\n<figure class=\"aligncenter size-full\"><img loading=\"lazy\" decoding=\"async\" width=\"850\" height=\"425\" src=\"https:\/\/site.educa.madrid.org\/cp.navalazarza.sanagustin\/\/wp-content\/uploads\/cp.navalazarza.sanagustin\/2025\/09\/TokApp-logo.jpg\" alt=\"\" class=\"wp-image-5499\" srcset=\"https:\/\/site.educa.madrid.org\/cp.navalazarza.sanagustin\/\/wp-content\/uploads\/cp.navalazarza.sanagustin\/2025\/09\/TokApp-logo.jpg 850w, https:\/\/site.educa.madrid.org\/cp.navalazarza.sanagustin\/\/wp-content\/uploads\/cp.navalazarza.sanagustin\/2025\/09\/TokApp-logo-300x150.jpg 300w, https:\/\/site.educa.madrid.org\/cp.navalazarza.sanagustin\/\/wp-content\/uploads\/cp.navalazarza.sanagustin\/2025\/09\/TokApp-logo-768x384.jpg 768w, https:\/\/site.educa.madrid.org\/cp.navalazarza.sanagustin\/\/wp-content\/uploads\/cp.navalazarza.sanagustin\/2025\/09\/TokApp-logo-230x115.jpg 230w, https:\/\/site.educa.madrid.org\/cp.navalazarza.sanagustin\/\/wp-content\/uploads\/cp.navalazarza.sanagustin\/2025\/09\/TokApp-logo-350x175.jpg 350w, https:\/\/site.educa.madrid.org\/cp.navalazarza.sanagustin\/\/wp-content\/uploads\/cp.navalazarza.sanagustin\/2025\/09\/TokApp-logo-480x240.jpg 480w\" sizes=\"auto, (max-width: 850px) 100vw, 850px\" \/><\/figure>\n<\/div>\n\n\n<div class=\"wp-block-buttons is-content-justification-center is-layout-flex wp-container-core-buttons-is-layout-16018d1d wp-block-buttons-is-layout-flex\">\n<div class=\"wp-block-button\"><a class=\"wp-block-button__link wp-element-button\" href=\"https:\/\/site.educa.madrid.org\/cp.navalazarza.sanagustin\/\/wp-content\/uploads\/cp.navalazarza.sanagustin\/2025\/09\/Circular-familias-comedor_TokApp.pdf\" target=\"_blank\" rel=\"noreferrer noopener\">LEER CIRCULAR<\/a><\/div>\n<\/div>\n","protected":false},"excerpt":{"rendered":"<p>Para cualquier tema relacionado con la&nbsp;contrataci\u00f3n del servicio&nbsp;(cambio de d\u00edas, ausencias, cobros, bajas, etc.) dirigirse a secretar\u00eda: Tel\u00e9fono:&nbsp;918 418 643Mail:&nbsp;milagros.cotrina@educa.madrid.orgHorario [&hellip;]<\/p>\n","protected":false},"author":6,"featured_media":0,"parent":0,"menu_order":10,"comment_status":"closed","ping_status":"closed","template":"page-templates\/page_fullwidth.php","meta":{"footnotes":""},"folder":[9],"class_list":["post-178","page","type-page","status-publish","hentry"],"rttpg_featured_image_url":null,"rttpg_author":{"display_name":"Cuenta Admin-educamadrid","author_link":"https:\/\/site.educa.madrid.org\/cp.navalazarza.sanagustin\/index.php\/author\/cuenta_admin-educamadrid\/"},"rttpg_comment":0,"rttpg_category":" <a href=\"https:\/\/site.educa.madrid.org\/cp.navalazarza.sanagustin\/?taxonomy=folder&#038;term=servicios-1700472319-3\" rel=\"tag\">Servicios<\/a>","rttpg_excerpt":"Para cualquier tema relacionado con la&nbsp;contrataci\u00f3n del servicio&nbsp;(cambio de d\u00edas, ausencias, cobros, bajas, etc.) dirigirse a secretar\u00eda: Tel\u00e9fono:&nbsp;918 418 643Mail:&nbsp;milagros.cotrina@educa.madrid.orgHorario [&hellip;]","post_mailing_queue_ids":[],"_links":{"self":[{"href":"https:\/\/site.educa.madrid.org\/cp.navalazarza.sanagustin\/index.php\/wp-json\/wp\/v2\/pages\/178","targetHints":{"allow":["GET"]}}],"collection":[{"href":"https:\/\/site.educa.madrid.org\/cp.navalazarza.sanagustin\/index.php\/wp-json\/wp\/v2\/pages"}],"about":[{"href":"https:\/\/site.educa.madrid.org\/cp.navalazarza.sanagustin\/index.php\/wp-json\/wp\/v2\/types\/page"}],"author":[{"embeddable":true,"href":"https:\/\/site.educa.madrid.org\/cp.navalazarza.sanagustin\/index.php\/wp-json\/wp\/v2\/users\/6"}],"replies":[{"embeddable":true,"href":"https:\/\/site.educa.madrid.org\/cp.navalazarza.sanagustin\/index.php\/wp-json\/wp\/v2\/comments?post=178"}],"version-history":[{"count":50,"href":"https:\/\/site.educa.madrid.org\/cp.navalazarza.sanagustin\/index.php\/wp-json\/wp\/v2\/pages\/178\/revisions"}],"predecessor-version":[{"id":7125,"href":"https:\/\/site.educa.madrid.org\/cp.navalazarza.sanagustin\/index.php\/wp-json\/wp\/v2\/pages\/178\/revisions\/7125"}],"wp:attachment":[{"href":"https:\/\/site.educa.madrid.org\/cp.navalazarza.sanagustin\/index.php\/wp-json\/wp\/v2\/media?parent=178"}],"wp:term":[{"taxonomy":"folder","embeddable":true,"href":"https:\/\/site.educa.madrid.org\/cp.navalazarza.sanagustin\/index.php\/wp-json\/wp\/v2\/folder?post=178"}],"curies":[{"name":"wp","href":"https:\/\/api.w.org\/{rel}","templated":true}]}}