{"id":184,"date":"2022-05-31T11:04:12","date_gmt":"2022-05-31T09:04:12","guid":{"rendered":"https:\/\/site.educa.madrid.org\/cp.navalazarza.sanagustin\/?page_id=184"},"modified":"2026-03-16T11:45:40","modified_gmt":"2026-03-16T10:45:40","slug":"admision","status":"publish","type":"page","link":"https:\/\/site.educa.madrid.org\/cp.navalazarza.sanagustin\/index.php\/admision\/","title":{"rendered":"Admisi\u00f3n"},"content":{"rendered":"<div class=\"wp-block-image\">\n<figure class=\"aligncenter size-full is-resized\"><img loading=\"lazy\" decoding=\"async\" width=\"1500\" height=\"844\" src=\"https:\/\/site.educa.madrid.org\/cp.navalazarza.sanagustin\/\/wp-content\/uploads\/cp.navalazarza.sanagustin\/2026\/01\/cartel-web-PROCESO-DE-ADMISION-CURSO-2026-27.jpg\" alt=\"\" class=\"wp-image-6265\" style=\"width:800px\" srcset=\"https:\/\/site.educa.madrid.org\/cp.navalazarza.sanagustin\/\/wp-content\/uploads\/cp.navalazarza.sanagustin\/2026\/01\/cartel-web-PROCESO-DE-ADMISION-CURSO-2026-27.jpg 1500w, https:\/\/site.educa.madrid.org\/cp.navalazarza.sanagustin\/\/wp-content\/uploads\/cp.navalazarza.sanagustin\/2026\/01\/cartel-web-PROCESO-DE-ADMISION-CURSO-2026-27-300x169.jpg 300w, https:\/\/site.educa.madrid.org\/cp.navalazarza.sanagustin\/\/wp-content\/uploads\/cp.navalazarza.sanagustin\/2026\/01\/cartel-web-PROCESO-DE-ADMISION-CURSO-2026-27-1024x576.jpg 1024w, https:\/\/site.educa.madrid.org\/cp.navalazarza.sanagustin\/\/wp-content\/uploads\/cp.navalazarza.sanagustin\/2026\/01\/cartel-web-PROCESO-DE-ADMISION-CURSO-2026-27-768x432.jpg 768w, https:\/\/site.educa.madrid.org\/cp.navalazarza.sanagustin\/\/wp-content\/uploads\/cp.navalazarza.sanagustin\/2026\/01\/cartel-web-PROCESO-DE-ADMISION-CURSO-2026-27-1000x563.jpg 1000w, https:\/\/site.educa.madrid.org\/cp.navalazarza.sanagustin\/\/wp-content\/uploads\/cp.navalazarza.sanagustin\/2026\/01\/cartel-web-PROCESO-DE-ADMISION-CURSO-2026-27-230x129.jpg 230w, https:\/\/site.educa.madrid.org\/cp.navalazarza.sanagustin\/\/wp-content\/uploads\/cp.navalazarza.sanagustin\/2026\/01\/cartel-web-PROCESO-DE-ADMISION-CURSO-2026-27-350x197.jpg 350w, https:\/\/site.educa.madrid.org\/cp.navalazarza.sanagustin\/\/wp-content\/uploads\/cp.navalazarza.sanagustin\/2026\/01\/cartel-web-PROCESO-DE-ADMISION-CURSO-2026-27-480x270.jpg 480w\" sizes=\"auto, (max-width: 1500px) 100vw, 1500px\" \/><\/figure>\n<\/div>\n\n\n<h2 class=\"wp-block-heading\"><strong>Procedimiento de admisi\u00f3n<\/strong><\/h2>\n\n\n\n<h4 class=\"wp-block-heading\">Proceso de Admisi\u00f3n de alumnos para el curso 2026\/2027<\/h4>\n\n\n\n<p>Las&nbsp;<strong>fechas<\/strong>&nbsp;de las&nbsp;<strong>actuaciones de los Centros Educativos:<\/strong><\/p>\n\n\n\n<ul class=\"wp-block-list\">\n<li><strong>Del 11 al 25 de marzo:<\/strong> Plazo de presentaci\u00f3n de solicitudes para el proceso ordinario de admisi\u00f3n.<\/li>\n\n\n\n<li><strong>D\u00eda 14 de abril:<\/strong> Publicaci\u00f3n del listado provisional de alumnos solicitantes.<\/li>\n\n\n\n<li><strong>D\u00edas 15, 16 y 17 de abril:<\/strong> Plazo de reclamaci\u00f3n al listado de alumnos solicitantes.<\/li>\n\n\n\n<li><strong>D\u00eda 23 de abril:<\/strong> Publicaci\u00f3n de los listados provisionales de puntuaci\u00f3n. Estos listados incluir\u00e1n la resoluci\u00f3n de las reclamaciones al listado de alumnos solicitantes.<\/li>\n\n\n\n<li><strong>D\u00edas 24,&nbsp; 27 y 28 de abril:<\/strong> Plazo para formular reclamaciones a la lista provisional de puntuaciones.<\/li>\n\n\n\n<li><strong>D\u00eda 7 de mayo:<\/strong> Publicaci\u00f3n del listado definitivo de puntuaciones de solicitudes baremadas, salvo las de los alumnos con NEE.<\/li>\n\n\n\n<li><strong>D\u00eda 27 de mayo: <\/strong>Alumnos admitidos en cada centro.<\/li>\n\n\n\n<li><strong>Hasta 12 de junio:<\/strong> Adjudicaci\u00f3n de plaza escolar por los Servicios de Apoyo a la Escolarizaci\u00f3n a los alumnos no admitidos.<\/li>\n\n\n\n<li><strong>Del 11 al 25 de junio:<\/strong> Plazo de matriculaci\u00f3n en los centros de Educaci\u00f3n Infantil, Primaria y Especial.<\/li>\n<\/ul>\n\n\n\n<h2 class=\"wp-block-heading\"><strong>Documentaci\u00f3n a presentar<\/strong><\/h2>\n\n\n\n<h4 class=\"wp-block-heading\">GENERAL<\/h4>\n\n\n\n<ul class=\"wp-block-list\">\n<li>Cualquier documentaci\u00f3n que precise ser baremada por el resto de centros incluidos en la solicitud.<\/li>\n<\/ul>\n\n\n\n<h4 class=\"wp-block-heading\">ESPEC\u00cdFICA<\/h4>\n\n\n\n<ul class=\"wp-block-list\">\n<li>Certificado de familia numerosa (en su caso).<\/li>\n\n\n\n<li>Certificado de grado de minusval\u00eda (en su caso).<\/li>\n\n\n\n<li>Certificado de RMI o IMV (en su caso).<\/li>\n\n\n\n<li>Documentaci\u00f3n a presentar para que se le adjudique el punto complementario.<\/li>\n<\/ul>\n\n\n\n<h2 class=\"wp-block-heading\"><strong>Descargas<\/strong><\/h2>\n\n\n\n<ul class=\"wp-block-list\">\n<li><a href=\"https:\/\/site.educa.madrid.org\/cp.navalazarza.sanagustin\/\/wp-content\/uploads\/cp.navalazarza.sanagustin\/2023\/11\/Codigo-de-centro.pdf\" target=\"_blank\" rel=\"noreferrer noopener\">C\u00f3digo del Centro<\/a><\/li>\n\n\n\n<li><a href=\"https:\/\/site.educa.madrid.org\/cp.navalazarza.sanagustin\/\/wp-content\/uploads\/cp.navalazarza.sanagustin\/2023\/11\/Ley-1-2022.pdf\" target=\"_blank\" rel=\"noreferrer noopener\">Ley 1\/2022<\/a><\/li>\n\n\n\n<li><a href=\"https:\/\/site.educa.madrid.org\/cp.navalazarza.sanagustin\/\/wp-content\/uploads\/cp.navalazarza.sanagustin\/2025\/03\/SAE-RURAL-1-y-SEDE-NEE.pdf\" target=\"_blank\" rel=\"noreferrer noopener\">SAE Rural 1 y Sede NEE<\/a><\/li>\n\n\n\n<li><a href=\"https:\/\/site.educa.madrid.org\/cp.navalazarza.sanagustin\/\/wp-content\/uploads\/cp.navalazarza.sanagustin\/2026\/01\/Criterios-para-el-punto-complementario.jpg\" target=\"_blank\" rel=\"noreferrer noopener\">Criterios para otorgar el punto complementario<\/a><\/li>\n\n\n\n<li><a href=\"https:\/\/site.educa.madrid.org\/cp.navalazarza.sanagustin\/\/wp-content\/uploads\/cp.navalazarza.sanagustin\/2026\/01\/25_26_acreditacion_criterio_complementario.pdf\" target=\"_blank\" rel=\"noreferrer noopener\">Acreditaci\u00f3n del criterio complementario de admisi\u00f3n<\/a><\/li>\n\n\n\n<li><a href=\"https:\/\/site.educa.madrid.org\/cp.navalazarza.sanagustin\/\/wp-content\/uploads\/cp.navalazarza.sanagustin\/2026\/01\/PGA-2025-2026_25OCT2025_actividades-complementarias.pdf\" target=\"_blank\" rel=\"noreferrer noopener\">Programa de Actividades Complementarias y Extraescolares<\/a><\/li>\n\n\n\n<li><a href=\"https:\/\/site.educa.madrid.org\/cp.navalazarza.sanagustin\/\/wp-content\/uploads\/cp.navalazarza.sanagustin\/2026\/03\/Plazas-vacantes-ofertadas-2026-27.pdf\" target=\"_blank\" rel=\"noreferrer noopener\">Plazas vacantes ofertadas<\/a><\/li>\n\n\n\n<li><a href=\"https:\/\/site.educa.madrid.org\/cp.navalazarza.sanagustin\/\/wp-content\/uploads\/cp.navalazarza.sanagustin\/2026\/01\/25_26_solicitud_extraordinaria_regimen_general.pdf\" target=\"_blank\" rel=\"noreferrer noopener\">Solicitud admisi\u00f3n proceso extraordinario<\/a><\/li>\n\n\n\n<li><a href=\"https:\/\/site.educa.madrid.org\/cp.navalazarza.sanagustin\/\/wp-content\/uploads\/cp.navalazarza.sanagustin\/2026\/01\/25_26_modelo_declaracion_responsable.pdf\" target=\"_blank\" rel=\"noreferrer noopener\">Declaraci\u00f3n Responsable<\/a><\/li>\n\n\n\n<li><a href=\"https:\/\/site.educa.madrid.org\/cp.navalazarza.sanagustin\/\/wp-content\/uploads\/cp.navalazarza.sanagustin\/2026\/01\/BOCM-20251209-19.pdf\" target=\"_blank\" rel=\"noreferrer noopener\">RESOLUCI\u00d3N de 26 de noviembre de 2025, de la Viceconsejer\u00eda de Pol\u00edtica y Organizaci\u00f3n Educativa<\/a><\/li>\n\n\n\n<li><a href=\"https:\/\/site.educa.madrid.org\/cp.navalazarza.sanagustin\/\/wp-content\/uploads\/cp.navalazarza.sanagustin\/2025\/03\/ADSCRIPCION-UNICA-25-26.pdf\" target=\"_blank\" rel=\"noreferrer noopener\">Adscripci\u00f3n \u00fanica IES<\/a><\/li>\n<\/ul>\n\n\n\n<p><strong>En la&nbsp;<a rel=\"noreferrer noopener\" href=\"https:\/\/www.comunidad.madrid\/servicios\/educacion\/solicita-tu-admision-educacion-infantil-obligatoria-bachillerato\" target=\"_blank\">p\u00e1gina de Comunidad de Madrid<\/a>&nbsp;ten\u00e9is m\u00e1s informaci\u00f3n y pod\u00e9is hacer la solicitud.<\/strong><\/p>\n","protected":false},"excerpt":{"rendered":"<p>Procedimiento de admisi\u00f3n Proceso de Admisi\u00f3n de alumnos para el curso 2026\/2027 Las&nbsp;fechas&nbsp;de las&nbsp;actuaciones de los Centros Educativos: Documentaci\u00f3n a [&hellip;]<\/p>\n","protected":false},"author":6,"featured_media":0,"parent":0,"menu_order":12,"comment_status":"closed","ping_status":"closed","template":"page-templates\/page_fullwidth.php","meta":{"footnotes":""},"folder":[10],"class_list":["post-184","page","type-page","status-publish","hentry"],"rttpg_featured_image_url":null,"rttpg_author":{"display_name":"Cuenta Admin-educamadrid","author_link":"https:\/\/site.educa.madrid.org\/cp.navalazarza.sanagustin\/index.php\/author\/cuenta_admin-educamadrid\/"},"rttpg_comment":0,"rttpg_category":" <a href=\"https:\/\/site.educa.madrid.org\/cp.navalazarza.sanagustin\/?taxonomy=folder&#038;term=secretaria-1700472319-3\" rel=\"tag\">Secretar\u00eda<\/a>","rttpg_excerpt":"Procedimiento de admisi\u00f3n Proceso de Admisi\u00f3n de alumnos para el curso 2026\/2027 Las&nbsp;fechas&nbsp;de las&nbsp;actuaciones de los Centros Educativos: Documentaci\u00f3n a [&hellip;]","post_mailing_queue_ids":[],"_links":{"self":[{"href":"https:\/\/site.educa.madrid.org\/cp.navalazarza.sanagustin\/index.php\/wp-json\/wp\/v2\/pages\/184","targetHints":{"allow":["GET"]}}],"collection":[{"href":"https:\/\/site.educa.madrid.org\/cp.navalazarza.sanagustin\/index.php\/wp-json\/wp\/v2\/pages"}],"about":[{"href":"https:\/\/site.educa.madrid.org\/cp.navalazarza.sanagustin\/index.php\/wp-json\/wp\/v2\/types\/page"}],"author":[{"embeddable":true,"href":"https:\/\/site.educa.madrid.org\/cp.navalazarza.sanagustin\/index.php\/wp-json\/wp\/v2\/users\/6"}],"replies":[{"embeddable":true,"href":"https:\/\/site.educa.madrid.org\/cp.navalazarza.sanagustin\/index.php\/wp-json\/wp\/v2\/comments?post=184"}],"version-history":[{"count":34,"href":"https:\/\/site.educa.madrid.org\/cp.navalazarza.sanagustin\/index.php\/wp-json\/wp\/v2\/pages\/184\/revisions"}],"predecessor-version":[{"id":6768,"href":"https:\/\/site.educa.madrid.org\/cp.navalazarza.sanagustin\/index.php\/wp-json\/wp\/v2\/pages\/184\/revisions\/6768"}],"wp:attachment":[{"href":"https:\/\/site.educa.madrid.org\/cp.navalazarza.sanagustin\/index.php\/wp-json\/wp\/v2\/media?parent=184"}],"wp:term":[{"taxonomy":"folder","embeddable":true,"href":"https:\/\/site.educa.madrid.org\/cp.navalazarza.sanagustin\/index.php\/wp-json\/wp\/v2\/folder?post=184"}],"curies":[{"name":"wp","href":"https:\/\/api.w.org\/{rel}","templated":true}]}}