{"id":618,"date":"2022-06-15T16:08:07","date_gmt":"2022-06-15T14:08:07","guid":{"rendered":"https:\/\/site.educa.madrid.org\/cp.navalazarza.sanagustin\/?page_id=618"},"modified":"2025-03-12T09:08:20","modified_gmt":"2025-03-12T08:08:20","slug":"educacion-infantil","status":"publish","type":"page","link":"https:\/\/site.educa.madrid.org\/cp.navalazarza.sanagustin\/index.php\/educacion-infantil\/","title":{"rendered":"Educaci\u00f3n Infantil"},"content":{"rendered":"\n<p>La Educaci\u00f3n Infantil constituye una etapa educativa de car\u00e1cter voluntario, que atiende a ni\u00f1os desde el nacimiento hasta los seis a\u00f1os de edad. Se ordena en dos ciclos, el primero comprende hasta los tres a\u00f1os de edad y el segundo, que ser\u00e1 gratuito, abarca de los tres a los seis a\u00f1os. En nuestro colegio, atendemos al alumnado del segundo ciclo.<\/p>\n\n\n\n<p>Para muchos ni\u00f1os significa salir del entorno de la familia o la escuela infantil para ingresar en un colegio con otras instalaciones y alumnado.<\/p>\n\n\n\n<p>En estos tres cursos nos proponemos ayudar a nuestros alumnos a conocerse a s\u00ed mismos y el mundo que los rodea.<\/p>\n\n\n\n<p>Desarrollar la curiosidad, el asombro, la autonom\u00eda, preguntar, escuchar y sobre todo sentirse queridos, lo que ayudar\u00e1 a su \u00e9xito escolar en el futuro.<\/p>\n\n\n\n<p>Los contenidos educativos de la educaci\u00f3n infantil se organizan en \u00e1reas correspondientes a \u00e1mbitos propios de la experiencia y del desarrollo infantil y se abordar\u00e1n por medio de actividades globalizadas que tengan inter\u00e9s y significado para los ni\u00f1os. Son las siguientes:<\/p>\n\n\n\n<p><strong>a)<\/strong> Crecimiento en armon\u00eda&nbsp;<br><strong>b)<\/strong> Descubrimiento y exploraci\u00f3n del entorno&nbsp;<br><strong>c)<\/strong> Comunicaci\u00f3n y representaci\u00f3n de la realidad<\/p>\n\n\n\n<p>Somos un centro biling\u00fce en ingl\u00e9s y hemos organizado la ense\u00f1anza de este idioma en las siguientes sesiones:<\/p>\n\n\n\n<ul class=\"wp-block-list\">\n<li>Infantil 3 a\u00f1os: 3 sesiones de ingl\u00e9s, 2 sesiones del proyecto trabajado en el trimestre en ingl\u00e9s, la asignatura de m\u00fasica y la asignatura de Psicomotricidad.<\/li>\n\n\n\n<li>Infantil 4 a\u00f1os: 4 sesiones de ingl\u00e9s,&nbsp; 2 sesiones del proyecto trabajado en el trimestre en ingl\u00e9s, la asignatura de m\u00fasica y la asignatura de Psicomotricidad.<\/li>\n\n\n\n<li>Infantil 5 a\u00f1os: 5 sesiones de ingl\u00e9s,&nbsp; 2 sesiones del proyecto trabajado en el trimestre en ingl\u00e9s, la asignatura de m\u00fasica y la asignatura de Psicomotricidad.<\/li>\n<\/ul>\n\n\n\n<p>As\u00ed mismo, los padres o tutores legales podr\u00e1n manifestar la voluntad de que sus hijos reciban o no ense\u00f1anza de religi\u00f3n. Dicha decisi\u00f3n ser\u00e1 susceptible de ser modificada al comienzo de cada curso acad\u00e9mico.<\/p>\n\n\n\n<p>Dentro del horario, se distribuyen las materias en el siguiente n\u00famero de sesiones:<\/p>\n\n\n<div class=\"wp-block-image\">\n<figure class=\"aligncenter size-full is-resized\"><img loading=\"lazy\" decoding=\"async\" width=\"1135\" height=\"1287\" src=\"https:\/\/site.educa.madrid.org\/cp.navalazarza.sanagustin\/\/wp-content\/uploads\/cp.navalazarza.sanagustin\/2025\/03\/tabla-horas-educacion-infantil.jpg\" alt=\"\" class=\"wp-image-4470\" style=\"width:600px\" srcset=\"https:\/\/site.educa.madrid.org\/cp.navalazarza.sanagustin\/\/wp-content\/uploads\/cp.navalazarza.sanagustin\/2025\/03\/tabla-horas-educacion-infantil.jpg 1135w, https:\/\/site.educa.madrid.org\/cp.navalazarza.sanagustin\/\/wp-content\/uploads\/cp.navalazarza.sanagustin\/2025\/03\/tabla-horas-educacion-infantil-265x300.jpg 265w, https:\/\/site.educa.madrid.org\/cp.navalazarza.sanagustin\/\/wp-content\/uploads\/cp.navalazarza.sanagustin\/2025\/03\/tabla-horas-educacion-infantil-903x1024.jpg 903w, https:\/\/site.educa.madrid.org\/cp.navalazarza.sanagustin\/\/wp-content\/uploads\/cp.navalazarza.sanagustin\/2025\/03\/tabla-horas-educacion-infantil-768x871.jpg 768w, https:\/\/site.educa.madrid.org\/cp.navalazarza.sanagustin\/\/wp-content\/uploads\/cp.navalazarza.sanagustin\/2025\/03\/tabla-horas-educacion-infantil-1000x1134.jpg 1000w, https:\/\/site.educa.madrid.org\/cp.navalazarza.sanagustin\/\/wp-content\/uploads\/cp.navalazarza.sanagustin\/2025\/03\/tabla-horas-educacion-infantil-230x261.jpg 230w, https:\/\/site.educa.madrid.org\/cp.navalazarza.sanagustin\/\/wp-content\/uploads\/cp.navalazarza.sanagustin\/2025\/03\/tabla-horas-educacion-infantil-350x397.jpg 350w, https:\/\/site.educa.madrid.org\/cp.navalazarza.sanagustin\/\/wp-content\/uploads\/cp.navalazarza.sanagustin\/2025\/03\/tabla-horas-educacion-infantil-480x544.jpg 480w\" sizes=\"auto, (max-width: 1135px) 100vw, 1135px\" \/><\/figure>\n<\/div>\n\n<div class=\"wp-block-image\">\n<figure class=\"aligncenter size-full\"><img loading=\"lazy\" decoding=\"async\" width=\"1920\" height=\"1280\" src=\"https:\/\/site.educa.madrid.org\/cp.navalazarza.sanagustin\/\/wp-content\/uploads\/cp.navalazarza.sanagustin\/2022\/05\/dragos-gontariu-JgEkrsLQd_w-unsplash.jpg\" alt=\"ni\u00f1o usando un bote de pintura\" class=\"wp-image-336\" style=\"object-fit:cover\" srcset=\"https:\/\/site.educa.madrid.org\/cp.navalazarza.sanagustin\/\/wp-content\/uploads\/cp.navalazarza.sanagustin\/2022\/05\/dragos-gontariu-JgEkrsLQd_w-unsplash.jpg 1920w, https:\/\/site.educa.madrid.org\/cp.navalazarza.sanagustin\/\/wp-content\/uploads\/cp.navalazarza.sanagustin\/2022\/05\/dragos-gontariu-JgEkrsLQd_w-unsplash-300x200.jpg 300w, https:\/\/site.educa.madrid.org\/cp.navalazarza.sanagustin\/\/wp-content\/uploads\/cp.navalazarza.sanagustin\/2022\/05\/dragos-gontariu-JgEkrsLQd_w-unsplash-1024x683.jpg 1024w, https:\/\/site.educa.madrid.org\/cp.navalazarza.sanagustin\/\/wp-content\/uploads\/cp.navalazarza.sanagustin\/2022\/05\/dragos-gontariu-JgEkrsLQd_w-unsplash-768x512.jpg 768w, https:\/\/site.educa.madrid.org\/cp.navalazarza.sanagustin\/\/wp-content\/uploads\/cp.navalazarza.sanagustin\/2022\/05\/dragos-gontariu-JgEkrsLQd_w-unsplash-391x260.jpg 391w, https:\/\/site.educa.madrid.org\/cp.navalazarza.sanagustin\/\/wp-content\/uploads\/cp.navalazarza.sanagustin\/2022\/05\/dragos-gontariu-JgEkrsLQd_w-unsplash-1536x1024.jpg 1536w, https:\/\/site.educa.madrid.org\/cp.navalazarza.sanagustin\/\/wp-content\/uploads\/cp.navalazarza.sanagustin\/2022\/05\/dragos-gontariu-JgEkrsLQd_w-unsplash-272x182.jpg 272w\" sizes=\"auto, (max-width: 1920px) 100vw, 1920px\" \/><\/figure>\n<\/div>","protected":false},"excerpt":{"rendered":"<p>La Educaci\u00f3n Infantil constituye una etapa educativa de car\u00e1cter voluntario, que atiende a ni\u00f1os desde el nacimiento hasta los seis [&hellip;]<\/p>\n","protected":false},"author":6,"featured_media":0,"parent":0,"menu_order":5,"comment_status":"closed","ping_status":"closed","template":"page-templates\/page_fullwidth.php","meta":{"footnotes":""},"folder":[8,30],"class_list":["post-618","page","type-page","status-publish","hentry"],"rttpg_featured_image_url":null,"rttpg_author":{"display_name":"Cuenta Admin-educamadrid","author_link":"https:\/\/site.educa.madrid.org\/cp.navalazarza.sanagustin\/index.php\/author\/cuenta_admin-educamadrid\/"},"rttpg_comment":0,"rttpg_category":" <a href=\"https:\/\/site.educa.madrid.org\/cp.navalazarza.sanagustin\/?taxonomy=folder&#038;term=nuestro-centro-1700472291-3\" rel=\"tag\">El Centro<\/a><a href=\"https:\/\/site.educa.madrid.org\/cp.navalazarza.sanagustin\/?taxonomy=folder&#038;term=ensenanzas-1719471687-3\" rel=\"tag\">Ense\u00f1anzas<\/a>","rttpg_excerpt":"La Educaci\u00f3n Infantil constituye una etapa educativa de car\u00e1cter voluntario, que atiende a ni\u00f1os desde el nacimiento hasta los seis [&hellip;]","post_mailing_queue_ids":[],"_links":{"self":[{"href":"https:\/\/site.educa.madrid.org\/cp.navalazarza.sanagustin\/index.php\/wp-json\/wp\/v2\/pages\/618","targetHints":{"allow":["GET"]}}],"collection":[{"href":"https:\/\/site.educa.madrid.org\/cp.navalazarza.sanagustin\/index.php\/wp-json\/wp\/v2\/pages"}],"about":[{"href":"https:\/\/site.educa.madrid.org\/cp.navalazarza.sanagustin\/index.php\/wp-json\/wp\/v2\/types\/page"}],"author":[{"embeddable":true,"href":"https:\/\/site.educa.madrid.org\/cp.navalazarza.sanagustin\/index.php\/wp-json\/wp\/v2\/users\/6"}],"replies":[{"embeddable":true,"href":"https:\/\/site.educa.madrid.org\/cp.navalazarza.sanagustin\/index.php\/wp-json\/wp\/v2\/comments?post=618"}],"version-history":[{"count":13,"href":"https:\/\/site.educa.madrid.org\/cp.navalazarza.sanagustin\/index.php\/wp-json\/wp\/v2\/pages\/618\/revisions"}],"predecessor-version":[{"id":4495,"href":"https:\/\/site.educa.madrid.org\/cp.navalazarza.sanagustin\/index.php\/wp-json\/wp\/v2\/pages\/618\/revisions\/4495"}],"wp:attachment":[{"href":"https:\/\/site.educa.madrid.org\/cp.navalazarza.sanagustin\/index.php\/wp-json\/wp\/v2\/media?parent=618"}],"wp:term":[{"taxonomy":"folder","embeddable":true,"href":"https:\/\/site.educa.madrid.org\/cp.navalazarza.sanagustin\/index.php\/wp-json\/wp\/v2\/folder?post=618"}],"curies":[{"name":"wp","href":"https:\/\/api.w.org\/{rel}","templated":true}]}}