{"id":619,"date":"2022-06-15T16:08:08","date_gmt":"2022-06-15T14:08:08","guid":{"rendered":"https:\/\/site.educa.madrid.org\/cp.navalazarza.sanagustin\/?page_id=619"},"modified":"2025-03-12T09:00:53","modified_gmt":"2025-03-12T08:00:53","slug":"educacion-primaria","status":"publish","type":"page","link":"https:\/\/site.educa.madrid.org\/cp.navalazarza.sanagustin\/index.php\/educacion-primaria\/","title":{"rendered":"Educaci\u00f3n Primaria"},"content":{"rendered":"\n<p>La etapa de Educaci\u00f3n Primaria forma parte de la ense\u00f1anza b\u00e1sica, de car\u00e1cter obligatorio y gratuito, comprende tres ciclos de dos a\u00f1os acad\u00e9micos de duraci\u00f3n cada uno y, en general, se cursar\u00e1 entre los seis y los doce a\u00f1os de edad.&nbsp;<\/p>\n\n\n\n<p>La acci\u00f3n educativa en esta etapa procurar\u00e1 la integraci\u00f3n de las distintas experiencias y aprendizajes del alumnado con una visi\u00f3n global y se adaptar\u00e1 a sus ritmos de trabajo.<\/p>\n\n\n\n<p>Como centro biling\u00fce en ingl\u00e9s, el alumnado de Educaci\u00f3n Primaria cursa las siguientes \u00e1reas en todos los cursos de la etapa:<\/p>\n\n\n\n<p><strong>a)<\/strong> Ciencias de la Naturaleza&nbsp; en ingl\u00e9s<br><strong>b)<\/strong> Ciencias Sociales en ingl\u00e9s, excepto el bloque de contenidos de \u201cHistoria de Espa\u00f1a\u201d que se imparte en espa\u00f1ol.<br><strong>c)<\/strong> Educaci\u00f3n Art\u00edstica: los contenidos se organizan en dos bloques, el Bloque I \u00abM\u00fasica y danza\u00bb y el Bloque II \u00abEducaci\u00f3n pl\u00e1stica y visual\u00bb, ambos se imparten en ingl\u00e9s.<br><strong>d)<\/strong> Educaci\u00f3n F\u00edsica en ingl\u00e9s.&nbsp;<br><strong>e)<\/strong> Lengua Castellana y Literatura en espa\u00f1ol.<br><strong>f)<\/strong> Lengua Extranjera: Ingl\u00e9s.&nbsp;<br><strong>g)<\/strong> Matem\u00e1ticas en espa\u00f1ol.<\/p>\n\n\n\n<p>En quinto curso se a\u00f1adir\u00e1 a las anteriores el \u00e1rea de Educaci\u00f3n en Valores C\u00edvicos y \u00c9ticos que se imparte en espa\u00f1ol.<\/p>\n\n\n\n<p>Incluimos la ense\u00f1anza de religi\u00f3n, de conformidad con el Real Decreto 157\/2022, de 1 de marzo. Al inicio de la etapa, los padres o tutores legales podr\u00e1n manifestar la voluntad de que sus hijos reciban o no esta ense\u00f1anza. Dicha decisi\u00f3n ser\u00e1 susceptible de ser modificada al comienzo de cada curso acad\u00e9mico.<\/p>\n\n\n\n<p>Con el fin de garantizar el principio de igualdad y la libre concurrencia entre todo el alumnado, las calificaciones que se hubieran obtenido en la evaluaci\u00f3n de las ense\u00f1anzas de religi\u00f3n no se computar\u00e1n en las convocatorias en las que deban entrar en concurrencia los expedientes acad\u00e9micos.<\/p>\n\n\n\n<p>El alumnado que no curse las ense\u00f1anzas de religi\u00f3n recibir\u00e1 atenci\u00f3n educativa. Las actividades van encaminadas al desarrollo de las competencias clave a trav\u00e9s de la realizaci\u00f3n de proyectos significativos para el alumnado y de la resoluci\u00f3n colaborativa de problemas, y al refuerzo de la autoestima, la autonom\u00eda, la libertad, la reflexi\u00f3n y la responsabilidad.<\/p>\n\n\n\n<p>El n\u00famero de sesiones semanales de cada asignatura es la siguiente:<\/p>\n\n\n<div class=\"wp-block-image\">\n<figure class=\"aligncenter size-full is-resized\"><img loading=\"lazy\" decoding=\"async\" width=\"1387\" height=\"1625\" src=\"https:\/\/site.educa.madrid.org\/cp.navalazarza.sanagustin\/\/wp-content\/uploads\/cp.navalazarza.sanagustin\/2025\/03\/tabla-horas-educacion-primaria.jpg\" alt=\"\" class=\"wp-image-4476\" style=\"width:800px\" srcset=\"https:\/\/site.educa.madrid.org\/cp.navalazarza.sanagustin\/\/wp-content\/uploads\/cp.navalazarza.sanagustin\/2025\/03\/tabla-horas-educacion-primaria.jpg 1387w, https:\/\/site.educa.madrid.org\/cp.navalazarza.sanagustin\/\/wp-content\/uploads\/cp.navalazarza.sanagustin\/2025\/03\/tabla-horas-educacion-primaria-256x300.jpg 256w, https:\/\/site.educa.madrid.org\/cp.navalazarza.sanagustin\/\/wp-content\/uploads\/cp.navalazarza.sanagustin\/2025\/03\/tabla-horas-educacion-primaria-874x1024.jpg 874w, https:\/\/site.educa.madrid.org\/cp.navalazarza.sanagustin\/\/wp-content\/uploads\/cp.navalazarza.sanagustin\/2025\/03\/tabla-horas-educacion-primaria-768x900.jpg 768w, https:\/\/site.educa.madrid.org\/cp.navalazarza.sanagustin\/\/wp-content\/uploads\/cp.navalazarza.sanagustin\/2025\/03\/tabla-horas-educacion-primaria-1311x1536.jpg 1311w, https:\/\/site.educa.madrid.org\/cp.navalazarza.sanagustin\/\/wp-content\/uploads\/cp.navalazarza.sanagustin\/2025\/03\/tabla-horas-educacion-primaria-1000x1172.jpg 1000w, https:\/\/site.educa.madrid.org\/cp.navalazarza.sanagustin\/\/wp-content\/uploads\/cp.navalazarza.sanagustin\/2025\/03\/tabla-horas-educacion-primaria-230x269.jpg 230w, https:\/\/site.educa.madrid.org\/cp.navalazarza.sanagustin\/\/wp-content\/uploads\/cp.navalazarza.sanagustin\/2025\/03\/tabla-horas-educacion-primaria-350x410.jpg 350w, https:\/\/site.educa.madrid.org\/cp.navalazarza.sanagustin\/\/wp-content\/uploads\/cp.navalazarza.sanagustin\/2025\/03\/tabla-horas-educacion-primaria-480x562.jpg 480w\" sizes=\"auto, (max-width: 1387px) 100vw, 1387px\" \/><\/figure>\n<\/div>\n\n\n<p>La evaluaci\u00f3n de los aprendizajes del alumnado en la etapa de Educaci\u00f3n Primaria ser\u00e1 global, continua y formativa. Tendr\u00e1 en cuenta el grado de desarrollo de las competencias y su avance en el aprendizaje.&nbsp;<\/p>\n\n\n\n<p>En el contexto de la evaluaci\u00f3n continua, cuando el avance de un alumno no sea el adecuado se establecer\u00e1n las medidas de atenci\u00f3n educativa que se precisen. Estas medidas se adoptar\u00e1n tan pronto como se detecten las dificultades y estar\u00e1n dirigidas a garantizar la adquisici\u00f3n de los aprendizajes imprescindibles para continuar el proceso educativo.<\/p>\n\n\n\n<p>Al final de cada ciclo, el equipo docente adoptar\u00e1 las decisiones correspondientes sobre la promoci\u00f3n del alumnado de manera colegiada, tomando especialmente en consideraci\u00f3n la informaci\u00f3n y las conclusiones del maestro tutor.<\/p>\n\n\n\n<p>Durante la etapa de Educaci\u00f3n Primaria, los alumnos participar\u00e1n en las siguientes pruebas externas:<\/p>\n\n\n\n<ul class=\"wp-block-list\">\n<li><strong>Evaluaci\u00f3n de diagn\u00f3stico<\/strong> en cuarto curso de Educaci\u00f3n Primaria.<\/li>\n\n\n\n<li><strong>Evaluaci\u00f3n de fin de etapa<\/strong> en sexto curso de Educaci\u00f3n Primaria.<\/li>\n<\/ul>\n\n\n\n<p>La finalidad de las pruebas consiste en la comprobaci\u00f3n del grado de dominio de las competencias clave en comunicaci\u00f3n ling\u00fc\u00edstica, competencia pluriling\u00fce, competencia matem\u00e1tica y competencia en ciencia, tecnolog\u00eda e ingenier\u00eda y competencia personal, social y de aprender a aprender.<\/p>\n\n\n\n<ul class=\"wp-block-list\">\n<li><strong>Evaluaci\u00f3n biling\u00fce<\/strong> con nivel <a href=\"https:\/\/www.cambridgeenglish.org\/es\/exams-and-tests\/key-for-schools\/\" target=\"_blank\" rel=\"noreferrer noopener\"><strong>A2<\/strong> <\/a>&nbsp;y <a href=\"https:\/\/www.cambridgeenglish.org\/es\/exams-and-tests\/preliminary-for-schools\/\" target=\"_blank\" rel=\"noreferrer noopener\"><strong>B1<\/strong> <\/a>en sexto curso de Educaci\u00f3n Primaria.<\/li>\n<\/ul>\n\n\n\n<p>Esta prueba se tendr\u00e1 en cuenta, junto con el expediente acad\u00e9mico y el informe final de etapa, a la hora de determinar su posible incorporaci\u00f3n a la Secci\u00f3n biling\u00fce de un instituto biling\u00fce espa\u00f1ol-ingl\u00e9s.<\/p>\n\n\n<div class=\"wp-block-image\">\n<figure class=\"aligncenter size-full\"><img loading=\"lazy\" decoding=\"async\" width=\"1920\" height=\"1272\" src=\"https:\/\/site.educa.madrid.org\/cp.navalazarza.sanagustin\/\/wp-content\/uploads\/cp.navalazarza.sanagustin\/2022\/05\/taylor-wilcox-4nKOEAQaTgA-unsplash.jpg\" alt=\"portada sitio: alumno mirando pizarra\" class=\"wp-image-308\" srcset=\"https:\/\/site.educa.madrid.org\/cp.navalazarza.sanagustin\/\/wp-content\/uploads\/cp.navalazarza.sanagustin\/2022\/05\/taylor-wilcox-4nKOEAQaTgA-unsplash.jpg 1920w, https:\/\/site.educa.madrid.org\/cp.navalazarza.sanagustin\/\/wp-content\/uploads\/cp.navalazarza.sanagustin\/2022\/05\/taylor-wilcox-4nKOEAQaTgA-unsplash-300x199.jpg 300w, https:\/\/site.educa.madrid.org\/cp.navalazarza.sanagustin\/\/wp-content\/uploads\/cp.navalazarza.sanagustin\/2022\/05\/taylor-wilcox-4nKOEAQaTgA-unsplash-1024x678.jpg 1024w, https:\/\/site.educa.madrid.org\/cp.navalazarza.sanagustin\/\/wp-content\/uploads\/cp.navalazarza.sanagustin\/2022\/05\/taylor-wilcox-4nKOEAQaTgA-unsplash-768x509.jpg 768w, https:\/\/site.educa.madrid.org\/cp.navalazarza.sanagustin\/\/wp-content\/uploads\/cp.navalazarza.sanagustin\/2022\/05\/taylor-wilcox-4nKOEAQaTgA-unsplash-391x260.jpg 391w, https:\/\/site.educa.madrid.org\/cp.navalazarza.sanagustin\/\/wp-content\/uploads\/cp.navalazarza.sanagustin\/2022\/05\/taylor-wilcox-4nKOEAQaTgA-unsplash-1536x1018.jpg 1536w\" sizes=\"auto, (max-width: 1920px) 100vw, 1920px\" \/><\/figure>\n<\/div>\n\n\n<p><\/p>\n","protected":false},"excerpt":{"rendered":"<p>La etapa de Educaci\u00f3n Primaria forma parte de la ense\u00f1anza b\u00e1sica, de car\u00e1cter obligatorio y gratuito, comprende tres ciclos de [&hellip;]<\/p>\n","protected":false},"author":6,"featured_media":0,"parent":0,"menu_order":5,"comment_status":"closed","ping_status":"closed","template":"page-templates\/page_fullwidth.php","meta":{"footnotes":""},"folder":[8,30],"class_list":["post-619","page","type-page","status-publish","hentry"],"rttpg_featured_image_url":null,"rttpg_author":{"display_name":"Cuenta Admin-educamadrid","author_link":"https:\/\/site.educa.madrid.org\/cp.navalazarza.sanagustin\/index.php\/author\/cuenta_admin-educamadrid\/"},"rttpg_comment":0,"rttpg_category":" <a href=\"https:\/\/site.educa.madrid.org\/cp.navalazarza.sanagustin\/?taxonomy=folder&#038;term=nuestro-centro-1700472291-3\" rel=\"tag\">El Centro<\/a><a href=\"https:\/\/site.educa.madrid.org\/cp.navalazarza.sanagustin\/?taxonomy=folder&#038;term=ensenanzas-1719471687-3\" rel=\"tag\">Ense\u00f1anzas<\/a>","rttpg_excerpt":"La etapa de Educaci\u00f3n Primaria forma parte de la ense\u00f1anza b\u00e1sica, de car\u00e1cter obligatorio y gratuito, comprende tres ciclos de [&hellip;]","post_mailing_queue_ids":[],"_links":{"self":[{"href":"https:\/\/site.educa.madrid.org\/cp.navalazarza.sanagustin\/index.php\/wp-json\/wp\/v2\/pages\/619","targetHints":{"allow":["GET"]}}],"collection":[{"href":"https:\/\/site.educa.madrid.org\/cp.navalazarza.sanagustin\/index.php\/wp-json\/wp\/v2\/pages"}],"about":[{"href":"https:\/\/site.educa.madrid.org\/cp.navalazarza.sanagustin\/index.php\/wp-json\/wp\/v2\/types\/page"}],"author":[{"embeddable":true,"href":"https:\/\/site.educa.madrid.org\/cp.navalazarza.sanagustin\/index.php\/wp-json\/wp\/v2\/users\/6"}],"replies":[{"embeddable":true,"href":"https:\/\/site.educa.madrid.org\/cp.navalazarza.sanagustin\/index.php\/wp-json\/wp\/v2\/comments?post=619"}],"version-history":[{"count":13,"href":"https:\/\/site.educa.madrid.org\/cp.navalazarza.sanagustin\/index.php\/wp-json\/wp\/v2\/pages\/619\/revisions"}],"predecessor-version":[{"id":4490,"href":"https:\/\/site.educa.madrid.org\/cp.navalazarza.sanagustin\/index.php\/wp-json\/wp\/v2\/pages\/619\/revisions\/4490"}],"wp:attachment":[{"href":"https:\/\/site.educa.madrid.org\/cp.navalazarza.sanagustin\/index.php\/wp-json\/wp\/v2\/media?parent=619"}],"wp:term":[{"taxonomy":"folder","embeddable":true,"href":"https:\/\/site.educa.madrid.org\/cp.navalazarza.sanagustin\/index.php\/wp-json\/wp\/v2\/folder?post=619"}],"curies":[{"name":"wp","href":"https:\/\/api.w.org\/{rel}","templated":true}]}}