{"id":6656,"date":"2026-03-02T09:44:38","date_gmt":"2026-03-02T08:44:38","guid":{"rendered":"https:\/\/site.educa.madrid.org\/cp.navalazarza.sanagustin\/?page_id=6656"},"modified":"2026-03-02T09:50:27","modified_gmt":"2026-03-02T08:50:27","slug":"programa-de-cooperacion-territorial-de-refuerzo-de-la-competencia-matematica","status":"publish","type":"page","link":"https:\/\/site.educa.madrid.org\/cp.navalazarza.sanagustin\/index.php\/programa-de-cooperacion-territorial-de-refuerzo-de-la-competencia-matematica\/","title":{"rendered":"Programa de Cooperaci\u00f3n Territorial de refuerzo de la Competencia Matem\u00e1tica"},"content":{"rendered":"\n<p>Desde el curso 2024-25, nuestro centro participa en el <strong>Programa de Refuerzo de la Competencia Matem\u00e1tica<\/strong>, una iniciativa de la Comunidad de Madrid y el Ministerio de Educaci\u00f3n para ayudar al alumnado de Primaria a mejorar sus habilidades matem\u00e1ticas.<\/p>\n\n\n\n<p>El programa busca:<\/p>\n\n\n\n<ul class=\"wp-block-list\">\n<li>Trabajar las matem\u00e1ticas de forma m\u00e1s pr\u00e1ctica y personalizada.<\/li>\n\n\n\n<li>Mejorar la resoluci\u00f3n de problemas y el razonamiento.<\/li>\n\n\n\n<li>Reducir la brecha de g\u00e9nero en esta materia.<\/li>\n\n\n\n<li>Incorporar la lectura como apoyo al aprendizaje matem\u00e1tico.<\/li>\n<\/ul>\n\n\n\n<p>Los centros participantes organizan <strong>grupos reducidos en horario escolar<\/strong>, lo que permite una atenci\u00f3n m\u00e1s individualizada. Adem\u00e1s, el profesorado implicado recibe formaci\u00f3n espec\u00edfica para aplicar nuevas metodolog\u00edas.Este plan formar\u00e1 parte de la <strong>Programaci\u00f3n General Anual<\/strong> y ser\u00e1 evaluado a lo largo del curso para asegurar su buen funcionamiento.<\/p>\n\n\n\n<figure class=\"wp-block-image size-full\"><img loading=\"lazy\" decoding=\"async\" width=\"1200\" height=\"600\" src=\"https:\/\/site.educa.madrid.org\/cp.navalazarza.sanagustin\/\/wp-content\/uploads\/cp.navalazarza.sanagustin\/2026\/03\/cooperacion-territorial-matematicas.jpg\" alt=\"\" class=\"wp-image-6659\" srcset=\"https:\/\/site.educa.madrid.org\/cp.navalazarza.sanagustin\/\/wp-content\/uploads\/cp.navalazarza.sanagustin\/2026\/03\/cooperacion-territorial-matematicas.jpg 1200w, https:\/\/site.educa.madrid.org\/cp.navalazarza.sanagustin\/\/wp-content\/uploads\/cp.navalazarza.sanagustin\/2026\/03\/cooperacion-territorial-matematicas-300x150.jpg 300w, https:\/\/site.educa.madrid.org\/cp.navalazarza.sanagustin\/\/wp-content\/uploads\/cp.navalazarza.sanagustin\/2026\/03\/cooperacion-territorial-matematicas-1024x512.jpg 1024w, https:\/\/site.educa.madrid.org\/cp.navalazarza.sanagustin\/\/wp-content\/uploads\/cp.navalazarza.sanagustin\/2026\/03\/cooperacion-territorial-matematicas-768x384.jpg 768w, https:\/\/site.educa.madrid.org\/cp.navalazarza.sanagustin\/\/wp-content\/uploads\/cp.navalazarza.sanagustin\/2026\/03\/cooperacion-territorial-matematicas-1000x500.jpg 1000w, https:\/\/site.educa.madrid.org\/cp.navalazarza.sanagustin\/\/wp-content\/uploads\/cp.navalazarza.sanagustin\/2026\/03\/cooperacion-territorial-matematicas-230x115.jpg 230w, https:\/\/site.educa.madrid.org\/cp.navalazarza.sanagustin\/\/wp-content\/uploads\/cp.navalazarza.sanagustin\/2026\/03\/cooperacion-territorial-matematicas-350x175.jpg 350w, https:\/\/site.educa.madrid.org\/cp.navalazarza.sanagustin\/\/wp-content\/uploads\/cp.navalazarza.sanagustin\/2026\/03\/cooperacion-territorial-matematicas-480x240.jpg 480w\" sizes=\"auto, (max-width: 1200px) 100vw, 1200px\" \/><\/figure>\n","protected":false},"excerpt":{"rendered":"<p>Desde el curso 2024-25, nuestro centro participa en el Programa de Refuerzo de la Competencia Matem\u00e1tica, una iniciativa de la [&hellip;]<\/p>\n","protected":false},"author":3,"featured_media":0,"parent":0,"menu_order":2,"comment_status":"closed","ping_status":"closed","template":"page-templates\/page_fullwidth.php","meta":{"footnotes":""},"folder":[27],"class_list":["post-6656","page","type-page","status-publish","hentry"],"rttpg_featured_image_url":null,"rttpg_author":{"display_name":"cp.navalazarza.sanagustin","author_link":"https:\/\/site.educa.madrid.org\/cp.navalazarza.sanagustin\/index.php\/author\/cuenta_cp-navalazarza-sanagustin\/"},"rttpg_comment":0,"rttpg_category":" <a href=\"https:\/\/site.educa.madrid.org\/cp.navalazarza.sanagustin\/?taxonomy=folder&#038;term=proyectos-1719471456-3\" rel=\"tag\">Proyectos<\/a>","rttpg_excerpt":"Desde el curso 2024-25, nuestro centro participa en el Programa de Refuerzo de la Competencia Matem\u00e1tica, una iniciativa de la [&hellip;]","post_mailing_queue_ids":[],"_links":{"self":[{"href":"https:\/\/site.educa.madrid.org\/cp.navalazarza.sanagustin\/index.php\/wp-json\/wp\/v2\/pages\/6656","targetHints":{"allow":["GET"]}}],"collection":[{"href":"https:\/\/site.educa.madrid.org\/cp.navalazarza.sanagustin\/index.php\/wp-json\/wp\/v2\/pages"}],"about":[{"href":"https:\/\/site.educa.madrid.org\/cp.navalazarza.sanagustin\/index.php\/wp-json\/wp\/v2\/types\/page"}],"author":[{"embeddable":true,"href":"https:\/\/site.educa.madrid.org\/cp.navalazarza.sanagustin\/index.php\/wp-json\/wp\/v2\/users\/3"}],"replies":[{"embeddable":true,"href":"https:\/\/site.educa.madrid.org\/cp.navalazarza.sanagustin\/index.php\/wp-json\/wp\/v2\/comments?post=6656"}],"version-history":[{"count":4,"href":"https:\/\/site.educa.madrid.org\/cp.navalazarza.sanagustin\/index.php\/wp-json\/wp\/v2\/pages\/6656\/revisions"}],"predecessor-version":[{"id":6662,"href":"https:\/\/site.educa.madrid.org\/cp.navalazarza.sanagustin\/index.php\/wp-json\/wp\/v2\/pages\/6656\/revisions\/6662"}],"wp:attachment":[{"href":"https:\/\/site.educa.madrid.org\/cp.navalazarza.sanagustin\/index.php\/wp-json\/wp\/v2\/media?parent=6656"}],"wp:term":[{"taxonomy":"folder","embeddable":true,"href":"https:\/\/site.educa.madrid.org\/cp.navalazarza.sanagustin\/index.php\/wp-json\/wp\/v2\/folder?post=6656"}],"curies":[{"name":"wp","href":"https:\/\/api.w.org\/{rel}","templated":true}]}}