{"id":914,"date":"2023-11-20T09:52:33","date_gmt":"2023-11-20T08:52:33","guid":{"rendered":"https:\/\/site.educa.madrid.org\/cp.navalazarza.sanagustin\/?page_id=914"},"modified":"2024-06-27T09:16:45","modified_gmt":"2024-06-27T07:16:45","slug":"bilinguismo","status":"publish","type":"page","link":"https:\/\/site.educa.madrid.org\/cp.navalazarza.sanagustin\/index.php\/bilinguismo\/","title":{"rendered":"Biling\u00fcismo"},"content":{"rendered":"\n<p>Nuestro centro inici\u00f3 el&nbsp;<strong>proyecto biling\u00fce espa\u00f1ol-ingl\u00e9s en el curso 2005\/06.<\/strong>&nbsp;El programa consiste, no solo en estudiar ingl\u00e9s como lengua extranjera, sino adem\u00e1s en impartir otras \u00e1reas de conocimiento en ese idioma. De este modo, los alumnos aprenden ingl\u00e9s con menos esfuerzo, de manera natural y m\u00e1s r\u00e1pidamente, al convertirse en una lengua de trabajo y de uso habitual en el centro. En este contexto, el biling\u00fcismo se ha ido convirtiendo, a lo largo de estos \u00faltimos a\u00f1os, en una de nuestras se\u00f1as de identidad.<\/p>\n\n\n\n<p>Desde el curso 2022-23, con la puesta en marcha de la LOMLOE, el proyecto se extiende desde infantil 3 a\u00f1os, ampli\u00e1ndose el horario de ingl\u00e9s y de otras \u00e1reas como psicomotricidad, m\u00fasica o art\u00edstica.<\/p>\n\n\n\n<p>A partir de primero organizamos clases con el sistema de co-tutor\u00edas, los alumnos reciben la mitad de la jornada las \u00e1reas de lengua y matem\u00e1ticas en castellano y el resto (Ingl\u00e9s, Ciencias Naturales y Sociales, Art\u00edstica, Educaci\u00f3n F\u00edsica y M\u00fasica) en lengua inglesa.<\/p>\n\n\n\n<p>Contamos con la colaboraci\u00f3n de auxiliares de conversaci\u00f3n nativos que ayudan principalmente en la expresi\u00f3n y comprensi\u00f3n oral, as\u00ed como en el componente cultural.<\/p>\n\n\n\n<p>Al finalizar la etapa de educaci\u00f3n primaria los alumnos son examinados por Cambridge de los niveles PET y KET. Estos ex\u00e1menes marcar\u00e1n su paso a la secci\u00f3n o al programa&nbsp; biling\u00fce del instituto.<\/p>\n\n\n<div class=\"wp-block-image\">\n<figure class=\"aligncenter size-full is-resized\"><img loading=\"lazy\" decoding=\"async\" width=\"850\" height=\"425\" src=\"https:\/\/site.educa.madrid.org\/cp.navalazarza.sanagustin\/\/wp-content\/uploads\/cp.navalazarza.sanagustin\/2023\/11\/bilingue-navalazarza.jpg\" alt=\"\" class=\"wp-image-1116\" style=\"width:850px\" srcset=\"https:\/\/site.educa.madrid.org\/cp.navalazarza.sanagustin\/\/wp-content\/uploads\/cp.navalazarza.sanagustin\/2023\/11\/bilingue-navalazarza.jpg 850w, https:\/\/site.educa.madrid.org\/cp.navalazarza.sanagustin\/\/wp-content\/uploads\/cp.navalazarza.sanagustin\/2023\/11\/bilingue-navalazarza-300x150.jpg 300w, https:\/\/site.educa.madrid.org\/cp.navalazarza.sanagustin\/\/wp-content\/uploads\/cp.navalazarza.sanagustin\/2023\/11\/bilingue-navalazarza-768x384.jpg 768w\" sizes=\"auto, (max-width: 850px) 100vw, 850px\" \/><\/figure>\n<\/div>","protected":false},"excerpt":{"rendered":"<p>Nuestro centro inici\u00f3 el&nbsp;proyecto biling\u00fce espa\u00f1ol-ingl\u00e9s en el curso 2005\/06.&nbsp;El programa consiste, no solo en estudiar ingl\u00e9s como lengua extranjera, [&hellip;]<\/p>\n","protected":false},"author":3,"featured_media":0,"parent":0,"menu_order":2,"comment_status":"closed","ping_status":"closed","template":"page-templates\/page_fullwidth.php","meta":{"footnotes":""},"folder":[8,27],"class_list":["post-914","page","type-page","status-publish","hentry"],"rttpg_featured_image_url":null,"rttpg_author":{"display_name":"cp.navalazarza.sanagustin","author_link":"https:\/\/site.educa.madrid.org\/cp.navalazarza.sanagustin\/index.php\/author\/cuenta_cp-navalazarza-sanagustin\/"},"rttpg_comment":0,"rttpg_category":" <a href=\"https:\/\/site.educa.madrid.org\/cp.navalazarza.sanagustin\/?taxonomy=folder&#038;term=nuestro-centro-1700472291-3\" rel=\"tag\">El Centro<\/a><a href=\"https:\/\/site.educa.madrid.org\/cp.navalazarza.sanagustin\/?taxonomy=folder&#038;term=proyectos-1719471456-3\" rel=\"tag\">Proyectos<\/a>","rttpg_excerpt":"Nuestro centro inici\u00f3 el&nbsp;proyecto biling\u00fce espa\u00f1ol-ingl\u00e9s en el curso 2005\/06.&nbsp;El programa consiste, no solo en estudiar ingl\u00e9s como lengua extranjera, [&hellip;]","post_mailing_queue_ids":[],"_links":{"self":[{"href":"https:\/\/site.educa.madrid.org\/cp.navalazarza.sanagustin\/index.php\/wp-json\/wp\/v2\/pages\/914","targetHints":{"allow":["GET"]}}],"collection":[{"href":"https:\/\/site.educa.madrid.org\/cp.navalazarza.sanagustin\/index.php\/wp-json\/wp\/v2\/pages"}],"about":[{"href":"https:\/\/site.educa.madrid.org\/cp.navalazarza.sanagustin\/index.php\/wp-json\/wp\/v2\/types\/page"}],"author":[{"embeddable":true,"href":"https:\/\/site.educa.madrid.org\/cp.navalazarza.sanagustin\/index.php\/wp-json\/wp\/v2\/users\/3"}],"replies":[{"embeddable":true,"href":"https:\/\/site.educa.madrid.org\/cp.navalazarza.sanagustin\/index.php\/wp-json\/wp\/v2\/comments?post=914"}],"version-history":[{"count":5,"href":"https:\/\/site.educa.madrid.org\/cp.navalazarza.sanagustin\/index.php\/wp-json\/wp\/v2\/pages\/914\/revisions"}],"predecessor-version":[{"id":2469,"href":"https:\/\/site.educa.madrid.org\/cp.navalazarza.sanagustin\/index.php\/wp-json\/wp\/v2\/pages\/914\/revisions\/2469"}],"wp:attachment":[{"href":"https:\/\/site.educa.madrid.org\/cp.navalazarza.sanagustin\/index.php\/wp-json\/wp\/v2\/media?parent=914"}],"wp:term":[{"taxonomy":"folder","embeddable":true,"href":"https:\/\/site.educa.madrid.org\/cp.navalazarza.sanagustin\/index.php\/wp-json\/wp\/v2\/folder?post=914"}],"curies":[{"name":"wp","href":"https:\/\/api.w.org\/{rel}","templated":true}]}}