{"id":918,"date":"2023-11-20T09:56:16","date_gmt":"2023-11-20T08:56:16","guid":{"rendered":"https:\/\/site.educa.madrid.org\/cp.navalazarza.sanagustin\/?page_id=918"},"modified":"2024-06-27T09:16:45","modified_gmt":"2024-06-27T07:16:45","slug":"educacion-responsable","status":"publish","type":"page","link":"https:\/\/site.educa.madrid.org\/cp.navalazarza.sanagustin\/index.php\/educacion-responsable\/","title":{"rendered":"Educaci\u00f3n Responsable"},"content":{"rendered":"\n<p>Es un programa desarrollado en colaboraci\u00f3n con la&nbsp;<a rel=\"noreferrer noopener\" href=\"http:\/\/www.fundacionbotin.org\/educacion-contenidos\/educacion-responsable.html\" target=\"_blank\">Fundaci\u00f3n Bot\u00edn<\/a>&nbsp;y la&nbsp;<a rel=\"noreferrer noopener\" href=\"http:\/\/www.educantabria.es\/\" target=\"_blank\">Consejer\u00eda de Educaci\u00f3n de Cantabria<\/a>&nbsp;que favorece el crecimiento f\u00edsico, emocional, intelectual y social de las personas, promueve la comunicaci\u00f3n y mejora la convivencia en los centros escolares a partir del trabajo con docentes, alumnado y familias.<\/p>\n\n\n\n<p>El programa ayuda a los ni\u00f1os y j\u00f3venes a:<\/p>\n\n\n\n<div class=\"wp-block-columns is-layout-flex wp-container-core-columns-is-layout-9d6595d7 wp-block-columns-is-layout-flex\">\n<div class=\"wp-block-column is-vertically-aligned-center is-layout-flow wp-block-column-is-layout-flow\">\n<ul class=\"wp-block-list\">\n<li>Conocerse y confiar en s\u00ed mismos.<\/li>\n\n\n\n<li>Comprender a los dem\u00e1s.<\/li>\n\n\n\n<li>Reconocer y expresar emociones e ideas.<\/li>\n\n\n\n<li>Desarrollar el autocontrol.<\/li>\n\n\n\n<li>Aprender a tomar decisiones responsables.<\/li>\n\n\n\n<li>Valorar y cuidar su salud.<\/li>\n\n\n\n<li>Mejorar sus habilidades sociales.<\/li>\n<\/ul>\n\n\n\n<p>En nuestro centro se puso en marcha el curso 2015\/16 trabajando las emociones desde la lectura, el arte y la m\u00fasica en todas las etapas. El proyecto tambi\u00e9n engloba actividades en colaboraci\u00f3n con las&nbsp;<strong>familias.<\/strong><\/p>\n\n\n\n<p>M\u00e1s informaci\u00f3n en la&nbsp;<a href=\"http:\/\/www.educacionresponsable.org\/\" target=\"_blank\" rel=\"noreferrer noopener\">web de la Fundaci\u00f3n Bot\u00edn.<\/a><\/p>\n<\/div>\n\n\n\n<div class=\"wp-block-column is-vertically-aligned-top is-layout-flow wp-block-column-is-layout-flow\" style=\"flex-basis:65%\"><div class=\"wp-block-image\">\n<figure class=\"aligncenter size-full\"><img loading=\"lazy\" decoding=\"async\" width=\"598\" height=\"400\" src=\"https:\/\/site.educa.madrid.org\/cp.navalazarza.sanagustin\/\/wp-content\/uploads\/cp.navalazarza.sanagustin\/2023\/11\/educacion-responsable-navalazarza.jpg\" alt=\"\" class=\"wp-image-1141\" srcset=\"https:\/\/site.educa.madrid.org\/cp.navalazarza.sanagustin\/\/wp-content\/uploads\/cp.navalazarza.sanagustin\/2023\/11\/educacion-responsable-navalazarza.jpg 598w, https:\/\/site.educa.madrid.org\/cp.navalazarza.sanagustin\/\/wp-content\/uploads\/cp.navalazarza.sanagustin\/2023\/11\/educacion-responsable-navalazarza-300x201.jpg 300w, https:\/\/site.educa.madrid.org\/cp.navalazarza.sanagustin\/\/wp-content\/uploads\/cp.navalazarza.sanagustin\/2023\/11\/educacion-responsable-navalazarza-272x182.jpg 272w\" sizes=\"auto, (max-width: 598px) 100vw, 598px\" \/><\/figure>\n<\/div><\/div>\n<\/div>\n","protected":false},"excerpt":{"rendered":"<p>Es un programa desarrollado en colaboraci\u00f3n con la&nbsp;Fundaci\u00f3n Bot\u00edn&nbsp;y la&nbsp;Consejer\u00eda de Educaci\u00f3n de Cantabria&nbsp;que favorece el crecimiento f\u00edsico, emocional, intelectual [&hellip;]<\/p>\n","protected":false},"author":3,"featured_media":0,"parent":0,"menu_order":2,"comment_status":"closed","ping_status":"closed","template":"page-templates\/page_fullwidth.php","meta":{"footnotes":""},"folder":[8,27],"class_list":["post-918","page","type-page","status-publish","hentry"],"rttpg_featured_image_url":null,"rttpg_author":{"display_name":"cp.navalazarza.sanagustin","author_link":"https:\/\/site.educa.madrid.org\/cp.navalazarza.sanagustin\/index.php\/author\/cuenta_cp-navalazarza-sanagustin\/"},"rttpg_comment":0,"rttpg_category":" <a href=\"https:\/\/site.educa.madrid.org\/cp.navalazarza.sanagustin\/?taxonomy=folder&#038;term=nuestro-centro-1700472291-3\" rel=\"tag\">El Centro<\/a><a href=\"https:\/\/site.educa.madrid.org\/cp.navalazarza.sanagustin\/?taxonomy=folder&#038;term=proyectos-1719471456-3\" rel=\"tag\">Proyectos<\/a>","rttpg_excerpt":"Es un programa desarrollado en colaboraci\u00f3n con la&nbsp;Fundaci\u00f3n Bot\u00edn&nbsp;y la&nbsp;Consejer\u00eda de Educaci\u00f3n de Cantabria&nbsp;que favorece el crecimiento f\u00edsico, emocional, intelectual [&hellip;]","post_mailing_queue_ids":[],"_links":{"self":[{"href":"https:\/\/site.educa.madrid.org\/cp.navalazarza.sanagustin\/index.php\/wp-json\/wp\/v2\/pages\/918","targetHints":{"allow":["GET"]}}],"collection":[{"href":"https:\/\/site.educa.madrid.org\/cp.navalazarza.sanagustin\/index.php\/wp-json\/wp\/v2\/pages"}],"about":[{"href":"https:\/\/site.educa.madrid.org\/cp.navalazarza.sanagustin\/index.php\/wp-json\/wp\/v2\/types\/page"}],"author":[{"embeddable":true,"href":"https:\/\/site.educa.madrid.org\/cp.navalazarza.sanagustin\/index.php\/wp-json\/wp\/v2\/users\/3"}],"replies":[{"embeddable":true,"href":"https:\/\/site.educa.madrid.org\/cp.navalazarza.sanagustin\/index.php\/wp-json\/wp\/v2\/comments?post=918"}],"version-history":[{"count":10,"href":"https:\/\/site.educa.madrid.org\/cp.navalazarza.sanagustin\/index.php\/wp-json\/wp\/v2\/pages\/918\/revisions"}],"predecessor-version":[{"id":2485,"href":"https:\/\/site.educa.madrid.org\/cp.navalazarza.sanagustin\/index.php\/wp-json\/wp\/v2\/pages\/918\/revisions\/2485"}],"wp:attachment":[{"href":"https:\/\/site.educa.madrid.org\/cp.navalazarza.sanagustin\/index.php\/wp-json\/wp\/v2\/media?parent=918"}],"wp:term":[{"taxonomy":"folder","embeddable":true,"href":"https:\/\/site.educa.madrid.org\/cp.navalazarza.sanagustin\/index.php\/wp-json\/wp\/v2\/folder?post=918"}],"curies":[{"name":"wp","href":"https:\/\/api.w.org\/{rel}","templated":true}]}}