{"id":926,"date":"2023-11-20T09:57:53","date_gmt":"2023-11-20T08:57:53","guid":{"rendered":"https:\/\/site.educa.madrid.org\/cp.navalazarza.sanagustin\/?page_id=926"},"modified":"2024-06-27T09:16:45","modified_gmt":"2024-06-27T07:16:45","slug":"coro-y-orquesta","status":"publish","type":"page","link":"https:\/\/site.educa.madrid.org\/cp.navalazarza.sanagustin\/index.php\/coro-y-orquesta\/","title":{"rendered":"Coro y Orquesta"},"content":{"rendered":"\n<p><strong>El Coro del Navalazarza<\/strong>&nbsp;lleva once a\u00f1os llenando de m\u00fasica nuestro centro. La familia musical crece, contando desde este curso, 2019-2020, con&nbsp;<strong>la Orquesta escolar<\/strong>.<\/p>\n\n\n\n<p>El objetivo principal es ofrecer una&nbsp;<strong>actividad complementaria al \u00e1rea art\u00edstica<\/strong>, d\u00e1ndole importancia a la pr\u00e1ctica vocal e instrumental en grupo.<\/p>\n\n\n\n<p>El trabajo que se realiza favorece la socializaci\u00f3n y la convivencia entre sus miembros, la comunicaci\u00f3n con los dem\u00e1s, la atenci\u00f3n, el descubrimiento, la cooperaci\u00f3n, la personalidad, la autonom\u00eda, la creatividad y el esp\u00edritu cr\u00edtico. En el coro y la orquesta, los ni\u00f1os y ni\u00f1as aprenden a respetar, a escuchar a los dem\u00e1s, a organizarse, a compartir\u2026 En definitiva, a trabajar en equipo para construir y crear.<\/p>\n\n\n\n<p>La b\u00fasqueda de la belleza, la est\u00e9tica y el trabajo com\u00fan bien hecho, nos motiva para ensayar y preparar los conciertos que tanta ilusi\u00f3n nos hacen,&nbsp;<strong>durante los recreos<\/strong>&nbsp;y algunas sesiones extra pr\u00f3ximas a las actuaciones.<\/p>\n\n\n<div class=\"wp-block-image\">\n<figure class=\"aligncenter size-full\"><img loading=\"lazy\" decoding=\"async\" width=\"1200\" height=\"400\" src=\"https:\/\/site.educa.madrid.org\/cp.navalazarza.sanagustin\/\/wp-content\/uploads\/cp.navalazarza.sanagustin\/2023\/11\/coro-navalazarza.jpg\" alt=\"\" class=\"wp-image-1168\" srcset=\"https:\/\/site.educa.madrid.org\/cp.navalazarza.sanagustin\/\/wp-content\/uploads\/cp.navalazarza.sanagustin\/2023\/11\/coro-navalazarza.jpg 1200w, https:\/\/site.educa.madrid.org\/cp.navalazarza.sanagustin\/\/wp-content\/uploads\/cp.navalazarza.sanagustin\/2023\/11\/coro-navalazarza-300x100.jpg 300w, https:\/\/site.educa.madrid.org\/cp.navalazarza.sanagustin\/\/wp-content\/uploads\/cp.navalazarza.sanagustin\/2023\/11\/coro-navalazarza-1024x341.jpg 1024w, https:\/\/site.educa.madrid.org\/cp.navalazarza.sanagustin\/\/wp-content\/uploads\/cp.navalazarza.sanagustin\/2023\/11\/coro-navalazarza-768x256.jpg 768w\" sizes=\"auto, (max-width: 1200px) 100vw, 1200px\" \/><\/figure>\n<\/div>\n\n\n<p>El valor art\u00edstico y cultural que nos aporta la m\u00fasica es incalculable. Estudios cient\u00edficos se\u00f1alan que la&nbsp;<a href=\"https:\/\/www.emagister.com\/blog\/?s=m%C3%BAsica\" target=\"_blank\" rel=\"noreferrer noopener\">m\u00fasica<\/a>&nbsp;tiene efectos positivos en el desarrollo cognitivo, creativo, intelectual y psicol\u00f3gico de los ni\u00f1os. Incluso se ha demostrado que la m\u00fasica estimula el hemisferio izquierdo del cerebro, el encargado del aprendizaje del lenguaje, los n\u00fameros y el uso de la l\u00f3gica.<\/p>\n\n\n\n<p>No son tan importantes los conocimientos musicales como las ganas aprender, de disfrutar de la m\u00fasica y sobre todo, de comprometerse.&nbsp;<strong>La asistencia y participaci\u00f3n activa en los ensayos es imprescindible.<\/strong>&nbsp;Otro requisito obligatorio para formar parte de la agrupaci\u00f3n musical, es&nbsp;<strong>la vestimenta adecuada para las actuaciones<\/strong>: zapatos negros, vaqueros, polo blanco y jersey azul del cole (coro) y sudadera azul del cole (orquesta).<\/p>\n\n\n\n<p>Con el objetivo de apoyar nuestro proyecto, el ayuntamiento ofrece&nbsp;<strong>clases extraescolares<\/strong>&nbsp;de m\u00fasica e instrumento en nuestro colegio. \u00a1Ya han formado un grupo de guitarras! Para m\u00e1s informaci\u00f3n, pinchar&nbsp;<a href=\"https:\/\/colegionavalazarza.es\/descargas-ayuntamiento\/\" target=\"_blank\" rel=\"noreferrer noopener\">aqu\u00ed.<\/a><\/p>\n\n\n\n<p>Participamos cada a\u00f1o en el&nbsp;<strong>Certamen de Coros de la Comunidad de Madrid<\/strong>&nbsp;y celebramos&nbsp;<strong>varios conciertos<\/strong>&nbsp;al a\u00f1o para nuestras familias, alumnado y vecinos del pueblo: Navidad, D\u00eda de la Paz, residencia de ancianos\u2026<\/p>\n\n\n\n<p>Todos los ni\u00f1os y ni\u00f1as, a partir de<strong>&nbsp;3\u00ba de primaria (coro) y 5\u00ba de primaria (orquesta)<\/strong>, son bienvenidos. Los formularios, tanto para inscribirse como para darse de baja de la actividad, se podr\u00e1n rellenar&nbsp;<strong>en septiembre y en febrero<\/strong>. La organizaci\u00f3n es cuatrimestral para favorecer el cumplimiento del compromiso con el grupo participando en los conciertos programados.<\/p>\n\n\n\n<p>\u00a1Animaos a participar en este maravilloso proyecto! \u00a1Os esperamos!<\/p>\n\n\n\n<div class=\"wp-block-columns is-layout-flex wp-container-core-columns-is-layout-9d6595d7 wp-block-columns-is-layout-flex\">\n<div class=\"wp-block-column is-layout-flow wp-block-column-is-layout-flow\">\n<figure class=\"wp-block-embed is-type-video is-provider-youtube wp-block-embed-youtube wp-embed-aspect-16-9 wp-has-aspect-ratio\"><div class=\"wp-block-embed__wrapper\">\n<iframe loading=\"lazy\" title=\"ER EL CORO DE LAS EMOCIONES 1\" width=\"1170\" height=\"658\" src=\"https:\/\/www.youtube.com\/embed\/MSVmb8oQ8jc?feature=oembed\" frameborder=\"0\" allow=\"accelerometer; autoplay; clipboard-write; encrypted-media; gyroscope; picture-in-picture; web-share\" referrerpolicy=\"strict-origin-when-cross-origin\" allowfullscreen><\/iframe>\n<\/div><\/figure>\n<\/div>\n\n\n\n<div class=\"wp-block-column is-layout-flow wp-block-column-is-layout-flow\">\n<figure class=\"wp-block-embed is-type-video is-provider-youtube wp-block-embed-youtube wp-embed-aspect-16-9 wp-has-aspect-ratio\"><div class=\"wp-block-embed__wrapper\">\n<iframe loading=\"lazy\" title=\"ER EL CORO DE LAS EMOCIONES 2\" width=\"1170\" height=\"658\" src=\"https:\/\/www.youtube.com\/embed\/GA67aUXYYVY?feature=oembed\" frameborder=\"0\" allow=\"accelerometer; autoplay; clipboard-write; encrypted-media; gyroscope; picture-in-picture; web-share\" referrerpolicy=\"strict-origin-when-cross-origin\" allowfullscreen><\/iframe>\n<\/div><\/figure>\n<\/div>\n<\/div>\n","protected":false},"excerpt":{"rendered":"<p>El Coro del Navalazarza&nbsp;lleva once a\u00f1os llenando de m\u00fasica nuestro centro. La familia musical crece, contando desde este curso, 2019-2020, [&hellip;]<\/p>\n","protected":false},"author":3,"featured_media":0,"parent":0,"menu_order":2,"comment_status":"closed","ping_status":"closed","template":"page-templates\/page_fullwidth.php","meta":{"footnotes":""},"folder":[8,27],"class_list":["post-926","page","type-page","status-publish","hentry"],"rttpg_featured_image_url":null,"rttpg_author":{"display_name":"cp.navalazarza.sanagustin","author_link":"https:\/\/site.educa.madrid.org\/cp.navalazarza.sanagustin\/index.php\/author\/cuenta_cp-navalazarza-sanagustin\/"},"rttpg_comment":0,"rttpg_category":" <a href=\"https:\/\/site.educa.madrid.org\/cp.navalazarza.sanagustin\/?taxonomy=folder&#038;term=nuestro-centro-1700472291-3\" rel=\"tag\">El Centro<\/a><a href=\"https:\/\/site.educa.madrid.org\/cp.navalazarza.sanagustin\/?taxonomy=folder&#038;term=proyectos-1719471456-3\" rel=\"tag\">Proyectos<\/a>","rttpg_excerpt":"El Coro del Navalazarza&nbsp;lleva once a\u00f1os llenando de m\u00fasica nuestro centro. La familia musical crece, contando desde este curso, 2019-2020, [&hellip;]","post_mailing_queue_ids":[],"_links":{"self":[{"href":"https:\/\/site.educa.madrid.org\/cp.navalazarza.sanagustin\/index.php\/wp-json\/wp\/v2\/pages\/926","targetHints":{"allow":["GET"]}}],"collection":[{"href":"https:\/\/site.educa.madrid.org\/cp.navalazarza.sanagustin\/index.php\/wp-json\/wp\/v2\/pages"}],"about":[{"href":"https:\/\/site.educa.madrid.org\/cp.navalazarza.sanagustin\/index.php\/wp-json\/wp\/v2\/types\/page"}],"author":[{"embeddable":true,"href":"https:\/\/site.educa.madrid.org\/cp.navalazarza.sanagustin\/index.php\/wp-json\/wp\/v2\/users\/3"}],"replies":[{"embeddable":true,"href":"https:\/\/site.educa.madrid.org\/cp.navalazarza.sanagustin\/index.php\/wp-json\/wp\/v2\/comments?post=926"}],"version-history":[{"count":6,"href":"https:\/\/site.educa.madrid.org\/cp.navalazarza.sanagustin\/index.php\/wp-json\/wp\/v2\/pages\/926\/revisions"}],"predecessor-version":[{"id":2491,"href":"https:\/\/site.educa.madrid.org\/cp.navalazarza.sanagustin\/index.php\/wp-json\/wp\/v2\/pages\/926\/revisions\/2491"}],"wp:attachment":[{"href":"https:\/\/site.educa.madrid.org\/cp.navalazarza.sanagustin\/index.php\/wp-json\/wp\/v2\/media?parent=926"}],"wp:term":[{"taxonomy":"folder","embeddable":true,"href":"https:\/\/site.educa.madrid.org\/cp.navalazarza.sanagustin\/index.php\/wp-json\/wp\/v2\/folder?post=926"}],"curies":[{"name":"wp","href":"https:\/\/api.w.org\/{rel}","templated":true}]}}