{"id":928,"date":"2023-11-20T09:58:14","date_gmt":"2023-11-20T08:58:14","guid":{"rendered":"https:\/\/site.educa.madrid.org\/cp.navalazarza.sanagustin\/?page_id=928"},"modified":"2024-11-25T09:02:19","modified_gmt":"2024-11-25T08:02:19","slug":"proyecto-nival","status":"publish","type":"page","link":"https:\/\/site.educa.madrid.org\/cp.navalazarza.sanagustin\/index.php\/proyecto-nival\/","title":{"rendered":"Proyecto Nival"},"content":{"rendered":"\n<p>El proyecto NiVAL (Ni\u00f1@s que Vuelan Alto) surge ante la necesidad de dar respuesta a los alumnos que destacan acad\u00e9micamente en su escolaridad. Se desarrollan actividades de enriquecimiento a trav\u00e9s de un proyecto anual que trabaja todas las competencias y asignaturas del curr\u00edculo.<\/p>\n\n\n\n<p>En el <a href=\"https:\/\/www.educa2.madrid.org\/web\/revista-digital\/inicio\/-\/visor\/ceip-virgen-de-navalazarza-nival-un-proyecto-innovador-en-un-aula-digitalizada-%E2%80%9Claboratorio-de-experiencias-?p_p_col_pos=1&amp;_visor_WAR_cms_tools_bookmarks=true\" target=\"_blank\" rel=\"noreferrer noopener\">art\u00edculo de la Revista Digital de Educamadrid<\/a> se explica en detalle c\u00f3mo se trabaja el proyecto en el Laboratorio de Experiencias.<\/p>\n\n\n<div class=\"wp-block-image\">\n<figure class=\"aligncenter size-full is-resized\"><img loading=\"lazy\" decoding=\"async\" width=\"400\" height=\"400\" src=\"https:\/\/site.educa.madrid.org\/cp.navalazarza.sanagustin\/\/wp-content\/uploads\/cp.navalazarza.sanagustin\/2023\/11\/logo-proyecto-nival-400x400-1.png\" alt=\"\" class=\"wp-image-1171\" style=\"width:200px;height:200px\" srcset=\"https:\/\/site.educa.madrid.org\/cp.navalazarza.sanagustin\/\/wp-content\/uploads\/cp.navalazarza.sanagustin\/2023\/11\/logo-proyecto-nival-400x400-1.png 400w, https:\/\/site.educa.madrid.org\/cp.navalazarza.sanagustin\/\/wp-content\/uploads\/cp.navalazarza.sanagustin\/2023\/11\/logo-proyecto-nival-400x400-1-300x300.png 300w, https:\/\/site.educa.madrid.org\/cp.navalazarza.sanagustin\/\/wp-content\/uploads\/cp.navalazarza.sanagustin\/2023\/11\/logo-proyecto-nival-400x400-1-150x150.png 150w, https:\/\/site.educa.madrid.org\/cp.navalazarza.sanagustin\/\/wp-content\/uploads\/cp.navalazarza.sanagustin\/2023\/11\/logo-proyecto-nival-400x400-1-100x100.png 100w\" sizes=\"auto, (max-width: 400px) 100vw, 400px\" \/><\/figure>\n<\/div>","protected":false},"excerpt":{"rendered":"<p>El proyecto NiVAL (Ni\u00f1@s que Vuelan Alto) surge ante la necesidad de dar respuesta a los alumnos que destacan acad\u00e9micamente [&hellip;]<\/p>\n","protected":false},"author":3,"featured_media":0,"parent":0,"menu_order":2,"comment_status":"closed","ping_status":"closed","template":"page-templates\/page_fullwidth.php","meta":{"footnotes":""},"folder":[8,27],"class_list":["post-928","page","type-page","status-publish","hentry"],"rttpg_featured_image_url":null,"rttpg_author":{"display_name":"cp.navalazarza.sanagustin","author_link":"https:\/\/site.educa.madrid.org\/cp.navalazarza.sanagustin\/index.php\/author\/cuenta_cp-navalazarza-sanagustin\/"},"rttpg_comment":0,"rttpg_category":" <a href=\"https:\/\/site.educa.madrid.org\/cp.navalazarza.sanagustin\/?taxonomy=folder&#038;term=nuestro-centro-1700472291-3\" rel=\"tag\">El Centro<\/a><a href=\"https:\/\/site.educa.madrid.org\/cp.navalazarza.sanagustin\/?taxonomy=folder&#038;term=proyectos-1719471456-3\" rel=\"tag\">Proyectos<\/a>","rttpg_excerpt":"El proyecto NiVAL (Ni\u00f1@s que Vuelan Alto) surge ante la necesidad de dar respuesta a los alumnos que destacan acad\u00e9micamente [&hellip;]","post_mailing_queue_ids":[],"_links":{"self":[{"href":"https:\/\/site.educa.madrid.org\/cp.navalazarza.sanagustin\/index.php\/wp-json\/wp\/v2\/pages\/928","targetHints":{"allow":["GET"]}}],"collection":[{"href":"https:\/\/site.educa.madrid.org\/cp.navalazarza.sanagustin\/index.php\/wp-json\/wp\/v2\/pages"}],"about":[{"href":"https:\/\/site.educa.madrid.org\/cp.navalazarza.sanagustin\/index.php\/wp-json\/wp\/v2\/types\/page"}],"author":[{"embeddable":true,"href":"https:\/\/site.educa.madrid.org\/cp.navalazarza.sanagustin\/index.php\/wp-json\/wp\/v2\/users\/3"}],"replies":[{"embeddable":true,"href":"https:\/\/site.educa.madrid.org\/cp.navalazarza.sanagustin\/index.php\/wp-json\/wp\/v2\/comments?post=928"}],"version-history":[{"count":3,"href":"https:\/\/site.educa.madrid.org\/cp.navalazarza.sanagustin\/index.php\/wp-json\/wp\/v2\/pages\/928\/revisions"}],"predecessor-version":[{"id":3682,"href":"https:\/\/site.educa.madrid.org\/cp.navalazarza.sanagustin\/index.php\/wp-json\/wp\/v2\/pages\/928\/revisions\/3682"}],"wp:attachment":[{"href":"https:\/\/site.educa.madrid.org\/cp.navalazarza.sanagustin\/index.php\/wp-json\/wp\/v2\/media?parent=928"}],"wp:term":[{"taxonomy":"folder","embeddable":true,"href":"https:\/\/site.educa.madrid.org\/cp.navalazarza.sanagustin\/index.php\/wp-json\/wp\/v2\/folder?post=928"}],"curies":[{"name":"wp","href":"https:\/\/api.w.org\/{rel}","templated":true}]}}