{"id":932,"date":"2023-11-20T09:59:11","date_gmt":"2023-11-20T08:59:11","guid":{"rendered":"https:\/\/site.educa.madrid.org\/cp.navalazarza.sanagustin\/?page_id=932"},"modified":"2024-06-27T09:16:45","modified_gmt":"2024-06-27T07:16:45","slug":"patios-divertidos","status":"publish","type":"page","link":"https:\/\/site.educa.madrid.org\/cp.navalazarza.sanagustin\/index.php\/patios-divertidos\/","title":{"rendered":"Patios Divertidos"},"content":{"rendered":"\n<p>Hace ya varios cursos escolares notamos que algunos de nuestros alumnos mostraban dificultades para relacionarse y jugar con los compa\u00f1eros en los momentos de patio.<\/p>\n\n\n\n<p>Decidimos distribuir zonas de juego a trav\u00e9s de placas que ayudar\u00edan a los alumnos a tener alternativas y favorecer las relaciones. Se dise\u00f1aron espacios para canicas, juego de suelo, armarios con juguetes, libros de lectura, futbolines y mesa de ping pong.<\/p>\n\n\n\n<p>Se diferenciaron zonas del patio por edades y horarios para los partidos de f\u00fatbol y baloncesto.<\/p>\n\n\n\n<p>As\u00ed mismo, a cada aula se le hizo entrega de una caja con material variado: cartas, pelotas, cuerdas, gomas de saltar, juegos de mesa y fichas, para que se utilice en el patio.<\/p>\n\n\n\n<p>El curso 2019\/20 hemos a\u00f1adido la zona del \u201cBanco de pensar\u201d y la \u201cMesa de la amistad\u201d.<\/p>\n\n\n\n<p>El banco de pensar ayuda a tranquilizarse en un momento de enfado y la mesa de la amistad invita a que los alumnos que no encuentran amigos se sienten en ella y otros se acercar\u00e1n.<\/p>\n\n\n<div class=\"wp-block-image\">\n<figure class=\"aligncenter size-full\"><img loading=\"lazy\" decoding=\"async\" width=\"1600\" height=\"1200\" src=\"https:\/\/site.educa.madrid.org\/cp.navalazarza.sanagustin\/\/wp-content\/uploads\/cp.navalazarza.sanagustin\/2023\/11\/navalazarza-patios-divertidos.jpg\" alt=\"\" class=\"wp-image-1176\" srcset=\"https:\/\/site.educa.madrid.org\/cp.navalazarza.sanagustin\/\/wp-content\/uploads\/cp.navalazarza.sanagustin\/2023\/11\/navalazarza-patios-divertidos.jpg 1600w, https:\/\/site.educa.madrid.org\/cp.navalazarza.sanagustin\/\/wp-content\/uploads\/cp.navalazarza.sanagustin\/2023\/11\/navalazarza-patios-divertidos-300x225.jpg 300w, https:\/\/site.educa.madrid.org\/cp.navalazarza.sanagustin\/\/wp-content\/uploads\/cp.navalazarza.sanagustin\/2023\/11\/navalazarza-patios-divertidos-1024x768.jpg 1024w, https:\/\/site.educa.madrid.org\/cp.navalazarza.sanagustin\/\/wp-content\/uploads\/cp.navalazarza.sanagustin\/2023\/11\/navalazarza-patios-divertidos-768x576.jpg 768w, https:\/\/site.educa.madrid.org\/cp.navalazarza.sanagustin\/\/wp-content\/uploads\/cp.navalazarza.sanagustin\/2023\/11\/navalazarza-patios-divertidos-1536x1152.jpg 1536w\" sizes=\"auto, (max-width: 1600px) 100vw, 1600px\" \/><\/figure>\n<\/div>","protected":false},"excerpt":{"rendered":"<p>Hace ya varios cursos escolares notamos que algunos de nuestros alumnos mostraban dificultades para relacionarse y jugar con los compa\u00f1eros [&hellip;]<\/p>\n","protected":false},"author":3,"featured_media":0,"parent":0,"menu_order":2,"comment_status":"closed","ping_status":"closed","template":"page-templates\/page_fullwidth.php","meta":{"footnotes":""},"folder":[8,27],"class_list":["post-932","page","type-page","status-publish","hentry"],"rttpg_featured_image_url":null,"rttpg_author":{"display_name":"cp.navalazarza.sanagustin","author_link":"https:\/\/site.educa.madrid.org\/cp.navalazarza.sanagustin\/index.php\/author\/cuenta_cp-navalazarza-sanagustin\/"},"rttpg_comment":0,"rttpg_category":" <a href=\"https:\/\/site.educa.madrid.org\/cp.navalazarza.sanagustin\/?taxonomy=folder&#038;term=nuestro-centro-1700472291-3\" rel=\"tag\">El Centro<\/a><a href=\"https:\/\/site.educa.madrid.org\/cp.navalazarza.sanagustin\/?taxonomy=folder&#038;term=proyectos-1719471456-3\" rel=\"tag\">Proyectos<\/a>","rttpg_excerpt":"Hace ya varios cursos escolares notamos que algunos de nuestros alumnos mostraban dificultades para relacionarse y jugar con los compa\u00f1eros [&hellip;]","post_mailing_queue_ids":[],"_links":{"self":[{"href":"https:\/\/site.educa.madrid.org\/cp.navalazarza.sanagustin\/index.php\/wp-json\/wp\/v2\/pages\/932","targetHints":{"allow":["GET"]}}],"collection":[{"href":"https:\/\/site.educa.madrid.org\/cp.navalazarza.sanagustin\/index.php\/wp-json\/wp\/v2\/pages"}],"about":[{"href":"https:\/\/site.educa.madrid.org\/cp.navalazarza.sanagustin\/index.php\/wp-json\/wp\/v2\/types\/page"}],"author":[{"embeddable":true,"href":"https:\/\/site.educa.madrid.org\/cp.navalazarza.sanagustin\/index.php\/wp-json\/wp\/v2\/users\/3"}],"replies":[{"embeddable":true,"href":"https:\/\/site.educa.madrid.org\/cp.navalazarza.sanagustin\/index.php\/wp-json\/wp\/v2\/comments?post=932"}],"version-history":[{"count":4,"href":"https:\/\/site.educa.madrid.org\/cp.navalazarza.sanagustin\/index.php\/wp-json\/wp\/v2\/pages\/932\/revisions"}],"predecessor-version":[{"id":2494,"href":"https:\/\/site.educa.madrid.org\/cp.navalazarza.sanagustin\/index.php\/wp-json\/wp\/v2\/pages\/932\/revisions\/2494"}],"wp:attachment":[{"href":"https:\/\/site.educa.madrid.org\/cp.navalazarza.sanagustin\/index.php\/wp-json\/wp\/v2\/media?parent=932"}],"wp:term":[{"taxonomy":"folder","embeddable":true,"href":"https:\/\/site.educa.madrid.org\/cp.navalazarza.sanagustin\/index.php\/wp-json\/wp\/v2\/folder?post=932"}],"curies":[{"name":"wp","href":"https:\/\/api.w.org\/{rel}","templated":true}]}}