{"id":936,"date":"2023-11-20T10:03:10","date_gmt":"2023-11-20T09:03:10","guid":{"rendered":"https:\/\/site.educa.madrid.org\/cp.navalazarza.sanagustin\/?page_id=936"},"modified":"2024-06-27T09:19:38","modified_gmt":"2024-06-27T07:19:38","slug":"plan-de-convivencia","status":"publish","type":"page","link":"https:\/\/site.educa.madrid.org\/cp.navalazarza.sanagustin\/index.php\/plan-de-convivencia\/","title":{"rendered":"Plan de Convivencia"},"content":{"rendered":"\n<p>Consideramos fundamental que se respire en nuestro centro un clima de convivencia arm\u00f3nico, que facilite el trabajo escolar, donde todos se sientan seguros y respetados. Desde estos principios b\u00e1sicos, tendemos a proyectar en nuestros alumnos valores de respeto, no violencia, justicia, solidaridad, tolerancia y democracia, a fin de ofrecer un servicio educativo de gran calidad.<\/p>\n\n\n\n<p>Como docentes estamos convencidos que si se establece una buena relaci\u00f3n con el alumnado, se le proponen aprendizajes dentro de sus posibilidades y se le reconocen sus logros, crece el inter\u00e9s por aprender y disminuyen las conductas disruptivas.<\/p>\n\n\n\n<p>Nuestro Plan de Convivencia est\u00e1 en continua revisi\u00f3n de recursos, herramientas, planes de actuaci\u00f3n y evaluaci\u00f3n para dar respuesta a aspectos que a todos nos preocupan como los posibles casos de acoso escolar en los centros educativos y la diversidad social de nuestros alumnos.<\/p>\n\n\n<div class=\"wp-block-image\">\n<figure class=\"aligncenter size-full\"><img loading=\"lazy\" decoding=\"async\" width=\"1292\" height=\"370\" src=\"https:\/\/site.educa.madrid.org\/cp.navalazarza.sanagustin\/\/wp-content\/uploads\/cp.navalazarza.sanagustin\/2023\/11\/plan-de-convivencia-imagen.jpg\" alt=\"\" class=\"wp-image-1180\" srcset=\"https:\/\/site.educa.madrid.org\/cp.navalazarza.sanagustin\/\/wp-content\/uploads\/cp.navalazarza.sanagustin\/2023\/11\/plan-de-convivencia-imagen.jpg 1292w, https:\/\/site.educa.madrid.org\/cp.navalazarza.sanagustin\/\/wp-content\/uploads\/cp.navalazarza.sanagustin\/2023\/11\/plan-de-convivencia-imagen-300x86.jpg 300w, https:\/\/site.educa.madrid.org\/cp.navalazarza.sanagustin\/\/wp-content\/uploads\/cp.navalazarza.sanagustin\/2023\/11\/plan-de-convivencia-imagen-1024x293.jpg 1024w, https:\/\/site.educa.madrid.org\/cp.navalazarza.sanagustin\/\/wp-content\/uploads\/cp.navalazarza.sanagustin\/2023\/11\/plan-de-convivencia-imagen-768x220.jpg 768w\" sizes=\"auto, (max-width: 1292px) 100vw, 1292px\" \/><\/figure>\n<\/div>\n\n\n<p>Utilizamos&nbsp;<a href=\"https:\/\/sociescuela.es\/es\/index.php\" target=\"_blank\" rel=\"noreferrer noopener\">Mybullying<\/a>, herramienta online desarrollada por la Universidad Complutense de Madrid que detecta el acoso escolar. El programa genera un mapa social de la clase y propone medidas para evitar el aislamiento de los estudiantes m\u00e1s vulnerables.<\/p>\n\n\n\n<p>La participaci\u00f3n como centro del proyecto de Educaci\u00f3n Responsable, la organizaci\u00f3n de los \u201cRecreos inclusivos\u201d, las charlas del Plan Director, las acciones de nuestro Comit\u00e9 Ambiental, los Encuentros L\u00fadico Deportivos por la Igualdad o el trabajo del proyecto L\u00d3VA son algunas de las acciones encaminadas a la prevenci\u00f3n de conflictos que es la base de nuestro Plan de Convivencia.<\/p>\n\n\n\n<p>Utilizamos como referente la&nbsp;<a href=\"http:\/\/www.educa2.madrid.org\/web\/convivencia\/\" target=\"_blank\" rel=\"noreferrer noopener\">WEB \u201cMejora de la convivencia y clima social de los centros educativos\u201d<\/a>.<\/p>\n","protected":false},"excerpt":{"rendered":"<p>Consideramos fundamental que se respire en nuestro centro un clima de convivencia arm\u00f3nico, que facilite el trabajo escolar, donde todos [&hellip;]<\/p>\n","protected":false},"author":3,"featured_media":0,"parent":0,"menu_order":3,"comment_status":"closed","ping_status":"closed","template":"page-templates\/page_fullwidth.php","meta":{"footnotes":""},"folder":[8,28],"class_list":["post-936","page","type-page","status-publish","hentry"],"rttpg_featured_image_url":null,"rttpg_author":{"display_name":"cp.navalazarza.sanagustin","author_link":"https:\/\/site.educa.madrid.org\/cp.navalazarza.sanagustin\/index.php\/author\/cuenta_cp-navalazarza-sanagustin\/"},"rttpg_comment":0,"rttpg_category":" <a href=\"https:\/\/site.educa.madrid.org\/cp.navalazarza.sanagustin\/?taxonomy=folder&#038;term=nuestro-centro-1700472291-3\" rel=\"tag\">El Centro<\/a><a href=\"https:\/\/site.educa.madrid.org\/cp.navalazarza.sanagustin\/?taxonomy=folder&#038;term=funcionamiento-1719471687-3\" rel=\"tag\">Funcionamiento<\/a>","rttpg_excerpt":"Consideramos fundamental que se respire en nuestro centro un clima de convivencia arm\u00f3nico, que facilite el trabajo escolar, donde todos [&hellip;]","post_mailing_queue_ids":[],"_links":{"self":[{"href":"https:\/\/site.educa.madrid.org\/cp.navalazarza.sanagustin\/index.php\/wp-json\/wp\/v2\/pages\/936","targetHints":{"allow":["GET"]}}],"collection":[{"href":"https:\/\/site.educa.madrid.org\/cp.navalazarza.sanagustin\/index.php\/wp-json\/wp\/v2\/pages"}],"about":[{"href":"https:\/\/site.educa.madrid.org\/cp.navalazarza.sanagustin\/index.php\/wp-json\/wp\/v2\/types\/page"}],"author":[{"embeddable":true,"href":"https:\/\/site.educa.madrid.org\/cp.navalazarza.sanagustin\/index.php\/wp-json\/wp\/v2\/users\/3"}],"replies":[{"embeddable":true,"href":"https:\/\/site.educa.madrid.org\/cp.navalazarza.sanagustin\/index.php\/wp-json\/wp\/v2\/comments?post=936"}],"version-history":[{"count":3,"href":"https:\/\/site.educa.madrid.org\/cp.navalazarza.sanagustin\/index.php\/wp-json\/wp\/v2\/pages\/936\/revisions"}],"predecessor-version":[{"id":2499,"href":"https:\/\/site.educa.madrid.org\/cp.navalazarza.sanagustin\/index.php\/wp-json\/wp\/v2\/pages\/936\/revisions\/2499"}],"wp:attachment":[{"href":"https:\/\/site.educa.madrid.org\/cp.navalazarza.sanagustin\/index.php\/wp-json\/wp\/v2\/media?parent=936"}],"wp:term":[{"taxonomy":"folder","embeddable":true,"href":"https:\/\/site.educa.madrid.org\/cp.navalazarza.sanagustin\/index.php\/wp-json\/wp\/v2\/folder?post=936"}],"curies":[{"name":"wp","href":"https:\/\/api.w.org\/{rel}","templated":true}]}}