{"id":944,"date":"2023-11-20T10:04:44","date_gmt":"2023-11-20T09:04:44","guid":{"rendered":"https:\/\/site.educa.madrid.org\/cp.navalazarza.sanagustin\/?page_id=944"},"modified":"2024-06-27T09:19:38","modified_gmt":"2024-06-27T07:19:38","slug":"horarios","status":"publish","type":"page","link":"https:\/\/site.educa.madrid.org\/cp.navalazarza.sanagustin\/index.php\/horarios\/","title":{"rendered":"Horarios"},"content":{"rendered":"\n<div class=\"wp-block-columns has-background is-layout-flex wp-container-core-columns-is-layout-9d6595d7 wp-block-columns-is-layout-flex\" style=\"background-color:#0432541a\">\n<div class=\"wp-block-column is-layout-flow wp-block-column-is-layout-flow\">\n<h3 class=\"wp-block-heading\"><strong>Clases:<\/strong><\/h3>\n\n\n\n<p><strong>Septiembre y junio:<\/strong>\u00a09 a 13 h.<br><strong>Octubre a mayo:<\/strong>\u00a09 a 14 h.<\/p>\n\n\n\n<p>En casos excepcionales las horas de entrada o salida son:<br><strong>9:45, 10:30, 11:15, 12:00, 12:30, 13:15<\/strong>&nbsp;horas.<br>Es necesario rellenar la petici\u00f3n en CONSERJER\u00cdA o a trav\u00e9s del Formulario&nbsp;<a href=\"https:\/\/docs.google.com\/forms\/d\/e\/1FAIpQLSeBi9RHGCtuS-lC_qA2JmiNJB02lbGs5rlpmP1ArvvoKbL6iQ\/viewform\" target=\"_blank\" rel=\"noreferrer noopener\">COMUNICACIONES CON EL CENTRO<\/a>.<\/p>\n<\/div>\n\n\n\n<div class=\"wp-block-column is-layout-flow wp-block-column-is-layout-flow\">\n<h3 class=\"wp-block-heading\"><strong>Ampliaci\u00f3n del horario escolar:<\/strong><\/h3>\n\n\n\n<ul class=\"wp-block-list\">\n<li><strong>Madrugadores:<\/strong>&nbsp;De lunes a viernes de 7.30 a 9 h.<\/li>\n\n\n\n<li><strong>Comedor:<\/strong>&nbsp;De lunes a viernes:<br>Octubre a mayo de 14 a 16 h \/ Septiembre y junio de 13 a 15 horas.<\/li>\n\n\n\n<li><strong>Extraescolares:<\/strong>&nbsp;De lunes a viernes de 16 a 19 h.<\/li>\n<\/ul>\n<\/div>\n<\/div>\n\n\n\n<h3 class=\"wp-block-heading\"><strong>AMPA:<\/strong><\/h3>\n\n\n\n<p>Martes y jueves de 9:00 a 10:30 h.<\/p>\n\n\n\n<h3 class=\"wp-block-heading\"><strong>Atenci\u00f3n a las familias:<\/strong><\/h3>\n\n\n\n<figure class=\"wp-block-table\"><table><tbody><tr><th>PERSONAL DOCENTE<\/th><th>D\u00cdA<\/th><th>HORA<\/th><\/tr><tr><td>Directora<\/td><td>De lunes a viernes<\/td><td>Previa cita<\/td><\/tr><tr><td>Jefa de Estudios<\/td><td>De lunes a viernes<\/td><td>Previa cita<\/td><\/tr><tr><td>Secretaria<\/td><td>Lunes, martes, jueves y viernes<br>Lunes y mi\u00e9rcoles<\/td><td>De 9:15 a 10:30<br>De 14:10 a 15:00<\/td><\/tr><tr><td>Todo el profesorado<\/td><td>Mi\u00e9rcoles (Previa cita)<\/td><td>De octubre a mayo de 14:10 a 15:00 horas<br>Septiembre y junio de 13:10 a 14:00 horas<\/td><\/tr><\/tbody><\/table><\/figure>\n","protected":false},"excerpt":{"rendered":"<p>Clases: Septiembre y junio:\u00a09 a 13 h.Octubre a mayo:\u00a09 a 14 h. En casos excepcionales las horas de entrada o [&hellip;]<\/p>\n","protected":false},"author":3,"featured_media":0,"parent":0,"menu_order":3,"comment_status":"closed","ping_status":"closed","template":"page-templates\/page_fullwidth.php","meta":{"footnotes":""},"folder":[8,28],"class_list":["post-944","page","type-page","status-publish","hentry"],"rttpg_featured_image_url":null,"rttpg_author":{"display_name":"cp.navalazarza.sanagustin","author_link":"https:\/\/site.educa.madrid.org\/cp.navalazarza.sanagustin\/index.php\/author\/cuenta_cp-navalazarza-sanagustin\/"},"rttpg_comment":0,"rttpg_category":" <a href=\"https:\/\/site.educa.madrid.org\/cp.navalazarza.sanagustin\/?taxonomy=folder&#038;term=nuestro-centro-1700472291-3\" rel=\"tag\">El Centro<\/a><a href=\"https:\/\/site.educa.madrid.org\/cp.navalazarza.sanagustin\/?taxonomy=folder&#038;term=funcionamiento-1719471687-3\" rel=\"tag\">Funcionamiento<\/a>","rttpg_excerpt":"Clases: Septiembre y junio:\u00a09 a 13 h.Octubre a mayo:\u00a09 a 14 h. En casos excepcionales las horas de entrada o [&hellip;]","post_mailing_queue_ids":[],"_links":{"self":[{"href":"https:\/\/site.educa.madrid.org\/cp.navalazarza.sanagustin\/index.php\/wp-json\/wp\/v2\/pages\/944","targetHints":{"allow":["GET"]}}],"collection":[{"href":"https:\/\/site.educa.madrid.org\/cp.navalazarza.sanagustin\/index.php\/wp-json\/wp\/v2\/pages"}],"about":[{"href":"https:\/\/site.educa.madrid.org\/cp.navalazarza.sanagustin\/index.php\/wp-json\/wp\/v2\/types\/page"}],"author":[{"embeddable":true,"href":"https:\/\/site.educa.madrid.org\/cp.navalazarza.sanagustin\/index.php\/wp-json\/wp\/v2\/users\/3"}],"replies":[{"embeddable":true,"href":"https:\/\/site.educa.madrid.org\/cp.navalazarza.sanagustin\/index.php\/wp-json\/wp\/v2\/comments?post=944"}],"version-history":[{"count":6,"href":"https:\/\/site.educa.madrid.org\/cp.navalazarza.sanagustin\/index.php\/wp-json\/wp\/v2\/pages\/944\/revisions"}],"predecessor-version":[{"id":2510,"href":"https:\/\/site.educa.madrid.org\/cp.navalazarza.sanagustin\/index.php\/wp-json\/wp\/v2\/pages\/944\/revisions\/2510"}],"wp:attachment":[{"href":"https:\/\/site.educa.madrid.org\/cp.navalazarza.sanagustin\/index.php\/wp-json\/wp\/v2\/media?parent=944"}],"wp:term":[{"taxonomy":"folder","embeddable":true,"href":"https:\/\/site.educa.madrid.org\/cp.navalazarza.sanagustin\/index.php\/wp-json\/wp\/v2\/folder?post=944"}],"curies":[{"name":"wp","href":"https:\/\/api.w.org\/{rel}","templated":true}]}}