{"id":946,"date":"2023-11-20T10:05:12","date_gmt":"2023-11-20T09:05:12","guid":{"rendered":"https:\/\/site.educa.madrid.org\/cp.navalazarza.sanagustin\/?page_id=946"},"modified":"2025-06-30T10:54:54","modified_gmt":"2025-06-30T08:54:54","slug":"uniforme","status":"publish","type":"page","link":"https:\/\/site.educa.madrid.org\/cp.navalazarza.sanagustin\/index.php\/uniforme\/","title":{"rendered":"Uniforme"},"content":{"rendered":"\n<p>El uniforme escolar fue aprobado por el consejo escolar y se aplica a partir del curso 2012-13. Su uso es voluntario.<\/p>\n\n\n\n<div class=\"wp-block-columns has-background is-layout-flex wp-container-core-columns-is-layout-9d6595d7 wp-block-columns-is-layout-flex\" style=\"background-color:#f7f7f7\">\n<div class=\"wp-block-column is-layout-flow wp-block-column-is-layout-flow\">\n<p>Para <strong>Educaci\u00f3n Infantil<\/strong> y la asignatura de <strong>E. F\u00edsica<\/strong> en Educaci\u00f3n Primaria las prendas del uniforme son:<\/p>\n\n\n\n<ul class=\"wp-block-list\">\n<li>Pantal\u00f3n de ch\u00e1ndal azul marino. En primavera-verano, pantal\u00f3n corto azul marino.<\/li>\n\n\n\n<li>Sudadera de cuello redondo azul marina.<\/li>\n\n\n\n<li>Polo blanco.<\/li>\n\n\n\n<li>Zapatillas deportivas, preferiblemente, blancas.<\/li>\n<\/ul>\n<\/div>\n<\/div>\n\n\n\n<div class=\"wp-block-columns are-vertically-aligned-center has-background is-layout-flex wp-container-core-columns-is-layout-9d6595d7 wp-block-columns-is-layout-flex\" style=\"background-color:#0432541a\">\n<div class=\"wp-block-column is-vertically-aligned-center is-layout-flow wp-block-column-is-layout-flow\">\n<p>Para&nbsp;<strong>Educaci\u00f3n Primaria<\/strong>&nbsp;el uniforme es:<\/p>\n\n\n\n<ul class=\"wp-block-list\">\n<li>Pantal\u00f3n vaquero.<\/li>\n\n\n\n<li>Polo blanco manga corta. <\/li>\n\n\n\n<li>Jersey de cuello de pico color azul Francia. <\/li>\n\n\n\n<li>Zapato negro\/azul marino. <\/li>\n\n\n\n<li>Calcet\u00edn azul marino.<\/li>\n<\/ul>\n<\/div>\n<\/div>\n\n\n\n<h2 class=\"wp-block-heading has-text-align-left\">Escudos para uniforme escolar<\/h2>\n\n\n\n<div style=\"height:10px\" aria-hidden=\"true\" class=\"wp-block-spacer\"><\/div>\n\n\n\n<div class=\"wp-block-columns is-layout-flex wp-container-core-columns-is-layout-9d6595d7 wp-block-columns-is-layout-flex\">\n<div class=\"wp-block-column is-layout-flow wp-block-column-is-layout-flow\" style=\"flex-basis:33.33%\"><div class=\"wp-block-image\">\n<figure class=\"aligncenter size-full\"><img loading=\"lazy\" decoding=\"async\" width=\"225\" height=\"730\" src=\"https:\/\/site.educa.madrid.org\/cp.navalazarza.sanagustin\/\/wp-content\/uploads\/cp.navalazarza.sanagustin\/2025\/01\/chandal-uniforme-navalazarza.jpg\" alt=\"\" class=\"wp-image-4113\"\/><\/figure>\n<\/div><\/div>\n\n\n\n<div class=\"wp-block-column is-layout-flow wp-block-column-is-layout-flow\" style=\"flex-basis:66.66%\">\n<p>Os informamos de que ten\u00e9is la posibilidad de adquirir el escudo oficial del colegio, pensado para ser colocado en polos, jers\u00e9is u otras prendas del uniforme escolar.<\/p>\n\n\n\n<p>Quienes est\u00e9n interesados pueden contactar directamente con&nbsp;<strong>Sara Rold\u00e1n<\/strong>&nbsp;\u2014madre del centro y consejera del Consejo Escolar\u2014 a trav\u00e9s del correo electr\u00f3nico:&nbsp;<a href=\"mailto:sroldanf@hotmail.com\"><strong>sroldanf@hotmail.com<\/strong><\/a>&nbsp;para realizar el pedido.<\/p>\n\n\n\n<p>El precio por unidad es de&nbsp;<strong>3,77 \u20ac<\/strong>.<\/p>\n<\/div>\n<\/div>\n","protected":false},"excerpt":{"rendered":"<p>El uniforme escolar fue aprobado por el consejo escolar y se aplica a partir del curso 2012-13. Su uso es [&hellip;]<\/p>\n","protected":false},"author":3,"featured_media":0,"parent":0,"menu_order":3,"comment_status":"closed","ping_status":"closed","template":"page-templates\/page_fullwidth.php","meta":{"footnotes":""},"folder":[8,28],"class_list":["post-946","page","type-page","status-publish","hentry"],"rttpg_featured_image_url":null,"rttpg_author":{"display_name":"cp.navalazarza.sanagustin","author_link":"https:\/\/site.educa.madrid.org\/cp.navalazarza.sanagustin\/index.php\/author\/cuenta_cp-navalazarza-sanagustin\/"},"rttpg_comment":0,"rttpg_category":" <a href=\"https:\/\/site.educa.madrid.org\/cp.navalazarza.sanagustin\/?taxonomy=folder&#038;term=nuestro-centro-1700472291-3\" rel=\"tag\">El Centro<\/a><a href=\"https:\/\/site.educa.madrid.org\/cp.navalazarza.sanagustin\/?taxonomy=folder&#038;term=funcionamiento-1719471687-3\" rel=\"tag\">Funcionamiento<\/a>","rttpg_excerpt":"El uniforme escolar fue aprobado por el consejo escolar y se aplica a partir del curso 2012-13. Su uso es [&hellip;]","post_mailing_queue_ids":[],"_links":{"self":[{"href":"https:\/\/site.educa.madrid.org\/cp.navalazarza.sanagustin\/index.php\/wp-json\/wp\/v2\/pages\/946","targetHints":{"allow":["GET"]}}],"collection":[{"href":"https:\/\/site.educa.madrid.org\/cp.navalazarza.sanagustin\/index.php\/wp-json\/wp\/v2\/pages"}],"about":[{"href":"https:\/\/site.educa.madrid.org\/cp.navalazarza.sanagustin\/index.php\/wp-json\/wp\/v2\/types\/page"}],"author":[{"embeddable":true,"href":"https:\/\/site.educa.madrid.org\/cp.navalazarza.sanagustin\/index.php\/wp-json\/wp\/v2\/users\/3"}],"replies":[{"embeddable":true,"href":"https:\/\/site.educa.madrid.org\/cp.navalazarza.sanagustin\/index.php\/wp-json\/wp\/v2\/comments?post=946"}],"version-history":[{"count":20,"href":"https:\/\/site.educa.madrid.org\/cp.navalazarza.sanagustin\/index.php\/wp-json\/wp\/v2\/pages\/946\/revisions"}],"predecessor-version":[{"id":5223,"href":"https:\/\/site.educa.madrid.org\/cp.navalazarza.sanagustin\/index.php\/wp-json\/wp\/v2\/pages\/946\/revisions\/5223"}],"wp:attachment":[{"href":"https:\/\/site.educa.madrid.org\/cp.navalazarza.sanagustin\/index.php\/wp-json\/wp\/v2\/media?parent=946"}],"wp:term":[{"taxonomy":"folder","embeddable":true,"href":"https:\/\/site.educa.madrid.org\/cp.navalazarza.sanagustin\/index.php\/wp-json\/wp\/v2\/folder?post=946"}],"curies":[{"name":"wp","href":"https:\/\/api.w.org\/{rel}","templated":true}]}}