{"id":180,"date":"2020-01-04T17:24:05","date_gmt":"2020-01-04T17:24:05","guid":{"rendered":"https:\/\/site.educa.madrid.org\/cp.nunezdebalboa.madrid\/?page_id=180"},"modified":"2021-03-10T11:45:31","modified_gmt":"2021-03-10T11:45:31","slug":"metodologia","status":"publish","type":"page","link":"https:\/\/site.educa.madrid.org\/cp.nunezdebalboa.madrid\/index.php\/centro-2\/metodologia\/","title":{"rendered":"Aulas Abiertas"},"content":{"rendered":"\n<p style=\"font-size:20px\">Nuestro centro utiliza la metodolog\u00eda de <strong>aulas abiertas<\/strong>. Durante las dos primeras horas de la ma\u00f1ana, es decir, de 9:00h hasta las 11:00h se imparten las asignaturas de matem\u00e1ticas y lengua en todo el centro.  Los alumnos se distribuyen en las aulas dependiendo de su nivel. De esta formas se consigue un proceso de <strong>ense\u00f1anza-aprendizaje individualizado y personalizado.<\/strong><\/p>\n\n\n\n<div style=\"height:50px\" aria-hidden=\"true\" class=\"wp-block-spacer\"><\/div>\n\n\n\n<p style=\"font-size:20px\"><\/p>\n\n\n\n<p style=\"font-size:20px\" class=\"has-text-align-center\"><\/p>\n","protected":false},"excerpt":{"rendered":"<p>Nuestro centro utiliza la metodolog\u00eda de aulas abiertas. Durante las dos primeras horas de la ma\u00f1ana, es decir, de 9:00h hasta las 11:00h se imparten las asignaturas de matem\u00e1ticas y lengua en todo el centro. Los alumnos se distribuyen en las aulas dependiendo de su nivel. De esta formas se consigue un proceso de ense\u00f1anza-aprendizaje&#8230;<\/p>\n","protected":false},"author":2,"featured_media":0,"parent":97,"menu_order":3,"comment_status":"closed","ping_status":"closed","template":"","meta":{"footnotes":""},"folder":[],"class_list":["post-180","page","type-page","status-publish","hentry"],"rttpg_featured_image_url":null,"rttpg_author":{"display_name":"tic.cp.nunezdebalboa.madrid","author_link":"https:\/\/site.educa.madrid.org\/cp.nunezdebalboa.madrid\/index.php\/author\/cuenta_tic-cp-nunezdebalboa-madrid\/"},"rttpg_comment":0,"rttpg_category":false,"rttpg_excerpt":"Nuestro centro utiliza la metodolog\u00eda de aulas abiertas. Durante las dos primeras horas de la ma\u00f1ana, es decir, de 9:00h hasta las 11:00h se imparten las asignaturas de matem\u00e1ticas y lengua en todo el centro. Los alumnos se distribuyen en las aulas dependiendo de su nivel. De esta formas se consigue un proceso de ense\u00f1anza-aprendizaje...","post_mailing_queue_ids":[],"_links":{"self":[{"href":"https:\/\/site.educa.madrid.org\/cp.nunezdebalboa.madrid\/index.php\/wp-json\/wp\/v2\/pages\/180","targetHints":{"allow":["GET"]}}],"collection":[{"href":"https:\/\/site.educa.madrid.org\/cp.nunezdebalboa.madrid\/index.php\/wp-json\/wp\/v2\/pages"}],"about":[{"href":"https:\/\/site.educa.madrid.org\/cp.nunezdebalboa.madrid\/index.php\/wp-json\/wp\/v2\/types\/page"}],"author":[{"embeddable":true,"href":"https:\/\/site.educa.madrid.org\/cp.nunezdebalboa.madrid\/index.php\/wp-json\/wp\/v2\/users\/2"}],"replies":[{"embeddable":true,"href":"https:\/\/site.educa.madrid.org\/cp.nunezdebalboa.madrid\/index.php\/wp-json\/wp\/v2\/comments?post=180"}],"version-history":[{"count":24,"href":"https:\/\/site.educa.madrid.org\/cp.nunezdebalboa.madrid\/index.php\/wp-json\/wp\/v2\/pages\/180\/revisions"}],"predecessor-version":[{"id":2072,"href":"https:\/\/site.educa.madrid.org\/cp.nunezdebalboa.madrid\/index.php\/wp-json\/wp\/v2\/pages\/180\/revisions\/2072"}],"up":[{"embeddable":true,"href":"https:\/\/site.educa.madrid.org\/cp.nunezdebalboa.madrid\/index.php\/wp-json\/wp\/v2\/pages\/97"}],"wp:attachment":[{"href":"https:\/\/site.educa.madrid.org\/cp.nunezdebalboa.madrid\/index.php\/wp-json\/wp\/v2\/media?parent=180"}],"wp:term":[{"taxonomy":"folder","embeddable":true,"href":"https:\/\/site.educa.madrid.org\/cp.nunezdebalboa.madrid\/index.php\/wp-json\/wp\/v2\/folder?post=180"}],"curies":[{"name":"wp","href":"https:\/\/api.w.org\/{rel}","templated":true}]}}