{"id":1857,"date":"2021-02-15T12:06:47","date_gmt":"2021-02-15T12:06:47","guid":{"rendered":"https:\/\/site.educa.madrid.org\/cp.nunezdebalboa.madrid\/?page_id=1857"},"modified":"2026-03-10T22:36:36","modified_gmt":"2026-03-10T21:36:36","slug":"ensenanzas","status":"publish","type":"page","link":"https:\/\/site.educa.madrid.org\/cp.nunezdebalboa.madrid\/index.php\/ensenanzas\/","title":{"rendered":"Ense\u00f1anzas"},"content":{"rendered":"\n<p><strong><span class=\"has-inline-color has-red-color\">Somos un colegio p\u00fablico con Proyecto propio de Ingl\u00e9s y Nuevas Tecnolog\u00edas<\/span><\/strong><\/p>\n\n\n\n<p>El&nbsp;<em>Vasco N\u00fa\u00f1ez de Balboa<\/em>&nbsp;es un colegio p\u00fablico dependiente de la Comunidad de Madrid, que imparte las ense\u00f1anzas de Educaci\u00f3n Infantil y Primaria. Somos un centro peque\u00f1o de l\u00ednea 1 (un grupo por nivel).<\/p>\n\n\n\n<p><strong>Educaci\u00f3n Infantil<\/strong>: comprende desde los 3 a los 6 a\u00f1os (Segundo ciclo de Educaci\u00f3n Infantil).&nbsp;Hay tres niveles: 3 a\u00f1os, 4 a\u00f1os y 5 a\u00f1os.<\/p>\n\n\n\n<p><strong>Educaci\u00f3n Primaria<\/strong>: abarca desde los 6 a los 12 a\u00f1os. (De 1\u00ba a 6\u00ba de Educaci\u00f3n Primaria).&nbsp;Hay un grupo en cada nivel.<\/p>\n\n\n\n<p><strong>Nuestros alumnos est\u00e1n adscritos a los <\/strong>Institutos <a href=\"https:\/\/www.educa2.madrid.org\/web\/centro.ies.damasoalonso.madrid\">D\u00e1maso Alonso&nbsp;<\/a>y <a href=\"http:\/\/www.educa.madrid.org\/web\/ies.sanfernando.madrid\/infogeneral\/donde.html\">San Fernando<\/a>, teniendo acceso directo a los mismos para sus estudios de Educaci\u00f3n Secundaria y Bachillerato.<\/p>\n\n\n\n<p>Servicios que ofrecemos a la comunidad educativa:<\/p>\n\n\n\n<ul class=\"wp-block-list\">\n<li><strong>Pizarra digital interactiva en todas las aulas, con conexi\u00f3n a internet<\/strong>.<\/li>\n\n\n\n<li><strong>Atenci\u00f3n personalizada: m\u00e1ximo de 20 alumnos por aula<\/strong>.<\/li>\n\n\n\n<li><strong>Centro preferente para alumnos TGD:<\/strong> contamos con un aula espec\u00edfica para alumnado TEA. El Aula Azul.<\/li>\n\n\n\n<li><strong>Servicio de orientaci\u00f3n psicopedag\u00f3gica<\/strong>:\u00a0somos un\u00a0Centro de Integraci\u00f3n que escolariza a alumnos con necesidades educativas especiales. Contamos con:\n<ul class=\"wp-block-list\">\n<li>Una orientadora escolar.<\/li>\n\n\n\n<li>Dos profesores de pedagog\u00eda terap\u00e9utica.<\/li>\n<\/ul>\n<\/li>\n\n\n\n<li><strong>Psicomotricidad<\/strong>: educativa y reeducativa.<\/li>\n\n\n\n<li><strong>Recursos de inform\u00e1tica<\/strong>: Tablets para los alumnos<\/li>\n\n\n\n<li><strong>Bibliotecas<\/strong>: general y de aula.<\/li>\n\n\n\n<li><strong>Horario de apertura del centro: de 8.00 a 17.00 horas<\/strong>.<\/li>\n\n\n\n<li><strong>Desayuno<\/strong>: programa\u00a0<em>Los Primeros del Cole<\/em>.<\/li>\n\n\n\n<li><strong>Comedor Escolar<\/strong>.\u00a0Dispone de men\u00fas adaptados bajo prescripci\u00f3n m\u00e9dica.<\/li>\n\n\n\n<li><strong>Actividades extraescolares<\/strong>\u00a0gratuitas ofertadas por el Ayuntamiento de apoyo al estudio.<\/li>\n\n\n\n<li><strong>Escuelas Deportivas Municipales de baloncesto y voleibol.<\/strong><\/li>\n\n\n\n<li><strong>Charlas formativas a la Comunidad Educativa<\/strong>.<\/li>\n\n\n\n<li><strong>Formaci\u00f3n permanente del Claustro de Profesores.<\/strong><\/li>\n\n\n\n<li>Proyecto de\u00a0<strong>Formaci\u00f3n del Profesorado en Centros<\/strong>: somos Centro de Formaci\u00f3n de Alumnos de Pr\u00e1cticas.<\/li>\n<\/ul>\n","protected":false},"excerpt":{"rendered":"<p>Somos un colegio p\u00fablico con Proyecto propio de Ingl\u00e9s y Nuevas Tecnolog\u00edas El&nbsp;Vasco N\u00fa\u00f1ez de Balboa&nbsp;es un colegio p\u00fablico dependiente de la Comunidad de Madrid, que imparte las ense\u00f1anzas de Educaci\u00f3n Infantil y Primaria. Somos un centro peque\u00f1o de l\u00ednea 1 (un grupo por nivel). Educaci\u00f3n Infantil: comprende desde los 3 a los 6 a\u00f1os&#8230;<\/p>\n","protected":false},"author":2,"featured_media":0,"parent":0,"menu_order":0,"comment_status":"closed","ping_status":"closed","template":"","meta":{"footnotes":""},"folder":[],"class_list":["post-1857","page","type-page","status-publish","hentry"],"rttpg_featured_image_url":null,"rttpg_author":{"display_name":"tic.cp.nunezdebalboa.madrid","author_link":"https:\/\/site.educa.madrid.org\/cp.nunezdebalboa.madrid\/index.php\/author\/cuenta_tic-cp-nunezdebalboa-madrid\/"},"rttpg_comment":0,"rttpg_category":false,"rttpg_excerpt":"Somos un colegio p\u00fablico con Proyecto propio de Ingl\u00e9s y Nuevas Tecnolog\u00edas El&nbsp;Vasco N\u00fa\u00f1ez de Balboa&nbsp;es un colegio p\u00fablico dependiente de la Comunidad de Madrid, que imparte las ense\u00f1anzas de Educaci\u00f3n Infantil y Primaria. Somos un centro peque\u00f1o de l\u00ednea 1 (un grupo por nivel). Educaci\u00f3n Infantil: comprende desde los 3 a los 6 a\u00f1os...","post_mailing_queue_ids":[],"_links":{"self":[{"href":"https:\/\/site.educa.madrid.org\/cp.nunezdebalboa.madrid\/index.php\/wp-json\/wp\/v2\/pages\/1857","targetHints":{"allow":["GET"]}}],"collection":[{"href":"https:\/\/site.educa.madrid.org\/cp.nunezdebalboa.madrid\/index.php\/wp-json\/wp\/v2\/pages"}],"about":[{"href":"https:\/\/site.educa.madrid.org\/cp.nunezdebalboa.madrid\/index.php\/wp-json\/wp\/v2\/types\/page"}],"author":[{"embeddable":true,"href":"https:\/\/site.educa.madrid.org\/cp.nunezdebalboa.madrid\/index.php\/wp-json\/wp\/v2\/users\/2"}],"replies":[{"embeddable":true,"href":"https:\/\/site.educa.madrid.org\/cp.nunezdebalboa.madrid\/index.php\/wp-json\/wp\/v2\/comments?post=1857"}],"version-history":[{"count":4,"href":"https:\/\/site.educa.madrid.org\/cp.nunezdebalboa.madrid\/index.php\/wp-json\/wp\/v2\/pages\/1857\/revisions"}],"predecessor-version":[{"id":2541,"href":"https:\/\/site.educa.madrid.org\/cp.nunezdebalboa.madrid\/index.php\/wp-json\/wp\/v2\/pages\/1857\/revisions\/2541"}],"wp:attachment":[{"href":"https:\/\/site.educa.madrid.org\/cp.nunezdebalboa.madrid\/index.php\/wp-json\/wp\/v2\/media?parent=1857"}],"wp:term":[{"taxonomy":"folder","embeddable":true,"href":"https:\/\/site.educa.madrid.org\/cp.nunezdebalboa.madrid\/index.php\/wp-json\/wp\/v2\/folder?post=1857"}],"curies":[{"name":"wp","href":"https:\/\/api.w.org\/{rel}","templated":true}]}}