{"id":1860,"date":"2021-02-15T12:10:30","date_gmt":"2021-02-15T12:10:30","guid":{"rendered":"https:\/\/site.educa.madrid.org\/cp.nunezdebalboa.madrid\/?page_id=1860"},"modified":"2023-03-22T15:46:56","modified_gmt":"2023-03-22T14:46:56","slug":"planes-y-proyectos","status":"publish","type":"page","link":"https:\/\/site.educa.madrid.org\/cp.nunezdebalboa.madrid\/index.php\/planes-y-proyectos\/","title":{"rendered":"Planes y Proyectos"},"content":{"rendered":"\n<p>                                    <img loading=\"lazy\" decoding=\"async\" width=\"150\" height=\"84\" class=\"wp-image-2066\" style=\"width: 150px;\" src=\"https:\/\/site.educa.madrid.org\/cp.nunezdebalboa.madrid\/\/wp-content\/uploads\/cp.nunezdebalboa.madrid\/2021\/03\/descarga.jpg\" alt=\"\"><\/p>\n\n\n\n<p>En esta secci\u00f3n encontrar\u00e9is nuestras se\u00f1as de identidad c\u00f3mo centro, c\u00f3mo los docentes llevamos nuestro trabajo d\u00eda a d\u00eda y c\u00f3mo conseguimos logros de manera conjunta.<\/p>\n\n\n\n<p>Contamos con diferentes planes y proyectos de trabajo para poder ser un centro inclusivo y dar respuesta a las necesidades de todos los alumnos.<\/p>\n\n\n\n<h2 class=\"wp-block-heading\"> Actividades complementarias <\/h2>\n\n\n\n<figure class=\"wp-block-pullquote\"><blockquote><p><img loading=\"lazy\" decoding=\"async\" width=\"150\" height=\"104\" class=\"wp-image-2059\" style=\"width: 150px;\" src=\"https:\/\/site.educa.madrid.org\/cp.nunezdebalboa.madrid\/\/wp-content\/uploads\/cp.nunezdebalboa.madrid\/2020\/01\/unnamed.png\" alt=\"\" srcset=\"https:\/\/site.educa.madrid.org\/cp.nunezdebalboa.madrid\/\/wp-content\/uploads\/cp.nunezdebalboa.madrid\/2020\/01\/unnamed.png 372w, https:\/\/site.educa.madrid.org\/cp.nunezdebalboa.madrid\/\/wp-content\/uploads\/cp.nunezdebalboa.madrid\/2020\/01\/unnamed-300x208.png 300w\" sizes=\"auto, (max-width: 150px) 100vw, 150px\" \/>El centro realiza actividades en torno a d\u00edas se\u00f1alados en nuestro calendario:<\/p><\/blockquote><\/figure>\n\n\n\n<p>Halloween<\/p>\n\n\n\n<p>Navidad<\/p>\n\n\n\n<p>D\u00eda de la Paz<\/p>\n\n\n\n<p>D\u00eda del Libro<\/p>\n\n\n\n<p>San Isidro<\/p>\n\n\n\n<p>Todas estas actividades se ven complementadas con las actividades concedidas cada a\u00f1o por \u00abMadrid un Libro Abierto\u00bb: teatro en ingl\u00e9s, m\u00fasica en el aula, conciertos pedag\u00f3gicos<\/p>\n\n\n\n<h2 class=\"wp-block-heading\">Actidades extraescolares<\/h2>\n\n\n\n<p><img loading=\"lazy\" decoding=\"async\" width=\"150\" height=\"93\" class=\"wp-image-2097\" style=\"width: 150px;\" src=\"https:\/\/site.educa.madrid.org\/cp.nunezdebalboa.madrid\/\/wp-content\/uploads\/cp.nunezdebalboa.madrid\/2021\/03\/vacaciones.jpg\" alt=\"\" srcset=\"https:\/\/site.educa.madrid.org\/cp.nunezdebalboa.madrid\/\/wp-content\/uploads\/cp.nunezdebalboa.madrid\/2021\/03\/vacaciones.jpg 1248w, https:\/\/site.educa.madrid.org\/cp.nunezdebalboa.madrid\/\/wp-content\/uploads\/cp.nunezdebalboa.madrid\/2021\/03\/vacaciones-300x185.jpg 300w, https:\/\/site.educa.madrid.org\/cp.nunezdebalboa.madrid\/\/wp-content\/uploads\/cp.nunezdebalboa.madrid\/2021\/03\/vacaciones-1024x632.jpg 1024w, https:\/\/site.educa.madrid.org\/cp.nunezdebalboa.madrid\/\/wp-content\/uploads\/cp.nunezdebalboa.madrid\/2021\/03\/vacaciones-768x474.jpg 768w\" sizes=\"auto, (max-width: 150px) 100vw, 150px\" \/> De lunes a viernes contamos con tres tipos de actividades de 4 a 5 de la tarde:<\/p>\n\n\n\n<p>Predeporte<\/p>\n\n\n\n<p>Refuerzo de Lengua Y Matem\u00e1ticas<\/p>\n\n\n\n<p>Audici\u00f3n y Lenguaje<\/p>\n\n\n\n<p>Adem\u00e1s, de lunes a jueves en centro cuenta con el \u00abPrograma de Acompa\u00f1amiento y Apoyo escolar\u00bb<\/p>\n","protected":false},"excerpt":{"rendered":"<p>En esta secci\u00f3n encontrar\u00e9is nuestras se\u00f1as de identidad c\u00f3mo centro, c\u00f3mo los docentes llevamos nuestro trabajo d\u00eda a d\u00eda y c\u00f3mo conseguimos logros de manera conjunta. Contamos con diferentes planes y proyectos de trabajo para poder ser un centro inclusivo y dar respuesta a las necesidades de todos los alumnos. Actividades complementarias El centro realiza&#8230;<\/p>\n","protected":false},"author":2,"featured_media":0,"parent":0,"menu_order":0,"comment_status":"closed","ping_status":"closed","template":"","meta":{"footnotes":""},"folder":[],"class_list":["post-1860","page","type-page","status-publish","hentry"],"rttpg_featured_image_url":null,"rttpg_author":{"display_name":"tic.cp.nunezdebalboa.madrid","author_link":"https:\/\/site.educa.madrid.org\/cp.nunezdebalboa.madrid\/index.php\/author\/cuenta_tic-cp-nunezdebalboa-madrid\/"},"rttpg_comment":0,"rttpg_category":false,"rttpg_excerpt":"En esta secci\u00f3n encontrar\u00e9is nuestras se\u00f1as de identidad c\u00f3mo centro, c\u00f3mo los docentes llevamos nuestro trabajo d\u00eda a d\u00eda y c\u00f3mo conseguimos logros de manera conjunta. Contamos con diferentes planes y proyectos de trabajo para poder ser un centro inclusivo y dar respuesta a las necesidades de todos los alumnos. Actividades complementarias El centro realiza...","post_mailing_queue_ids":[],"_links":{"self":[{"href":"https:\/\/site.educa.madrid.org\/cp.nunezdebalboa.madrid\/index.php\/wp-json\/wp\/v2\/pages\/1860","targetHints":{"allow":["GET"]}}],"collection":[{"href":"https:\/\/site.educa.madrid.org\/cp.nunezdebalboa.madrid\/index.php\/wp-json\/wp\/v2\/pages"}],"about":[{"href":"https:\/\/site.educa.madrid.org\/cp.nunezdebalboa.madrid\/index.php\/wp-json\/wp\/v2\/types\/page"}],"author":[{"embeddable":true,"href":"https:\/\/site.educa.madrid.org\/cp.nunezdebalboa.madrid\/index.php\/wp-json\/wp\/v2\/users\/2"}],"replies":[{"embeddable":true,"href":"https:\/\/site.educa.madrid.org\/cp.nunezdebalboa.madrid\/index.php\/wp-json\/wp\/v2\/comments?post=1860"}],"version-history":[{"count":4,"href":"https:\/\/site.educa.madrid.org\/cp.nunezdebalboa.madrid\/index.php\/wp-json\/wp\/v2\/pages\/1860\/revisions"}],"predecessor-version":[{"id":2307,"href":"https:\/\/site.educa.madrid.org\/cp.nunezdebalboa.madrid\/index.php\/wp-json\/wp\/v2\/pages\/1860\/revisions\/2307"}],"wp:attachment":[{"href":"https:\/\/site.educa.madrid.org\/cp.nunezdebalboa.madrid\/index.php\/wp-json\/wp\/v2\/media?parent=1860"}],"wp:term":[{"taxonomy":"folder","embeddable":true,"href":"https:\/\/site.educa.madrid.org\/cp.nunezdebalboa.madrid\/index.php\/wp-json\/wp\/v2\/folder?post=1860"}],"curies":[{"name":"wp","href":"https:\/\/api.w.org\/{rel}","templated":true}]}}