{"id":1867,"date":"2021-02-15T13:39:02","date_gmt":"2021-02-15T13:39:02","guid":{"rendered":"https:\/\/site.educa.madrid.org\/cp.nunezdebalboa.madrid\/?page_id=1867"},"modified":"2023-03-29T18:43:38","modified_gmt":"2023-03-29T16:43:38","slug":"aula-web","status":"publish","type":"page","link":"https:\/\/site.educa.madrid.org\/cp.nunezdebalboa.madrid\/index.php\/aula-web\/","title":{"rendered":"Aula Virtual"},"content":{"rendered":"\n<p>En el centro tenemos disponible el Aula Virtual de Educamadrid para poder trabajar de manera digital con nuestro alumnado y que ellos puedan tener toda la informaci\u00f3n a su alcance.<\/p>\n\n\n\n<p>Es una herramienta muy \u00fatil para el proceso de ense\u00f1anza y aprendizaje ya que facilita la ense\u00f1anza a distancia y es un apoyo para la ense\u00f1anza directa y presencial. <\/p>\n\n\n\n<p class=\"has-text-align-center\">Haz clic en la imagen para entrar en el aula virtual del centro.<\/p>\n\n\n\n<div class=\"wp-block-columns is-layout-flex wp-container-core-columns-is-layout-9d6595d7 wp-block-columns-is-layout-flex\">\n<div class=\"wp-block-column is-layout-flow wp-block-column-is-layout-flow\"><\/div>\n\n\n\n<div class=\"wp-block-column is-layout-flow wp-block-column-is-layout-flow\">\n<figure class=\"wp-block-image size-full\"><a href=\"https:\/\/aulavirtual35.educa.madrid.org\/cp.nunezdebalboa.madrid\/course\/index.php?categoryid=13\" target=\"_blank\" rel=\"noopener\"><img loading=\"lazy\" decoding=\"async\" width=\"330\" height=\"221\" src=\"https:\/\/site.educa.madrid.org\/cp.nunezdebalboa.madrid\/\/wp-content\/uploads\/cp.nunezdebalboa.madrid\/2023\/03\/aula2-1-e1680005982552.jpg\" alt=\"\" class=\"wp-image-2329\"\/><\/a><\/figure>\n<\/div>\n\n\n\n<div class=\"wp-block-column is-layout-flow wp-block-column-is-layout-flow\"><\/div>\n<\/div>\n\n\n\n<div class=\"wp-block-buttons is-layout-flex wp-block-buttons-is-layout-flex\"><\/div>\n","protected":false},"excerpt":{"rendered":"<p>En el centro tenemos disponible el Aula Virtual de Educamadrid para poder trabajar de manera digital con nuestro alumnado y que ellos puedan tener toda la informaci\u00f3n a su alcance. Es una herramienta muy \u00fatil para el proceso de ense\u00f1anza y aprendizaje ya que facilita la ense\u00f1anza a distancia y es un apoyo para la&#8230;<\/p>\n","protected":false},"author":2,"featured_media":0,"parent":0,"menu_order":0,"comment_status":"closed","ping_status":"closed","template":"","meta":{"footnotes":""},"folder":[],"class_list":["post-1867","page","type-page","status-publish","hentry"],"rttpg_featured_image_url":null,"rttpg_author":{"display_name":"tic.cp.nunezdebalboa.madrid","author_link":"https:\/\/site.educa.madrid.org\/cp.nunezdebalboa.madrid\/index.php\/author\/cuenta_tic-cp-nunezdebalboa-madrid\/"},"rttpg_comment":0,"rttpg_category":false,"rttpg_excerpt":"En el centro tenemos disponible el Aula Virtual de Educamadrid para poder trabajar de manera digital con nuestro alumnado y que ellos puedan tener toda la informaci\u00f3n a su alcance. Es una herramienta muy \u00fatil para el proceso de ense\u00f1anza y aprendizaje ya que facilita la ense\u00f1anza a distancia y es un apoyo para la...","post_mailing_queue_ids":[],"_links":{"self":[{"href":"https:\/\/site.educa.madrid.org\/cp.nunezdebalboa.madrid\/index.php\/wp-json\/wp\/v2\/pages\/1867","targetHints":{"allow":["GET"]}}],"collection":[{"href":"https:\/\/site.educa.madrid.org\/cp.nunezdebalboa.madrid\/index.php\/wp-json\/wp\/v2\/pages"}],"about":[{"href":"https:\/\/site.educa.madrid.org\/cp.nunezdebalboa.madrid\/index.php\/wp-json\/wp\/v2\/types\/page"}],"author":[{"embeddable":true,"href":"https:\/\/site.educa.madrid.org\/cp.nunezdebalboa.madrid\/index.php\/wp-json\/wp\/v2\/users\/2"}],"replies":[{"embeddable":true,"href":"https:\/\/site.educa.madrid.org\/cp.nunezdebalboa.madrid\/index.php\/wp-json\/wp\/v2\/comments?post=1867"}],"version-history":[{"count":23,"href":"https:\/\/site.educa.madrid.org\/cp.nunezdebalboa.madrid\/index.php\/wp-json\/wp\/v2\/pages\/1867\/revisions"}],"predecessor-version":[{"id":2344,"href":"https:\/\/site.educa.madrid.org\/cp.nunezdebalboa.madrid\/index.php\/wp-json\/wp\/v2\/pages\/1867\/revisions\/2344"}],"wp:attachment":[{"href":"https:\/\/site.educa.madrid.org\/cp.nunezdebalboa.madrid\/index.php\/wp-json\/wp\/v2\/media?parent=1867"}],"wp:term":[{"taxonomy":"folder","embeddable":true,"href":"https:\/\/site.educa.madrid.org\/cp.nunezdebalboa.madrid\/index.php\/wp-json\/wp\/v2\/folder?post=1867"}],"curies":[{"name":"wp","href":"https:\/\/api.w.org\/{rel}","templated":true}]}}