{"id":1887,"date":"2021-02-16T12:32:57","date_gmt":"2021-02-16T12:32:57","guid":{"rendered":"https:\/\/site.educa.madrid.org\/cp.nunezdebalboa.madrid\/?page_id=1887"},"modified":"2021-03-11T15:24:27","modified_gmt":"2021-03-11T15:24:27","slug":"edificio-y-aulas","status":"publish","type":"page","link":"https:\/\/site.educa.madrid.org\/cp.nunezdebalboa.madrid\/index.php\/edificio-y-aulas\/","title":{"rendered":"Edificio y aulas"},"content":{"rendered":"\n<p>Planta baja:<\/p>\n\n\n\n<ul class=\"wp-block-list\"><li>Direcci\u00f3n, secretar\u00eda y aula de profesores.<\/li><li>2 aulas de Educaci\u00f3n Infantil.<\/li><li>1 aula de Educaci\u00f3n Primaria<\/li><li>2 cuartos de aseos.<\/li><li>1 aula multiusos.<\/li><li>Gimnasio.<\/li><li>2 patios diferenciados, uno para Educaci\u00f3n Infantil y otro para Educaci\u00f3n Primaria.<\/li><\/ul>\n\n\n\n<p>Primera planta:<\/p>\n\n\n\n<ul class=\"wp-block-list\"><li>Biblioteca.<\/li><li>Comedor.<\/li><li>Cocina.<\/li><li>3 aulas de Educaci\u00f3n Primaria.<\/li><li>2 aulas de Atenci\u00f3n a la Diversidad (Orientaci\u00f3n y Pedagog\u00eda Terap\u00e9utica).<\/li><\/ul>\n\n\n\n<figure class=\"wp-block-image size-large\"><a href=\"https:\/\/site.educa.madrid.org\/cp.nunezdebalboa.madrid\/index.php\/instalaciones\/\" target=\"_blank\" rel=\"noopener noreferrer\"><img loading=\"lazy\" decoding=\"async\" width=\"1024\" height=\"905\" src=\"https:\/\/site.educa.madrid.org\/cp.nunezdebalboa.madrid\/\/wp-content\/uploads\/cp.nunezdebalboa.madrid\/2019\/12\/WhatsApp-Image-2019-12-19-at-16.23.42-1-1024x905.jpeg\" alt=\"\" class=\"wp-image-84\" srcset=\"https:\/\/site.educa.madrid.org\/cp.nunezdebalboa.madrid\/\/wp-content\/uploads\/cp.nunezdebalboa.madrid\/2019\/12\/WhatsApp-Image-2019-12-19-at-16.23.42-1-1024x905.jpeg 1024w, https:\/\/site.educa.madrid.org\/cp.nunezdebalboa.madrid\/\/wp-content\/uploads\/cp.nunezdebalboa.madrid\/2019\/12\/WhatsApp-Image-2019-12-19-at-16.23.42-1-300x265.jpeg 300w, https:\/\/site.educa.madrid.org\/cp.nunezdebalboa.madrid\/\/wp-content\/uploads\/cp.nunezdebalboa.madrid\/2019\/12\/WhatsApp-Image-2019-12-19-at-16.23.42-1-768x679.jpeg 768w, https:\/\/site.educa.madrid.org\/cp.nunezdebalboa.madrid\/\/wp-content\/uploads\/cp.nunezdebalboa.madrid\/2019\/12\/WhatsApp-Image-2019-12-19-at-16.23.42-1.jpeg 1723w\" sizes=\"auto, (max-width: 1024px) 100vw, 1024px\" \/><\/a><\/figure>\n","protected":false},"excerpt":{"rendered":"<p>Planta baja: Direcci\u00f3n, secretar\u00eda y aula de profesores. 2 aulas de Educaci\u00f3n Infantil. 1 aula de Educaci\u00f3n Primaria 2 cuartos de aseos. 1 aula multiusos. Gimnasio. 2 patios diferenciados, uno para Educaci\u00f3n Infantil y otro para Educaci\u00f3n Primaria. Primera planta: Biblioteca. Comedor. Cocina. 3 aulas de Educaci\u00f3n Primaria. 2 aulas de Atenci\u00f3n a la Diversidad&#8230;<\/p>\n","protected":false},"author":2,"featured_media":0,"parent":0,"menu_order":0,"comment_status":"closed","ping_status":"closed","template":"","meta":{"footnotes":""},"folder":[],"class_list":["post-1887","page","type-page","status-publish","hentry"],"rttpg_featured_image_url":null,"rttpg_author":{"display_name":"tic.cp.nunezdebalboa.madrid","author_link":"https:\/\/site.educa.madrid.org\/cp.nunezdebalboa.madrid\/index.php\/author\/cuenta_tic-cp-nunezdebalboa-madrid\/"},"rttpg_comment":0,"rttpg_category":false,"rttpg_excerpt":"Planta baja: Direcci\u00f3n, secretar\u00eda y aula de profesores. 2 aulas de Educaci\u00f3n Infantil. 1 aula de Educaci\u00f3n Primaria 2 cuartos de aseos. 1 aula multiusos. Gimnasio. 2 patios diferenciados, uno para Educaci\u00f3n Infantil y otro para Educaci\u00f3n Primaria. Primera planta: Biblioteca. Comedor. Cocina. 3 aulas de Educaci\u00f3n Primaria. 2 aulas de Atenci\u00f3n a la Diversidad...","post_mailing_queue_ids":[],"_links":{"self":[{"href":"https:\/\/site.educa.madrid.org\/cp.nunezdebalboa.madrid\/index.php\/wp-json\/wp\/v2\/pages\/1887","targetHints":{"allow":["GET"]}}],"collection":[{"href":"https:\/\/site.educa.madrid.org\/cp.nunezdebalboa.madrid\/index.php\/wp-json\/wp\/v2\/pages"}],"about":[{"href":"https:\/\/site.educa.madrid.org\/cp.nunezdebalboa.madrid\/index.php\/wp-json\/wp\/v2\/types\/page"}],"author":[{"embeddable":true,"href":"https:\/\/site.educa.madrid.org\/cp.nunezdebalboa.madrid\/index.php\/wp-json\/wp\/v2\/users\/2"}],"replies":[{"embeddable":true,"href":"https:\/\/site.educa.madrid.org\/cp.nunezdebalboa.madrid\/index.php\/wp-json\/wp\/v2\/comments?post=1887"}],"version-history":[{"count":7,"href":"https:\/\/site.educa.madrid.org\/cp.nunezdebalboa.madrid\/index.php\/wp-json\/wp\/v2\/pages\/1887\/revisions"}],"predecessor-version":[{"id":2116,"href":"https:\/\/site.educa.madrid.org\/cp.nunezdebalboa.madrid\/index.php\/wp-json\/wp\/v2\/pages\/1887\/revisions\/2116"}],"wp:attachment":[{"href":"https:\/\/site.educa.madrid.org\/cp.nunezdebalboa.madrid\/index.php\/wp-json\/wp\/v2\/media?parent=1887"}],"wp:term":[{"taxonomy":"folder","embeddable":true,"href":"https:\/\/site.educa.madrid.org\/cp.nunezdebalboa.madrid\/index.php\/wp-json\/wp\/v2\/folder?post=1887"}],"curies":[{"name":"wp","href":"https:\/\/api.w.org\/{rel}","templated":true}]}}