{"id":1957,"date":"2021-02-16T20:03:19","date_gmt":"2021-02-16T20:03:19","guid":{"rendered":"https:\/\/site.educa.madrid.org\/cp.nunezdebalboa.madrid\/?page_id=1957"},"modified":"2021-02-16T20:09:12","modified_gmt":"2021-02-16T20:09:12","slug":"educacion-infantil","status":"publish","type":"page","link":"https:\/\/site.educa.madrid.org\/cp.nunezdebalboa.madrid\/index.php\/educacion-infantil\/","title":{"rendered":"Educaci\u00f3n Infantil"},"content":{"rendered":"\n<p>En nuestro centro impartimos los cursos del segundo ciclo de Educaci\u00f3n (de 3 a 6 a\u00f1os).<\/p>\n\n\n\n<p>Nuestro objetivo es contribuir al desarrollo f\u00edsico, sensorial, intelectual, afectivo y social de nuestros alumnos y alumnas. Pretendemos conseguir una educaci\u00f3n integral de los alumnos fomentando el trabajo, la autonom\u00eda y el esp\u00edritu cr\u00edtico y tomando como base valores como la tolerancia, la libertad, el respeto y la solidaridad.<\/p>\n\n\n\n<p>Para ello, en <strong>educaci\u00f3n infantil<\/strong>, trabajamos desde un enfoque globalizador, de una manera l\u00fadica, basada en la experiencia de los ni\u00f1os y la significatividad de los aprendizajes. Se trabajan todas las capacidades de los ni\u00f1os y las ni\u00f1as:<\/p>\n\n\n\n<ul class=\"wp-block-list\"><li>El desarrollo cognitivo<\/li><li>El desarrollo social y emocional<\/li><li>El desarrollo del habla y del lenguaje<\/li><li>El desarrollo f\u00edsico.<\/li><\/ul>\n\n\n\n<p><\/p>\n","protected":false},"excerpt":{"rendered":"<p>En nuestro centro impartimos los cursos del segundo ciclo de Educaci\u00f3n (de 3 a 6 a\u00f1os). Nuestro objetivo es contribuir al desarrollo f\u00edsico, sensorial, intelectual, afectivo y social de nuestros alumnos y alumnas. Pretendemos conseguir una educaci\u00f3n integral de los alumnos fomentando el trabajo, la autonom\u00eda y el esp\u00edritu cr\u00edtico y tomando como base valores&#8230;<\/p>\n","protected":false},"author":2,"featured_media":0,"parent":0,"menu_order":0,"comment_status":"closed","ping_status":"closed","template":"","meta":{"footnotes":""},"folder":[],"class_list":["post-1957","page","type-page","status-publish","hentry"],"rttpg_featured_image_url":null,"rttpg_author":{"display_name":"tic.cp.nunezdebalboa.madrid","author_link":"https:\/\/site.educa.madrid.org\/cp.nunezdebalboa.madrid\/index.php\/author\/cuenta_tic-cp-nunezdebalboa-madrid\/"},"rttpg_comment":0,"rttpg_category":false,"rttpg_excerpt":"En nuestro centro impartimos los cursos del segundo ciclo de Educaci\u00f3n (de 3 a 6 a\u00f1os). Nuestro objetivo es contribuir al desarrollo f\u00edsico, sensorial, intelectual, afectivo y social de nuestros alumnos y alumnas. Pretendemos conseguir una educaci\u00f3n integral de los alumnos fomentando el trabajo, la autonom\u00eda y el esp\u00edritu cr\u00edtico y tomando como base valores...","post_mailing_queue_ids":[],"_links":{"self":[{"href":"https:\/\/site.educa.madrid.org\/cp.nunezdebalboa.madrid\/index.php\/wp-json\/wp\/v2\/pages\/1957","targetHints":{"allow":["GET"]}}],"collection":[{"href":"https:\/\/site.educa.madrid.org\/cp.nunezdebalboa.madrid\/index.php\/wp-json\/wp\/v2\/pages"}],"about":[{"href":"https:\/\/site.educa.madrid.org\/cp.nunezdebalboa.madrid\/index.php\/wp-json\/wp\/v2\/types\/page"}],"author":[{"embeddable":true,"href":"https:\/\/site.educa.madrid.org\/cp.nunezdebalboa.madrid\/index.php\/wp-json\/wp\/v2\/users\/2"}],"replies":[{"embeddable":true,"href":"https:\/\/site.educa.madrid.org\/cp.nunezdebalboa.madrid\/index.php\/wp-json\/wp\/v2\/comments?post=1957"}],"version-history":[{"count":2,"href":"https:\/\/site.educa.madrid.org\/cp.nunezdebalboa.madrid\/index.php\/wp-json\/wp\/v2\/pages\/1957\/revisions"}],"predecessor-version":[{"id":1963,"href":"https:\/\/site.educa.madrid.org\/cp.nunezdebalboa.madrid\/index.php\/wp-json\/wp\/v2\/pages\/1957\/revisions\/1963"}],"wp:attachment":[{"href":"https:\/\/site.educa.madrid.org\/cp.nunezdebalboa.madrid\/index.php\/wp-json\/wp\/v2\/media?parent=1957"}],"wp:term":[{"taxonomy":"folder","embeddable":true,"href":"https:\/\/site.educa.madrid.org\/cp.nunezdebalboa.madrid\/index.php\/wp-json\/wp\/v2\/folder?post=1957"}],"curies":[{"name":"wp","href":"https:\/\/api.w.org\/{rel}","templated":true}]}}