{"id":1959,"date":"2021-02-16T20:04:03","date_gmt":"2021-02-16T20:04:03","guid":{"rendered":"https:\/\/site.educa.madrid.org\/cp.nunezdebalboa.madrid\/?page_id=1959"},"modified":"2021-03-08T08:48:22","modified_gmt":"2021-03-08T08:48:22","slug":"educacion-primaria","status":"publish","type":"page","link":"https:\/\/site.educa.madrid.org\/cp.nunezdebalboa.madrid\/index.php\/educacion-primaria\/","title":{"rendered":"Educaci\u00f3n Primaria"},"content":{"rendered":"\n<p>En <strong>educaci\u00f3n primaria <\/strong>damos mucha importancia a la atenci\u00f3n personalizada de nuestros alumnos y alumnas, partiendo del nivel de cada uno de ellos para conseguir el m\u00e1ximo rendimiento en cada una de las \u00e1reas que impartimos. Las \u00e1reas que se trabajan en educaci\u00f3n primaria son las siguientes:<\/p>\n\n\n\n<ul class=\"wp-block-list\"><li>Lengua castellana y literatura<\/li><li>Matem\u00e1ticas<\/li><li>Lengua extranjera<\/li><li>Ciencias Naturales<\/li><li>Ciencias Sociales<\/li><li>Educaci\u00f3n F\u00edsica<\/li><li>Educaci\u00f3n Art\u00edstica (Pl\u00e1stica y M\u00fasica)<\/li><li>Religi\u00f3n o Ed. en Valores c\u00edvicos y sociales.<\/li><\/ul>\n\n\n\n<p>En todos los cursos promovemos la iniciaci\u00f3n en el conocimiento de una segunda lengua extranjera (Ingl\u00e9s) y fomentamos el uso de las Tecnolog\u00edas de la Informaci\u00f3n y la Comunicaci\u00f3n.<\/p>\n\n\n\n<p>Por \u00faltimo, decir que las \u00e1reas de Ciencias Sociales y Ciencias Naturales se imparten a trav\u00e9s de diferentes proyectos haciendo uso de metodolog\u00edas activas.<\/p>\n","protected":false},"excerpt":{"rendered":"<p>En educaci\u00f3n primaria damos mucha importancia a la atenci\u00f3n personalizada de nuestros alumnos y alumnas, partiendo del nivel de cada uno de ellos para conseguir el m\u00e1ximo rendimiento en cada una de las \u00e1reas que impartimos. Las \u00e1reas que se trabajan en educaci\u00f3n primaria son las siguientes: Lengua castellana y literatura Matem\u00e1ticas Lengua extranjera Ciencias&#8230;<\/p>\n","protected":false},"author":2,"featured_media":0,"parent":0,"menu_order":0,"comment_status":"closed","ping_status":"closed","template":"","meta":{"footnotes":""},"folder":[],"class_list":["post-1959","page","type-page","status-publish","hentry"],"rttpg_featured_image_url":null,"rttpg_author":{"display_name":"tic.cp.nunezdebalboa.madrid","author_link":"https:\/\/site.educa.madrid.org\/cp.nunezdebalboa.madrid\/index.php\/author\/cuenta_tic-cp-nunezdebalboa-madrid\/"},"rttpg_comment":0,"rttpg_category":false,"rttpg_excerpt":"En educaci\u00f3n primaria damos mucha importancia a la atenci\u00f3n personalizada de nuestros alumnos y alumnas, partiendo del nivel de cada uno de ellos para conseguir el m\u00e1ximo rendimiento en cada una de las \u00e1reas que impartimos. Las \u00e1reas que se trabajan en educaci\u00f3n primaria son las siguientes: Lengua castellana y literatura Matem\u00e1ticas Lengua extranjera Ciencias...","post_mailing_queue_ids":[],"_links":{"self":[{"href":"https:\/\/site.educa.madrid.org\/cp.nunezdebalboa.madrid\/index.php\/wp-json\/wp\/v2\/pages\/1959","targetHints":{"allow":["GET"]}}],"collection":[{"href":"https:\/\/site.educa.madrid.org\/cp.nunezdebalboa.madrid\/index.php\/wp-json\/wp\/v2\/pages"}],"about":[{"href":"https:\/\/site.educa.madrid.org\/cp.nunezdebalboa.madrid\/index.php\/wp-json\/wp\/v2\/types\/page"}],"author":[{"embeddable":true,"href":"https:\/\/site.educa.madrid.org\/cp.nunezdebalboa.madrid\/index.php\/wp-json\/wp\/v2\/users\/2"}],"replies":[{"embeddable":true,"href":"https:\/\/site.educa.madrid.org\/cp.nunezdebalboa.madrid\/index.php\/wp-json\/wp\/v2\/comments?post=1959"}],"version-history":[{"count":3,"href":"https:\/\/site.educa.madrid.org\/cp.nunezdebalboa.madrid\/index.php\/wp-json\/wp\/v2\/pages\/1959\/revisions"}],"predecessor-version":[{"id":2039,"href":"https:\/\/site.educa.madrid.org\/cp.nunezdebalboa.madrid\/index.php\/wp-json\/wp\/v2\/pages\/1959\/revisions\/2039"}],"wp:attachment":[{"href":"https:\/\/site.educa.madrid.org\/cp.nunezdebalboa.madrid\/index.php\/wp-json\/wp\/v2\/media?parent=1959"}],"wp:term":[{"taxonomy":"folder","embeddable":true,"href":"https:\/\/site.educa.madrid.org\/cp.nunezdebalboa.madrid\/index.php\/wp-json\/wp\/v2\/folder?post=1959"}],"curies":[{"name":"wp","href":"https:\/\/api.w.org\/{rel}","templated":true}]}}