{"id":320,"date":"2020-01-13T10:53:34","date_gmt":"2020-01-13T10:53:34","guid":{"rendered":"https:\/\/site.educa.madrid.org\/cp.nunezdebalboa.madrid\/?page_id=320"},"modified":"2020-01-15T08:10:58","modified_gmt":"2020-01-15T08:10:58","slug":"oferta-educativa","status":"publish","type":"page","link":"https:\/\/site.educa.madrid.org\/cp.nunezdebalboa.madrid\/index.php\/centro-2\/oferta-educativa\/","title":{"rendered":"Oferta Educativa"},"content":{"rendered":"\n<p style=\"font-size:20px\">Nos destacamos por ser un centro peque\u00f1o y familiar<\/p>\n\n\n\n<p style=\"font-size:20px\">Contamos con Educaci\u00f3n Infantil y Primaria<\/p>\n\n\n\n<p style=\"font-size:20px\">En <strong>Educaci\u00f3n Infantil<\/strong> contamos con dos aulas:<\/p>\n\n\n\n<ol class=\"wp-block-list\"><li>Con alumnos de 3 y 4 a\u00f1os.<\/li><li>Con alumnos de 4 y 5 a\u00f1os.<\/li><\/ol>\n\n\n\n<p class=\"has-regular-font-size\">Los alumnos de cuatro a\u00f1os dependiendo del nivel y del desarrollo evolutivo del mismo.<\/p>\n\n\n\n<p style=\"font-size:20px\">En <strong>Educaci\u00f3n Primaria<\/strong> contamos con 4 aulas:<\/p>\n\n\n\n<ol class=\"wp-block-list\"><li>Se encuentran los alumnos de 1\u00ba y 2\u00ba de Educaci\u00f3n Primaria.<\/li><li>Se encuentran los alumnos de 3\u00ba de Educaci\u00f3n Primaria.<\/li><li>Se encuentran los alumnos de 4\u00ba de Educaci\u00f3n Primaria.<\/li><li>Se encuentran los alumnos de 5\u00ba y 6\u00ba de Educaci\u00f3n Primaria.<\/li><\/ol>\n\n\n\n<div style=\"height:50px\" aria-hidden=\"true\" class=\"wp-block-spacer\"><\/div>\n\n\n\n<p style=\"font-size:20px\"> Al finalizar 6\u00ba de Educaci\u00f3n Primaria los alumnos pueden continuar con sus estudios en los institutos adscritos <a href=\"http:\/\/ies.damasoalonso.madrid.educa.madrid.org\/\">D\u00e1maso Alonso<\/a> o <a href=\"http:\/\/www.iessanfernando.com\/\">San Fernando<\/a>.  <\/p>\n","protected":false},"excerpt":{"rendered":"<p>Nos destacamos por ser un centro peque\u00f1o y familiar Contamos con Educaci\u00f3n Infantil y Primaria En Educaci\u00f3n Infantil contamos con dos aulas: Con alumnos de 3 y 4 a\u00f1os. Con alumnos de 4 y 5 a\u00f1os. Los alumnos de cuatro a\u00f1os dependiendo del nivel y del desarrollo evolutivo del mismo. En Educaci\u00f3n Primaria contamos con&#8230;<\/p>\n","protected":false},"author":2,"featured_media":0,"parent":97,"menu_order":5,"comment_status":"closed","ping_status":"closed","template":"","meta":{"footnotes":""},"folder":[],"class_list":["post-320","page","type-page","status-publish","hentry"],"rttpg_featured_image_url":null,"rttpg_author":{"display_name":"tic.cp.nunezdebalboa.madrid","author_link":"https:\/\/site.educa.madrid.org\/cp.nunezdebalboa.madrid\/index.php\/author\/cuenta_tic-cp-nunezdebalboa-madrid\/"},"rttpg_comment":0,"rttpg_category":false,"rttpg_excerpt":"Nos destacamos por ser un centro peque\u00f1o y familiar Contamos con Educaci\u00f3n Infantil y Primaria En Educaci\u00f3n Infantil contamos con dos aulas: Con alumnos de 3 y 4 a\u00f1os. Con alumnos de 4 y 5 a\u00f1os. Los alumnos de cuatro a\u00f1os dependiendo del nivel y del desarrollo evolutivo del mismo. En Educaci\u00f3n Primaria contamos con...","post_mailing_queue_ids":[],"_links":{"self":[{"href":"https:\/\/site.educa.madrid.org\/cp.nunezdebalboa.madrid\/index.php\/wp-json\/wp\/v2\/pages\/320","targetHints":{"allow":["GET"]}}],"collection":[{"href":"https:\/\/site.educa.madrid.org\/cp.nunezdebalboa.madrid\/index.php\/wp-json\/wp\/v2\/pages"}],"about":[{"href":"https:\/\/site.educa.madrid.org\/cp.nunezdebalboa.madrid\/index.php\/wp-json\/wp\/v2\/types\/page"}],"author":[{"embeddable":true,"href":"https:\/\/site.educa.madrid.org\/cp.nunezdebalboa.madrid\/index.php\/wp-json\/wp\/v2\/users\/2"}],"replies":[{"embeddable":true,"href":"https:\/\/site.educa.madrid.org\/cp.nunezdebalboa.madrid\/index.php\/wp-json\/wp\/v2\/comments?post=320"}],"version-history":[{"count":6,"href":"https:\/\/site.educa.madrid.org\/cp.nunezdebalboa.madrid\/index.php\/wp-json\/wp\/v2\/pages\/320\/revisions"}],"predecessor-version":[{"id":383,"href":"https:\/\/site.educa.madrid.org\/cp.nunezdebalboa.madrid\/index.php\/wp-json\/wp\/v2\/pages\/320\/revisions\/383"}],"up":[{"embeddable":true,"href":"https:\/\/site.educa.madrid.org\/cp.nunezdebalboa.madrid\/index.php\/wp-json\/wp\/v2\/pages\/97"}],"wp:attachment":[{"href":"https:\/\/site.educa.madrid.org\/cp.nunezdebalboa.madrid\/index.php\/wp-json\/wp\/v2\/media?parent=320"}],"wp:term":[{"taxonomy":"folder","embeddable":true,"href":"https:\/\/site.educa.madrid.org\/cp.nunezdebalboa.madrid\/index.php\/wp-json\/wp\/v2\/folder?post=320"}],"curies":[{"name":"wp","href":"https:\/\/api.w.org\/{rel}","templated":true}]}}