{"id":326,"date":"2020-01-13T10:58:03","date_gmt":"2020-01-13T10:58:03","guid":{"rendered":"https:\/\/site.educa.madrid.org\/cp.nunezdebalboa.madrid\/?page_id=326"},"modified":"2021-03-11T17:48:56","modified_gmt":"2021-03-11T17:48:56","slug":"instalaciones","status":"publish","type":"page","link":"https:\/\/site.educa.madrid.org\/cp.nunezdebalboa.madrid\/index.php\/instalaciones\/","title":{"rendered":"Instalaciones"},"content":{"rendered":"\n<p style=\"font-size:20px\">Planta baja:<\/p>\n\n\n\n<ul class=\"wp-block-list\"><li>Direcci\u00f3n, secretar\u00eda y aula de profesores.<\/li><li>2 aulas de  Educaci\u00f3n Infantil.<\/li><li>1 aula de Educaci\u00f3n Primaria<\/li><li>2 cuartos de aseos.<\/li><li>1 aula multiusos. <\/li><li>Gimnasio.<\/li><li>2 patios diferenciados, uno para Educaci\u00f3n Infantil y otro para Educaci\u00f3n Primaria.<\/li><\/ul>\n\n\n\n<p style=\"font-size:20px\">Primera planta:<\/p>\n\n\n\n<ul class=\"wp-block-list\"><li>Biblioteca.<\/li><li>Comedor.<\/li><li>Cocina.<\/li><li>3 aulas de Educaci\u00f3n Primaria.<\/li><li>2 aulas de Atenci\u00f3n a la Diversidad (Orientaci\u00f3n y Pedagog\u00eda Terap\u00e9utica).<\/li><\/ul>\n\n\n\n<figure class=\"wp-block-gallery aligncenter columns-2 is-cropped wp-block-gallery-1 is-layout-flex wp-block-gallery-is-layout-flex\"><ul class=\"blocks-gallery-grid\"><li class=\"blocks-gallery-item\"><figure><img loading=\"lazy\" decoding=\"async\" width=\"1024\" height=\"768\" src=\"https:\/\/site.educa.madrid.org\/cp.nunezdebalboa.madrid\/\/wp-content\/uploads\/cp.nunezdebalboa.madrid\/2020\/02\/WhatsApp-Image-2020-02-18-at-09.12.23-1024x768.jpeg\" alt=\"\" data-id=\"594\" data-link=\"https:\/\/site.educa.madrid.org\/cp.nunezdebalboa.madrid\/index.php\/instalaciones\/whatsapp-image-2020-02-18-at-09-12-23\/\" class=\"wp-image-594\" srcset=\"https:\/\/site.educa.madrid.org\/cp.nunezdebalboa.madrid\/\/wp-content\/uploads\/cp.nunezdebalboa.madrid\/2020\/02\/WhatsApp-Image-2020-02-18-at-09.12.23.jpeg 1024w, https:\/\/site.educa.madrid.org\/cp.nunezdebalboa.madrid\/\/wp-content\/uploads\/cp.nunezdebalboa.madrid\/2020\/02\/WhatsApp-Image-2020-02-18-at-09.12.23-300x225.jpeg 300w, https:\/\/site.educa.madrid.org\/cp.nunezdebalboa.madrid\/\/wp-content\/uploads\/cp.nunezdebalboa.madrid\/2020\/02\/WhatsApp-Image-2020-02-18-at-09.12.23-768x576.jpeg 768w\" sizes=\"auto, (max-width: 1024px) 100vw, 1024px\" \/><figcaption class=\"blocks-gallery-item__caption\">biblioteca<\/figcaption><\/figure><\/li><li class=\"blocks-gallery-item\"><figure><img loading=\"lazy\" decoding=\"async\" width=\"1024\" height=\"768\" src=\"https:\/\/site.educa.madrid.org\/cp.nunezdebalboa.madrid\/\/wp-content\/uploads\/cp.nunezdebalboa.madrid\/2020\/01\/WhatsApp-Image-2020-01-14-at-10.15.37-2-1024x768.jpeg\" alt=\"\" data-id=\"356\" data-link=\"https:\/\/site.educa.madrid.org\/cp.nunezdebalboa.madrid\/index.php\/instalaciones\/whatsapp-image-2020-01-14-at-10-15-37-2\/\" class=\"wp-image-356\" srcset=\"https:\/\/site.educa.madrid.org\/cp.nunezdebalboa.madrid\/\/wp-content\/uploads\/cp.nunezdebalboa.madrid\/2020\/01\/WhatsApp-Image-2020-01-14-at-10.15.37-2.jpeg 1024w, https:\/\/site.educa.madrid.org\/cp.nunezdebalboa.madrid\/\/wp-content\/uploads\/cp.nunezdebalboa.madrid\/2020\/01\/WhatsApp-Image-2020-01-14-at-10.15.37-2-300x225.jpeg 300w, https:\/\/site.educa.madrid.org\/cp.nunezdebalboa.madrid\/\/wp-content\/uploads\/cp.nunezdebalboa.madrid\/2020\/01\/WhatsApp-Image-2020-01-14-at-10.15.37-2-768x576.jpeg 768w\" sizes=\"auto, (max-width: 1024px) 100vw, 1024px\" \/><figcaption class=\"blocks-gallery-item__caption\">comedor<\/figcaption><\/figure><\/li><li class=\"blocks-gallery-item\"><figure><img loading=\"lazy\" decoding=\"async\" width=\"1024\" height=\"768\" src=\"https:\/\/site.educa.madrid.org\/cp.nunezdebalboa.madrid\/\/wp-content\/uploads\/cp.nunezdebalboa.madrid\/2020\/01\/WhatsApp-Image-2020-01-14-at-10.15.37-1-1024x768.jpeg\" alt=\"\" data-id=\"357\" data-link=\"https:\/\/site.educa.madrid.org\/cp.nunezdebalboa.madrid\/index.php\/instalaciones\/whatsapp-image-2020-01-14-at-10-15-37-1\/\" class=\"wp-image-357\" srcset=\"https:\/\/site.educa.madrid.org\/cp.nunezdebalboa.madrid\/\/wp-content\/uploads\/cp.nunezdebalboa.madrid\/2020\/01\/WhatsApp-Image-2020-01-14-at-10.15.37-1.jpeg 1024w, https:\/\/site.educa.madrid.org\/cp.nunezdebalboa.madrid\/\/wp-content\/uploads\/cp.nunezdebalboa.madrid\/2020\/01\/WhatsApp-Image-2020-01-14-at-10.15.37-1-300x225.jpeg 300w, https:\/\/site.educa.madrid.org\/cp.nunezdebalboa.madrid\/\/wp-content\/uploads\/cp.nunezdebalboa.madrid\/2020\/01\/WhatsApp-Image-2020-01-14-at-10.15.37-1-768x576.jpeg 768w\" sizes=\"auto, (max-width: 1024px) 100vw, 1024px\" \/><figcaption class=\"blocks-gallery-item__caption\">aula de PT<\/figcaption><\/figure><\/li><li class=\"blocks-gallery-item\"><figure><img loading=\"lazy\" decoding=\"async\" width=\"1024\" height=\"768\" src=\"https:\/\/site.educa.madrid.org\/cp.nunezdebalboa.madrid\/\/wp-content\/uploads\/cp.nunezdebalboa.madrid\/2020\/01\/WhatsApp-Image-2020-01-14-at-10.31.44-1024x768.jpeg\" alt=\"\" data-id=\"362\" data-link=\"https:\/\/site.educa.madrid.org\/cp.nunezdebalboa.madrid\/index.php\/instalaciones\/whatsapp-image-2020-01-14-at-10-31-44\/\" class=\"wp-image-362\" srcset=\"https:\/\/site.educa.madrid.org\/cp.nunezdebalboa.madrid\/\/wp-content\/uploads\/cp.nunezdebalboa.madrid\/2020\/01\/WhatsApp-Image-2020-01-14-at-10.31.44-1024x768.jpeg 1024w, https:\/\/site.educa.madrid.org\/cp.nunezdebalboa.madrid\/\/wp-content\/uploads\/cp.nunezdebalboa.madrid\/2020\/01\/WhatsApp-Image-2020-01-14-at-10.31.44-300x225.jpeg 300w, https:\/\/site.educa.madrid.org\/cp.nunezdebalboa.madrid\/\/wp-content\/uploads\/cp.nunezdebalboa.madrid\/2020\/01\/WhatsApp-Image-2020-01-14-at-10.31.44-768x576.jpeg 768w, https:\/\/site.educa.madrid.org\/cp.nunezdebalboa.madrid\/\/wp-content\/uploads\/cp.nunezdebalboa.madrid\/2020\/01\/WhatsApp-Image-2020-01-14-at-10.31.44.jpeg 1600w\" sizes=\"auto, (max-width: 1024px) 100vw, 1024px\" \/><figcaption class=\"blocks-gallery-item__caption\">gimnasio<\/figcaption><\/figure><\/li><li class=\"blocks-gallery-item\"><figure><img loading=\"lazy\" decoding=\"async\" width=\"1024\" height=\"768\" src=\"https:\/\/site.educa.madrid.org\/cp.nunezdebalboa.madrid\/\/wp-content\/uploads\/cp.nunezdebalboa.madrid\/2020\/01\/WhatsApp-Image-2020-01-14-at-10.31.43-1024x768.jpeg\" alt=\"\" data-id=\"361\" data-link=\"https:\/\/site.educa.madrid.org\/cp.nunezdebalboa.madrid\/index.php\/instalaciones\/whatsapp-image-2020-01-14-at-10-31-43\/\" class=\"wp-image-361\" srcset=\"https:\/\/site.educa.madrid.org\/cp.nunezdebalboa.madrid\/\/wp-content\/uploads\/cp.nunezdebalboa.madrid\/2020\/01\/WhatsApp-Image-2020-01-14-at-10.31.43-1024x768.jpeg 1024w, https:\/\/site.educa.madrid.org\/cp.nunezdebalboa.madrid\/\/wp-content\/uploads\/cp.nunezdebalboa.madrid\/2020\/01\/WhatsApp-Image-2020-01-14-at-10.31.43-300x225.jpeg 300w, https:\/\/site.educa.madrid.org\/cp.nunezdebalboa.madrid\/\/wp-content\/uploads\/cp.nunezdebalboa.madrid\/2020\/01\/WhatsApp-Image-2020-01-14-at-10.31.43-768x576.jpeg 768w, https:\/\/site.educa.madrid.org\/cp.nunezdebalboa.madrid\/\/wp-content\/uploads\/cp.nunezdebalboa.madrid\/2020\/01\/WhatsApp-Image-2020-01-14-at-10.31.43.jpeg 1600w\" sizes=\"auto, (max-width: 1024px) 100vw, 1024px\" \/><figcaption class=\"blocks-gallery-item__caption\">patio de primaria<\/figcaption><\/figure><\/li><li class=\"blocks-gallery-item\"><figure><img loading=\"lazy\" decoding=\"async\" width=\"1024\" height=\"768\" src=\"https:\/\/site.educa.madrid.org\/cp.nunezdebalboa.madrid\/\/wp-content\/uploads\/cp.nunezdebalboa.madrid\/2020\/01\/WhatsApp-Image-2020-01-14-at-10.15.37-1024x768.jpeg\" alt=\"\" data-id=\"358\" data-link=\"https:\/\/site.educa.madrid.org\/cp.nunezdebalboa.madrid\/index.php\/instalaciones\/whatsapp-image-2020-01-14-at-10-15-37\/\" class=\"wp-image-358\" srcset=\"https:\/\/site.educa.madrid.org\/cp.nunezdebalboa.madrid\/\/wp-content\/uploads\/cp.nunezdebalboa.madrid\/2020\/01\/WhatsApp-Image-2020-01-14-at-10.15.37.jpeg 1024w, https:\/\/site.educa.madrid.org\/cp.nunezdebalboa.madrid\/\/wp-content\/uploads\/cp.nunezdebalboa.madrid\/2020\/01\/WhatsApp-Image-2020-01-14-at-10.15.37-300x225.jpeg 300w, https:\/\/site.educa.madrid.org\/cp.nunezdebalboa.madrid\/\/wp-content\/uploads\/cp.nunezdebalboa.madrid\/2020\/01\/WhatsApp-Image-2020-01-14-at-10.15.37-768x576.jpeg 768w\" sizes=\"auto, (max-width: 1024px) 100vw, 1024px\" \/><figcaption class=\"blocks-gallery-item__caption\">patio de infantil<\/figcaption><\/figure><\/li><li class=\"blocks-gallery-item\"><figure><img loading=\"lazy\" decoding=\"async\" width=\"1024\" height=\"768\" src=\"https:\/\/site.educa.madrid.org\/cp.nunezdebalboa.madrid\/\/wp-content\/uploads\/cp.nunezdebalboa.madrid\/2020\/01\/WhatsApp-Image-2020-01-14-at-11.36.43-2-1024x768.jpeg\" alt=\"\" data-id=\"365\" data-link=\"https:\/\/site.educa.madrid.org\/cp.nunezdebalboa.madrid\/index.php\/instalaciones\/whatsapp-image-2020-01-14-at-11-36-43-2\/\" class=\"wp-image-365\" srcset=\"https:\/\/site.educa.madrid.org\/cp.nunezdebalboa.madrid\/\/wp-content\/uploads\/cp.nunezdebalboa.madrid\/2020\/01\/WhatsApp-Image-2020-01-14-at-11.36.43-2.jpeg 1024w, https:\/\/site.educa.madrid.org\/cp.nunezdebalboa.madrid\/\/wp-content\/uploads\/cp.nunezdebalboa.madrid\/2020\/01\/WhatsApp-Image-2020-01-14-at-11.36.43-2-300x225.jpeg 300w, https:\/\/site.educa.madrid.org\/cp.nunezdebalboa.madrid\/\/wp-content\/uploads\/cp.nunezdebalboa.madrid\/2020\/01\/WhatsApp-Image-2020-01-14-at-11.36.43-2-768x576.jpeg 768w\" sizes=\"auto, (max-width: 1024px) 100vw, 1024px\" \/><figcaption class=\"blocks-gallery-item__caption\">aula de infantil (3 y 4 a\u00f1os)<\/figcaption><\/figure><\/li><li class=\"blocks-gallery-item\"><figure><img loading=\"lazy\" decoding=\"async\" width=\"1024\" height=\"768\" src=\"https:\/\/site.educa.madrid.org\/cp.nunezdebalboa.madrid\/\/wp-content\/uploads\/cp.nunezdebalboa.madrid\/2020\/01\/WhatsApp-Image-2020-01-14-at-11.36.43-1-1024x768.jpeg\" alt=\"\" data-id=\"366\" data-link=\"https:\/\/site.educa.madrid.org\/cp.nunezdebalboa.madrid\/index.php\/instalaciones\/whatsapp-image-2020-01-14-at-11-36-43-1\/\" class=\"wp-image-366\" srcset=\"https:\/\/site.educa.madrid.org\/cp.nunezdebalboa.madrid\/\/wp-content\/uploads\/cp.nunezdebalboa.madrid\/2020\/01\/WhatsApp-Image-2020-01-14-at-11.36.43-1.jpeg 1024w, https:\/\/site.educa.madrid.org\/cp.nunezdebalboa.madrid\/\/wp-content\/uploads\/cp.nunezdebalboa.madrid\/2020\/01\/WhatsApp-Image-2020-01-14-at-11.36.43-1-300x225.jpeg 300w, https:\/\/site.educa.madrid.org\/cp.nunezdebalboa.madrid\/\/wp-content\/uploads\/cp.nunezdebalboa.madrid\/2020\/01\/WhatsApp-Image-2020-01-14-at-11.36.43-1-768x576.jpeg 768w\" sizes=\"auto, (max-width: 1024px) 100vw, 1024px\" \/><figcaption class=\"blocks-gallery-item__caption\">aula de infantil (4 y 5 a\u00f1os)<\/figcaption><\/figure><\/li><li class=\"blocks-gallery-item\"><figure><img loading=\"lazy\" decoding=\"async\" width=\"1024\" height=\"768\" src=\"https:\/\/site.educa.madrid.org\/cp.nunezdebalboa.madrid\/\/wp-content\/uploads\/cp.nunezdebalboa.madrid\/2020\/01\/WhatsApp-Image-2020-01-16-at-09.10.47-1024x768.jpeg\" alt=\"\" data-id=\"412\" data-link=\"https:\/\/site.educa.madrid.org\/cp.nunezdebalboa.madrid\/index.php\/instalaciones\/whatsapp-image-2020-01-16-at-09-10-47\/\" class=\"wp-image-412\" srcset=\"https:\/\/site.educa.madrid.org\/cp.nunezdebalboa.madrid\/\/wp-content\/uploads\/cp.nunezdebalboa.madrid\/2020\/01\/WhatsApp-Image-2020-01-16-at-09.10.47.jpeg 1024w, https:\/\/site.educa.madrid.org\/cp.nunezdebalboa.madrid\/\/wp-content\/uploads\/cp.nunezdebalboa.madrid\/2020\/01\/WhatsApp-Image-2020-01-16-at-09.10.47-300x225.jpeg 300w, https:\/\/site.educa.madrid.org\/cp.nunezdebalboa.madrid\/\/wp-content\/uploads\/cp.nunezdebalboa.madrid\/2020\/01\/WhatsApp-Image-2020-01-16-at-09.10.47-768x576.jpeg 768w\" sizes=\"auto, (max-width: 1024px) 100vw, 1024px\" \/><figcaption class=\"blocks-gallery-item__caption\">aula 1\u00ba y 2\u00ba de primaria<\/figcaption><\/figure><\/li><li class=\"blocks-gallery-item\"><figure><img loading=\"lazy\" decoding=\"async\" width=\"1024\" height=\"768\" src=\"https:\/\/site.educa.madrid.org\/cp.nunezdebalboa.madrid\/\/wp-content\/uploads\/cp.nunezdebalboa.madrid\/2020\/01\/WhatsApp-Image-2020-01-14-at-11.36.43-1024x768.jpeg\" alt=\"\" data-id=\"367\" data-link=\"https:\/\/site.educa.madrid.org\/cp.nunezdebalboa.madrid\/index.php\/instalaciones\/whatsapp-image-2020-01-14-at-11-36-43\/\" class=\"wp-image-367\" srcset=\"https:\/\/site.educa.madrid.org\/cp.nunezdebalboa.madrid\/\/wp-content\/uploads\/cp.nunezdebalboa.madrid\/2020\/01\/WhatsApp-Image-2020-01-14-at-11.36.43.jpeg 1024w, https:\/\/site.educa.madrid.org\/cp.nunezdebalboa.madrid\/\/wp-content\/uploads\/cp.nunezdebalboa.madrid\/2020\/01\/WhatsApp-Image-2020-01-14-at-11.36.43-300x225.jpeg 300w, https:\/\/site.educa.madrid.org\/cp.nunezdebalboa.madrid\/\/wp-content\/uploads\/cp.nunezdebalboa.madrid\/2020\/01\/WhatsApp-Image-2020-01-14-at-11.36.43-768x576.jpeg 768w\" sizes=\"auto, (max-width: 1024px) 100vw, 1024px\" \/><figcaption class=\"blocks-gallery-item__caption\">aula 3\u00ba de primaria<\/figcaption><\/figure><\/li><li class=\"blocks-gallery-item\"><figure><img loading=\"lazy\" decoding=\"async\" width=\"1024\" height=\"768\" src=\"https:\/\/site.educa.madrid.org\/cp.nunezdebalboa.madrid\/\/wp-content\/uploads\/cp.nunezdebalboa.madrid\/2020\/01\/WhatsApp-Image-2020-01-16-at-09.10.47-2-1024x768.jpeg\" alt=\"\" data-id=\"410\" data-link=\"https:\/\/site.educa.madrid.org\/cp.nunezdebalboa.madrid\/index.php\/instalaciones\/whatsapp-image-2020-01-16-at-09-10-47-2\/\" class=\"wp-image-410\" srcset=\"https:\/\/site.educa.madrid.org\/cp.nunezdebalboa.madrid\/\/wp-content\/uploads\/cp.nunezdebalboa.madrid\/2020\/01\/WhatsApp-Image-2020-01-16-at-09.10.47-2.jpeg 1024w, https:\/\/site.educa.madrid.org\/cp.nunezdebalboa.madrid\/\/wp-content\/uploads\/cp.nunezdebalboa.madrid\/2020\/01\/WhatsApp-Image-2020-01-16-at-09.10.47-2-300x225.jpeg 300w, https:\/\/site.educa.madrid.org\/cp.nunezdebalboa.madrid\/\/wp-content\/uploads\/cp.nunezdebalboa.madrid\/2020\/01\/WhatsApp-Image-2020-01-16-at-09.10.47-2-768x576.jpeg 768w\" sizes=\"auto, (max-width: 1024px) 100vw, 1024px\" \/><figcaption class=\"blocks-gallery-item__caption\">aula 4\u00ba de primaria<\/figcaption><\/figure><\/li><li class=\"blocks-gallery-item\"><figure><img loading=\"lazy\" decoding=\"async\" width=\"1024\" height=\"768\" src=\"https:\/\/site.educa.madrid.org\/cp.nunezdebalboa.madrid\/\/wp-content\/uploads\/cp.nunezdebalboa.madrid\/2020\/01\/WhatsApp-Image-2020-01-16-at-09.10.47-1-1024x768.jpeg\" alt=\"\" data-id=\"411\" data-link=\"https:\/\/site.educa.madrid.org\/cp.nunezdebalboa.madrid\/index.php\/instalaciones\/whatsapp-image-2020-01-16-at-09-10-47-1\/\" class=\"wp-image-411\" srcset=\"https:\/\/site.educa.madrid.org\/cp.nunezdebalboa.madrid\/\/wp-content\/uploads\/cp.nunezdebalboa.madrid\/2020\/01\/WhatsApp-Image-2020-01-16-at-09.10.47-1.jpeg 1024w, https:\/\/site.educa.madrid.org\/cp.nunezdebalboa.madrid\/\/wp-content\/uploads\/cp.nunezdebalboa.madrid\/2020\/01\/WhatsApp-Image-2020-01-16-at-09.10.47-1-300x225.jpeg 300w, https:\/\/site.educa.madrid.org\/cp.nunezdebalboa.madrid\/\/wp-content\/uploads\/cp.nunezdebalboa.madrid\/2020\/01\/WhatsApp-Image-2020-01-16-at-09.10.47-1-768x576.jpeg 768w\" sizes=\"auto, (max-width: 1024px) 100vw, 1024px\" \/><figcaption class=\"blocks-gallery-item__caption\">aula 5\u00ba y 6\u00ba de primaria<\/figcaption><\/figure><\/li><\/ul><\/figure>\n","protected":false},"excerpt":{"rendered":"<p>Planta baja: Direcci\u00f3n, secretar\u00eda y aula de profesores. 2 aulas de Educaci\u00f3n Infantil. 1 aula de Educaci\u00f3n Primaria 2 cuartos de aseos. 1 aula multiusos. Gimnasio. 2 patios diferenciados, uno para Educaci\u00f3n Infantil y otro para Educaci\u00f3n Primaria. Primera planta: Biblioteca. Comedor. Cocina. 3 aulas de Educaci\u00f3n Primaria. 2 aulas de Atenci\u00f3n a la Diversidad&#8230;<\/p>\n","protected":false},"author":2,"featured_media":0,"parent":0,"menu_order":0,"comment_status":"closed","ping_status":"closed","template":"","meta":{"footnotes":""},"folder":[],"class_list":["post-326","page","type-page","status-publish","hentry"],"rttpg_featured_image_url":null,"rttpg_author":{"display_name":"tic.cp.nunezdebalboa.madrid","author_link":"https:\/\/site.educa.madrid.org\/cp.nunezdebalboa.madrid\/index.php\/author\/cuenta_tic-cp-nunezdebalboa-madrid\/"},"rttpg_comment":0,"rttpg_category":false,"rttpg_excerpt":"Planta baja: Direcci\u00f3n, secretar\u00eda y aula de profesores. 2 aulas de Educaci\u00f3n Infantil. 1 aula de Educaci\u00f3n Primaria 2 cuartos de aseos. 1 aula multiusos. Gimnasio. 2 patios diferenciados, uno para Educaci\u00f3n Infantil y otro para Educaci\u00f3n Primaria. Primera planta: Biblioteca. Comedor. Cocina. 3 aulas de Educaci\u00f3n Primaria. 2 aulas de Atenci\u00f3n a la Diversidad...","post_mailing_queue_ids":[],"_links":{"self":[{"href":"https:\/\/site.educa.madrid.org\/cp.nunezdebalboa.madrid\/index.php\/wp-json\/wp\/v2\/pages\/326","targetHints":{"allow":["GET"]}}],"collection":[{"href":"https:\/\/site.educa.madrid.org\/cp.nunezdebalboa.madrid\/index.php\/wp-json\/wp\/v2\/pages"}],"about":[{"href":"https:\/\/site.educa.madrid.org\/cp.nunezdebalboa.madrid\/index.php\/wp-json\/wp\/v2\/types\/page"}],"author":[{"embeddable":true,"href":"https:\/\/site.educa.madrid.org\/cp.nunezdebalboa.madrid\/index.php\/wp-json\/wp\/v2\/users\/2"}],"replies":[{"embeddable":true,"href":"https:\/\/site.educa.madrid.org\/cp.nunezdebalboa.madrid\/index.php\/wp-json\/wp\/v2\/comments?post=326"}],"version-history":[{"count":12,"href":"https:\/\/site.educa.madrid.org\/cp.nunezdebalboa.madrid\/index.php\/wp-json\/wp\/v2\/pages\/326\/revisions"}],"predecessor-version":[{"id":2117,"href":"https:\/\/site.educa.madrid.org\/cp.nunezdebalboa.madrid\/index.php\/wp-json\/wp\/v2\/pages\/326\/revisions\/2117"}],"wp:attachment":[{"href":"https:\/\/site.educa.madrid.org\/cp.nunezdebalboa.madrid\/index.php\/wp-json\/wp\/v2\/media?parent=326"}],"wp:term":[{"taxonomy":"folder","embeddable":true,"href":"https:\/\/site.educa.madrid.org\/cp.nunezdebalboa.madrid\/index.php\/wp-json\/wp\/v2\/folder?post=326"}],"curies":[{"name":"wp","href":"https:\/\/api.w.org\/{rel}","templated":true}]}}