{"id":432,"date":"2020-01-20T08:19:24","date_gmt":"2020-01-20T08:19:24","guid":{"rendered":"https:\/\/site.educa.madrid.org\/cp.nunezdebalboa.madrid\/?page_id=432"},"modified":"2020-01-20T08:19:24","modified_gmt":"2020-01-20T08:19:24","slug":"proyecto-entusiasmat","status":"publish","type":"page","link":"https:\/\/site.educa.madrid.org\/cp.nunezdebalboa.madrid\/index.php\/centro-2\/metodologia\/proyecto-entusiasmat\/","title":{"rendered":"Proyecto EntusiasMAT"},"content":{"rendered":"\n<p style=\"font-size:20px\">Las matem\u00e1ticas se trabajan mediante\u00a0<strong>EntusiasMAT<\/strong>\u00a0(EMAT), que es un proyecto did\u00e1ctico-pedag\u00f3gico para el aprendizaje integral de las mismas. <\/p>\n\n\n\n<div class=\"wp-block-image\"><figure class=\"alignright is-resized\"><img loading=\"lazy\" decoding=\"async\" src=\"https:\/\/site.educa.madrid.org\/cp.nunezdebalboa.madrid\/\/wp-content\/uploads\/cp.nunezdebalboa.madrid\/2020\/01\/descarga.png\" alt=\"\" class=\"wp-image-315\" width=\"220\" height=\"121\" srcset=\"https:\/\/site.educa.madrid.org\/cp.nunezdebalboa.madrid\/\/wp-content\/uploads\/cp.nunezdebalboa.madrid\/2020\/01\/descarga.png 304w, https:\/\/site.educa.madrid.org\/cp.nunezdebalboa.madrid\/\/wp-content\/uploads\/cp.nunezdebalboa.madrid\/2020\/01\/descarga-300x166.png 300w\" sizes=\"auto, (max-width: 220px) 100vw, 220px\" \/><\/figure><\/div>\n\n\n\n<p style=\"font-size:20px\">Est\u00e1 basado en las\u00a0<strong>inteligencias m\u00faltiples<\/strong>\u00a0con el objetivo de potenciar y adaptarse a las distintas capacidades de cada alumno. Adem\u00e1s, tiene como prop\u00f3sito fomentar la\u00a0<strong>cultura del pensamiento<\/strong>\u00a0de los alumnos, impulsando su capacidad de reflexi\u00f3n y valoraci\u00f3n cr\u00edtica mediante las rutinas de pensamiento, el aprendizaje basado en problemas y el trabajo cooperativo. La neurociencia revela que el aprendizaje es m\u00e1s significativo cuantos m\u00e1s sentidos y emociones intervengan en \u00e9l. Por ello, EMAT tiene como motor transversal del proyecto el\u00a0<strong>juego<\/strong>, la\u00a0<strong>manipulaci\u00f3n<\/strong>\u00a0y la\u00a0<strong>experimentaci\u00f3n<\/strong>\u00a0haciendo unas matem\u00e1ticas vivas, divertidas, cercanas y que responden a la curiosidad innata de los alumnos. <\/p>\n","protected":false},"excerpt":{"rendered":"<p>Las matem\u00e1ticas se trabajan mediante\u00a0EntusiasMAT\u00a0(EMAT), que es un proyecto did\u00e1ctico-pedag\u00f3gico para el aprendizaje integral de las mismas. Est\u00e1 basado en las\u00a0inteligencias m\u00faltiples\u00a0con el objetivo de potenciar y adaptarse a las distintas capacidades de cada alumno. Adem\u00e1s, tiene como prop\u00f3sito fomentar la\u00a0cultura del pensamiento\u00a0de los alumnos, impulsando su capacidad de reflexi\u00f3n y valoraci\u00f3n cr\u00edtica mediante las&#8230;<\/p>\n","protected":false},"author":2,"featured_media":0,"parent":180,"menu_order":1,"comment_status":"closed","ping_status":"closed","template":"","meta":{"footnotes":""},"folder":[],"class_list":["post-432","page","type-page","status-publish","hentry"],"rttpg_featured_image_url":null,"rttpg_author":{"display_name":"tic.cp.nunezdebalboa.madrid","author_link":"https:\/\/site.educa.madrid.org\/cp.nunezdebalboa.madrid\/index.php\/author\/cuenta_tic-cp-nunezdebalboa-madrid\/"},"rttpg_comment":0,"rttpg_category":false,"rttpg_excerpt":"Las matem\u00e1ticas se trabajan mediante\u00a0EntusiasMAT\u00a0(EMAT), que es un proyecto did\u00e1ctico-pedag\u00f3gico para el aprendizaje integral de las mismas. Est\u00e1 basado en las\u00a0inteligencias m\u00faltiples\u00a0con el objetivo de potenciar y adaptarse a las distintas capacidades de cada alumno. Adem\u00e1s, tiene como prop\u00f3sito fomentar la\u00a0cultura del pensamiento\u00a0de los alumnos, impulsando su capacidad de reflexi\u00f3n y valoraci\u00f3n cr\u00edtica mediante las...","post_mailing_queue_ids":[],"_links":{"self":[{"href":"https:\/\/site.educa.madrid.org\/cp.nunezdebalboa.madrid\/index.php\/wp-json\/wp\/v2\/pages\/432","targetHints":{"allow":["GET"]}}],"collection":[{"href":"https:\/\/site.educa.madrid.org\/cp.nunezdebalboa.madrid\/index.php\/wp-json\/wp\/v2\/pages"}],"about":[{"href":"https:\/\/site.educa.madrid.org\/cp.nunezdebalboa.madrid\/index.php\/wp-json\/wp\/v2\/types\/page"}],"author":[{"embeddable":true,"href":"https:\/\/site.educa.madrid.org\/cp.nunezdebalboa.madrid\/index.php\/wp-json\/wp\/v2\/users\/2"}],"replies":[{"embeddable":true,"href":"https:\/\/site.educa.madrid.org\/cp.nunezdebalboa.madrid\/index.php\/wp-json\/wp\/v2\/comments?post=432"}],"version-history":[{"count":5,"href":"https:\/\/site.educa.madrid.org\/cp.nunezdebalboa.madrid\/index.php\/wp-json\/wp\/v2\/pages\/432\/revisions"}],"predecessor-version":[{"id":437,"href":"https:\/\/site.educa.madrid.org\/cp.nunezdebalboa.madrid\/index.php\/wp-json\/wp\/v2\/pages\/432\/revisions\/437"}],"up":[{"embeddable":true,"href":"https:\/\/site.educa.madrid.org\/cp.nunezdebalboa.madrid\/index.php\/wp-json\/wp\/v2\/pages\/180"}],"wp:attachment":[{"href":"https:\/\/site.educa.madrid.org\/cp.nunezdebalboa.madrid\/index.php\/wp-json\/wp\/v2\/media?parent=432"}],"wp:term":[{"taxonomy":"folder","embeddable":true,"href":"https:\/\/site.educa.madrid.org\/cp.nunezdebalboa.madrid\/index.php\/wp-json\/wp\/v2\/folder?post=432"}],"curies":[{"name":"wp","href":"https:\/\/api.w.org\/{rel}","templated":true}]}}