{"id":440,"date":"2020-01-20T08:34:39","date_gmt":"2020-01-20T08:34:39","guid":{"rendered":"https:\/\/site.educa.madrid.org\/cp.nunezdebalboa.madrid\/?page_id=440"},"modified":"2026-02-03T11:43:47","modified_gmt":"2026-02-03T10:43:47","slug":"plan_digital_centro","status":"publish","type":"page","link":"https:\/\/site.educa.madrid.org\/cp.nunezdebalboa.madrid\/index.php\/centro-2\/metodologia\/plan_digital_centro\/","title":{"rendered":"Plan Digital de Centro"},"content":{"rendered":"<div class=\"wp-block-image\">\n<figure class=\"alignleft is-resized\"><img loading=\"lazy\" decoding=\"async\" width=\"767\" height=\"841\" src=\"https:\/\/site.educa.madrid.org\/cp.nunezdebalboa.madrid\/\/wp-content\/uploads\/cp.nunezdebalboa.madrid\/2020\/01\/WhatsApp-Image-2020-01-15-at-11.32.42-2-1.jpeg\" alt=\"\" class=\"wp-image-417\" style=\"width:136px;height:149px\" srcset=\"https:\/\/site.educa.madrid.org\/cp.nunezdebalboa.madrid\/\/wp-content\/uploads\/cp.nunezdebalboa.madrid\/2020\/01\/WhatsApp-Image-2020-01-15-at-11.32.42-2-1.jpeg 767w, https:\/\/site.educa.madrid.org\/cp.nunezdebalboa.madrid\/\/wp-content\/uploads\/cp.nunezdebalboa.madrid\/2020\/01\/WhatsApp-Image-2020-01-15-at-11.32.42-2-1-274x300.jpeg 274w\" sizes=\"auto, (max-width: 767px) 100vw, 767px\" \/><\/figure>\n<\/div>\n\n\n<p style=\"font-size:20px\">Durante el curso 22\/23 iniciamos la creaci\u00f3n de un Plan Digital de Centro partiendo de nuestras necesidades para establecer unas l\u00edneas de actuaci\u00f3n comunes en materia de digitalizaci\u00f3n.  En este curso lo hemos actualizado  y hemos incorporado a nuestro centro nuevos recursos.<\/p>\n\n\n\n<p style=\"font-size:20px\">Lo puedes consultar aqu\u00ed:<\/p>\n\n\n\n<p class=\"has-blue-color has-text-color\" style=\"font-size:18px\"><strong>Plan Digital de Centro<\/strong><\/p>\n\n\n\n<p class=\"has-blue-color has-text-color\" style=\"font-size:18px\"><a href=\"https:\/\/site.educa.madrid.org\/cp.nunezdebalboa.madrid\/\/wp-content\/uploads\/cp.nunezdebalboa.madrid\/2026\/02\/PDC-25-26.pdf\">https:\/\/site.educa.madrid.org\/cp.nunezdebalboa.madrid\/\/wp-content\/uploads\/cp.nunezdebalboa.madrid\/2026\/02\/PDC-25-26.pdf<\/a><\/p>\n\n\n\n<p style=\"font-size:20px\">Nuestro centro cuenta con, adem\u00e1s de una pizarra digital y proyector por cada aula, de tablets para los alumnos.<\/p>\n\n\n\n<p style=\"font-size:20px\">Todas los cursos cuentan con <strong>con dispositivos y horarios<\/strong> para poder utilizar las nuevas tecnolog\u00edas como medio de aprendizaje. Principalmente se est\u00e1n utilizando con la herramienta <a aria-label=\"&quot;Lesson Plan&quot; (abre en una nueva pesta\u00f1a)\" href=\"http:\/\/learningpaths.symbaloo.com\/\" target=\"_blank\" rel=\"noreferrer noopener\">\u00abLesson Plan\u00bb<\/a> que consiste en que el docente previamente ha creado un itinerario de aprendizaje personalizado. Lo que ayuda a conseguir un m\u00e9todo de <strong>ense\u00f1anza-aprendizaje individualizado<\/strong>. Tambi\u00e9n se est\u00e1n utilizando con otro tipo de herramientas que ayudan a afianzar los conocimientos.<\/p>\n\n\n<div class=\"wp-block-image\">\n<figure class=\"aligncenter is-resized\"><img loading=\"lazy\" decoding=\"async\" width=\"1024\" height=\"768\" src=\"https:\/\/site.educa.madrid.org\/cp.nunezdebalboa.madrid\/\/wp-content\/uploads\/cp.nunezdebalboa.madrid\/2020\/01\/WhatsApp-Image-2020-01-29-at-09.24.56-1024x768.jpeg\" alt=\"\" class=\"wp-image-518\" style=\"width:290px;height:217px\" srcset=\"https:\/\/site.educa.madrid.org\/cp.nunezdebalboa.madrid\/\/wp-content\/uploads\/cp.nunezdebalboa.madrid\/2020\/01\/WhatsApp-Image-2020-01-29-at-09.24.56.jpeg 1024w, https:\/\/site.educa.madrid.org\/cp.nunezdebalboa.madrid\/\/wp-content\/uploads\/cp.nunezdebalboa.madrid\/2020\/01\/WhatsApp-Image-2020-01-29-at-09.24.56-300x225.jpeg 300w, https:\/\/site.educa.madrid.org\/cp.nunezdebalboa.madrid\/\/wp-content\/uploads\/cp.nunezdebalboa.madrid\/2020\/01\/WhatsApp-Image-2020-01-29-at-09.24.56-768x576.jpeg 768w\" sizes=\"auto, (max-width: 1024px) 100vw, 1024px\" \/><\/figure>\n<\/div>\n\n\n<p><\/p>\n","protected":false},"excerpt":{"rendered":"<p>Durante el curso 22\/23 iniciamos la creaci\u00f3n de un Plan Digital de Centro partiendo de nuestras necesidades para establecer unas l\u00edneas de actuaci\u00f3n comunes en materia de digitalizaci\u00f3n. En este curso lo hemos actualizado y hemos incorporado a nuestro centro nuevos recursos. Lo puedes consultar aqu\u00ed: Plan Digital de Centro https:\/\/site.educa.madrid.org\/cp.nunezdebalboa.madrid\/\/wp-content\/uploads\/cp.nunezdebalboa.madrid\/2026\/02\/PDC-25-26.pdf Nuestro centro cuenta con,&#8230;<\/p>\n","protected":false},"author":2,"featured_media":0,"parent":180,"menu_order":2,"comment_status":"closed","ping_status":"closed","template":"","meta":{"footnotes":""},"folder":[],"class_list":["post-440","page","type-page","status-publish","hentry"],"rttpg_featured_image_url":null,"rttpg_author":{"display_name":"tic.cp.nunezdebalboa.madrid","author_link":"https:\/\/site.educa.madrid.org\/cp.nunezdebalboa.madrid\/index.php\/author\/cuenta_tic-cp-nunezdebalboa-madrid\/"},"rttpg_comment":0,"rttpg_category":false,"rttpg_excerpt":"Durante el curso 22\/23 iniciamos la creaci\u00f3n de un Plan Digital de Centro partiendo de nuestras necesidades para establecer unas l\u00edneas de actuaci\u00f3n comunes en materia de digitalizaci\u00f3n. En este curso lo hemos actualizado y hemos incorporado a nuestro centro nuevos recursos. Lo puedes consultar aqu\u00ed: Plan Digital de Centro https:\/\/site.educa.madrid.org\/cp.nunezdebalboa.madrid\/\/wp-content\/uploads\/cp.nunezdebalboa.madrid\/2026\/02\/PDC-25-26.pdf Nuestro centro cuenta con,...","post_mailing_queue_ids":[],"_links":{"self":[{"href":"https:\/\/site.educa.madrid.org\/cp.nunezdebalboa.madrid\/index.php\/wp-json\/wp\/v2\/pages\/440","targetHints":{"allow":["GET"]}}],"collection":[{"href":"https:\/\/site.educa.madrid.org\/cp.nunezdebalboa.madrid\/index.php\/wp-json\/wp\/v2\/pages"}],"about":[{"href":"https:\/\/site.educa.madrid.org\/cp.nunezdebalboa.madrid\/index.php\/wp-json\/wp\/v2\/types\/page"}],"author":[{"embeddable":true,"href":"https:\/\/site.educa.madrid.org\/cp.nunezdebalboa.madrid\/index.php\/wp-json\/wp\/v2\/users\/2"}],"replies":[{"embeddable":true,"href":"https:\/\/site.educa.madrid.org\/cp.nunezdebalboa.madrid\/index.php\/wp-json\/wp\/v2\/comments?post=440"}],"version-history":[{"count":23,"href":"https:\/\/site.educa.madrid.org\/cp.nunezdebalboa.madrid\/index.php\/wp-json\/wp\/v2\/pages\/440\/revisions"}],"predecessor-version":[{"id":2503,"href":"https:\/\/site.educa.madrid.org\/cp.nunezdebalboa.madrid\/index.php\/wp-json\/wp\/v2\/pages\/440\/revisions\/2503"}],"up":[{"embeddable":true,"href":"https:\/\/site.educa.madrid.org\/cp.nunezdebalboa.madrid\/index.php\/wp-json\/wp\/v2\/pages\/180"}],"wp:attachment":[{"href":"https:\/\/site.educa.madrid.org\/cp.nunezdebalboa.madrid\/index.php\/wp-json\/wp\/v2\/media?parent=440"}],"wp:term":[{"taxonomy":"folder","embeddable":true,"href":"https:\/\/site.educa.madrid.org\/cp.nunezdebalboa.madrid\/index.php\/wp-json\/wp\/v2\/folder?post=440"}],"curies":[{"name":"wp","href":"https:\/\/api.w.org\/{rel}","templated":true}]}}