{"id":450,"date":"2020-01-20T08:36:09","date_gmt":"2020-01-20T08:36:09","guid":{"rendered":"https:\/\/site.educa.madrid.org\/cp.nunezdebalboa.madrid\/?page_id=450"},"modified":"2024-02-27T16:19:06","modified_gmt":"2024-02-27T15:19:06","slug":"proyecto-de-patio","status":"publish","type":"page","link":"https:\/\/site.educa.madrid.org\/cp.nunezdebalboa.madrid\/index.php\/centro-2\/metodologia\/proyecto-de-patio\/","title":{"rendered":"Proyecto de patio"},"content":{"rendered":"\n<p style=\"font-size:20px\"><strong>Durante el recreo<\/strong> del medio d\u00eda, de 11:00 &#8211; 11:30 h., <strong>se realiza cada d\u00eda una actividad diferente a la que se pueden apuntar todos los alumnos que quieran.<\/strong> <\/p>\n\n\n\n<p style=\"font-size:20px\">Todas las semanas se les avisa de que existen estas actividades (zumba, juegos tradicionales, cruzigramas, juegos de l\u00f3gica, etc.) y se les van recordando cada d\u00eda cu\u00e1l se estar\u00e1 realizando en el patio. Por ejemplo, los jueves que suelen hacer zumba se les recuerda a primera hora que a la hora del patio se estar\u00e1 realizando zumba en el gimnasio para que ellos lo sepan. <a href=\"https:\/\/site.educa.madrid.org\/cp.nunezdebalboa.madrid\/\/wp-content\/uploads\/cp.nunezdebalboa.madrid\/2024\/02\/proyecto-patios.pdf\" target=\"_blank\" rel=\"noreferrer noopener\">https:\/\/site.educa.madrid.org\/cp.nunezdebalboa.madrid\/\/wp-content\/uploads\/cp.nunezdebalboa.madrid\/2024\/02\/proyecto-patios.pdf<\/a><\/p>\n\n\n\n<p><\/p>\n\n\n\n<p><\/p>\n\n\n\n<p><\/p>\n","protected":false},"excerpt":{"rendered":"<p>Durante el recreo del medio d\u00eda, de 11:00 &#8211; 11:30 h., se realiza cada d\u00eda una actividad diferente a la que se pueden apuntar todos los alumnos que quieran. Todas las semanas se les avisa de que existen estas actividades (zumba, juegos tradicionales, cruzigramas, juegos de l\u00f3gica, etc.) y se les van recordando cada d\u00eda&#8230;<\/p>\n","protected":false},"author":2,"featured_media":0,"parent":180,"menu_order":3,"comment_status":"closed","ping_status":"closed","template":"","meta":{"footnotes":""},"folder":[],"class_list":["post-450","page","type-page","status-publish","hentry"],"rttpg_featured_image_url":null,"rttpg_author":{"display_name":"tic.cp.nunezdebalboa.madrid","author_link":"https:\/\/site.educa.madrid.org\/cp.nunezdebalboa.madrid\/index.php\/author\/cuenta_tic-cp-nunezdebalboa-madrid\/"},"rttpg_comment":0,"rttpg_category":false,"rttpg_excerpt":"Durante el recreo del medio d\u00eda, de 11:00 &#8211; 11:30 h., se realiza cada d\u00eda una actividad diferente a la que se pueden apuntar todos los alumnos que quieran. Todas las semanas se les avisa de que existen estas actividades (zumba, juegos tradicionales, cruzigramas, juegos de l\u00f3gica, etc.) y se les van recordando cada d\u00eda...","post_mailing_queue_ids":[],"_links":{"self":[{"href":"https:\/\/site.educa.madrid.org\/cp.nunezdebalboa.madrid\/index.php\/wp-json\/wp\/v2\/pages\/450","targetHints":{"allow":["GET"]}}],"collection":[{"href":"https:\/\/site.educa.madrid.org\/cp.nunezdebalboa.madrid\/index.php\/wp-json\/wp\/v2\/pages"}],"about":[{"href":"https:\/\/site.educa.madrid.org\/cp.nunezdebalboa.madrid\/index.php\/wp-json\/wp\/v2\/types\/page"}],"author":[{"embeddable":true,"href":"https:\/\/site.educa.madrid.org\/cp.nunezdebalboa.madrid\/index.php\/wp-json\/wp\/v2\/users\/2"}],"replies":[{"embeddable":true,"href":"https:\/\/site.educa.madrid.org\/cp.nunezdebalboa.madrid\/index.php\/wp-json\/wp\/v2\/comments?post=450"}],"version-history":[{"count":5,"href":"https:\/\/site.educa.madrid.org\/cp.nunezdebalboa.madrid\/index.php\/wp-json\/wp\/v2\/pages\/450\/revisions"}],"predecessor-version":[{"id":2410,"href":"https:\/\/site.educa.madrid.org\/cp.nunezdebalboa.madrid\/index.php\/wp-json\/wp\/v2\/pages\/450\/revisions\/2410"}],"up":[{"embeddable":true,"href":"https:\/\/site.educa.madrid.org\/cp.nunezdebalboa.madrid\/index.php\/wp-json\/wp\/v2\/pages\/180"}],"wp:attachment":[{"href":"https:\/\/site.educa.madrid.org\/cp.nunezdebalboa.madrid\/index.php\/wp-json\/wp\/v2\/media?parent=450"}],"wp:term":[{"taxonomy":"folder","embeddable":true,"href":"https:\/\/site.educa.madrid.org\/cp.nunezdebalboa.madrid\/index.php\/wp-json\/wp\/v2\/folder?post=450"}],"curies":[{"name":"wp","href":"https:\/\/api.w.org\/{rel}","templated":true}]}}