{"id":487,"date":"2020-01-21T11:59:41","date_gmt":"2020-01-21T11:59:41","guid":{"rendered":"https:\/\/site.educa.madrid.org\/cp.nunezdebalboa.madrid\/?page_id=487"},"modified":"2020-01-22T09:52:53","modified_gmt":"2020-01-22T09:52:53","slug":"periodico-del-colegio","status":"publish","type":"page","link":"https:\/\/site.educa.madrid.org\/cp.nunezdebalboa.madrid\/index.php\/periodico-del-colegio\/","title":{"rendered":"Peri\u00f3dico"},"content":{"rendered":"\n<p style=\"font-size:20px\">Nuestros alumnos de 5\u00ba y 6\u00ba de Educaci\u00f3n Primaria se encuentran realizando el peri\u00f3dico escolar.<\/p>\n\n\n\n<p style=\"font-size:20px\">Todas las noticias son escritas y pensadas por ellos.<\/p>\n\n\n\n<p style=\"font-size:20px\">Pod\u00e9is acceder a \u00e9l a trav\u00e9s del siguiente enlace: <a rel=\"noreferrer noopener\" aria-label=\" (abre en una nueva pesta\u00f1a)\" href=\"https:\/\/periodicovasconunez.blogspot.com\/\" target=\"_blank\"><strong>https:\/\/periodicovasconunez.blogspot.com\/<\/strong><\/a><\/p>\n\n\n\n<p style=\"font-size:24px;text-align:center\"><strong>NOS VEMOS EN EL BLOG<\/strong><\/p>\n","protected":false},"excerpt":{"rendered":"<p>Nuestros alumnos de 5\u00ba y 6\u00ba de Educaci\u00f3n Primaria se encuentran realizando el peri\u00f3dico escolar. Todas las noticias son escritas y pensadas por ellos. Pod\u00e9is acceder a \u00e9l a trav\u00e9s del siguiente enlace: https:\/\/periodicovasconunez.blogspot.com\/ NOS VEMOS EN EL BLOG<\/p>\n","protected":false},"author":2,"featured_media":0,"parent":0,"menu_order":0,"comment_status":"closed","ping_status":"closed","template":"","meta":{"footnotes":""},"folder":[],"class_list":["post-487","page","type-page","status-publish","hentry"],"rttpg_featured_image_url":null,"rttpg_author":{"display_name":"tic.cp.nunezdebalboa.madrid","author_link":"https:\/\/site.educa.madrid.org\/cp.nunezdebalboa.madrid\/index.php\/author\/cuenta_tic-cp-nunezdebalboa-madrid\/"},"rttpg_comment":0,"rttpg_category":false,"rttpg_excerpt":"Nuestros alumnos de 5\u00ba y 6\u00ba de Educaci\u00f3n Primaria se encuentran realizando el peri\u00f3dico escolar. Todas las noticias son escritas y pensadas por ellos. Pod\u00e9is acceder a \u00e9l a trav\u00e9s del siguiente enlace: https:\/\/periodicovasconunez.blogspot.com\/ NOS VEMOS EN EL BLOG","post_mailing_queue_ids":[],"_links":{"self":[{"href":"https:\/\/site.educa.madrid.org\/cp.nunezdebalboa.madrid\/index.php\/wp-json\/wp\/v2\/pages\/487","targetHints":{"allow":["GET"]}}],"collection":[{"href":"https:\/\/site.educa.madrid.org\/cp.nunezdebalboa.madrid\/index.php\/wp-json\/wp\/v2\/pages"}],"about":[{"href":"https:\/\/site.educa.madrid.org\/cp.nunezdebalboa.madrid\/index.php\/wp-json\/wp\/v2\/types\/page"}],"author":[{"embeddable":true,"href":"https:\/\/site.educa.madrid.org\/cp.nunezdebalboa.madrid\/index.php\/wp-json\/wp\/v2\/users\/2"}],"replies":[{"embeddable":true,"href":"https:\/\/site.educa.madrid.org\/cp.nunezdebalboa.madrid\/index.php\/wp-json\/wp\/v2\/comments?post=487"}],"version-history":[{"count":8,"href":"https:\/\/site.educa.madrid.org\/cp.nunezdebalboa.madrid\/index.php\/wp-json\/wp\/v2\/pages\/487\/revisions"}],"predecessor-version":[{"id":1250,"href":"https:\/\/site.educa.madrid.org\/cp.nunezdebalboa.madrid\/index.php\/wp-json\/wp\/v2\/pages\/487\/revisions\/1250"}],"wp:attachment":[{"href":"https:\/\/site.educa.madrid.org\/cp.nunezdebalboa.madrid\/index.php\/wp-json\/wp\/v2\/media?parent=487"}],"wp:term":[{"taxonomy":"folder","embeddable":true,"href":"https:\/\/site.educa.madrid.org\/cp.nunezdebalboa.madrid\/index.php\/wp-json\/wp\/v2\/folder?post=487"}],"curies":[{"name":"wp","href":"https:\/\/api.w.org\/{rel}","templated":true}]}}