{"id":61,"date":"2019-12-25T18:08:54","date_gmt":"2019-12-25T18:08:54","guid":{"rendered":"https:\/\/site.educa.madrid.org\/centro.nuevadinamicas10\/?page_id=61"},"modified":"2020-02-14T09:24:05","modified_gmt":"2020-02-14T09:24:05","slug":"__trashed","status":"publish","type":"page","link":"https:\/\/site.educa.madrid.org\/cp.nunezdebalboa.madrid\/index.php\/servicios-2\/__trashed\/","title":{"rendered":"Biblioteca"},"content":{"rendered":"\n<div class=\"wp-block-image\"><figure class=\"alignright is-resized\"><img loading=\"lazy\" decoding=\"async\" src=\"https:\/\/site.educa.madrid.org\/cp.nunezdebalboa.madrid\/\/wp-content\/uploads\/cp.nunezdebalboa.madrid\/2020\/02\/WhatsApp-Image-2020-02-14-at-10.21.54-768x1024.jpeg\" alt=\"\" class=\"wp-image-587\" width=\"157\" height=\"209\" srcset=\"https:\/\/site.educa.madrid.org\/cp.nunezdebalboa.madrid\/\/wp-content\/uploads\/cp.nunezdebalboa.madrid\/2020\/02\/WhatsApp-Image-2020-02-14-at-10.21.54.jpeg 768w, https:\/\/site.educa.madrid.org\/cp.nunezdebalboa.madrid\/\/wp-content\/uploads\/cp.nunezdebalboa.madrid\/2020\/02\/WhatsApp-Image-2020-02-14-at-10.21.54-225x300.jpeg 225w\" sizes=\"auto, (max-width: 157px) 100vw, 157px\" \/><figcaption>rinc\u00f3n de lectura<\/figcaption><\/figure><\/div>\n\n\n\n<p style=\"font-size:20px\">Nuestra biblioteca, a parte de ser un lugar en el que los alumnos puedan ir a leer, cuenta con un espacio en el que se van realizando diferentes actividades como peque\u00f1os teatros, cuentacuentos, t\u00edteres, canap\u00e9s literarios, etc. <\/p>\n\n\n\n<p style=\"font-size:20px\">Cada d\u00eda de la semana, se sube a la biblioteca a un curso para realizar alguna actividad en busca de fomentar la lectura.<\/p>\n","protected":false},"excerpt":{"rendered":"<p>Nuestra biblioteca, a parte de ser un lugar en el que los alumnos puedan ir a leer, cuenta con un espacio en el que se van realizando diferentes actividades como peque\u00f1os teatros, cuentacuentos, t\u00edteres, canap\u00e9s literarios, etc. Cada d\u00eda de la semana, se sube a la biblioteca a un curso para realizar alguna actividad en&#8230;<\/p>\n","protected":false},"author":1,"featured_media":0,"parent":249,"menu_order":1,"comment_status":"closed","ping_status":"closed","template":"","meta":{"footnotes":""},"folder":[],"class_list":["post-61","page","type-page","status-publish","hentry"],"rttpg_featured_image_url":null,"rttpg_author":{"display_name":"jirafa20","author_link":"https:\/\/site.educa.madrid.org\/cp.nunezdebalboa.madrid\/index.php\/author\/educa\/"},"rttpg_comment":0,"rttpg_category":false,"rttpg_excerpt":"Nuestra biblioteca, a parte de ser un lugar en el que los alumnos puedan ir a leer, cuenta con un espacio en el que se van realizando diferentes actividades como peque\u00f1os teatros, cuentacuentos, t\u00edteres, canap\u00e9s literarios, etc. Cada d\u00eda de la semana, se sube a la biblioteca a un curso para realizar alguna actividad en...","post_mailing_queue_ids":[],"_links":{"self":[{"href":"https:\/\/site.educa.madrid.org\/cp.nunezdebalboa.madrid\/index.php\/wp-json\/wp\/v2\/pages\/61","targetHints":{"allow":["GET"]}}],"collection":[{"href":"https:\/\/site.educa.madrid.org\/cp.nunezdebalboa.madrid\/index.php\/wp-json\/wp\/v2\/pages"}],"about":[{"href":"https:\/\/site.educa.madrid.org\/cp.nunezdebalboa.madrid\/index.php\/wp-json\/wp\/v2\/types\/page"}],"author":[{"embeddable":true,"href":"https:\/\/site.educa.madrid.org\/cp.nunezdebalboa.madrid\/index.php\/wp-json\/wp\/v2\/users\/1"}],"replies":[{"embeddable":true,"href":"https:\/\/site.educa.madrid.org\/cp.nunezdebalboa.madrid\/index.php\/wp-json\/wp\/v2\/comments?post=61"}],"version-history":[{"count":5,"href":"https:\/\/site.educa.madrid.org\/cp.nunezdebalboa.madrid\/index.php\/wp-json\/wp\/v2\/pages\/61\/revisions"}],"predecessor-version":[{"id":589,"href":"https:\/\/site.educa.madrid.org\/cp.nunezdebalboa.madrid\/index.php\/wp-json\/wp\/v2\/pages\/61\/revisions\/589"}],"up":[{"embeddable":true,"href":"https:\/\/site.educa.madrid.org\/cp.nunezdebalboa.madrid\/index.php\/wp-json\/wp\/v2\/pages\/249"}],"wp:attachment":[{"href":"https:\/\/site.educa.madrid.org\/cp.nunezdebalboa.madrid\/index.php\/wp-json\/wp\/v2\/media?parent=61"}],"wp:term":[{"taxonomy":"folder","embeddable":true,"href":"https:\/\/site.educa.madrid.org\/cp.nunezdebalboa.madrid\/index.php\/wp-json\/wp\/v2\/folder?post=61"}],"curies":[{"name":"wp","href":"https:\/\/api.w.org\/{rel}","templated":true}]}}