{"id":98,"date":"2019-12-25T18:07:09","date_gmt":"2019-12-25T18:07:09","guid":{"rendered":"https:\/\/site.educa.madrid.org\/cp.nunezdebalboa.madrid\/?page_id=98"},"modified":"2020-02-06T09:33:29","modified_gmt":"2020-02-06T09:33:29","slug":"servicios","status":"publish","type":"page","link":"https:\/\/site.educa.madrid.org\/cp.nunezdebalboa.madrid\/index.php\/servicios-2\/servicios\/","title":{"rendered":"Actividades Extraescolares"},"content":{"rendered":"\n<p style=\"font-size:20px\"><strong>1. Predeporte con inmersi\u00f3n en ingl\u00e9s  <\/strong>      (m\u00e1ximo 15 alumnos)<\/p>\n\n\n\n<p style=\"text-align:center\">Lunes-Mi\u00e9rcoles-Viernes: 4\u00ba, 5\u00ba y 6\u00ba de Educaci\u00f3n Primaria<\/p>\n\n\n\n<p style=\"text-align:center\">Martes-Jueves: 1\u00ba, 2\u00ba, 3\u00ba de Educaci\u00f3n Primaria<\/p>\n\n\n\n<p style=\"font-size:20px;text-align:center\">De <strong>16:00h a 17:00h<\/strong><\/p>\n\n\n\n<div class=\"wp-block-file\"><a href=\"https:\/\/site.educa.madrid.org\/cp.nunezdebalboa.madrid\/\/wp-content\/uploads\/cp.nunezdebalboa.madrid\/2020\/01\/inscripci\u00f3n-predeporte.pdf\" target=\"_blank\" rel=\"noreferrer noopener\">inscripci\u00f3n-predeporte<\/a><a href=\"https:\/\/site.educa.madrid.org\/cp.nunezdebalboa.madrid\/\/wp-content\/uploads\/cp.nunezdebalboa.madrid\/2020\/01\/inscripci\u00f3n-predeporte.pdf\" class=\"wp-block-file__button\" download>Descarga<\/a><\/div>\n\n\n\n<div style=\"height:50px\" aria-hidden=\"true\" class=\"wp-block-spacer\"><\/div>\n\n\n\n<p style=\"font-size:20px\"><strong>2. Baile<\/strong> (m\u00e1ximo 12 alumnos)<\/p>\n\n\n\n<p style=\"text-align:center\">Lunes-Mi\u00e9rcoles-Viernes:  1\u00ba, 2\u00ba, 3\u00ba de Educaci\u00f3n Primaria<\/p>\n\n\n\n<p style=\"text-align:center\">  Martes-Jueves:   4\u00ba, 5\u00ba y 6\u00ba de Educaci\u00f3n Primaria <\/p>\n\n\n\n<p style=\"font-size:20px;text-align:center\"> De <strong>16:00h a 17:00h<\/strong><\/p>\n\n\n\n<div class=\"wp-block-file\"><a href=\"https:\/\/site.educa.madrid.org\/cp.nunezdebalboa.madrid\/\/wp-content\/uploads\/cp.nunezdebalboa.madrid\/2020\/01\/inscripci\u00f3n-baile.pdf\" target=\"_blank\" rel=\"noreferrer noopener\">inscripci\u00f3n-baile<\/a><a href=\"https:\/\/site.educa.madrid.org\/cp.nunezdebalboa.madrid\/\/wp-content\/uploads\/cp.nunezdebalboa.madrid\/2020\/01\/inscripci\u00f3n-baile.pdf\" class=\"wp-block-file__button\" download>Descarga<\/a><\/div>\n\n\n\n<div style=\"height:50px\" aria-hidden=\"true\" class=\"wp-block-spacer\"><\/div>\n\n\n\n<p style=\"font-size:20px\"><strong>3. Audici\u00f3n y lenguaje<\/strong> (grupos de 5 alumnos)<\/p>\n\n\n\n<p style=\"text-align:center\">De lunes a viernes desde los 5 a\u00f1os hasta 6\u00ba de Educaci\u00f3n Primaria<\/p>\n\n\n\n<p style=\"font-size:20px;text-align:center\">  De <strong>16:00h a 17:00h<\/strong><\/p>\n\n\n\n<div class=\"wp-block-file\"><a href=\"https:\/\/site.educa.madrid.org\/cp.nunezdebalboa.madrid\/\/wp-content\/uploads\/cp.nunezdebalboa.madrid\/2020\/01\/inscripci\u00f3n-audici\u00f3n-y-lenguaje.pdf\" target=\"_blank\" rel=\"noreferrer noopener\">inscripci\u00f3n-audici\u00f3n-y-lenguaje<\/a><a href=\"https:\/\/site.educa.madrid.org\/cp.nunezdebalboa.madrid\/\/wp-content\/uploads\/cp.nunezdebalboa.madrid\/2020\/01\/inscripci\u00f3n-audici\u00f3n-y-lenguaje.pdf\" class=\"wp-block-file__button\" download>Descarga<\/a><\/div>\n\n\n\n<div style=\"height:50px\" aria-hidden=\"true\" class=\"wp-block-spacer\"><\/div>\n\n\n\n<p style=\"font-size:20px\"><strong>4. Baloncesto<\/strong><\/p>\n\n\n\n<p style=\"text-align:center\">Los lunes y mi\u00e9rcoles para todas las edades<\/p>\n\n\n\n<p style=\"font-size:20px;text-align:center\">De <strong>13:15h a 14:15h<\/strong> <\/p>\n\n\n\n<div class=\"wp-block-file\"><a href=\"https:\/\/site.educa.madrid.org\/cp.nunezdebalboa.madrid\/\/wp-content\/uploads\/cp.nunezdebalboa.madrid\/2020\/01\/inscripci\u00f3n-baloncesto.pdf\" target=\"_blank\" rel=\"noreferrer noopener\">inscripci\u00f3n-baloncesto<\/a><a href=\"https:\/\/site.educa.madrid.org\/cp.nunezdebalboa.madrid\/\/wp-content\/uploads\/cp.nunezdebalboa.madrid\/2020\/01\/inscripci\u00f3n-baloncesto.pdf\" class=\"wp-block-file__button\" download>Descarga<\/a><\/div>\n\n\n\n<div style=\"height:50px\" aria-hidden=\"true\" class=\"wp-block-spacer\"><\/div>\n\n\n\n<p style=\"font-size:20px;text-align:center\"><strong>TODAS LAS ACTIVIDADES SON GRATUITAS<\/strong><\/p>\n","protected":false},"excerpt":{"rendered":"<p>1. Predeporte con inmersi\u00f3n en ingl\u00e9s (m\u00e1ximo 15 alumnos) Lunes-Mi\u00e9rcoles-Viernes: 4\u00ba, 5\u00ba y 6\u00ba de Educaci\u00f3n Primaria Martes-Jueves: 1\u00ba, 2\u00ba, 3\u00ba de Educaci\u00f3n Primaria De 16:00h a 17:00h 2. Baile (m\u00e1ximo 12 alumnos) Lunes-Mi\u00e9rcoles-Viernes: 1\u00ba, 2\u00ba, 3\u00ba de Educaci\u00f3n Primaria Martes-Jueves: 4\u00ba, 5\u00ba y 6\u00ba de Educaci\u00f3n Primaria De 16:00h a 17:00h 3. Audici\u00f3n y&#8230;<\/p>\n","protected":false},"author":2,"featured_media":0,"parent":249,"menu_order":3,"comment_status":"closed","ping_status":"closed","template":"","meta":{"footnotes":""},"folder":[],"class_list":["post-98","page","type-page","status-publish","hentry"],"rttpg_featured_image_url":null,"rttpg_author":{"display_name":"tic.cp.nunezdebalboa.madrid","author_link":"https:\/\/site.educa.madrid.org\/cp.nunezdebalboa.madrid\/index.php\/author\/cuenta_tic-cp-nunezdebalboa-madrid\/"},"rttpg_comment":0,"rttpg_category":false,"rttpg_excerpt":"1. Predeporte con inmersi\u00f3n en ingl\u00e9s (m\u00e1ximo 15 alumnos) Lunes-Mi\u00e9rcoles-Viernes: 4\u00ba, 5\u00ba y 6\u00ba de Educaci\u00f3n Primaria Martes-Jueves: 1\u00ba, 2\u00ba, 3\u00ba de Educaci\u00f3n Primaria De 16:00h a 17:00h 2. Baile (m\u00e1ximo 12 alumnos) Lunes-Mi\u00e9rcoles-Viernes: 1\u00ba, 2\u00ba, 3\u00ba de Educaci\u00f3n Primaria Martes-Jueves: 4\u00ba, 5\u00ba y 6\u00ba de Educaci\u00f3n Primaria De 16:00h a 17:00h 3. Audici\u00f3n y...","post_mailing_queue_ids":[],"_links":{"self":[{"href":"https:\/\/site.educa.madrid.org\/cp.nunezdebalboa.madrid\/index.php\/wp-json\/wp\/v2\/pages\/98","targetHints":{"allow":["GET"]}}],"collection":[{"href":"https:\/\/site.educa.madrid.org\/cp.nunezdebalboa.madrid\/index.php\/wp-json\/wp\/v2\/pages"}],"about":[{"href":"https:\/\/site.educa.madrid.org\/cp.nunezdebalboa.madrid\/index.php\/wp-json\/wp\/v2\/types\/page"}],"author":[{"embeddable":true,"href":"https:\/\/site.educa.madrid.org\/cp.nunezdebalboa.madrid\/index.php\/wp-json\/wp\/v2\/users\/2"}],"replies":[{"embeddable":true,"href":"https:\/\/site.educa.madrid.org\/cp.nunezdebalboa.madrid\/index.php\/wp-json\/wp\/v2\/comments?post=98"}],"version-history":[{"count":13,"href":"https:\/\/site.educa.madrid.org\/cp.nunezdebalboa.madrid\/index.php\/wp-json\/wp\/v2\/pages\/98\/revisions"}],"predecessor-version":[{"id":579,"href":"https:\/\/site.educa.madrid.org\/cp.nunezdebalboa.madrid\/index.php\/wp-json\/wp\/v2\/pages\/98\/revisions\/579"}],"up":[{"embeddable":true,"href":"https:\/\/site.educa.madrid.org\/cp.nunezdebalboa.madrid\/index.php\/wp-json\/wp\/v2\/pages\/249"}],"wp:attachment":[{"href":"https:\/\/site.educa.madrid.org\/cp.nunezdebalboa.madrid\/index.php\/wp-json\/wp\/v2\/media?parent=98"}],"wp:term":[{"taxonomy":"folder","embeddable":true,"href":"https:\/\/site.educa.madrid.org\/cp.nunezdebalboa.madrid\/index.php\/wp-json\/wp\/v2\/folder?post=98"}],"curies":[{"name":"wp","href":"https:\/\/api.w.org\/{rel}","templated":true}]}}