{"id":113,"date":"2022-05-30T16:22:35","date_gmt":"2022-05-30T14:22:35","guid":{"rendered":"https:\/\/site.educa.madrid.org\/cp.paraguay.madrid\/?page_id=113"},"modified":"2026-02-17T10:42:00","modified_gmt":"2026-02-17T09:42:00","slug":"profesores","status":"publish","type":"page","link":"https:\/\/site.educa.madrid.org\/cp.paraguay.madrid\/index.php\/inicio\/quienes-somos\/profesores\/","title":{"rendered":"Profesores"},"content":{"rendered":"\n<p><\/p>\n\n\n\n<h2 class=\"wp-block-heading has-white-color has-text-color has-background has-large-font-size\" style=\"background-color:#44a8c3\">Nuestro equipo directivo<\/h2>\n\n\n\n<div class=\"wp-block-columns are-vertically-aligned-center is-layout-flex wp-container-core-columns-is-layout-9d6595d7 wp-block-columns-is-layout-flex\">\n<div class=\"wp-block-column is-layout-flow wp-block-column-is-layout-flow\"><div class=\"wp-block-image\">\n<figure class=\"aligncenter size-full\"><img loading=\"lazy\" decoding=\"async\" width=\"313\" height=\"313\" src=\"https:\/\/site.educa.madrid.org\/cp.paraguay.madrid\/\/wp-content\/uploads\/cp.paraguay.madrid\/2022\/05\/icon-02.png\" alt=\"Ilustraci\u00f3n de se\u00f1or\" class=\"wp-image-236\" srcset=\"https:\/\/site.educa.madrid.org\/cp.paraguay.madrid\/\/wp-content\/uploads\/cp.paraguay.madrid\/2022\/05\/icon-02.png 313w, https:\/\/site.educa.madrid.org\/cp.paraguay.madrid\/\/wp-content\/uploads\/cp.paraguay.madrid\/2022\/05\/icon-02-300x300.png 300w, https:\/\/site.educa.madrid.org\/cp.paraguay.madrid\/\/wp-content\/uploads\/cp.paraguay.madrid\/2022\/05\/icon-02-150x150.png 150w, https:\/\/site.educa.madrid.org\/cp.paraguay.madrid\/\/wp-content\/uploads\/cp.paraguay.madrid\/2022\/05\/icon-02-100x100.png 100w\" sizes=\"auto, (max-width: 313px) 100vw, 313px\" \/><figcaption class=\"wp-element-caption\">Fernando Nicol\u00e1s D\u00e1vila<br><strong>Director<br><\/strong><img loading=\"lazy\" decoding=\"async\" width=\"261\" height=\"19\" src=\"https:\/\/site.educa.madrid.org\/cp.paraguay.madrid\/\/wp-content\/uploads\/cp.paraguay.madrid\/2024\/01\/Sin-titulo-1.png\" alt=\"\">&nbsp;<br><br><br><\/figcaption><\/figure>\n<\/div><\/div>\n\n\n\n<div class=\"wp-block-column is-layout-flow wp-block-column-is-layout-flow\"><div class=\"wp-block-image\">\n<figure class=\"aligncenter size-full is-resized\"><img loading=\"lazy\" decoding=\"async\" width=\"313\" height=\"313\" src=\"https:\/\/site.educa.madrid.org\/cp.paraguay.madrid\/\/wp-content\/uploads\/cp.paraguay.madrid\/2022\/05\/icon-03.png\" alt=\"Ilustraci\u00f3n de se\u00f1or\" class=\"wp-image-237\" style=\"width:-64px;height:-64px\" srcset=\"https:\/\/site.educa.madrid.org\/cp.paraguay.madrid\/\/wp-content\/uploads\/cp.paraguay.madrid\/2022\/05\/icon-03.png 313w, https:\/\/site.educa.madrid.org\/cp.paraguay.madrid\/\/wp-content\/uploads\/cp.paraguay.madrid\/2022\/05\/icon-03-300x300.png 300w, https:\/\/site.educa.madrid.org\/cp.paraguay.madrid\/\/wp-content\/uploads\/cp.paraguay.madrid\/2022\/05\/icon-03-150x150.png 150w, https:\/\/site.educa.madrid.org\/cp.paraguay.madrid\/\/wp-content\/uploads\/cp.paraguay.madrid\/2022\/05\/icon-03-100x100.png 100w\" sizes=\"auto, (max-width: 313px) 100vw, 313px\" \/><figcaption class=\"wp-element-caption\">Jos\u00e9 Manuel Ru\u00edz Jim\u00e9nez<br><br><strong>Secretario<\/strong><br><img decoding=\"async\" src=\"https:\/\/site.educa.madrid.org\/cp.paraguay.madrid\/\/wp-content\/uploads\/cp.paraguay.madrid\/2024\/01\/Sin-titulo-6.png\" alt=\"\"><br><\/figcaption><\/figure>\n<\/div><\/div>\n\n\n\n<div class=\"wp-block-column is-layout-flow wp-block-column-is-layout-flow\"><div class=\"wp-block-image\">\n<figure class=\"aligncenter size-full\"><img loading=\"lazy\" decoding=\"async\" width=\"313\" height=\"313\" src=\"https:\/\/site.educa.madrid.org\/cp.paraguay.madrid\/\/wp-content\/uploads\/cp.paraguay.madrid\/2023\/11\/jefa-estudios-1.png\" alt=\"\" class=\"wp-image-1597\" srcset=\"https:\/\/site.educa.madrid.org\/cp.paraguay.madrid\/\/wp-content\/uploads\/cp.paraguay.madrid\/2023\/11\/jefa-estudios-1.png 313w, https:\/\/site.educa.madrid.org\/cp.paraguay.madrid\/\/wp-content\/uploads\/cp.paraguay.madrid\/2023\/11\/jefa-estudios-1-300x300.png 300w, https:\/\/site.educa.madrid.org\/cp.paraguay.madrid\/\/wp-content\/uploads\/cp.paraguay.madrid\/2023\/11\/jefa-estudios-1-150x150.png 150w, https:\/\/site.educa.madrid.org\/cp.paraguay.madrid\/\/wp-content\/uploads\/cp.paraguay.madrid\/2023\/11\/jefa-estudios-1-230x230.png 230w\" sizes=\"auto, (max-width: 313px) 100vw, 313px\" \/><\/figure>\n<\/div>\n\n\n<p class=\"has-text-align-center\">Isabel Vega Rodr\u00edguez<br><strong>Jefa de estudios<\/strong><\/p>\n\n\n\n<figure class=\"wp-block-image size-full is-resized\"><img loading=\"lazy\" decoding=\"async\" width=\"648\" height=\"49\" src=\"https:\/\/site.educa.madrid.org\/cp.paraguay.madrid\/\/wp-content\/uploads\/cp.paraguay.madrid\/2024\/01\/Sin-titulo-7.png\" alt=\"\" class=\"wp-image-1763\" style=\"width:364px;height:27px\" srcset=\"https:\/\/site.educa.madrid.org\/cp.paraguay.madrid\/\/wp-content\/uploads\/cp.paraguay.madrid\/2024\/01\/Sin-titulo-7.png 648w, https:\/\/site.educa.madrid.org\/cp.paraguay.madrid\/\/wp-content\/uploads\/cp.paraguay.madrid\/2024\/01\/Sin-titulo-7-300x23.png 300w, https:\/\/site.educa.madrid.org\/cp.paraguay.madrid\/\/wp-content\/uploads\/cp.paraguay.madrid\/2024\/01\/Sin-titulo-7-230x17.png 230w, https:\/\/site.educa.madrid.org\/cp.paraguay.madrid\/\/wp-content\/uploads\/cp.paraguay.madrid\/2024\/01\/Sin-titulo-7-350x26.png 350w, https:\/\/site.educa.madrid.org\/cp.paraguay.madrid\/\/wp-content\/uploads\/cp.paraguay.madrid\/2024\/01\/Sin-titulo-7-480x36.png 480w\" sizes=\"auto, (max-width: 648px) 100vw, 648px\" \/><\/figure>\n<\/div>\n<\/div>\n\n\n\n<h2 class=\"wp-block-heading has-white-color has-text-color has-background\" style=\"background-color:#44a8c3\">Equipo docente<\/h2>\n\n\n\n<div class=\"wp-block-group\"><div class=\"wp-block-group__inner-container is-layout-flow wp-block-group-is-layout-flow\">\n<figure class=\"wp-block-gallery has-nested-images columns-default is-cropped wp-block-gallery-1 is-layout-flex wp-block-gallery-is-layout-flex\">\n<figure class=\"wp-block-image size-large\"><img loading=\"lazy\" decoding=\"async\" width=\"1024\" height=\"768\" data-id=\"360\" src=\"https:\/\/site.educa.madrid.org\/cp.paraguay.madrid\/\/wp-content\/uploads\/cp.paraguay.madrid\/2022\/05\/clay-banks-LjqARJaJotc-unsplash-1024x768.jpg\" alt=\"cinco manos sobre una mesa\" class=\"wp-image-360\" srcset=\"https:\/\/site.educa.madrid.org\/cp.paraguay.madrid\/\/wp-content\/uploads\/cp.paraguay.madrid\/2022\/05\/clay-banks-LjqARJaJotc-unsplash-1024x768.jpg 1024w, https:\/\/site.educa.madrid.org\/cp.paraguay.madrid\/\/wp-content\/uploads\/cp.paraguay.madrid\/2022\/05\/clay-banks-LjqARJaJotc-unsplash-300x225.jpg 300w, https:\/\/site.educa.madrid.org\/cp.paraguay.madrid\/\/wp-content\/uploads\/cp.paraguay.madrid\/2022\/05\/clay-banks-LjqARJaJotc-unsplash-768x576.jpg 768w, https:\/\/site.educa.madrid.org\/cp.paraguay.madrid\/\/wp-content\/uploads\/cp.paraguay.madrid\/2022\/05\/clay-banks-LjqARJaJotc-unsplash-1536x1152.jpg 1536w, https:\/\/site.educa.madrid.org\/cp.paraguay.madrid\/\/wp-content\/uploads\/cp.paraguay.madrid\/2022\/05\/clay-banks-LjqARJaJotc-unsplash.jpg 1920w\" sizes=\"auto, (max-width: 1024px) 100vw, 1024px\" \/><\/figure>\n<\/figure>\n<\/div><\/div>\n\n\n\n<p>El Claustro est\u00e1 formado por una plantilla de <strong>17 profesores: tutoras de Ed. Infantil y Primaria; especialistas en M\u00fasica, Educaci\u00f3n F\u00edsica, Ingl\u00e9s, Religi\u00f3n Cat\u00f3lica, Pedagog\u00eda Terap\u00e9utica, Audici\u00f3n y Lenguaje.<\/strong><\/p>\n\n\n\n<p>Se trata de una plantilla de docentes con destino definitivo en el centro, lo que nos permite dar <strong>continuidad a proyectos y directrices pedag\u00f3gicas<\/strong> as\u00ed como a desarrollar la <strong>innovaci\u00f3n educativa<\/strong> necesaria para dar respuesta a las demandas que nos exigen los continuos y r\u00e1pidos cambios que se producen hoy en d\u00eda.<\/p>\n\n\n\n<ul class=\"wp-block-list\">\n<li><strong>&nbsp;Tutores de Educaci\u00f3n Infantil<\/strong><\/li>\n<\/ul>\n\n\n\n<figure class=\"wp-block-table\"><table><tbody><tr><td class=\"has-text-align-center\" data-align=\"center\">Infantil 3 a\u00f1os<\/td><td class=\"has-text-align-center\" data-align=\"center\"><a href=\"mailto:evangelina.segoviaorozco@educa.madrid.org\">lucia.hernanzpena@educa.madrid.org<\/a><\/td><\/tr><tr><td class=\"has-text-align-center\" data-align=\"center\">Infantil 4 a\u00f1os<\/td><td class=\"has-text-align-center\" data-align=\"center\"><a href=\"mailto:eva.collado@educa.madrid.org\" data-type=\"mailto\" data-id=\"mailto:eva.collado@educa.madrid.org\">laura.maganolozano@educa.madrid.org<\/a><\/td><\/tr><tr><td class=\"has-text-align-center\" data-align=\"center\">Infantil 5 a\u00f1os<\/td><td class=\"has-text-align-center\" data-align=\"center\"><a href=\"mailto:alicia.garcia156@educa.madrid.org\" data-type=\"mailto\" data-id=\"mailto:alicia.garcia156@educa.madrid.org\">eva.collado@educa.madrid.org<\/a><\/td><\/tr><\/tbody><\/table><\/figure>\n\n\n\n<ul class=\"wp-block-list\">\n<li><strong>Tutores de Educaci\u00f3n Primaria<\/strong><\/li>\n<\/ul>\n\n\n\n<figure class=\"wp-block-table\"><table><tbody><tr><td class=\"has-text-align-center\" data-align=\"center\">1\u00ba de Educaci\u00f3n Primaria<\/td><td class=\"has-text-align-center\" data-align=\"center\"><a href=\"mailto:aivillar@educa.madrid.org\">belen.revengasantisteban@educa.madrid.org<\/a><\/td><\/tr><tr><td class=\"has-text-align-center\" data-align=\"center\">2\u00ba de Educaci\u00f3n Primaria<\/td><td class=\"has-text-align-center\" data-align=\"center\"><a href=\"mailto:belen.revengasantisteban@educa.madrid.org\" data-type=\"mailto\" data-id=\"mailto:belen.revengasantisteban@educa.madrid.org\">fernando.garcialuque@educa.madrid.org<\/a><\/td><\/tr><tr><td class=\"has-text-align-center\" data-align=\"center\">3\u00ba de Educaci\u00f3n Primaria<\/td><td class=\"has-text-align-center\" data-align=\"center\"><a href=\"mailto:elena.morales@educa.madrid.org\" data-type=\"mailto\" data-id=\"mailto:elena.morales@educa.madrid.org\">astrid.martinez1@educa.madrid.org<\/a><\/td><\/tr><tr><td class=\"has-text-align-center\" data-align=\"center\">4\u00ba de Educaci\u00f3n Primaria<\/td><td class=\"has-text-align-center\" data-align=\"center\"><a href=\"mailto:nalvarezlorenzo@educa.madrid.org\" data-type=\"mailto\" data-id=\"mailto:nalvarezlorenzo@educa.madrid.org\">elena.morales@educa.madrid.org<\/a><\/td><\/tr><tr><td class=\"has-text-align-center\" data-align=\"center\">5\u00ba de Educaci\u00f3n Primaria<\/td><td class=\"has-text-align-center\" data-align=\"center\"><a href=\"mailto:ruben.sanchezolivarea@educa.madrid.org\">lsanchezcontreras@educa.madrid.org<\/a><\/td><\/tr><tr><td class=\"has-text-align-center\" data-align=\"center\">6\u00ba de Educaci\u00f3n Primaria<\/td><td class=\"has-text-align-center\" data-align=\"center\"><a href=\"mailto:ildefonso.alcaide@educa.madrid.org\" data-type=\"mailto\" data-id=\"mailto:ildefonso.alcaide@educa.madrid.org\">miguel.simonmaroto@educa.madrid.org<\/a><\/td><\/tr><\/tbody><\/table><figcaption class=\"wp-element-caption\"><strong>&nbsp; <\/strong><\/figcaption><\/figure>\n\n\n\n<ul class=\"wp-block-list\">\n<li><strong>Educaci\u00f3n Art\u00edstica<\/strong><\/li>\n<\/ul>\n\n\n\n<figure class=\"wp-block-table\"><table><tbody><tr><td class=\"has-text-align-center\" data-align=\"center\">&nbsp;&nbsp; Fernando Garc\u00eda Luque<\/td><td class=\"has-text-align-center\" data-align=\"center\">&nbsp;<a href=\"mailto:elisa.carretero@educa.madrid.org\">fernando.garcialuque@educa.madrid.org<\/a><\/td><\/tr><\/tbody><\/table><\/figure>\n\n\n\n<ul class=\"wp-block-list\">\n<li><strong>Educaci\u00f3n F\u00edsica<\/strong><\/li>\n<\/ul>\n\n\n\n<figure class=\"wp-block-table\"><table><tbody><tr><td class=\"has-text-align-center\" data-align=\"center\">Fernando Nicol\u00e1s D\u00e1vila<\/td><td class=\"has-text-align-center\" data-align=\"center\"><a href=\"mailto:fnicolasdavila@educa.madrid.org\">fnicolasdavila@educa.madrid.org<\/a><\/td><\/tr><tr><td class=\"has-text-align-center\" data-align=\"center\">Isabel Vega Rodr\u00edguez<\/td><td class=\"has-text-align-center\" data-align=\"center\"><a href=\"mailto:ivegarodiguez@educa.madrid.org\">ivegarodiguez@educa.madrid.org<\/a><\/td><\/tr><tr><td class=\"has-text-align-center\" data-align=\"center\">Jos\u00e9 Manuel Ru\u00edz Jim\u00e9nez<\/td><td class=\"has-text-align-center\" data-align=\"center\"><a href=\"mailto:jruizjimenez@educa.madrid.org\">jruizjimenez@educa.madrid.org<\/a><\/td><\/tr><\/tbody><\/table><\/figure>\n\n\n\n<ul class=\"wp-block-list\">\n<li><strong>Religi\u00f3n<\/strong><\/li>\n<\/ul>\n\n\n\n<figure class=\"wp-block-table\"><table><tbody><tr><td class=\"has-text-align-center\" data-align=\"center\">Elena Zabal Preciado<\/td><td class=\"has-text-align-center\" data-align=\"center\"><a href=\"mailto:elena.zabalpreciado@educa.madrid.org\">elena.zabalpreciado@educa.madrid.org<\/a><\/td><\/tr><\/tbody><\/table><\/figure>\n\n\n\n<ul class=\"wp-block-list\">\n<li><strong>Apoyo<\/strong><\/li>\n<\/ul>\n\n\n\n<figure class=\"wp-block-table\"><table class=\"has-fixed-layout\"><tbody><tr><td class=\"has-text-align-center\" data-align=\"center\">Ana Isabel Villar Rico<\/td><td class=\"has-text-align-center\" data-align=\"center\"><a href=\"mailto:iarranzlopez@educa.madrid.org\">aivillar@educa.madrid.org<\/a><\/td><\/tr><\/tbody><\/table><\/figure>\n\n\n\n<p><strong>Plan Territoral de Mejora de la Competencia Lectora <\/strong><\/p>\n\n\n\n<figure class=\"wp-block-table\"><table class=\"has-fixed-layout\"><tbody><tr><td class=\"has-text-align-center\" data-align=\"center\">Daniela Posada Fonseca<\/td><td class=\"has-text-align-center\" data-align=\"center\"><a href=\"mailto:iarranzlopez@educa.madrid.org\">dpf535@educa.madrid.org<\/a><\/td><\/tr><\/tbody><\/table><\/figure>\n\n\n\n<ul class=\"wp-block-list\">\n<li><strong>Compensatoria<\/strong><\/li>\n<\/ul>\n\n\n\n<figure class=\"wp-block-table\"><table><tbody><tr><td class=\"has-text-align-center\" data-align=\"center\">Irene Arranz L\u00f3pez<\/td><td class=\"has-text-align-center\" data-align=\"center\"><a href=\"mailto:iarranzlopez@educa.madrid.org\">iarranzlopez@educa.madrid.org<\/a><\/td><\/tr><\/tbody><\/table><\/figure>\n\n\n\n<h2 class=\"wp-block-heading has-white-color has-text-color has-background\" style=\"background-color:#44a8c3\">Equipo de Orientaci\u00f3n Educativa y Psicopedag\u00f3gica<\/h2>\n\n\n\n<p>Nuestro <strong>Equipo de Orientaci\u00f3n Educativa y Psicopedag\u00f3gica<\/strong> lleva a cabo las actuaciones dirigidas a <strong>analizar las necesidades <\/strong>globales e individuales de todos los alumnos y <strong>detectar <\/strong>a los alumnos con necesidades educativas especiales, con dificultades espec\u00edficas de aprendizaje o con altas capacidades para proporcionarles apoyo desde edades muy tempranas.<\/p>\n\n\n\n<p>Nuestro trabajo se desarrolla en<strong> tres \u00e1mbitos<\/strong> simult\u00e1neamente:<\/p>\n\n\n\n<ul class=\"wp-block-list\">\n<li><strong>Asesoramiento de equipos educativos <\/strong>en la elaboraci\u00f3n, desarrollo y evaluaci\u00f3n de proyectos educativos en general y de adaptaciones curriculares individuales en particular.<\/li>\n\n\n\n<li><strong>Apoyo a los alumnos <\/strong>partiendo desde sus necesidades globales e individuales prestando especial atenci\u00f3n a la prevenci\u00f3n, detecci\u00f3n y evaluaci\u00f3n psicopedag\u00f3gica de los alumnos con NEE.<\/li>\n\n\n\n<li><strong>Asesoramiento a las familias<\/strong> sobre las estrategias para afrontar las dificultades que puedan presentar sus hijos a lo largo de todo el periodo de escolarizaci\u00f3n.<\/li>\n<\/ul>\n\n\n\n<p><strong>Forman parte del EOEP:<\/strong><\/p>\n\n\n\n<ul class=\"wp-block-list\">\n<li>Orientadora<\/li>\n\n\n\n<li>T\u00e9cnico Superior de Servios a la Comunidad<\/li>\n<\/ul>\n\n\n\n<p>En el centro se establece un Equipo de Intervenci\u00f3n en el que el EOEP se coordina con <strong>el Equipo Directivo<\/strong>, las maestras tutoras y especialistas en <strong>Audici\u00f3n y Lenguaje<\/strong> y <strong>Pedagog\u00eda Terap\u00e9utica.<\/strong><\/p>\n\n\n\n<p><strong>Nuestro horario de atenci\u00f3n a las familias:<\/strong> todos los martes de 14:00 a 15:00h.<\/p>\n\n\n\n<ul class=\"wp-block-list\">\n<li><strong>Pedagog\u00eda Terap\u00e9utica<\/strong><\/li>\n<\/ul>\n\n\n\n<figure class=\"wp-block-table\"><table><tbody><tr><td class=\"has-text-align-center\" data-align=\"center\">Jessica Pinilla Jim\u00e9nez<\/td><td class=\"has-text-align-center\" data-align=\"center\"><a href=\"mailto:jpinillajimenez@educa.madrid.org\">jpinillajimenez@educa.madrid.org<\/a><\/td><\/tr><tr><td class=\"has-text-align-center\" data-align=\"center\">Sandra Matallana Ruiz Valdepe\u00f1as<\/td><td class=\"has-text-align-center\" data-align=\"center\"><a href=\"mailto:sandra.mrv@educa.madrid.org\">sandra.mrv@educa.madrid.org<\/a><\/td><\/tr><\/tbody><\/table><\/figure>\n\n\n\n<ul class=\"wp-block-list\">\n<li><strong>Equipo de Orientaci\u00f3n y Trabajadora Social<\/strong><\/li>\n<\/ul>\n\n\n\n<figure class=\"wp-block-table\"><table><tbody><tr><td class=\"has-text-align-center\" data-align=\"center\">Jos\u00e9 Pedro Garc\u00eda Morato (Orientador)<\/td><td class=\"has-text-align-center\" data-align=\"center\"><a href=\"mailto:azucena.ponce@educa.madrid.org\">jpgarciamorato@educa.madrid.org<\/a><\/td><\/tr><tr><td class=\"has-text-align-center\" data-align=\"center\">Carolina Ruiz Fern\u00e1ndez (PSC)<\/td><td class=\"has-text-align-center\" data-align=\"center\"><a href=\"mailto:carolina.ruizfernandez@educa.madrid.org\">carolina.ruizfernandez@educa.madrid.org<\/a><\/td><\/tr><\/tbody><\/table><\/figure>\n\n\n\n<ul class=\"wp-block-list\">\n<li><strong>Audici\u00f3n y Lenguaje<\/strong><\/li>\n<\/ul>\n\n\n\n<figure class=\"wp-block-table\"><table><tbody><tr><td class=\"has-text-align-center\" data-align=\"center\">Adelaida Maroto Benito<\/td><td class=\"has-text-align-center\" data-align=\"center\"><a href=\"mailto:marta.berlanga1@educa.madrid.org\">amaroto@educa.madrid.org<\/a><\/td><\/tr><\/tbody><\/table><\/figure>\n\n\n\n<div class=\"wp-block-columns is-layout-flex wp-container-core-columns-is-layout-9d6595d7 wp-block-columns-is-layout-flex\">\n<div class=\"wp-block-column is-layout-flow wp-block-column-is-layout-flow\" style=\"flex-basis:25%\"><div class=\"wp-block-image\">\n<figure class=\"aligncenter size-full\"><img loading=\"lazy\" decoding=\"async\" width=\"313\" height=\"313\" src=\"https:\/\/site.educa.madrid.org\/cp.paraguay.madrid\/\/wp-content\/uploads\/cp.paraguay.madrid\/2022\/05\/icon-01.png\" alt=\"ilustraci\u00f3n se\u00f1ora\" class=\"wp-image-235\" srcset=\"https:\/\/site.educa.madrid.org\/cp.paraguay.madrid\/\/wp-content\/uploads\/cp.paraguay.madrid\/2022\/05\/icon-01.png 313w, https:\/\/site.educa.madrid.org\/cp.paraguay.madrid\/\/wp-content\/uploads\/cp.paraguay.madrid\/2022\/05\/icon-01-300x300.png 300w, https:\/\/site.educa.madrid.org\/cp.paraguay.madrid\/\/wp-content\/uploads\/cp.paraguay.madrid\/2022\/05\/icon-01-150x150.png 150w, https:\/\/site.educa.madrid.org\/cp.paraguay.madrid\/\/wp-content\/uploads\/cp.paraguay.madrid\/2022\/05\/icon-01-100x100.png 100w\" sizes=\"auto, (max-width: 313px) 100vw, 313px\" \/><\/figure>\n<\/div><\/div>\n\n\n\n<div class=\"wp-block-column is-layout-flow wp-block-column-is-layout-flow\" style=\"flex-basis:50%\">\n<p><strong>Horario de profesores y tutores<\/strong><\/p>\n\n\n\n<ul style=\"background-color:#c8eaf0\" class=\"wp-block-list has-background\">\n<li>Con el fin de que los padres\/madres y tutores legales puedan estar informados sobre el proceso educativo de sus hijos, rogamos solicitar fecha de cita con el tutor\/a en los d\u00edas asignados para ello, los martes de <strong>14:00h a 15:00h.<\/strong><\/li>\n\n\n\n<li>Esta cita podr\u00e1n solicitarla a trav\u00e9s de la agenda escolar del alumno, tel\u00e9fono o correo electr\u00f3nico.<\/li>\n\n\n\n<li>En ning\u00fan momento el tutor\/a o profesor atender\u00e1 a las familias a la entrada ni salida del colegio sin cita previa.<\/li>\n\n\n\n<li>Cualquier cita con un profesor distinto del tutor, se realizara a trav\u00e9s de los medios de comunicaci\u00f3n anteriormente mencionados y siempre informando al tutor \/a de dicha entrevista.<\/li>\n<\/ul>\n<\/div>\n\n\n\n<div class=\"wp-block-column is-layout-flow wp-block-column-is-layout-flow\" style=\"flex-basis:25%\"><\/div>\n<\/div>\n","protected":false},"excerpt":{"rendered":"<p>Nuestro equipo directivo Isabel Vega Rodr\u00edguezJefa de estudios Equipo docente El Claustro est\u00e1 formado por una plantilla de 17 profesores: tutoras de [&hellip;]<\/p>\n","protected":false},"author":6,"featured_media":0,"parent":112,"menu_order":0,"comment_status":"closed","ping_status":"closed","template":"","meta":{"footnotes":""},"folder":[],"class_list":["post-113","page","type-page","status-publish","hentry"],"rttpg_featured_image_url":null,"rttpg_author":{"display_name":"Cuenta Admin-educamadrid","author_link":"https:\/\/site.educa.madrid.org\/cp.paraguay.madrid\/index.php\/author\/cuenta_admin-educamadrid\/"},"rttpg_comment":0,"rttpg_category":false,"rttpg_excerpt":"Nuestro equipo directivo Isabel Vega Rodr\u00edguezJefa de estudios Equipo docente El Claustro est\u00e1 formado por una plantilla de 17 profesores: tutoras de [&hellip;]","post_mailing_queue_ids":[],"_links":{"self":[{"href":"https:\/\/site.educa.madrid.org\/cp.paraguay.madrid\/index.php\/wp-json\/wp\/v2\/pages\/113","targetHints":{"allow":["GET"]}}],"collection":[{"href":"https:\/\/site.educa.madrid.org\/cp.paraguay.madrid\/index.php\/wp-json\/wp\/v2\/pages"}],"about":[{"href":"https:\/\/site.educa.madrid.org\/cp.paraguay.madrid\/index.php\/wp-json\/wp\/v2\/types\/page"}],"author":[{"embeddable":true,"href":"https:\/\/site.educa.madrid.org\/cp.paraguay.madrid\/index.php\/wp-json\/wp\/v2\/users\/6"}],"replies":[{"embeddable":true,"href":"https:\/\/site.educa.madrid.org\/cp.paraguay.madrid\/index.php\/wp-json\/wp\/v2\/comments?post=113"}],"version-history":[{"count":48,"href":"https:\/\/site.educa.madrid.org\/cp.paraguay.madrid\/index.php\/wp-json\/wp\/v2\/pages\/113\/revisions"}],"predecessor-version":[{"id":2054,"href":"https:\/\/site.educa.madrid.org\/cp.paraguay.madrid\/index.php\/wp-json\/wp\/v2\/pages\/113\/revisions\/2054"}],"up":[{"embeddable":true,"href":"https:\/\/site.educa.madrid.org\/cp.paraguay.madrid\/index.php\/wp-json\/wp\/v2\/pages\/112"}],"wp:attachment":[{"href":"https:\/\/site.educa.madrid.org\/cp.paraguay.madrid\/index.php\/wp-json\/wp\/v2\/media?parent=113"}],"wp:term":[{"taxonomy":"folder","embeddable":true,"href":"https:\/\/site.educa.madrid.org\/cp.paraguay.madrid\/index.php\/wp-json\/wp\/v2\/folder?post=113"}],"curies":[{"name":"wp","href":"https:\/\/api.w.org\/{rel}","templated":true}]}}