{"id":114,"date":"2022-05-30T16:22:35","date_gmt":"2022-05-30T14:22:35","guid":{"rendered":"https:\/\/site.educa.madrid.org\/cp.paraguay.madrid\/?page_id=114"},"modified":"2026-02-17T11:10:56","modified_gmt":"2026-02-17T10:10:56","slug":"alumnos","status":"publish","type":"page","link":"https:\/\/site.educa.madrid.org\/cp.paraguay.madrid\/index.php\/inicio\/quienes-somos\/alumnos\/","title":{"rendered":"Alumnos"},"content":{"rendered":"\n<figure class=\"wp-block-gallery has-nested-images columns-default is-cropped wp-block-gallery-1 is-layout-flex wp-block-gallery-is-layout-flex\">\n<figure class=\"wp-block-image size-full\"><img loading=\"lazy\" decoding=\"async\" width=\"640\" height=\"480\" data-id=\"2057\" src=\"https:\/\/site.educa.madrid.org\/cp.paraguay.madrid\/\/wp-content\/uploads\/cp.paraguay.madrid\/2026\/02\/COMIC1.jpg\" alt=\"\" class=\"wp-image-2057\" srcset=\"https:\/\/site.educa.madrid.org\/cp.paraguay.madrid\/\/wp-content\/uploads\/cp.paraguay.madrid\/2026\/02\/COMIC1.jpg 640w, https:\/\/site.educa.madrid.org\/cp.paraguay.madrid\/\/wp-content\/uploads\/cp.paraguay.madrid\/2026\/02\/COMIC1-300x225.jpg 300w, https:\/\/site.educa.madrid.org\/cp.paraguay.madrid\/\/wp-content\/uploads\/cp.paraguay.madrid\/2026\/02\/COMIC1-230x173.jpg 230w, https:\/\/site.educa.madrid.org\/cp.paraguay.madrid\/\/wp-content\/uploads\/cp.paraguay.madrid\/2026\/02\/COMIC1-350x263.jpg 350w, https:\/\/site.educa.madrid.org\/cp.paraguay.madrid\/\/wp-content\/uploads\/cp.paraguay.madrid\/2026\/02\/COMIC1-480x360.jpg 480w\" sizes=\"auto, (max-width: 640px) 100vw, 640px\" \/><\/figure>\n\n\n\n<figure class=\"wp-block-image size-large\"><img loading=\"lazy\" decoding=\"async\" width=\"768\" height=\"1024\" data-id=\"1769\" src=\"https:\/\/site.educa.madrid.org\/cp.paraguay.madrid\/\/wp-content\/uploads\/cp.paraguay.madrid\/2024\/02\/F978B504-12DD-4612-ACF4-1E3EB8702A04-768x1024.jpeg\" alt=\"\" class=\"wp-image-1769\" srcset=\"https:\/\/site.educa.madrid.org\/cp.paraguay.madrid\/\/wp-content\/uploads\/cp.paraguay.madrid\/2024\/02\/F978B504-12DD-4612-ACF4-1E3EB8702A04-768x1024.jpeg 768w, https:\/\/site.educa.madrid.org\/cp.paraguay.madrid\/\/wp-content\/uploads\/cp.paraguay.madrid\/2024\/02\/F978B504-12DD-4612-ACF4-1E3EB8702A04-225x300.jpeg 225w, https:\/\/site.educa.madrid.org\/cp.paraguay.madrid\/\/wp-content\/uploads\/cp.paraguay.madrid\/2024\/02\/F978B504-12DD-4612-ACF4-1E3EB8702A04-300x400.jpeg 300w, https:\/\/site.educa.madrid.org\/cp.paraguay.madrid\/\/wp-content\/uploads\/cp.paraguay.madrid\/2024\/02\/F978B504-12DD-4612-ACF4-1E3EB8702A04-1152x1536.jpeg 1152w, https:\/\/site.educa.madrid.org\/cp.paraguay.madrid\/\/wp-content\/uploads\/cp.paraguay.madrid\/2024\/02\/F978B504-12DD-4612-ACF4-1E3EB8702A04-1536x2048.jpeg 1536w, https:\/\/site.educa.madrid.org\/cp.paraguay.madrid\/\/wp-content\/uploads\/cp.paraguay.madrid\/2024\/02\/F978B504-12DD-4612-ACF4-1E3EB8702A04-1000x1333.jpeg 1000w, https:\/\/site.educa.madrid.org\/cp.paraguay.madrid\/\/wp-content\/uploads\/cp.paraguay.madrid\/2024\/02\/F978B504-12DD-4612-ACF4-1E3EB8702A04-230x307.jpeg 230w, https:\/\/site.educa.madrid.org\/cp.paraguay.madrid\/\/wp-content\/uploads\/cp.paraguay.madrid\/2024\/02\/F978B504-12DD-4612-ACF4-1E3EB8702A04-350x467.jpeg 350w, https:\/\/site.educa.madrid.org\/cp.paraguay.madrid\/\/wp-content\/uploads\/cp.paraguay.madrid\/2024\/02\/F978B504-12DD-4612-ACF4-1E3EB8702A04-480x640.jpeg 480w, https:\/\/site.educa.madrid.org\/cp.paraguay.madrid\/\/wp-content\/uploads\/cp.paraguay.madrid\/2024\/02\/F978B504-12DD-4612-ACF4-1E3EB8702A04-scaled.jpeg 1920w\" sizes=\"auto, (max-width: 768px) 100vw, 768px\" \/><\/figure>\n<\/figure>\n\n\n\n<div class=\"wp-block-columns is-layout-flex wp-container-core-columns-is-layout-9d6595d7 wp-block-columns-is-layout-flex\">\n<div class=\"wp-block-column is-layout-flow wp-block-column-is-layout-flow\" style=\"flex-basis:25%\"><\/div>\n\n\n\n<div class=\"wp-block-column has-background is-layout-flow wp-block-column-is-layout-flow\" style=\"background-color:#c8eaf0;flex-basis:50%\">\n<p class=\"has-background\" style=\"background-color:#c8eaf0\">Los alumnos de este centro se hallan comprendidos entre <strong>3 y 12 a\u00f1os<\/strong>, distribuidos en 1 aula por cada nivel. Contamos con 9 unidades jur\u00eddicas autorizadas por la Comunidad de Madrid.<\/p>\n\n\n\n<p class=\"has-background\" style=\"background-color:#c8eaf0\">En este curso escolar, el centro cuenta con <strong>165 alumnos: 55 se encuentran matriculados en 2\u00ba Ciclo de Educaci\u00f3n Infantil y 110 en la Etapa de Educaci\u00f3n Primaria.<\/strong><\/p>\n\n\n\n<p class=\"has-background\" style=\"background-color:#c8eaf0\">Trabajamos <strong>la inclusi\u00f3n y la atenci\u00f3n a la diversidad,<\/strong> desde el \u00e1mbito educativo, los alumnos que lo necesitan  adem\u00e1s de realizar trabajos en sus cursos de referencia, trabajan con las especialistas de Pedagog\u00eda Terap\u00e9utica y de Adici\u00f3n y Lenguaje.<\/p>\n\n\n\n<p class=\"has-background\" style=\"background-color:#c8eaf0\">La mayor\u00eda de alumnos residen en el barrio, aunque tanto al inicio como a lo largo del curso escolar se matriculan alumnos que provienen de otros municipios, comunidades o pa\u00edses. <br>Todo el alumnado de nueva incorporaci\u00f3n recibe una respuesta r\u00e1pida por parte del centro para que los alumnos puedan adaptarse r\u00e1pidamente dentro de la comunidad educativa. <\/p>\n<\/div>\n\n\n\n<div class=\"wp-block-column is-layout-flow wp-block-column-is-layout-flow\" style=\"flex-basis:25%\"><\/div>\n<\/div>\n\n\n\n<p><\/p>\n","protected":false},"excerpt":{"rendered":"<p>Los alumnos de este centro se hallan comprendidos entre 3 y 12 a\u00f1os, distribuidos en 1 aula por cada nivel. Contamos con [&hellip;]<\/p>\n","protected":false},"author":6,"featured_media":0,"parent":112,"menu_order":0,"comment_status":"closed","ping_status":"closed","template":"","meta":{"footnotes":""},"folder":[],"class_list":["post-114","page","type-page","status-publish","hentry"],"rttpg_featured_image_url":null,"rttpg_author":{"display_name":"Cuenta Admin-educamadrid","author_link":"https:\/\/site.educa.madrid.org\/cp.paraguay.madrid\/index.php\/author\/cuenta_admin-educamadrid\/"},"rttpg_comment":0,"rttpg_category":false,"rttpg_excerpt":"Los alumnos de este centro se hallan comprendidos entre 3 y 12 a\u00f1os, distribuidos en 1 aula por cada nivel. Contamos con [&hellip;]","post_mailing_queue_ids":[],"_links":{"self":[{"href":"https:\/\/site.educa.madrid.org\/cp.paraguay.madrid\/index.php\/wp-json\/wp\/v2\/pages\/114","targetHints":{"allow":["GET"]}}],"collection":[{"href":"https:\/\/site.educa.madrid.org\/cp.paraguay.madrid\/index.php\/wp-json\/wp\/v2\/pages"}],"about":[{"href":"https:\/\/site.educa.madrid.org\/cp.paraguay.madrid\/index.php\/wp-json\/wp\/v2\/types\/page"}],"author":[{"embeddable":true,"href":"https:\/\/site.educa.madrid.org\/cp.paraguay.madrid\/index.php\/wp-json\/wp\/v2\/users\/6"}],"replies":[{"embeddable":true,"href":"https:\/\/site.educa.madrid.org\/cp.paraguay.madrid\/index.php\/wp-json\/wp\/v2\/comments?post=114"}],"version-history":[{"count":18,"href":"https:\/\/site.educa.madrid.org\/cp.paraguay.madrid\/index.php\/wp-json\/wp\/v2\/pages\/114\/revisions"}],"predecessor-version":[{"id":2058,"href":"https:\/\/site.educa.madrid.org\/cp.paraguay.madrid\/index.php\/wp-json\/wp\/v2\/pages\/114\/revisions\/2058"}],"up":[{"embeddable":true,"href":"https:\/\/site.educa.madrid.org\/cp.paraguay.madrid\/index.php\/wp-json\/wp\/v2\/pages\/112"}],"wp:attachment":[{"href":"https:\/\/site.educa.madrid.org\/cp.paraguay.madrid\/index.php\/wp-json\/wp\/v2\/media?parent=114"}],"wp:term":[{"taxonomy":"folder","embeddable":true,"href":"https:\/\/site.educa.madrid.org\/cp.paraguay.madrid\/index.php\/wp-json\/wp\/v2\/folder?post=114"}],"curies":[{"name":"wp","href":"https:\/\/api.w.org\/{rel}","templated":true}]}}