{"id":115,"date":"2022-05-30T16:22:35","date_gmt":"2022-05-30T14:22:35","guid":{"rendered":"https:\/\/site.educa.madrid.org\/cp.paraguay.madrid\/?page_id=115"},"modified":"2024-02-01T19:30:57","modified_gmt":"2024-02-01T18:30:57","slug":"consejo-escolar","status":"publish","type":"page","link":"https:\/\/site.educa.madrid.org\/cp.paraguay.madrid\/index.php\/inicio\/quienes-somos\/consejo-escolar\/","title":{"rendered":"Consejo Escolar"},"content":{"rendered":"<div class=\"wp-block-image\">\n<figure class=\"aligncenter size-full\"><img loading=\"lazy\" decoding=\"async\" width=\"500\" height=\"235\" src=\"https:\/\/site.educa.madrid.org\/cp.paraguay.madrid\/\/wp-content\/uploads\/cp.paraguay.madrid\/2023\/09\/consejo-escolar.jpg\" alt=\"\" class=\"wp-image-1029\" srcset=\"https:\/\/site.educa.madrid.org\/cp.paraguay.madrid\/\/wp-content\/uploads\/cp.paraguay.madrid\/2023\/09\/consejo-escolar.jpg 500w, https:\/\/site.educa.madrid.org\/cp.paraguay.madrid\/\/wp-content\/uploads\/cp.paraguay.madrid\/2023\/09\/consejo-escolar-300x141.jpg 300w\" sizes=\"auto, (max-width: 500px) 100vw, 500px\" \/><\/figure>\n<\/div>\n\n\n<div class=\"wp-block-columns is-layout-flex wp-container-core-columns-is-layout-9d6595d7 wp-block-columns-is-layout-flex\">\n<div class=\"wp-block-column is-layout-flow wp-block-column-is-layout-flow\" style=\"flex-basis:25%\"><\/div>\n\n\n\n<div class=\"wp-block-column has-background is-layout-flow wp-block-column-is-layout-flow\" style=\"background-color:#c8eaf0;flex-basis:50%\">\n<p class=\"has-background\" style=\"background-color:#c8eaf0\">El Consejo Escolar es el \u00f3rgano de gobierno del centro y representativo de los diferentes sectores de la comunidad educativa y se fundamenta en el art\u00edculo 27.7 de nuestra Constituci\u00f3n, en el cual se establece que<strong> \u00ablos profesores, los padres y, en su caso, los alumnos intervendr\u00e1n en el control y gesti\u00f3n de todos los centros sostenidos por la Administraci\u00f3n con fondos p\u00fablicos, en los t\u00e9rminos que la ley establezca\u00bb<\/strong>.<\/p>\n\n\n\n<p class=\"has-background\" style=\"background-color:#c8eaf0\">Su composici\u00f3n, elecci\u00f3n de componentes, nombramiento y competencias, est\u00e1n regulados por:<\/p>\n\n\n\n<ul class=\"wp-block-list\">\n<li>Real Decreto 82\/1996, de 26 de enero, por el que se aprueba el Reglamento Org\u00e1nico de las Escuelas de E. Infantil y de los Colegios de E. Primaria (B.O.E. de 20 de febrero)<\/li>\n\n\n\n<li>Orden 28 de febrero de 1996, por la que se regula la elecci\u00f3n de los Consejos Escolares y \u00f3rganos de gobierno de los centros p\u00fablicos de Educaci\u00f3n Infantil, Educaci\u00f3n Primaria y Educaci\u00f3n Secundaria.&nbsp;<\/li>\n<\/ul>\n\n\n\n<p class=\"has-background\" style=\"background-color:#c8eaf0\"><strong>Miembros que componen el Consejo Escolar<\/strong><\/p>\n\n\n\n<ul class=\"wp-block-list\">\n<li>El <strong>Director del centro<\/strong>, que ejerce como Presidente.<\/li>\n\n\n\n<li>La <strong>Jefe de Estudios.<\/strong><\/li>\n\n\n\n<li>El <strong>Secretario del centro<\/strong>, con voz pero sin voto.<\/li>\n\n\n\n<li>Un <strong>Representante Municipal<\/strong>.<\/li>\n\n\n\n<li><strong>Cinco Profesores<\/strong> elegidos en Claustro.<\/li>\n\n\n\n<li><strong>Cinco Representantes de las Familias<\/strong> de los Alumnos del Centro.&nbsp;<\/li>\n<\/ul>\n<\/div>\n\n\n\n<div class=\"wp-block-column is-layout-flow wp-block-column-is-layout-flow\" style=\"flex-basis:25%\"><\/div>\n<\/div>\n","protected":false},"excerpt":{"rendered":"<p>El Consejo Escolar es el \u00f3rgano de gobierno del centro y representativo de los diferentes sectores de la comunidad educativa y se [&hellip;]<\/p>\n","protected":false},"author":6,"featured_media":0,"parent":112,"menu_order":0,"comment_status":"closed","ping_status":"closed","template":"","meta":{"footnotes":""},"folder":[],"class_list":["post-115","page","type-page","status-publish","hentry"],"rttpg_featured_image_url":null,"rttpg_author":{"display_name":"Cuenta Admin-educamadrid","author_link":"https:\/\/site.educa.madrid.org\/cp.paraguay.madrid\/index.php\/author\/cuenta_admin-educamadrid\/"},"rttpg_comment":0,"rttpg_category":false,"rttpg_excerpt":"El Consejo Escolar es el \u00f3rgano de gobierno del centro y representativo de los diferentes sectores de la comunidad educativa y se [&hellip;]","post_mailing_queue_ids":[],"_links":{"self":[{"href":"https:\/\/site.educa.madrid.org\/cp.paraguay.madrid\/index.php\/wp-json\/wp\/v2\/pages\/115","targetHints":{"allow":["GET"]}}],"collection":[{"href":"https:\/\/site.educa.madrid.org\/cp.paraguay.madrid\/index.php\/wp-json\/wp\/v2\/pages"}],"about":[{"href":"https:\/\/site.educa.madrid.org\/cp.paraguay.madrid\/index.php\/wp-json\/wp\/v2\/types\/page"}],"author":[{"embeddable":true,"href":"https:\/\/site.educa.madrid.org\/cp.paraguay.madrid\/index.php\/wp-json\/wp\/v2\/users\/6"}],"replies":[{"embeddable":true,"href":"https:\/\/site.educa.madrid.org\/cp.paraguay.madrid\/index.php\/wp-json\/wp\/v2\/comments?post=115"}],"version-history":[{"count":10,"href":"https:\/\/site.educa.madrid.org\/cp.paraguay.madrid\/index.php\/wp-json\/wp\/v2\/pages\/115\/revisions"}],"predecessor-version":[{"id":1784,"href":"https:\/\/site.educa.madrid.org\/cp.paraguay.madrid\/index.php\/wp-json\/wp\/v2\/pages\/115\/revisions\/1784"}],"up":[{"embeddable":true,"href":"https:\/\/site.educa.madrid.org\/cp.paraguay.madrid\/index.php\/wp-json\/wp\/v2\/pages\/112"}],"wp:attachment":[{"href":"https:\/\/site.educa.madrid.org\/cp.paraguay.madrid\/index.php\/wp-json\/wp\/v2\/media?parent=115"}],"wp:term":[{"taxonomy":"folder","embeddable":true,"href":"https:\/\/site.educa.madrid.org\/cp.paraguay.madrid\/index.php\/wp-json\/wp\/v2\/folder?post=115"}],"curies":[{"name":"wp","href":"https:\/\/api.w.org\/{rel}","templated":true}]}}