{"id":116,"date":"2022-05-30T16:22:35","date_gmt":"2022-05-30T14:22:35","guid":{"rendered":"https:\/\/site.educa.madrid.org\/cp.paraguay.madrid\/?page_id=116"},"modified":"2024-02-01T16:29:55","modified_gmt":"2024-02-01T15:29:55","slug":"ampa","status":"publish","type":"page","link":"https:\/\/site.educa.madrid.org\/cp.paraguay.madrid\/index.php\/inicio\/quienes-somos\/ampa\/","title":{"rendered":"AMPA"},"content":{"rendered":"<div class=\"wp-block-image\">\n<figure class=\"aligncenter size-full is-resized\"><img loading=\"lazy\" decoding=\"async\" src=\"https:\/\/site.educa.madrid.org\/cp.paraguay.madrid\/\/wp-content\/uploads\/cp.paraguay.madrid\/2023\/09\/AMPASs.jpg\" alt=\"\" class=\"wp-image-1026\" width=\"250\" height=\"259\" srcset=\"https:\/\/site.educa.madrid.org\/cp.paraguay.madrid\/\/wp-content\/uploads\/cp.paraguay.madrid\/2023\/09\/AMPASs.jpg 500w, https:\/\/site.educa.madrid.org\/cp.paraguay.madrid\/\/wp-content\/uploads\/cp.paraguay.madrid\/2023\/09\/AMPASs-290x300.jpg 290w\" sizes=\"auto, (max-width: 250px) 100vw, 250px\" \/><\/figure>\n<\/div>\n\n\n<div class=\"wp-block-columns is-layout-flex wp-container-core-columns-is-layout-9d6595d7 wp-block-columns-is-layout-flex\">\n<div class=\"wp-block-column is-layout-flow wp-block-column-is-layout-flow\" style=\"flex-basis:25%\"><\/div>\n\n\n\n<div class=\"wp-block-column has-background is-layout-flow wp-block-column-is-layout-flow\" style=\"background-color:#c8eaf0;flex-basis:50%\">\n<p class=\"has-background\" style=\"background-color:#c8eaf0\">Las AMPAs (Asociaciones de Madres y Padres de Alumnos) son las asociaciones que nuestro sistema educativo reconoce como <strong>instrumentos OFICIALES de representaci\u00f3n de los padres y madres<\/strong> en los centros docentes.<\/p>\n\n\n\n<p class=\"has-background\" style=\"background-color:#c8eaf0\">Es nuestro derecho y nuestro deber contribuir al buen funcionamiento del colegio:<\/p>\n\n\n\n<ul class=\"wp-block-list\">\n<li>Colaborando con el Equipo Directivo y el Claustro para garantizar la mejor calidad de la ense\u00f1anza.<\/li>\n\n\n\n<li>Organizando talleres.<\/li>\n\n\n\n<li>Apoyando la mejora de los servicios e infraestructuras del Centro.<\/li>\n\n\n\n<li>Aportando un\/a representante en el Consejo Escolar.<\/li>\n<\/ul>\n\n\n\n<p class=\"has-background\" style=\"background-color:#c8eaf0\">La Asociaci\u00f3n de Madres y Padres es el mejor y <strong>m\u00e1s eficiente \u00f3rgano de representaci\u00f3n de las familias en el centro educativo y de participaci\u00f3n activa en la gesti\u00f3n y el modelo educativo del mismo <\/strong>y su importancia es reconocida por todo el mundo. Y es que, igual que nos preocupamos por educar a nuestros hijos e hijas, los padres y madres tambi\u00e9n debemos participar desde la Asociaci\u00f3n para colaborar con el centro educativo en dicha educaci\u00f3n.<\/p>\n\n\n\n<p class=\"has-background\" style=\"background-color:#c8eaf0\">Si quieres ser miembro de la <strong>AMPA <\/strong>y participar con ello en la actividad de la comunidad educativa, lo puedes hacer abonando la cuota anual de socio que corresponde a la cantidad de <strong>10\u20ac por alumno<\/strong>, en el n\u00famero de la cuenta bancaria indicada y rellenando el formulario de inscripci\u00f3n que aparece a continuaci\u00f3n.<\/p>\n\n\n<\/div>\n\n\n\n<div class=\"wp-block-column is-layout-flow wp-block-column-is-layout-flow\" style=\"flex-basis:25%\"><\/div>\n<\/div>\n","protected":false},"excerpt":{"rendered":"<p>Las AMPAs (Asociaciones de Madres y Padres de Alumnos) son las asociaciones que nuestro sistema educativo reconoce como instrumentos OFICIALES de representaci\u00f3n [&hellip;]<\/p>\n","protected":false},"author":6,"featured_media":0,"parent":112,"menu_order":0,"comment_status":"closed","ping_status":"closed","template":"","meta":{"footnotes":""},"folder":[],"class_list":["post-116","page","type-page","status-publish","hentry"],"rttpg_featured_image_url":null,"rttpg_author":{"display_name":"Cuenta Admin-educamadrid","author_link":"https:\/\/site.educa.madrid.org\/cp.paraguay.madrid\/index.php\/author\/cuenta_admin-educamadrid\/"},"rttpg_comment":0,"rttpg_category":false,"rttpg_excerpt":"Las AMPAs (Asociaciones de Madres y Padres de Alumnos) son las asociaciones que nuestro sistema educativo reconoce como instrumentos OFICIALES de representaci\u00f3n [&hellip;]","post_mailing_queue_ids":[],"_links":{"self":[{"href":"https:\/\/site.educa.madrid.org\/cp.paraguay.madrid\/index.php\/wp-json\/wp\/v2\/pages\/116","targetHints":{"allow":["GET"]}}],"collection":[{"href":"https:\/\/site.educa.madrid.org\/cp.paraguay.madrid\/index.php\/wp-json\/wp\/v2\/pages"}],"about":[{"href":"https:\/\/site.educa.madrid.org\/cp.paraguay.madrid\/index.php\/wp-json\/wp\/v2\/types\/page"}],"author":[{"embeddable":true,"href":"https:\/\/site.educa.madrid.org\/cp.paraguay.madrid\/index.php\/wp-json\/wp\/v2\/users\/6"}],"replies":[{"embeddable":true,"href":"https:\/\/site.educa.madrid.org\/cp.paraguay.madrid\/index.php\/wp-json\/wp\/v2\/comments?post=116"}],"version-history":[{"count":9,"href":"https:\/\/site.educa.madrid.org\/cp.paraguay.madrid\/index.php\/wp-json\/wp\/v2\/pages\/116\/revisions"}],"predecessor-version":[{"id":1767,"href":"https:\/\/site.educa.madrid.org\/cp.paraguay.madrid\/index.php\/wp-json\/wp\/v2\/pages\/116\/revisions\/1767"}],"up":[{"embeddable":true,"href":"https:\/\/site.educa.madrid.org\/cp.paraguay.madrid\/index.php\/wp-json\/wp\/v2\/pages\/112"}],"wp:attachment":[{"href":"https:\/\/site.educa.madrid.org\/cp.paraguay.madrid\/index.php\/wp-json\/wp\/v2\/media?parent=116"}],"wp:term":[{"taxonomy":"folder","embeddable":true,"href":"https:\/\/site.educa.madrid.org\/cp.paraguay.madrid\/index.php\/wp-json\/wp\/v2\/folder?post=116"}],"curies":[{"name":"wp","href":"https:\/\/api.w.org\/{rel}","templated":true}]}}