{"id":188,"date":"2022-05-31T11:04:12","date_gmt":"2022-05-31T09:04:12","guid":{"rendered":"https:\/\/site.educa.madrid.org\/cp.paraguay.madrid\/?page_id=188"},"modified":"2026-04-29T16:01:08","modified_gmt":"2026-04-29T14:01:08","slug":"comedor","status":"publish","type":"page","link":"https:\/\/site.educa.madrid.org\/cp.paraguay.madrid\/index.php\/proyectos\/otros-servicios\/comedor\/","title":{"rendered":"Comedor"},"content":{"rendered":"\n<div class=\"wp-block-columns is-layout-flex wp-container-core-columns-is-layout-9d6595d7 wp-block-columns-is-layout-flex\">\n<div class=\"wp-block-column is-layout-flow wp-block-column-is-layout-flow\" style=\"flex-basis:50%\">\n<figure class=\"wp-block-gallery aligncenter has-nested-images columns-default is-cropped wp-block-gallery-1 is-layout-flex wp-block-gallery-is-layout-flex\">\n<figure class=\"wp-block-image size-large\"><img loading=\"lazy\" decoding=\"async\" width=\"1024\" height=\"576\" data-id=\"1528\" src=\"https:\/\/site.educa.madrid.org\/cp.paraguay.madrid\/\/wp-content\/uploads\/cp.paraguay.madrid\/2023\/09\/comedor4-1024x576.jpg\" alt=\"\" class=\"wp-image-1528\" srcset=\"https:\/\/site.educa.madrid.org\/cp.paraguay.madrid\/\/wp-content\/uploads\/cp.paraguay.madrid\/2023\/09\/comedor4-1024x576.jpg 1024w, https:\/\/site.educa.madrid.org\/cp.paraguay.madrid\/\/wp-content\/uploads\/cp.paraguay.madrid\/2023\/09\/comedor4-300x169.jpg 300w, https:\/\/site.educa.madrid.org\/cp.paraguay.madrid\/\/wp-content\/uploads\/cp.paraguay.madrid\/2023\/09\/comedor4-768x432.jpg 768w, https:\/\/site.educa.madrid.org\/cp.paraguay.madrid\/\/wp-content\/uploads\/cp.paraguay.madrid\/2023\/09\/comedor4-1536x864.jpg 1536w, https:\/\/site.educa.madrid.org\/cp.paraguay.madrid\/\/wp-content\/uploads\/cp.paraguay.madrid\/2023\/09\/comedor4-1000x563.jpg 1000w, https:\/\/site.educa.madrid.org\/cp.paraguay.madrid\/\/wp-content\/uploads\/cp.paraguay.madrid\/2023\/09\/comedor4-230x129.jpg 230w, https:\/\/site.educa.madrid.org\/cp.paraguay.madrid\/\/wp-content\/uploads\/cp.paraguay.madrid\/2023\/09\/comedor4-350x197.jpg 350w, https:\/\/site.educa.madrid.org\/cp.paraguay.madrid\/\/wp-content\/uploads\/cp.paraguay.madrid\/2023\/09\/comedor4-480x270.jpg 480w, https:\/\/site.educa.madrid.org\/cp.paraguay.madrid\/\/wp-content\/uploads\/cp.paraguay.madrid\/2023\/09\/comedor4.jpg 1920w\" sizes=\"auto, (max-width: 1024px) 100vw, 1024px\" \/><\/figure>\n<\/figure>\n<\/div>\n\n\n\n<div class=\"wp-block-column is-layout-flow wp-block-column-is-layout-flow\" style=\"flex-basis:50%\">\n<figure class=\"wp-block-gallery has-nested-images columns-default is-cropped wp-block-gallery-2 is-layout-flex wp-block-gallery-is-layout-flex\">\n<figure class=\"wp-block-image size-large\"><img loading=\"lazy\" decoding=\"async\" width=\"1024\" height=\"576\" data-id=\"1529\" src=\"https:\/\/site.educa.madrid.org\/cp.paraguay.madrid\/\/wp-content\/uploads\/cp.paraguay.madrid\/2023\/09\/comedor3-1024x576.jpg\" alt=\"\" class=\"wp-image-1529\" srcset=\"https:\/\/site.educa.madrid.org\/cp.paraguay.madrid\/\/wp-content\/uploads\/cp.paraguay.madrid\/2023\/09\/comedor3-1024x576.jpg 1024w, https:\/\/site.educa.madrid.org\/cp.paraguay.madrid\/\/wp-content\/uploads\/cp.paraguay.madrid\/2023\/09\/comedor3-300x169.jpg 300w, https:\/\/site.educa.madrid.org\/cp.paraguay.madrid\/\/wp-content\/uploads\/cp.paraguay.madrid\/2023\/09\/comedor3-768x432.jpg 768w, https:\/\/site.educa.madrid.org\/cp.paraguay.madrid\/\/wp-content\/uploads\/cp.paraguay.madrid\/2023\/09\/comedor3-1536x864.jpg 1536w, https:\/\/site.educa.madrid.org\/cp.paraguay.madrid\/\/wp-content\/uploads\/cp.paraguay.madrid\/2023\/09\/comedor3-1000x563.jpg 1000w, https:\/\/site.educa.madrid.org\/cp.paraguay.madrid\/\/wp-content\/uploads\/cp.paraguay.madrid\/2023\/09\/comedor3-230x129.jpg 230w, https:\/\/site.educa.madrid.org\/cp.paraguay.madrid\/\/wp-content\/uploads\/cp.paraguay.madrid\/2023\/09\/comedor3-350x197.jpg 350w, https:\/\/site.educa.madrid.org\/cp.paraguay.madrid\/\/wp-content\/uploads\/cp.paraguay.madrid\/2023\/09\/comedor3-480x270.jpg 480w, https:\/\/site.educa.madrid.org\/cp.paraguay.madrid\/\/wp-content\/uploads\/cp.paraguay.madrid\/2023\/09\/comedor3.jpg 1920w\" sizes=\"auto, (max-width: 1024px) 100vw, 1024px\" \/><\/figure>\n<\/figure>\n<\/div>\n<\/div>\n\n\n\n<div class=\"wp-block-group\"><div class=\"wp-block-group__inner-container is-layout-constrained wp-block-group-is-layout-constrained\">\n<div class=\"wp-block-columns is-layout-flex wp-container-core-columns-is-layout-9d6595d7 wp-block-columns-is-layout-flex\">\n<div class=\"wp-block-column is-layout-flow wp-block-column-is-layout-flow\" style=\"flex-basis:25%\"><\/div>\n\n\n\n<div class=\"wp-block-column has-background is-layout-flow wp-block-column-is-layout-flow\" style=\"background-color:#c8eaf0;flex-basis:50%\">\n<p><\/p>\n\n\n\n<p class=\"has-background\" style=\"background-color:#c8eaf0\">El comedor escolar es un&nbsp;<strong>servicio complementario<\/strong>&nbsp;y, como tal, no obligatorio. Tiene como finalidad cubrir las necesidades de aquellas familias que no puedan atender a sus hijos en esos periodos y<strong>&nbsp;facilitar, de ese modo, la compatibilidad entre los horarios laborales y escolares.<\/strong>&nbsp;El comedor escolar es un lugar para el aprendizaje, a la vez que un espacio en el que poner de manifiesto las buenas maneras personales y colectivas. <br>Proporcionar\u00e1 una alimentaci\u00f3n correcta y adecuada desde el punto de vista sanitario y nutricional, que permita al alumno usuario afrontar con garant\u00edas la jornada escolar.<br>Actualmente este servicio es ofrecido por la empresa \u00abAndover Comedores y Limpiezas s.l.\u00bb<br>La comida se elabora en la cocina del propio centro. Adem\u00e1s se elaboran&nbsp;<strong>men\u00fas adaptados <\/strong>para los alumnos con problemas alimenticios (alergias, intolerancias&#8230;) previo informe m\u00e9dico.<br>El precio de los servicios del comedor var\u00eda cada a\u00f1o seg\u00fan el IPC.<br>El precio de comedor para el curso 2025-2026 son los siguientes:<\/p>\n\n\n\n<ul class=\"wp-block-list\">\n<li><strong><em>Comida completa :&nbsp;5,50\u20ac<\/em><\/strong><\/li>\n\n\n\n<li><strong><em>Comida eventual:&nbsp;6,00\u20ac<\/em><\/strong><br>En los casos en los que haya concedida beca de comedor, se calcular\u00e1 una cuota reducida de acuerdo con el importe de la beca o ayuda.<\/li>\n<\/ul>\n<\/div>\n\n\n\n<div class=\"wp-block-column is-layout-flow wp-block-column-is-layout-flow\" style=\"flex-basis:25%\">\n<div data-wp-interactive=\"core\/file\" class=\"wp-block-file\"><object data-wp-bind--hidden=\"!state.hasPdfPreview\" hidden class=\"wp-block-file__embed\" data=\"https:\/\/site.educa.madrid.org\/cp.paraguay.madrid\/\/wp-content\/uploads\/cp.paraguay.madrid\/2026\/04\/MENU-MAYO-2026-R.PARAGUAY-1.pdf\" type=\"application\/pdf\" style=\"width:100%;height:600px\" aria-label=\"Incrustado de MENU MAYO 2026 R.PARAGUAY.\"><\/object><a id=\"wp-block-file--media-272f77e2-2af4-4b9b-9b49-ab4c76613114\" href=\"https:\/\/site.educa.madrid.org\/cp.paraguay.madrid\/\/wp-content\/uploads\/cp.paraguay.madrid\/2026\/04\/MENU-MAYO-2026-R.PARAGUAY-1.pdf\">MENU MAYO 2026 R.PARAGUAY<\/a><a href=\"https:\/\/site.educa.madrid.org\/cp.paraguay.madrid\/\/wp-content\/uploads\/cp.paraguay.madrid\/2026\/04\/MENU-MAYO-2026-R.PARAGUAY-1.pdf\" class=\"wp-block-file__button wp-element-button\" download aria-describedby=\"wp-block-file--media-272f77e2-2af4-4b9b-9b49-ab4c76613114\">Descarga<\/a><\/div>\n<\/div>\n<\/div>\n<\/div><\/div>\n\n\n\n<div class=\"wp-block-columns is-layout-flex wp-container-core-columns-is-layout-9d6595d7 wp-block-columns-is-layout-flex\">\n<div class=\"wp-block-column is-layout-flow wp-block-column-is-layout-flow\" style=\"flex-basis:25%\"><\/div>\n\n\n\n<div class=\"wp-block-column is-layout-flow wp-block-column-is-layout-flow\" style=\"flex-basis:50%\">\n<h4 class=\"wp-block-heading\"><strong>Devoluciones de comedor<\/strong>:<\/h4>\n\n\n\n<ul style=\"background-color:#c8eaf0\" class=\"wp-block-list has-background\">\n<li> Bajas definitivas y bajas temporales superiores a 7 d\u00edas lectivos a lo largo de un mismo mes, se abonar\u00e1 la minuta seg\u00fan la siguiente escala:<\/li>\n\n\n\n<li> Aviso 7 d\u00edas antes de la baja: 100% de la minuta.<\/li>\n\n\n\n<li>Aviso 3 d\u00edas antes de la baja: 50% de la minuta.<\/li>\n\n\n\n<li>Aviso menos de 3 d\u00edas antes de la baja: 0 euros.<\/li>\n\n\n\n<li>El aviso se realizar\u00e1 por v\u00eda telef\u00f3nica o presencial de alg\u00fan familiar en secretar\u00eda<\/li>\n<\/ul>\n<\/div>\n\n\n\n<div class=\"wp-block-column has-background is-layout-flow wp-block-column-is-layout-flow\" style=\"background-color:#0792e300;flex-basis:25%\"><\/div>\n<\/div>\n","protected":false},"excerpt":{"rendered":"<p>El comedor escolar es un&nbsp;servicio complementario&nbsp;y, como tal, no obligatorio. Tiene como finalidad cubrir las necesidades de aquellas familias que no puedan [&hellip;]<\/p>\n","protected":false},"author":6,"featured_media":0,"parent":840,"menu_order":1,"comment_status":"closed","ping_status":"closed","template":"","meta":{"footnotes":""},"folder":[],"class_list":["post-188","page","type-page","status-publish","hentry"],"rttpg_featured_image_url":null,"rttpg_author":{"display_name":"Cuenta Admin-educamadrid","author_link":"https:\/\/site.educa.madrid.org\/cp.paraguay.madrid\/index.php\/author\/cuenta_admin-educamadrid\/"},"rttpg_comment":0,"rttpg_category":false,"rttpg_excerpt":"El comedor escolar es un&nbsp;servicio complementario&nbsp;y, como tal, no obligatorio. Tiene como finalidad cubrir las necesidades de aquellas familias que no puedan [&hellip;]","post_mailing_queue_ids":[],"_links":{"self":[{"href":"https:\/\/site.educa.madrid.org\/cp.paraguay.madrid\/index.php\/wp-json\/wp\/v2\/pages\/188","targetHints":{"allow":["GET"]}}],"collection":[{"href":"https:\/\/site.educa.madrid.org\/cp.paraguay.madrid\/index.php\/wp-json\/wp\/v2\/pages"}],"about":[{"href":"https:\/\/site.educa.madrid.org\/cp.paraguay.madrid\/index.php\/wp-json\/wp\/v2\/types\/page"}],"author":[{"embeddable":true,"href":"https:\/\/site.educa.madrid.org\/cp.paraguay.madrid\/index.php\/wp-json\/wp\/v2\/users\/6"}],"replies":[{"embeddable":true,"href":"https:\/\/site.educa.madrid.org\/cp.paraguay.madrid\/index.php\/wp-json\/wp\/v2\/comments?post=188"}],"version-history":[{"count":44,"href":"https:\/\/site.educa.madrid.org\/cp.paraguay.madrid\/index.php\/wp-json\/wp\/v2\/pages\/188\/revisions"}],"predecessor-version":[{"id":2118,"href":"https:\/\/site.educa.madrid.org\/cp.paraguay.madrid\/index.php\/wp-json\/wp\/v2\/pages\/188\/revisions\/2118"}],"up":[{"embeddable":true,"href":"https:\/\/site.educa.madrid.org\/cp.paraguay.madrid\/index.php\/wp-json\/wp\/v2\/pages\/840"}],"wp:attachment":[{"href":"https:\/\/site.educa.madrid.org\/cp.paraguay.madrid\/index.php\/wp-json\/wp\/v2\/media?parent=188"}],"wp:term":[{"taxonomy":"folder","embeddable":true,"href":"https:\/\/site.educa.madrid.org\/cp.paraguay.madrid\/index.php\/wp-json\/wp\/v2\/folder?post=188"}],"curies":[{"name":"wp","href":"https:\/\/api.w.org\/{rel}","templated":true}]}}