{"id":189,"date":"2022-05-31T11:04:12","date_gmt":"2022-05-31T09:04:12","guid":{"rendered":"https:\/\/site.educa.madrid.org\/cp.paraguay.madrid\/?page_id=189"},"modified":"2024-01-10T11:50:44","modified_gmt":"2024-01-10T10:50:44","slug":"biblioteca","status":"publish","type":"page","link":"https:\/\/site.educa.madrid.org\/cp.paraguay.madrid\/index.php\/proyectos\/otros-servicios\/biblioteca\/","title":{"rendered":"Biblioteca"},"content":{"rendered":"\n<div class=\"wp-block-columns is-layout-flex wp-container-core-columns-is-layout-9d6595d7 wp-block-columns-is-layout-flex\">\n<div class=\"wp-block-column is-layout-flow wp-block-column-is-layout-flow\" style=\"flex-basis:50%\">\n<figure class=\"wp-block-gallery aligncenter has-nested-images columns-default is-cropped wp-block-gallery-1 is-layout-flex wp-block-gallery-is-layout-flex\">\n<figure class=\"wp-block-image size-large\"><img loading=\"lazy\" decoding=\"async\" width=\"1024\" height=\"576\" data-id=\"1532\" src=\"https:\/\/site.educa.madrid.org\/cp.paraguay.madrid\/\/wp-content\/uploads\/cp.paraguay.madrid\/2023\/09\/biblioteca3-1024x576.jpg\" alt=\"\" class=\"wp-image-1532\" srcset=\"https:\/\/site.educa.madrid.org\/cp.paraguay.madrid\/\/wp-content\/uploads\/cp.paraguay.madrid\/2023\/09\/biblioteca3-1024x576.jpg 1024w, https:\/\/site.educa.madrid.org\/cp.paraguay.madrid\/\/wp-content\/uploads\/cp.paraguay.madrid\/2023\/09\/biblioteca3-300x169.jpg 300w, https:\/\/site.educa.madrid.org\/cp.paraguay.madrid\/\/wp-content\/uploads\/cp.paraguay.madrid\/2023\/09\/biblioteca3-768x432.jpg 768w, https:\/\/site.educa.madrid.org\/cp.paraguay.madrid\/\/wp-content\/uploads\/cp.paraguay.madrid\/2023\/09\/biblioteca3-1536x864.jpg 1536w, https:\/\/site.educa.madrid.org\/cp.paraguay.madrid\/\/wp-content\/uploads\/cp.paraguay.madrid\/2023\/09\/biblioteca3-1000x563.jpg 1000w, https:\/\/site.educa.madrid.org\/cp.paraguay.madrid\/\/wp-content\/uploads\/cp.paraguay.madrid\/2023\/09\/biblioteca3-230x129.jpg 230w, https:\/\/site.educa.madrid.org\/cp.paraguay.madrid\/\/wp-content\/uploads\/cp.paraguay.madrid\/2023\/09\/biblioteca3-350x197.jpg 350w, https:\/\/site.educa.madrid.org\/cp.paraguay.madrid\/\/wp-content\/uploads\/cp.paraguay.madrid\/2023\/09\/biblioteca3-480x270.jpg 480w, https:\/\/site.educa.madrid.org\/cp.paraguay.madrid\/\/wp-content\/uploads\/cp.paraguay.madrid\/2023\/09\/biblioteca3.jpg 1920w\" sizes=\"auto, (max-width: 1024px) 100vw, 1024px\" \/><\/figure>\n<\/figure>\n<\/div>\n\n\n\n<div class=\"wp-block-column is-layout-flow wp-block-column-is-layout-flow\" style=\"flex-basis:50%\">\n<figure class=\"wp-block-gallery has-nested-images columns-default is-cropped wp-block-gallery-2 is-layout-flex wp-block-gallery-is-layout-flex\">\n<figure class=\"wp-block-image size-large\"><img loading=\"lazy\" decoding=\"async\" width=\"1024\" height=\"576\" data-id=\"1533\" src=\"https:\/\/site.educa.madrid.org\/cp.paraguay.madrid\/\/wp-content\/uploads\/cp.paraguay.madrid\/2023\/09\/biblioteca4-1024x576.jpg\" alt=\"\" class=\"wp-image-1533\" srcset=\"https:\/\/site.educa.madrid.org\/cp.paraguay.madrid\/\/wp-content\/uploads\/cp.paraguay.madrid\/2023\/09\/biblioteca4-1024x576.jpg 1024w, https:\/\/site.educa.madrid.org\/cp.paraguay.madrid\/\/wp-content\/uploads\/cp.paraguay.madrid\/2023\/09\/biblioteca4-300x169.jpg 300w, https:\/\/site.educa.madrid.org\/cp.paraguay.madrid\/\/wp-content\/uploads\/cp.paraguay.madrid\/2023\/09\/biblioteca4-768x432.jpg 768w, https:\/\/site.educa.madrid.org\/cp.paraguay.madrid\/\/wp-content\/uploads\/cp.paraguay.madrid\/2023\/09\/biblioteca4-1536x864.jpg 1536w, https:\/\/site.educa.madrid.org\/cp.paraguay.madrid\/\/wp-content\/uploads\/cp.paraguay.madrid\/2023\/09\/biblioteca4-1000x563.jpg 1000w, https:\/\/site.educa.madrid.org\/cp.paraguay.madrid\/\/wp-content\/uploads\/cp.paraguay.madrid\/2023\/09\/biblioteca4-230x129.jpg 230w, https:\/\/site.educa.madrid.org\/cp.paraguay.madrid\/\/wp-content\/uploads\/cp.paraguay.madrid\/2023\/09\/biblioteca4-350x197.jpg 350w, https:\/\/site.educa.madrid.org\/cp.paraguay.madrid\/\/wp-content\/uploads\/cp.paraguay.madrid\/2023\/09\/biblioteca4-480x270.jpg 480w, https:\/\/site.educa.madrid.org\/cp.paraguay.madrid\/\/wp-content\/uploads\/cp.paraguay.madrid\/2023\/09\/biblioteca4.jpg 1920w\" sizes=\"auto, (max-width: 1024px) 100vw, 1024px\" \/><\/figure>\n<\/figure>\n<\/div>\n<\/div>\n\n\n\n<div class=\"wp-block-columns is-layout-flex wp-container-core-columns-is-layout-9d6595d7 wp-block-columns-is-layout-flex\">\n<div class=\"wp-block-column is-layout-flow wp-block-column-is-layout-flow\" style=\"flex-basis:25%\"><\/div>\n\n\n\n<div class=\"wp-block-column has-background is-layout-flow wp-block-column-is-layout-flow\" style=\"background-color:#c8eaf0;flex-basis:50%\">\n<p class=\"has-background\" style=\"background-color:#c8eaf0\">La biblioteca escolar ofrece un<strong> servicio de pr\u00e9stamo de libros <\/strong>con el que se pretende el fomento de la lectura. Los tutores de cada grupo podr\u00e1n organizar actividades relacionadas con el Plan Lector y utilizar el servicio de biblioteca una vez a la semana.<\/p>\n\n\n\n<p class=\"has-background\" style=\"background-color:#c8eaf0\">El centro procura aumentar cada a\u00f1o la dotaci\u00f3n de libros de pr\u00e9stamo a trav\u00e9s de la adquisici\u00f3n de nuevos libros y de las donaciones que hacen algunas familias.<\/p>\n\n\n\n<h3 class=\"wp-block-heading\"><strong>Horario de utilizaci\u00f3n y pr\u00e9stamo<\/strong><\/h3>\n\n\n\n<ul class=\"wp-block-list\">\n<li>Lunes, mi\u00e9rcoles y viernes de 12:00 a 12:30 horas en horario de recreo.<\/li>\n\n\n\n<li>Martes y jueves: De 15:00 a 17:00 horas para el servicio de pr\u00e9stamo.<\/li>\n<\/ul>\n<\/div>\n\n\n\n<div class=\"wp-block-column is-layout-flow wp-block-column-is-layout-flow\" style=\"flex-basis:25%\">\n<h3 class=\"wp-block-heading\">Recursos:<\/h3>\n\n\n\n<ul class=\"wp-block-list\">\n<li><a href=\"https:\/\/cvc.cervantes.es\/aula\/lecturas\/default.htm\">Centro Virtual Cervantes. Lectura paso a paso.<\/a><\/li>\n\n\n\n<li><a href=\"https:\/\/leer.es\/\">Leer.es. Portal de recursos educativos.<\/a><\/li>\n\n\n\n<li><a href=\"https:\/\/www.cervantesvirtual.com\/portales\/biblioteca_literatura_infantil_juvenil\/\">Biblioteca Virtual \u201cMiguel de Cervantes\u201d. Literatura Infantil y Juvenil.<\/a><\/li>\n\n\n\n<li><a href=\"https:\/\/www.leemeuncuento.com.ar\/cuentos.html\">L\u00e9eme un cuento. <\/a><\/li>\n\n\n\n<li><a href=\"https:\/\/www.rae.es\/\">Diccionario de la Real Academia Espa\u00f1ola. <\/a><\/li>\n\n\n\n<li><a href=\"https:\/\/www.wordreference.com\/sinonimos\/\">Diccionario de sin\u00f3nimos y ant\u00f3nimos. <\/a><\/li>\n<\/ul>\n<\/div>\n<\/div>\n\n\n\n<p><\/p>\n","protected":false},"excerpt":{"rendered":"<p>La biblioteca escolar ofrece un servicio de pr\u00e9stamo de libros con el que se pretende el fomento de la lectura. Los tutores [&hellip;]<\/p>\n","protected":false},"author":6,"featured_media":0,"parent":840,"menu_order":2,"comment_status":"closed","ping_status":"closed","template":"","meta":{"footnotes":""},"folder":[],"class_list":["post-189","page","type-page","status-publish","hentry"],"rttpg_featured_image_url":null,"rttpg_author":{"display_name":"Cuenta Admin-educamadrid","author_link":"https:\/\/site.educa.madrid.org\/cp.paraguay.madrid\/index.php\/author\/cuenta_admin-educamadrid\/"},"rttpg_comment":0,"rttpg_category":false,"rttpg_excerpt":"La biblioteca escolar ofrece un servicio de pr\u00e9stamo de libros con el que se pretende el fomento de la lectura. Los tutores [&hellip;]","post_mailing_queue_ids":[],"_links":{"self":[{"href":"https:\/\/site.educa.madrid.org\/cp.paraguay.madrid\/index.php\/wp-json\/wp\/v2\/pages\/189","targetHints":{"allow":["GET"]}}],"collection":[{"href":"https:\/\/site.educa.madrid.org\/cp.paraguay.madrid\/index.php\/wp-json\/wp\/v2\/pages"}],"about":[{"href":"https:\/\/site.educa.madrid.org\/cp.paraguay.madrid\/index.php\/wp-json\/wp\/v2\/types\/page"}],"author":[{"embeddable":true,"href":"https:\/\/site.educa.madrid.org\/cp.paraguay.madrid\/index.php\/wp-json\/wp\/v2\/users\/6"}],"replies":[{"embeddable":true,"href":"https:\/\/site.educa.madrid.org\/cp.paraguay.madrid\/index.php\/wp-json\/wp\/v2\/comments?post=189"}],"version-history":[{"count":17,"href":"https:\/\/site.educa.madrid.org\/cp.paraguay.madrid\/index.php\/wp-json\/wp\/v2\/pages\/189\/revisions"}],"predecessor-version":[{"id":1620,"href":"https:\/\/site.educa.madrid.org\/cp.paraguay.madrid\/index.php\/wp-json\/wp\/v2\/pages\/189\/revisions\/1620"}],"up":[{"embeddable":true,"href":"https:\/\/site.educa.madrid.org\/cp.paraguay.madrid\/index.php\/wp-json\/wp\/v2\/pages\/840"}],"wp:attachment":[{"href":"https:\/\/site.educa.madrid.org\/cp.paraguay.madrid\/index.php\/wp-json\/wp\/v2\/media?parent=189"}],"wp:term":[{"taxonomy":"folder","embeddable":true,"href":"https:\/\/site.educa.madrid.org\/cp.paraguay.madrid\/index.php\/wp-json\/wp\/v2\/folder?post=189"}],"curies":[{"name":"wp","href":"https:\/\/api.w.org\/{rel}","templated":true}]}}