{"id":192,"date":"2025-02-19T16:22:12","date_gmt":"2025-02-19T15:22:12","guid":{"rendered":"https:\/\/site.educa.madrid.org\/cp.paraguay.madrid\/?page_id=192"},"modified":"2026-02-17T11:51:46","modified_gmt":"2026-02-17T10:51:46","slug":"tablon-de-anuncios","status":"publish","type":"page","link":"https:\/\/site.educa.madrid.org\/cp.paraguay.madrid\/index.php\/tablon-de-anuncios\/","title":{"rendered":"Tabl\u00f3n de anuncios"},"content":{"rendered":"\n<h2 class=\"wp-block-heading\">Abierto el periodo de admisi\u00f3n para el curso 2026-27.<\/h2>\n\n\n\n<figure class=\"wp-block-image size-large is-resized\"><img loading=\"lazy\" decoding=\"async\" width=\"1024\" height=\"576\" src=\"https:\/\/site.educa.madrid.org\/cp.paraguay.madrid\/\/wp-content\/uploads\/cp.paraguay.madrid\/2026\/02\/pict20200205_130359_0-1024x576.jpg\" alt=\"\" class=\"wp-image-2069\" style=\"aspect-ratio:1.5064377682403434;width:639px;height:auto\" srcset=\"https:\/\/site.educa.madrid.org\/cp.paraguay.madrid\/\/wp-content\/uploads\/cp.paraguay.madrid\/2026\/02\/pict20200205_130359_0-1024x576.jpg 1024w, https:\/\/site.educa.madrid.org\/cp.paraguay.madrid\/\/wp-content\/uploads\/cp.paraguay.madrid\/2026\/02\/pict20200205_130359_0-300x169.jpg 300w, https:\/\/site.educa.madrid.org\/cp.paraguay.madrid\/\/wp-content\/uploads\/cp.paraguay.madrid\/2026\/02\/pict20200205_130359_0-768x432.jpg 768w, https:\/\/site.educa.madrid.org\/cp.paraguay.madrid\/\/wp-content\/uploads\/cp.paraguay.madrid\/2026\/02\/pict20200205_130359_0-1536x864.jpg 1536w, https:\/\/site.educa.madrid.org\/cp.paraguay.madrid\/\/wp-content\/uploads\/cp.paraguay.madrid\/2026\/02\/pict20200205_130359_0-1000x563.jpg 1000w, https:\/\/site.educa.madrid.org\/cp.paraguay.madrid\/\/wp-content\/uploads\/cp.paraguay.madrid\/2026\/02\/pict20200205_130359_0-230x129.jpg 230w, https:\/\/site.educa.madrid.org\/cp.paraguay.madrid\/\/wp-content\/uploads\/cp.paraguay.madrid\/2026\/02\/pict20200205_130359_0-350x197.jpg 350w, https:\/\/site.educa.madrid.org\/cp.paraguay.madrid\/\/wp-content\/uploads\/cp.paraguay.madrid\/2026\/02\/pict20200205_130359_0-480x270.jpg 480w, https:\/\/site.educa.madrid.org\/cp.paraguay.madrid\/\/wp-content\/uploads\/cp.paraguay.madrid\/2026\/02\/pict20200205_130359_0.jpg 1920w\" sizes=\"auto, (max-width: 1024px) 100vw, 1024px\" \/><figcaption class=\"wp-element-caption\">Abierto el periodo de admisi\u00f3n 2026-27<\/figcaption><\/figure>\n\n\n\n<p>Se abre el plazo de presentaci\u00f3n de solicitudes para participar en el proceso de admisi\u00f3n para el curso 2026-27. Deben presentar las solicitudes desde el 11 al 25 de marzo (ambas fechas inclusive).<\/p>\n\n\n\n<h2 class=\"wp-block-heading\">Plan Regional Contra las Drogas de la Comunidad de Madrid<\/h2>\n\n\n\n<p>La Comunidad de Madrid ha desarrollado un Plan Regional Contra las Drogas, determinando una serie de actuaciones en los centros educativos, entre ellas pone a disposici\u00f3n de las familias un buz\u00f3n de denuncias f\u00edsico en el centro, as\u00ed como, un buz\u00f3n digital, al que pueden acceder a trav\u00e9s de este c\u00f3digo QR, adem\u00e1s pueden escribir a este correo <a href=\"https:\/\/site.educa.madrid.org\/cp.paraguay.madrid\/index.php\/tablon-de-anuncios\/\" data-type=\"page\" data-id=\"192\">buz\u00f3nfueradrogas@educa.madrid.org<\/a> El responsable de este buz\u00f3n de denuncias es la Unidad de Convivencia de la Subdirecci\u00f3n General de Inspecci\u00f3n.<\/p>\n\n\n\n<h2 class=\"wp-block-heading has-text-align-center\">QR<\/h2>\n\n\n\n<div data-wp-interactive=\"core\/file\" class=\"wp-block-file\"><object data-wp-bind--hidden=\"!state.hasPdfPreview\" hidden class=\"wp-block-file__embed\" data=\"https:\/\/site.educa.madrid.org\/cp.paraguay.madrid\/\/wp-content\/uploads\/cp.paraguay.madrid\/2025\/02\/QR_Buzon.pdf\" type=\"application\/pdf\" style=\"width:100%;height:600px\" aria-label=\"Incrustado de QR_Buzon.\"><\/object><a id=\"wp-block-file--media-5457bc9a-e336-45df-a079-d50c75217bed\" href=\"https:\/\/site.educa.madrid.org\/cp.paraguay.madrid\/\/wp-content\/uploads\/cp.paraguay.madrid\/2025\/02\/QR_Buzon.pdf\">QR_Buzon<\/a><a href=\"https:\/\/site.educa.madrid.org\/cp.paraguay.madrid\/\/wp-content\/uploads\/cp.paraguay.madrid\/2025\/02\/QR_Buzon.pdf\" class=\"wp-block-file__button wp-element-button\" download aria-describedby=\"wp-block-file--media-5457bc9a-e336-45df-a079-d50c75217bed\">Descarga<\/a><\/div>\n\n\n\n<p><\/p>\n\n\n\n<p><\/p>\n","protected":false},"excerpt":{"rendered":"<p>Abierto el periodo de admisi\u00f3n para el curso 2026-27. Se abre el plazo de presentaci\u00f3n de solicitudes para participar en el proceso [&hellip;]<\/p>\n","protected":false},"author":6,"featured_media":0,"parent":0,"menu_order":0,"comment_status":"closed","ping_status":"closed","template":"","meta":{"footnotes":""},"folder":[],"class_list":["post-192","page","type-page","status-publish","hentry"],"rttpg_featured_image_url":null,"rttpg_author":{"display_name":"Cuenta Admin-educamadrid","author_link":"https:\/\/site.educa.madrid.org\/cp.paraguay.madrid\/index.php\/author\/cuenta_admin-educamadrid\/"},"rttpg_comment":0,"rttpg_category":false,"rttpg_excerpt":"Abierto el periodo de admisi\u00f3n para el curso 2026-27. Se abre el plazo de presentaci\u00f3n de solicitudes para participar en el proceso [&hellip;]","post_mailing_queue_ids":[],"_links":{"self":[{"href":"https:\/\/site.educa.madrid.org\/cp.paraguay.madrid\/index.php\/wp-json\/wp\/v2\/pages\/192","targetHints":{"allow":["GET"]}}],"collection":[{"href":"https:\/\/site.educa.madrid.org\/cp.paraguay.madrid\/index.php\/wp-json\/wp\/v2\/pages"}],"about":[{"href":"https:\/\/site.educa.madrid.org\/cp.paraguay.madrid\/index.php\/wp-json\/wp\/v2\/types\/page"}],"author":[{"embeddable":true,"href":"https:\/\/site.educa.madrid.org\/cp.paraguay.madrid\/index.php\/wp-json\/wp\/v2\/users\/6"}],"replies":[{"embeddable":true,"href":"https:\/\/site.educa.madrid.org\/cp.paraguay.madrid\/index.php\/wp-json\/wp\/v2\/comments?post=192"}],"version-history":[{"count":12,"href":"https:\/\/site.educa.madrid.org\/cp.paraguay.madrid\/index.php\/wp-json\/wp\/v2\/pages\/192\/revisions"}],"predecessor-version":[{"id":2071,"href":"https:\/\/site.educa.madrid.org\/cp.paraguay.madrid\/index.php\/wp-json\/wp\/v2\/pages\/192\/revisions\/2071"}],"wp:attachment":[{"href":"https:\/\/site.educa.madrid.org\/cp.paraguay.madrid\/index.php\/wp-json\/wp\/v2\/media?parent=192"}],"wp:term":[{"taxonomy":"folder","embeddable":true,"href":"https:\/\/site.educa.madrid.org\/cp.paraguay.madrid\/index.php\/wp-json\/wp\/v2\/folder?post=192"}],"curies":[{"name":"wp","href":"https:\/\/api.w.org\/{rel}","templated":true}]}}