{"id":618,"date":"2022-06-15T16:08:07","date_gmt":"2022-06-15T14:08:07","guid":{"rendered":"https:\/\/site.educa.madrid.org\/cp.paraguay.madrid\/?page_id=618"},"modified":"2026-02-17T11:18:44","modified_gmt":"2026-02-17T10:18:44","slug":"educacion-infantil","status":"publish","type":"page","link":"https:\/\/site.educa.madrid.org\/cp.paraguay.madrid\/index.php\/ensenanzas\/educacion-infantil\/","title":{"rendered":"Educaci\u00f3n Infantil"},"content":{"rendered":"\n<div class=\"wp-block-group alignfull has-background\" style=\"background-color:#c8eaf0;padding-top:6vw;padding-right:6vw;padding-bottom:6vw;padding-left:6vw\"><div class=\"wp-block-group__inner-container is-layout-flow wp-block-group-is-layout-flow\">\n<div class=\"wp-block-group is-vertical is-nowrap is-layout-flex wp-container-core-group-is-layout-287ef9cb wp-block-group-is-layout-flex\" style=\"padding-right:0;padding-left:0\">\n<p class=\"has-text-color\" style=\"color:#000000;font-size:6vw;font-style:normal;font-weight:700;letter-spacing:0px;line-height:0.9;text-decoration:none;text-transform:none\">Una etapa esencial.<\/p>\n<\/div>\n\n\n\n<div style=\"height:1vw\" aria-hidden=\"true\" class=\"wp-block-spacer\"><\/div>\n\n\n\n<div class=\"wp-block-group alignwide is-vertical is-nowrap is-layout-flex wp-container-core-group-is-layout-8171334d wp-block-group-is-layout-flex\" style=\"padding-top:0;padding-right:0;padding-bottom:0;padding-left:0\">\n<div class=\"wp-block-columns alignwide is-layout-flex wp-container-core-columns-is-layout-2656d967 wp-block-columns-is-layout-flex\">\n<div class=\"wp-block-column is-layout-flow wp-block-column-is-layout-flow\" style=\"flex-basis:33.38%\">\n<p><strong>Consideraciones generales<\/strong><\/p>\n\n\n\n<p>La Educaci\u00f3n Infantil contribuir\u00e1 a desarrollar en las ni\u00f1as y ni\u00f1os las capacidades que les permitan:<\/p>\n\n\n\n<ul class=\"wp-block-list\">\n<li>Conocer su propio cuerpo y el de los otros, sus posibilidades de acci\u00f3n y aprender a respetar las diferencias.<\/li>\n\n\n\n<li>Observar y explorar su entorno familiar, natural y social.<\/li>\n\n\n\n<li>Adquirir progresivamente autonom\u00eda en sus actividades habituales.<\/li>\n\n\n\n<li>Desarrollar sus capacidades afectivas.<\/li>\n\n\n\n<li>Relacionarse con los dem\u00e1s en igualdad y adquirir progresivamente pautas elementales de convivencia y relaci\u00f3n social, as\u00ed como ejercitarse en el uso de la empat\u00eda yla resoluci\u00f3n pac\u00edfica de conflictos, evitando cualquier tipo de violencia.<\/li>\n\n\n\n<li>Desarrollar habilidades comunicativas en diferentes lenguajes y formas de expresi\u00f3n.<\/li>\n\n\n\n<li>Iniciarse en las habilidades l\u00f3gico-matem\u00e1ticas, en la lecto-escritura y en el movimiento, el gesto y el ritmo.<\/li>\n\n\n\n<li>Promover, aplicar y desarrollar las normas sociales que promueven la igualdad de g\u00e9nero.<\/li>\n<\/ul>\n\n\n\n<p><em>Texto extra\u00eddo de LOMLOE<\/em><\/p>\n\n\n\n<p>En la actualidad nuestro centro se compone de:<\/p>\n\n\n\n<ul class=\"wp-block-list\">\n<li><strong>3 unidades de Educaci\u00f3n Infantil<\/strong>\u00a0que se encuentran en la planta baja del edificio. Adem\u00e1s de estas aulas de Educaci\u00f3n Infantil de 3, 4 y 5 a\u00f1os. Tambi\u00e9n se encuentran en la planta baja otros espacios utilizados por los alumnos como la\u00a0<strong>biblioteca escolar, sala de profesores, despacho de direcci\u00f3n, secretar\u00eda y un peque\u00f1o sal\u00f3n de actos.<\/strong><\/li>\n<\/ul>\n<\/div>\n\n\n\n<div class=\"wp-block-column is-layout-flow wp-block-column-is-layout-flow\" style=\"flex-basis:33%\">\n<div style=\"height:2vw\" aria-hidden=\"true\" class=\"wp-block-spacer\"><\/div>\n\n\n\n<figure class=\"wp-block-image size-large is-style-default\"><img loading=\"lazy\" decoding=\"async\" width=\"766\" height=\"1024\" src=\"https:\/\/site.educa.madrid.org\/cp.paraguay.madrid\/\/wp-content\/uploads\/cp.paraguay.madrid\/2023\/09\/ninos-primaria-766x1024.jpg\" alt=\"\" class=\"wp-image-1432\" srcset=\"https:\/\/site.educa.madrid.org\/cp.paraguay.madrid\/\/wp-content\/uploads\/cp.paraguay.madrid\/2023\/09\/ninos-primaria-766x1024.jpg 766w, https:\/\/site.educa.madrid.org\/cp.paraguay.madrid\/\/wp-content\/uploads\/cp.paraguay.madrid\/2023\/09\/ninos-primaria-225x300.jpg 225w, https:\/\/site.educa.madrid.org\/cp.paraguay.madrid\/\/wp-content\/uploads\/cp.paraguay.madrid\/2023\/09\/ninos-primaria-768x1026.jpg 768w, https:\/\/site.educa.madrid.org\/cp.paraguay.madrid\/\/wp-content\/uploads\/cp.paraguay.madrid\/2023\/09\/ninos-primaria-300x400.jpg 300w, https:\/\/site.educa.madrid.org\/cp.paraguay.madrid\/\/wp-content\/uploads\/cp.paraguay.madrid\/2023\/09\/ninos-primaria-230x307.jpg 230w, https:\/\/site.educa.madrid.org\/cp.paraguay.madrid\/\/wp-content\/uploads\/cp.paraguay.madrid\/2023\/09\/ninos-primaria-350x468.jpg 350w, https:\/\/site.educa.madrid.org\/cp.paraguay.madrid\/\/wp-content\/uploads\/cp.paraguay.madrid\/2023\/09\/ninos-primaria-480x641.jpg 480w, https:\/\/site.educa.madrid.org\/cp.paraguay.madrid\/\/wp-content\/uploads\/cp.paraguay.madrid\/2023\/09\/ninos-primaria.jpg 1000w\" sizes=\"auto, (max-width: 766px) 100vw, 766px\" \/><\/figure>\n<\/div>\n\n\n\n<div class=\"wp-block-column is-layout-flow wp-block-column-is-layout-flow\" style=\"flex-basis:33.62%\">\n<p>La Educaci\u00f3n Infantil atiende al alumnado de 3 a 5 a\u00f1os. A lo largo de este ciclo se pretende conseguir el desarrollo integral del ni\u00f1o, de acuerdo a sus capacidades:<\/p>\n\n\n\n<ul class=\"wp-block-list\">\n<li>Desarrollo motor.<\/li>\n\n\n\n<li>Desarrollo cognitivo.<\/li>\n\n\n\n<li>Desarrollo ling\u00fc\u00edstico.<\/li>\n\n\n\n<li>Relaciones interpersonales.<\/li>\n\n\n\n<li>Actuaci\u00f3n de inserci\u00f3n social.<\/li>\n\n\n\n<li>Equilibrio personal.<\/li>\n<\/ul>\n\n\n\n<p><strong>Trabajo en el aula<\/strong><\/p>\n\n\n\n<p>El d\u00eda a d\u00eda en Infantil se desarrolla en dos l\u00edneas principalmente: por un lado se trabajan las rutinas , que son muy importantes para la seguridad y el fomento de la independencia de los ni\u00f1os, y por el otro, la adquisici\u00f3n de h\u00e1bitos, esenciales para su autonom\u00eda.<\/p>\n\n\n\n<p>La jornada escolar tiene un esquema fijo:<\/p>\n\n\n\n<ol class=\"wp-block-list\">\n<li>Entrada, saludo a los compa\u00f1eros y colocaci\u00f3n de ropa.<\/li>\n\n\n\n<li>Asamblea con rutinas.<\/li>\n\n\n\n<li>Trabajo individual o en peque\u00f1o grupo.<\/li>\n\n\n\n<li>Aseo, desayuno, recreo.<\/li>\n\n\n\n<li>Trabajo individual o en peque\u00f1o grupo.<\/li>\n\n\n\n<li>Aseo, despedida, preparaci\u00f3n para comedor.<\/li>\n<\/ol>\n\n\n\n<p>Las actividades se programan de acuerdo con los proyectos del centro: cuentacuentos en la biblioteca (Plan de Fomento de la Lectura), huerto escolar, actividades relacionadas con los d\u00edas especiales (Halloween, Navidad, San Isidro, Semana Cultural, etc.) y otras.<\/p>\n<\/div>\n<\/div>\n\n\n\n<div class=\"wp-block-columns alignwide is-layout-flex wp-container-core-columns-is-layout-724a882f wp-block-columns-is-layout-flex\">\n<div class=\"wp-block-column is-layout-flow wp-block-column-is-layout-flow\" style=\"flex-basis:69%\">\n<figure class=\"wp-block-image size-large is-style-default\"><img loading=\"lazy\" decoding=\"async\" width=\"1024\" height=\"766\" src=\"https:\/\/site.educa.madrid.org\/cp.paraguay.madrid\/\/wp-content\/uploads\/cp.paraguay.madrid\/2023\/09\/INFANTIL-MATEMATICAS2-1024x766.jpg\" alt=\"\" class=\"wp-image-1445\" srcset=\"https:\/\/site.educa.madrid.org\/cp.paraguay.madrid\/\/wp-content\/uploads\/cp.paraguay.madrid\/2023\/09\/INFANTIL-MATEMATICAS2-1024x766.jpg 1024w, https:\/\/site.educa.madrid.org\/cp.paraguay.madrid\/\/wp-content\/uploads\/cp.paraguay.madrid\/2023\/09\/INFANTIL-MATEMATICAS2-300x225.jpg 300w, https:\/\/site.educa.madrid.org\/cp.paraguay.madrid\/\/wp-content\/uploads\/cp.paraguay.madrid\/2023\/09\/INFANTIL-MATEMATICAS2-768x575.jpg 768w, https:\/\/site.educa.madrid.org\/cp.paraguay.madrid\/\/wp-content\/uploads\/cp.paraguay.madrid\/2023\/09\/INFANTIL-MATEMATICAS2-1000x749.jpg 1000w, https:\/\/site.educa.madrid.org\/cp.paraguay.madrid\/\/wp-content\/uploads\/cp.paraguay.madrid\/2023\/09\/INFANTIL-MATEMATICAS2-230x172.jpg 230w, https:\/\/site.educa.madrid.org\/cp.paraguay.madrid\/\/wp-content\/uploads\/cp.paraguay.madrid\/2023\/09\/INFANTIL-MATEMATICAS2-350x262.jpg 350w, https:\/\/site.educa.madrid.org\/cp.paraguay.madrid\/\/wp-content\/uploads\/cp.paraguay.madrid\/2023\/09\/INFANTIL-MATEMATICAS2-480x359.jpg 480w, https:\/\/site.educa.madrid.org\/cp.paraguay.madrid\/\/wp-content\/uploads\/cp.paraguay.madrid\/2023\/09\/INFANTIL-MATEMATICAS2.jpg 1336w\" sizes=\"auto, (max-width: 1024px) 100vw, 1024px\" \/><\/figure>\n<\/div>\n\n\n\n<div class=\"wp-block-column is-vertically-aligned-center is-layout-flow wp-block-column-is-layout-flow\" style=\"flex-basis:33%\">\n<div style=\"height:2vw\" aria-hidden=\"true\" class=\"wp-block-spacer\"><\/div>\n\n\n\n<p><strong>Periodo de adaptaci\u00f3n<\/strong><\/p>\n\n\n\n<p>Se trata e una etapa que cada ni\u00f1o recorre al inicio de su incorporaci\u00f3n: la separaci\u00f3n de la familia y su ingreso en el colegio causan alteraciones en los planos sentimental, afectivo, social o intelectual que debemos atender. El proceso de aceptaci\u00f3n interna del cambio resulta complejo y la gran dificultad recae en la separaci\u00f3n ni\u00f1o \u2013 familia, situaci\u00f3n que resulta tan dif\u00edcil para los padres como para los hijos.<\/p>\n\n\n\n<p>Cada ni\u00f1o tiene su propia forma de reaccionar cuando sus padres se van: desde sollozos hasta una estrepitosa rabieta; desde silencio y falta de respuesta a la m\u00e1s cari\u00f1os de las voces hasta aislamiento total y absoluto.<\/p>\n\n\n\n<p><strong>Consejos para el periodo de adaptaci\u00f3n<\/strong>:<\/p>\n\n\n\n<ol class=\"wp-block-list\">\n<li>P\u00f3ngase en el lugar del ni\u00f1o y sea sensible a sus estados de \u00e1nimo. Los primeros d\u00edas de cole son dif\u00edciles: un espacio nuevo, personas de referencia que no conoce, ni\u00f1os llorando alrededor\u2026<\/li>\n\n\n\n<li>No salga corriendo: el momento de la despedida es importante y no debe causar desconcierto e inseguridad.<\/li>\n\n\n\n<li>No enga\u00f1es: evita decir al ni\u00f1o \u201cMe voy un momento y ahora vuelvo\u201d. Es mejor que des una pista de referencia: \u201cVolver\u00e9 antes\/despu\u00e9s de comer\u201d.<\/li>\n\n\n\n<li>No introduzcas ning\u00fan cambio m\u00e1s (retirada del chupete, cambio de habitaci\u00f3n, etc.). El comienzo de esta etapa ya es un cambio importante para el ni\u00f1o.<\/li>\n\n\n\n<li>Act\u00faa con normalidad a la hora de recogida: es un buen momento para la comunicaci\u00f3n y para mostrarnos cercanos a sus vivencias y emociones.<\/li>\n\n\n\n<li>\u00c1rmate de paciencia. El periodo de adaptaci\u00f3n var\u00eda mucho de un ni\u00f1o a otro, as\u00ed que no conviene dar nada por sentado.<\/li>\n<\/ol>\n<\/div>\n<\/div>\n<\/div>\n<\/div><\/div>\n","protected":false},"excerpt":{"rendered":"<p>Una etapa esencial. Consideraciones generales La Educaci\u00f3n Infantil contribuir\u00e1 a desarrollar en las ni\u00f1as y ni\u00f1os las capacidades que les permitan: Texto [&hellip;]<\/p>\n","protected":false},"author":6,"featured_media":0,"parent":117,"menu_order":0,"comment_status":"closed","ping_status":"closed","template":"","meta":{"footnotes":""},"folder":[],"class_list":["post-618","page","type-page","status-publish","hentry"],"rttpg_featured_image_url":null,"rttpg_author":{"display_name":"Cuenta Admin-educamadrid","author_link":"https:\/\/site.educa.madrid.org\/cp.paraguay.madrid\/index.php\/author\/cuenta_admin-educamadrid\/"},"rttpg_comment":0,"rttpg_category":false,"rttpg_excerpt":"Una etapa esencial. Consideraciones generales La Educaci\u00f3n Infantil contribuir\u00e1 a desarrollar en las ni\u00f1as y ni\u00f1os las capacidades que les permitan: Texto [&hellip;]","post_mailing_queue_ids":[],"_links":{"self":[{"href":"https:\/\/site.educa.madrid.org\/cp.paraguay.madrid\/index.php\/wp-json\/wp\/v2\/pages\/618","targetHints":{"allow":["GET"]}}],"collection":[{"href":"https:\/\/site.educa.madrid.org\/cp.paraguay.madrid\/index.php\/wp-json\/wp\/v2\/pages"}],"about":[{"href":"https:\/\/site.educa.madrid.org\/cp.paraguay.madrid\/index.php\/wp-json\/wp\/v2\/types\/page"}],"author":[{"embeddable":true,"href":"https:\/\/site.educa.madrid.org\/cp.paraguay.madrid\/index.php\/wp-json\/wp\/v2\/users\/6"}],"replies":[{"embeddable":true,"href":"https:\/\/site.educa.madrid.org\/cp.paraguay.madrid\/index.php\/wp-json\/wp\/v2\/comments?post=618"}],"version-history":[{"count":9,"href":"https:\/\/site.educa.madrid.org\/cp.paraguay.madrid\/index.php\/wp-json\/wp\/v2\/pages\/618\/revisions"}],"predecessor-version":[{"id":1609,"href":"https:\/\/site.educa.madrid.org\/cp.paraguay.madrid\/index.php\/wp-json\/wp\/v2\/pages\/618\/revisions\/1609"}],"up":[{"embeddable":true,"href":"https:\/\/site.educa.madrid.org\/cp.paraguay.madrid\/index.php\/wp-json\/wp\/v2\/pages\/117"}],"wp:attachment":[{"href":"https:\/\/site.educa.madrid.org\/cp.paraguay.madrid\/index.php\/wp-json\/wp\/v2\/media?parent=618"}],"wp:term":[{"taxonomy":"folder","embeddable":true,"href":"https:\/\/site.educa.madrid.org\/cp.paraguay.madrid\/index.php\/wp-json\/wp\/v2\/folder?post=618"}],"curies":[{"name":"wp","href":"https:\/\/api.w.org\/{rel}","templated":true}]}}