{"id":797,"date":"2022-06-23T13:49:54","date_gmt":"2022-06-23T11:49:54","guid":{"rendered":"https:\/\/site.educa.madrid.org\/cp.paraguay.madrid\/?page_id=797"},"modified":"2026-02-17T11:48:05","modified_gmt":"2026-02-17T10:48:05","slug":"planes","status":"publish","type":"page","link":"https:\/\/site.educa.madrid.org\/cp.paraguay.madrid\/index.php\/proyectos\/planes\/","title":{"rendered":"Planes"},"content":{"rendered":"\n<div class=\"wp-block-columns is-layout-flex wp-container-core-columns-is-layout-9d6595d7 wp-block-columns-is-layout-flex\">\n<div class=\"wp-block-column is-layout-flow wp-block-column-is-layout-flow\" style=\"flex-basis:25%\"><\/div>\n\n\n\n<div class=\"wp-block-column is-layout-flow wp-block-column-is-layout-flow\" style=\"flex-basis:50%\">\n<h2 class=\"wp-block-heading\">Plan Digital de Centro y Programa Escuela 4.0<\/h2>\n\n\n\n<p class=\"has-background\" style=\"background-color:#c8eaf0\">El centro participa en la estrategia de digitalizaci\u00f3n de la Comunidad de Madrid , incluida en el marco estrat\u00e9gico Europeo y Espa\u00f1ol, por el que se pretende promover entre toda la Comunidad Educativa el proceso de digitalizaci\u00f3n.<\/p>\n\n\n\n<div data-wp-interactive=\"core\/file\" class=\"wp-block-file\"><object data-wp-bind--hidden=\"!state.hasPdfPreview\" hidden class=\"wp-block-file__embed\" data=\"https:\/\/site.educa.madrid.org\/cp.paraguay.madrid\/\/wp-content\/uploads\/cp.paraguay.madrid\/2026\/01\/PDC-CE4.0_2526-2-1.pdf\" type=\"application\/pdf\" style=\"width:100%;height:600px\" aria-label=\"Incrustado de PDC + CE4.0_2526 (2).\"><\/object><a id=\"wp-block-file--media-31b598cf-95ee-455f-9861-2b64d0d680f8\" href=\"https:\/\/site.educa.madrid.org\/cp.paraguay.madrid\/\/wp-content\/uploads\/cp.paraguay.madrid\/2026\/01\/PDC-CE4.0_2526-2-1.pdf\">PDC + CE4.0_2526 (2)<\/a><a href=\"https:\/\/site.educa.madrid.org\/cp.paraguay.madrid\/\/wp-content\/uploads\/cp.paraguay.madrid\/2026\/01\/PDC-CE4.0_2526-2-1.pdf\" class=\"wp-block-file__button wp-element-button\" download aria-describedby=\"wp-block-file--media-31b598cf-95ee-455f-9861-2b64d0d680f8\">Descarga<\/a><\/div>\n<\/div>\n\n\n\n<div class=\"wp-block-column is-layout-flow wp-block-column-is-layout-flow\" style=\"flex-basis:25%\"><\/div>\n<\/div>\n\n\n\n<div class=\"wp-block-columns is-layout-flex wp-container-core-columns-is-layout-9d6595d7 wp-block-columns-is-layout-flex\">\n<div class=\"wp-block-column is-layout-flow wp-block-column-is-layout-flow\" style=\"flex-basis:25%\"><\/div>\n\n\n\n<div class=\"wp-block-column is-layout-flow wp-block-column-is-layout-flow\" style=\"flex-basis:50%\">\n<h2 class=\"wp-block-heading\">Plan de innovaci\u00f3n tecnol\u00f3gica<\/h2>\n\n\n\n<p class=\"has-background\" style=\"background-color:#e8d9e2\">Desde el curso 2022-23 el centro es considerado por la Comunidad de Madrid, como un centro de referencia en Innovaci\u00f3n Educativa y Tecnol\u00f3gica por lo que se est\u00e1 implementando este programa en todo el centro dotando as\u00ed de a los alumnos de las competencias digitales esenciales para su desarrollo en nuestra sociedad digital.<\/p>\n\n\n\n<div class=\"wp-block-file\"><a id=\"wp-block-file--media-ac455591-d5e5-457e-ac76-68558a836674\" href=\"https:\/\/site.educa.madrid.org\/cp.paraguay.madrid\/\/wp-content\/uploads\/cp.paraguay.madrid\/2023\/10\/Proyecto_innovacion_Educativa_Digitalizacion-1.pdf\">Proyecto_innovacion_Educativa_Digitalizacion-1<\/a><a href=\"https:\/\/site.educa.madrid.org\/cp.paraguay.madrid\/\/wp-content\/uploads\/cp.paraguay.madrid\/2023\/10\/Proyecto_innovacion_Educativa_Digitalizacion-1.pdf\" class=\"wp-block-file__button wp-element-button\" download aria-describedby=\"wp-block-file--media-ac455591-d5e5-457e-ac76-68558a836674\">Descarga<\/a><\/div>\n<\/div>\n\n\n\n<div class=\"wp-block-column is-layout-flow wp-block-column-is-layout-flow\" style=\"flex-basis:25%\"><\/div>\n<\/div>\n\n\n\n<div class=\"wp-block-columns is-layout-flex wp-container-core-columns-is-layout-9d6595d7 wp-block-columns-is-layout-flex\">\n<div class=\"wp-block-column is-layout-flow wp-block-column-is-layout-flow\" style=\"flex-basis:25%\"><\/div>\n\n\n\n<div class=\"wp-block-column is-layout-flow wp-block-column-is-layout-flow\" style=\"flex-basis:50%\">\n<h2 class=\"wp-block-heading\">Nuestro plan de convivencia<\/h2>\n\n\n\n<p class=\"has-background\" style=\"background-color:#dbead8\">Nuestro plan de convivencia est\u00e1 elaborado de acuerdo con el marco que rige las relaciones humanas en el centro, construido por toda la comunidad. Est\u00e1 elaborado por la comisi\u00f3n de convivencia del Consejo Escolar con la participaci\u00f3n efectiva de toda la comunidad educativa a trav\u00e9s de un di\u00e1logo compartido, toma de decisiones conjuntas y acciones de evaluaci\u00f3n de acuerdo con lo dispuesto en el art\u00edculo 12 del Decreto 32\/2019 de la Comunidad de Madrid, de 9 de abril por el que se establece el marco regulador de la convivencia en los centros docentes de la Comunidad de Madrid. El Plan de Convivencia ha sido aprobado por el director del centro, siendo informado previamente el Claustro de profesores y el Consejo Escolar, que se ocupar\u00e1 de realizar el seguimiento y la evaluaci\u00f3n anual de dicho plan.[Enlace al documento con el Plan de Convivencia del centro]<\/p>\n\n\n\n<div data-wp-interactive=\"core\/file\" class=\"wp-block-file\"><object data-wp-bind--hidden=\"!state.hasPdfPreview\" hidden class=\"wp-block-file__embed\" data=\"https:\/\/site.educa.madrid.org\/cp.paraguay.madrid\/\/wp-content\/uploads\/cp.paraguay.madrid\/2026\/02\/PLAN-DE-CONVIVENCIA-actualizado.pdf\" type=\"application\/pdf\" style=\"width:100%;height:600px\" aria-label=\"Incrustado de PLAN DE CONVIVENCIA (actualizado).\"><\/object><a id=\"wp-block-file--media-6a7a8dba-7639-48b3-b925-c73b7e4beceb\" href=\"https:\/\/site.educa.madrid.org\/cp.paraguay.madrid\/\/wp-content\/uploads\/cp.paraguay.madrid\/2026\/02\/PLAN-DE-CONVIVENCIA-actualizado.pdf\">PLAN DE CONVIVENCIA (actualizado)<\/a><a href=\"https:\/\/site.educa.madrid.org\/cp.paraguay.madrid\/\/wp-content\/uploads\/cp.paraguay.madrid\/2026\/02\/PLAN-DE-CONVIVENCIA-actualizado.pdf\" class=\"wp-block-file__button wp-element-button\" download aria-describedby=\"wp-block-file--media-6a7a8dba-7639-48b3-b925-c73b7e4beceb\">Descarga<\/a><\/div>\n<\/div>\n\n\n\n<div class=\"wp-block-column is-layout-flow wp-block-column-is-layout-flow\" style=\"flex-basis:25%\"><\/div>\n<\/div>\n\n\n\n<div class=\"wp-block-columns is-layout-flex wp-container-core-columns-is-layout-9d6595d7 wp-block-columns-is-layout-flex\">\n<div class=\"wp-block-column is-layout-flow wp-block-column-is-layout-flow\" style=\"flex-basis:25%\"><\/div>\n\n\n\n<div class=\"wp-block-column is-layout-flow wp-block-column-is-layout-flow\" style=\"flex-basis:50%\">\n<h2 class=\"wp-block-heading\"><strong>Plan <\/strong>Incluyo<\/h2>\n\n\n\n<p class=\"has-background\" style=\"background-color:#fbe98c\">El\u00a0<strong>Plan Incluyo<\/strong> es el documento en el que se recogen las\u00a0<strong>medidas organizativas, preventivas y de intervenci\u00f3n<\/strong>\u00a0que adopta el centro para facilitar el acceso al curr\u00edculo del alumnado, en funci\u00f3n de sus necesidades y caracter\u00edsticas, con objeto de contribuir a la superaci\u00f3n de las dificultades que presente. Ha de contemplar, entre otros aspectos, los\u00a0<strong>procedimientos, protocolos y plazos<\/strong>\u00a0para llevarlas a cabo en diferentes situaciones educativas. Este plan se incorporar\u00e1 al Proyecto Educativo de Centro y su concreci\u00f3n se incluir\u00e1 en la Programaci\u00f3n General Anual. Asimismo, este documento tiene relaci\u00f3n con otros dos instrumentos incluidos en el Proyecto Educativo y que contribuyen a la atenci\u00f3n a la diversidad de forma ordinaria, como son el Plan de Acci\u00f3n Tutorial y Plan de Orientaci\u00f3n Acad\u00e9mica y Profesional. La Comisi\u00f3n de Coordinaci\u00f3n Pedag\u00f3gica ser\u00e1 conocedora del mismo y aprobar\u00e1 las l\u00edneas generales de dichos documentos. Los departamentos did\u00e1cticos incluir\u00e1n en sus programaciones un apartado dedicado a la atenci\u00f3n a la diversidad, dentro del cual se recoger\u00e1n los aspectos generales que compete a la organizaci\u00f3n de las medidas que se plantean en este documento.<\/p>\n\n\n\n<div data-wp-interactive=\"core\/file\" class=\"wp-block-file\"><object data-wp-bind--hidden=\"!state.hasPdfPreview\" hidden class=\"wp-block-file__embed\" data=\"https:\/\/site.educa.madrid.org\/cp.paraguay.madrid\/\/wp-content\/uploads\/cp.paraguay.madrid\/2026\/02\/PLAN-INCLUYO-actualizado-Anexos.pdf\" type=\"application\/pdf\" style=\"width:100%;height:600px\" aria-label=\"Incrustado de PLAN INCLUYO (actualizado) + Anexos.\"><\/object><a id=\"wp-block-file--media-0642474f-6ed0-4c96-b9f4-552d8643bbcd\" href=\"https:\/\/site.educa.madrid.org\/cp.paraguay.madrid\/\/wp-content\/uploads\/cp.paraguay.madrid\/2026\/02\/PLAN-INCLUYO-actualizado-Anexos.pdf\">PLAN INCLUYO (actualizado) + Anexos<\/a><a href=\"https:\/\/site.educa.madrid.org\/cp.paraguay.madrid\/\/wp-content\/uploads\/cp.paraguay.madrid\/2026\/02\/PLAN-INCLUYO-actualizado-Anexos.pdf\" class=\"wp-block-file__button wp-element-button\" download aria-describedby=\"wp-block-file--media-0642474f-6ed0-4c96-b9f4-552d8643bbcd\">Descarga<\/a><\/div>\n<\/div>\n\n\n\n<div class=\"wp-block-column is-layout-flow wp-block-column-is-layout-flow\" style=\"flex-basis:25%\"><\/div>\n<\/div>\n\n\n\n<div class=\"wp-block-columns is-layout-flex wp-container-core-columns-is-layout-9d6595d7 wp-block-columns-is-layout-flex\">\n<div class=\"wp-block-column is-layout-flow wp-block-column-is-layout-flow\" style=\"flex-basis:25%\"><\/div>\n\n\n\n<div class=\"wp-block-column is-layout-flow wp-block-column-is-layout-flow\" style=\"flex-basis:50%\">\n<h2 class=\"wp-block-heading\"><strong><strong>Plan de Acogida<\/strong><\/strong><\/h2>\n\n\n\n<p class=\"has-background\" style=\"background-color:#d1d1df\">El&nbsp;<strong>Plan de Acogida<\/strong>&nbsp;es un protocolo de actuaciones cuyo&nbsp;<strong>objetivo es facilitar la integraci\u00f3n<\/strong>&nbsp;<strong>de los nuevos miembros de la Comunidad Educativa en el centro escolar<\/strong>, ya sea alumnado, profesorado o familias. El Plan de Acogida de nuestro centro forma parte del Plan de Convivencia y recoge los dos principios en los que se basa la gesti\u00f3n de la convivencia en nuestro instituto: l<strong>a participaci\u00f3n y la inclusi\u00f3n de todos los miembros de la comunidad educativa<\/strong>. En este Plan la participaci\u00f3n es al tiempo un objetivo y una metodolog\u00eda de trabajo.[Enlace al documento con el Plan de Convivencia del centro]<\/p>\n<\/div>\n\n\n\n<div class=\"wp-block-column is-layout-flow wp-block-column-is-layout-flow\" style=\"flex-basis:25%\"><\/div>\n<\/div>\n","protected":false},"excerpt":{"rendered":"<p>Plan Digital de Centro y Programa Escuela 4.0 El centro participa en la estrategia de digitalizaci\u00f3n de la Comunidad de Madrid , [&hellip;]<\/p>\n","protected":false},"author":6,"featured_media":0,"parent":187,"menu_order":0,"comment_status":"closed","ping_status":"closed","template":"","meta":{"footnotes":""},"folder":[],"class_list":["post-797","page","type-page","status-publish","hentry"],"rttpg_featured_image_url":null,"rttpg_author":{"display_name":"Cuenta Admin-educamadrid","author_link":"https:\/\/site.educa.madrid.org\/cp.paraguay.madrid\/index.php\/author\/cuenta_admin-educamadrid\/"},"rttpg_comment":0,"rttpg_category":false,"rttpg_excerpt":"Plan Digital de Centro y Programa Escuela 4.0 El centro participa en la estrategia de digitalizaci\u00f3n de la Comunidad de Madrid , [&hellip;]","post_mailing_queue_ids":[],"_links":{"self":[{"href":"https:\/\/site.educa.madrid.org\/cp.paraguay.madrid\/index.php\/wp-json\/wp\/v2\/pages\/797","targetHints":{"allow":["GET"]}}],"collection":[{"href":"https:\/\/site.educa.madrid.org\/cp.paraguay.madrid\/index.php\/wp-json\/wp\/v2\/pages"}],"about":[{"href":"https:\/\/site.educa.madrid.org\/cp.paraguay.madrid\/index.php\/wp-json\/wp\/v2\/types\/page"}],"author":[{"embeddable":true,"href":"https:\/\/site.educa.madrid.org\/cp.paraguay.madrid\/index.php\/wp-json\/wp\/v2\/users\/6"}],"replies":[{"embeddable":true,"href":"https:\/\/site.educa.madrid.org\/cp.paraguay.madrid\/index.php\/wp-json\/wp\/v2\/comments?post=797"}],"version-history":[{"count":30,"href":"https:\/\/site.educa.madrid.org\/cp.paraguay.madrid\/index.php\/wp-json\/wp\/v2\/pages\/797\/revisions"}],"predecessor-version":[{"id":2068,"href":"https:\/\/site.educa.madrid.org\/cp.paraguay.madrid\/index.php\/wp-json\/wp\/v2\/pages\/797\/revisions\/2068"}],"up":[{"embeddable":true,"href":"https:\/\/site.educa.madrid.org\/cp.paraguay.madrid\/index.php\/wp-json\/wp\/v2\/pages\/187"}],"wp:attachment":[{"href":"https:\/\/site.educa.madrid.org\/cp.paraguay.madrid\/index.php\/wp-json\/wp\/v2\/media?parent=797"}],"wp:term":[{"taxonomy":"folder","embeddable":true,"href":"https:\/\/site.educa.madrid.org\/cp.paraguay.madrid\/index.php\/wp-json\/wp\/v2\/folder?post=797"}],"curies":[{"name":"wp","href":"https:\/\/api.w.org\/{rel}","templated":true}]}}