{"id":840,"date":"2022-06-30T10:46:24","date_gmt":"2022-06-30T08:46:24","guid":{"rendered":"https:\/\/site.educa.madrid.org\/cp.paraguay.madrid\/?page_id=840"},"modified":"2026-02-17T11:39:53","modified_gmt":"2026-02-17T10:39:53","slug":"otros-servicios","status":"publish","type":"page","link":"https:\/\/site.educa.madrid.org\/cp.paraguay.madrid\/index.php\/proyectos\/otros-servicios\/","title":{"rendered":"Otros servicios"},"content":{"rendered":"\n<div class=\"wp-block-columns is-layout-flex wp-container-core-columns-is-layout-9d6595d7 wp-block-columns-is-layout-flex\">\n<div class=\"wp-block-column is-layout-flow wp-block-column-is-layout-flow\" style=\"flex-basis:25%\"><\/div>\n\n\n\n<div class=\"wp-block-column has-background is-layout-flow wp-block-column-is-layout-flow\" style=\"background-color:#8dd2fc00;flex-basis:50%\">\n<h2 class=\"wp-block-heading\">Los primeros del cole<\/h2>\n\n\n\n<p class=\"has-background\" style=\"background-color:#c0ebf1\">Este servicio gratuito ofertado por la Junta de Distrito Municipal de Fuencarral-El Pardo, para un total de <strong>20 alumnos<\/strong>. Su horario es de <strong>8:00 a 9:00 de la ma\u00f1ana<\/strong>.<\/p>\n\n\n\n<div class=\"wp-block-group has-background\" style=\"background-color:#c0ebf1\"><div class=\"wp-block-group__inner-container is-layout-constrained wp-block-group-is-layout-constrained\">\n<p>El servicio consiste en un periodo de tiempo en el que los alumnos toman el desayuno y otro periodo de actividades recreativas o motrices hasta que se inician las clases.<\/p>\n\n\n<div class=\"wp-block-image\">\n<figure class=\"aligncenter size-full\"><img loading=\"lazy\" decoding=\"async\" width=\"1920\" height=\"1080\" src=\"https:\/\/site.educa.madrid.org\/cp.paraguay.madrid\/\/wp-content\/uploads\/cp.paraguay.madrid\/2026\/02\/pict20200205_125536_0.jpg\" alt=\"\" class=\"wp-image-2063\" srcset=\"https:\/\/site.educa.madrid.org\/cp.paraguay.madrid\/\/wp-content\/uploads\/cp.paraguay.madrid\/2026\/02\/pict20200205_125536_0.jpg 1920w, https:\/\/site.educa.madrid.org\/cp.paraguay.madrid\/\/wp-content\/uploads\/cp.paraguay.madrid\/2026\/02\/pict20200205_125536_0-300x169.jpg 300w, https:\/\/site.educa.madrid.org\/cp.paraguay.madrid\/\/wp-content\/uploads\/cp.paraguay.madrid\/2026\/02\/pict20200205_125536_0-1024x576.jpg 1024w, https:\/\/site.educa.madrid.org\/cp.paraguay.madrid\/\/wp-content\/uploads\/cp.paraguay.madrid\/2026\/02\/pict20200205_125536_0-768x432.jpg 768w, https:\/\/site.educa.madrid.org\/cp.paraguay.madrid\/\/wp-content\/uploads\/cp.paraguay.madrid\/2026\/02\/pict20200205_125536_0-1536x864.jpg 1536w, https:\/\/site.educa.madrid.org\/cp.paraguay.madrid\/\/wp-content\/uploads\/cp.paraguay.madrid\/2026\/02\/pict20200205_125536_0-1000x563.jpg 1000w, https:\/\/site.educa.madrid.org\/cp.paraguay.madrid\/\/wp-content\/uploads\/cp.paraguay.madrid\/2026\/02\/pict20200205_125536_0-230x129.jpg 230w, https:\/\/site.educa.madrid.org\/cp.paraguay.madrid\/\/wp-content\/uploads\/cp.paraguay.madrid\/2026\/02\/pict20200205_125536_0-350x197.jpg 350w, https:\/\/site.educa.madrid.org\/cp.paraguay.madrid\/\/wp-content\/uploads\/cp.paraguay.madrid\/2026\/02\/pict20200205_125536_0-480x270.jpg 480w\" sizes=\"auto, (max-width: 1920px) 100vw, 1920px\" \/><\/figure>\n<\/div><\/div><\/div>\n<\/div>\n\n\n\n<div class=\"wp-block-column is-layout-flow wp-block-column-is-layout-flow\" style=\"flex-basis:25%\"><\/div>\n<\/div>\n\n\n\n<div class=\"wp-block-columns is-layout-flex wp-container-core-columns-is-layout-9d6595d7 wp-block-columns-is-layout-flex\">\n<div class=\"wp-block-column is-layout-flow wp-block-column-is-layout-flow\" style=\"flex-basis:25%\"><\/div>\n\n\n\n<div class=\"wp-block-column has-background is-layout-flow wp-block-column-is-layout-flow\" style=\"background-color:#8dd2fc00;flex-basis:50%\">\n<h2 class=\"wp-block-heading\">Programa PAAE (Programa de Acompa\u00f1amiento y Apoyo Escolar)<\/h2>\n\n\n\n<div class=\"wp-block-group has-background\" style=\"background-color:#ffe97d\"><div class=\"wp-block-group__inner-container is-layout-constrained wp-block-group-is-layout-constrained\">\n<p><strong>\u00bfA qui\u00e9n va dirigido?<\/strong><\/p>\n\n\n\n<p>A los alumnos de&nbsp; 4\u00ba, 5\u00ba y 6\u00ba de Ed. Primaria Educaci\u00f3n Primaria.<\/p>\n\n\n\n<p><strong>\u00bfEn qu\u00e9 consiste?<\/strong><\/p>\n\n\n\n<p>Las actividades que se desarrollar\u00e1n en este programa se centrar\u00e1n en:<\/p>\n\n\n\n<ul class=\"wp-block-list\">\n<li>El aprendizaje de contenidos b\u00e1sicos de las materias instrumentales.<\/li>\n\n\n\n<li>Lectura guiada.<\/li>\n\n\n\n<li>Trabajo de las actividades propuestas en clase.<\/li>\n\n\n\n<li>Resoluci\u00f3n de dudas.<\/li>\n\n\n\n<li>Adquisici\u00f3n de h\u00e1bitos y t\u00e9cnicas de estudio eficaces.<\/li>\n\n\n\n<li>Recuperaci\u00f3n de desfases respecto al grupo de referencia.<\/li>\n<\/ul>\n\n\n\n<p><strong>\u00bfD\u00f3nde y cu\u00e1ndo?<\/strong><\/p>\n\n\n\n<p>El programa se desarrollar\u00e1 de octubre a junio.<\/p>\n\n\n\n<p>Las actividades del programa se desarrollar\u00e1n de lunes a jueves de 16:00 a 17:00 horas  en el propio centro, y ser\u00e1 impartido por maestros.<\/p>\n\n\n\n<p><\/p>\n<\/div><\/div>\n<\/div>\n\n\n\n<div class=\"wp-block-column is-layout-flow wp-block-column-is-layout-flow\" style=\"flex-basis:25%\"><\/div>\n<\/div>\n","protected":false},"excerpt":{"rendered":"<p>Los primeros del cole Este servicio gratuito ofertado por la Junta de Distrito Municipal de Fuencarral-El Pardo, para un total de 20 [&hellip;]<\/p>\n","protected":false},"author":6,"featured_media":0,"parent":187,"menu_order":3,"comment_status":"closed","ping_status":"closed","template":"","meta":{"footnotes":""},"folder":[],"class_list":["post-840","page","type-page","status-publish","hentry"],"rttpg_featured_image_url":null,"rttpg_author":{"display_name":"Cuenta Admin-educamadrid","author_link":"https:\/\/site.educa.madrid.org\/cp.paraguay.madrid\/index.php\/author\/cuenta_admin-educamadrid\/"},"rttpg_comment":0,"rttpg_category":false,"rttpg_excerpt":"Los primeros del cole Este servicio gratuito ofertado por la Junta de Distrito Municipal de Fuencarral-El Pardo, para un total de 20 [&hellip;]","post_mailing_queue_ids":[],"_links":{"self":[{"href":"https:\/\/site.educa.madrid.org\/cp.paraguay.madrid\/index.php\/wp-json\/wp\/v2\/pages\/840","targetHints":{"allow":["GET"]}}],"collection":[{"href":"https:\/\/site.educa.madrid.org\/cp.paraguay.madrid\/index.php\/wp-json\/wp\/v2\/pages"}],"about":[{"href":"https:\/\/site.educa.madrid.org\/cp.paraguay.madrid\/index.php\/wp-json\/wp\/v2\/types\/page"}],"author":[{"embeddable":true,"href":"https:\/\/site.educa.madrid.org\/cp.paraguay.madrid\/index.php\/wp-json\/wp\/v2\/users\/6"}],"replies":[{"embeddable":true,"href":"https:\/\/site.educa.madrid.org\/cp.paraguay.madrid\/index.php\/wp-json\/wp\/v2\/comments?post=840"}],"version-history":[{"count":11,"href":"https:\/\/site.educa.madrid.org\/cp.paraguay.madrid\/index.php\/wp-json\/wp\/v2\/pages\/840\/revisions"}],"predecessor-version":[{"id":2064,"href":"https:\/\/site.educa.madrid.org\/cp.paraguay.madrid\/index.php\/wp-json\/wp\/v2\/pages\/840\/revisions\/2064"}],"up":[{"embeddable":true,"href":"https:\/\/site.educa.madrid.org\/cp.paraguay.madrid\/index.php\/wp-json\/wp\/v2\/pages\/187"}],"wp:attachment":[{"href":"https:\/\/site.educa.madrid.org\/cp.paraguay.madrid\/index.php\/wp-json\/wp\/v2\/media?parent=840"}],"wp:term":[{"taxonomy":"folder","embeddable":true,"href":"https:\/\/site.educa.madrid.org\/cp.paraguay.madrid\/index.php\/wp-json\/wp\/v2\/folder?post=840"}],"curies":[{"name":"wp","href":"https:\/\/api.w.org\/{rel}","templated":true}]}}