{"id":147,"date":"2022-02-14T14:25:41","date_gmt":"2022-02-14T13:25:41","guid":{"rendered":"https:\/\/site.educa.madrid.org\/cp.pedrobrimonis.humanes\/?page_id=147"},"modified":"2024-06-11T07:26:47","modified_gmt":"2024-06-11T05:26:47","slug":"proyectos","status":"publish","type":"page","link":"https:\/\/site.educa.madrid.org\/cp.pedrobrimonis.humanes\/index.php\/proyectos\/","title":{"rendered":"Proyectos"},"content":{"rendered":"\n\t\t\t<!-- Flexy Breadcrumb -->\n\t\t\t<div class=\"fbc fbc-page\">\n\n\t\t\t\t<!-- Breadcrumb wrapper -->\n\t\t\t\t<div class=\"fbc-wrap\">\n\n\t\t\t\t\t<!-- Ordered list-->\n\t\t\t\t\t<ol class=\"fbc-items\" itemscope itemtype=\"https:\/\/schema.org\/BreadcrumbList\">\n\t\t\t\t\t\t            <li itemprop=\"itemListElement\" itemscope itemtype=\"https:\/\/schema.org\/ListItem\">\n                <span itemprop=\"name\">\n                    <!-- Home Link -->\n                    <a itemprop=\"item\" href=\"https:\/\/site.educa.madrid.org\/cp.pedrobrimonis.humanes\">\n                    \n                        Inicio                    <\/a>\n                <\/span>\n                <meta itemprop=\"position\" content=\"1\" \/><!-- Meta Position-->\n             <\/li><li><span class=\"fbc-separator\">\/<\/span><\/li><li class=\"active\" itemprop=\"itemListElement\" itemscope itemtype=\"https:\/\/schema.org\/ListItem\"><span itemprop=\"name\" title=\"Novedades\">Novedades<\/span><meta itemprop=\"position\" content=\"2\" \/><\/li>\t\t\t\t\t<\/ol>\n\t\t\t\t\t<div class=\"clearfix\"><\/div>\n\t\t\t\t<\/div>\n\t\t\t<\/div>\n\t\t\t\n\n\n\n<h2 class=\"wp-block-heading\">Proyectos<\/h2>\n\n\n<div id=\"pl-gb147-6a038e3c8a8f6\"  class=\"panel-layout\" ><div id=\"pg-gb147-6a038e3c8a8f6-0\"  class=\"panel-grid panel-has-style\"  data-style=\"{&quot;padding&quot;:&quot;2%&quot;,&quot;background_image_attachment&quot;:false,&quot;background_display&quot;:&quot;tile&quot;,&quot;full_height&quot;:&quot;&quot;,&quot;bottom_margin&quot;:&quot;5%&quot;,&quot;row_stretch&quot;:&quot;full&quot;,&quot;cell_alignment&quot;:&quot;flex-start&quot;,&quot;link_overlay_new_window&quot;:&quot;&quot;}\"  data-color-label=\"3\"  data-label=\"Services\" ><div class=\"siteorigin-panels-stretch panel-row-style panel-row-style-for-gb147-6a038e3c8a8f6-0\" data-stretch-type=\"full\" ><div id=\"pgc-gb147-6a038e3c8a8f6-0-0\"  class=\"panel-grid-cell\"  data-weight=\"1\" ><div id=\"panel-gb147-6a038e3c8a8f6-0-0-0\" class=\"so-panel widget widget_sow-headline panel-first-child\" data-index=\"0\" data-style=\"{&quot;background&quot;:&quot;#afda1b&quot;,&quot;background_image_attachment&quot;:false,&quot;background_display&quot;:&quot;tile&quot;,&quot;link_overlay_new_window&quot;:&quot;&quot;}\" ><div class=\"panel-widget-style panel-widget-style-for-gb147-6a038e3c8a8f6-0-0-0\" ><div\n\t\t\t\n\t\t\tclass=\"so-widget-sow-headline so-widget-sow-headline-default-52b4ac1ef306 so-widget-fittext-wrapper\"\n\t\t\t data-fit-text-compressor=\"0.85\"\n\t\t><div class=\"sow-headline-container \">\n\t\t\t\t\t\t\t<h1 class=\"sow-headline\">\n\t\t\t\t\t\tAccede a los proyectos m\u00e1s destacados\t\t\t\t\t\t<\/h1>\n\t\t\t\t\t\t<\/div>\n<\/div><\/div><\/div><div id=\"panel-gb147-6a038e3c8a8f6-0-0-1\" class=\"so-panel widget widget_sow-features panel-last-child\" data-index=\"1\" data-style=\"{&quot;background_image_attachment&quot;:false,&quot;background_display&quot;:&quot;tile&quot;,&quot;link_overlay_new_window&quot;:&quot;&quot;}\" ><div\n\t\t\t\n\t\t\tclass=\"so-widget-sow-features so-widget-sow-features-default-a5d7c3dc477d\"\n\t\t\t\n\t\t>\n<div class=\"sow-features-list sow-features-responsive\">\n\n\t\t\t\t\t\t\t\t\t<div\n\t\t\t\tclass=\"sow-features-feature sow-icon-container-position-top\"\n\t\t\t\tstyle=\"display: flex; flex-direction: column; width: calc(25% - 25px);\"\n\t\t\t>\n\t\t\t\n\t\t\t\t\t\t\t\t<div\n\t\t\t\t\tclass=\"sow-icon-container sow-container-sticker\"\n\t\t\t\t\tstyle=\"color: #afda1b; \"\n\t\t\t\t\t\t\t\t\t>\n\t\t\t\t\t<div class=\"sow-icon-image\" style=\"background-image: url(https:\/\/site.educa.madrid.org\/cp.pedrobrimonis.humanes\/\/wp-content\/uploads\/cp.pedrobrimonis.humanes\/2022\/03\/mascota4.png); font-size: 70px\"><\/div>\t\t\t\t<\/div>\n\t\t\t\t\n\t\t\t\t<div class=\"textwidget\">\n\t\t\t\t\t\n\t\t\t\t\t\t\t\t\t\t\t<h5>\n\t\t\t\t\t\t\t\n\t\t\t\t\t\t\tProyecto Educativo\t\t\t\t\t\t\t\t\t\t\t\t\t<\/h5>\n\t\t\t\t\t\n\t\t\t\t\t\t\t\t\t\t\t<p><span style=\"color: #05367b\"><strong><a style=\"color: #05367b\" href=\"https:\/\/site.educa.madrid.org\/cp.pedrobrimonis.humanes\/index.php\/proyectos\/proyecto-educativo\/\">Consulta el Proyecto Educativo<\/a><\/strong><\/span><\/p>\n\t\t\t\t\t\n\t\t\t\t\t\t\t\t\t<\/div>\n\t\t\t\t\t\t\t\t\n\t\t\t\t\t\t\t<\/div>\n\n\t\t\t\t\t\t\t\t<div\n\t\t\t\tclass=\"sow-features-feature sow-icon-container-position-top\"\n\t\t\t\tstyle=\"display: flex; flex-direction: column; width: calc(25% - 25px);\"\n\t\t\t>\n\t\t\t\n\t\t\t\t\t\t\t\t<div\n\t\t\t\t\tclass=\"sow-icon-container sow-container-sticker\"\n\t\t\t\t\tstyle=\"color: #afda1b; \"\n\t\t\t\t\t\t\t\t\t>\n\t\t\t\t\t<div class=\"sow-icon-image\" style=\"background-image: url(https:\/\/site.educa.madrid.org\/cp.pedrobrimonis.humanes\/\/wp-content\/uploads\/cp.pedrobrimonis.humanes\/2022\/03\/mascota1_pequen\u0303a.png); font-size: 70px\"><\/div>\t\t\t\t<\/div>\n\t\t\t\t\n\t\t\t\t<div class=\"textwidget\">\n\t\t\t\t\t\n\t\t\t\t\t\t\t\t\t\t\t<h5>\n\t\t\t\t\t\t\t\n\t\t\t\t\t\t\tProyecto de Ingl\u00e9s\t\t\t\t\t\t\t\t\t\t\t\t\t<\/h5>\n\t\t\t\t\t\n\t\t\t\t\t\t\t\t\t\t\t<p><span style=\"color: #05367b\"><strong><a style=\"color: #05367b\" href=\"https:\/\/site.educa.madrid.org\/cp.pedrobrimonis.humanes\/index.php\/proyectos\/proyecto-ingles\/\">Ampliaci\u00f3n horaria del \u00e1rea de Ingl\u00e9s<\/a><\/strong><\/span><\/p>\n\t\t\t\t\t\n\t\t\t\t\t\t\t\t\t<\/div>\n\t\t\t\t\t\t\t\t\n\t\t\t\t\t\t\t<\/div>\n\n\t\t\t\t\t\t\t\t<div\n\t\t\t\tclass=\"sow-features-feature sow-icon-container-position-top\"\n\t\t\t\tstyle=\"display: flex; flex-direction: column; width: calc(25% - 25px);\"\n\t\t\t>\n\t\t\t\n\t\t\t\t\t\t\t\t<div\n\t\t\t\t\tclass=\"sow-icon-container sow-container-sticker\"\n\t\t\t\t\tstyle=\"color: #afda1b; \"\n\t\t\t\t\t\t\t\t\t>\n\t\t\t\t\t<div class=\"sow-icon-image\" style=\"background-image: url(https:\/\/site.educa.madrid.org\/cp.pedrobrimonis.humanes\/\/wp-content\/uploads\/cp.pedrobrimonis.humanes\/2022\/03\/mascota2.png); font-size: 70px\"><\/div>\t\t\t\t<\/div>\n\t\t\t\t\n\t\t\t\t<div class=\"textwidget\">\n\t\t\t\t\t\n\t\t\t\t\t\t\t\t\t\t\t<h5>\n\t\t\t\t\t\t\t\n\t\t\t\t\t\t\tProyectos de Matem\u00e1ticas\t\t\t\t\t\t\t\t\t\t\t\t\t<\/h5>\n\t\t\t\t\t\n\t\t\t\t\t\t\t\t\t\t\t<p><span style=\"color: #05367b\"><strong><a style=\"color: #05367b\" href=\"https:\/\/site.educa.madrid.org\/cp.pedrobrimonis.humanes\/index.php\/proyectos\/proyectos-de-matematicas\/\">Accede a los proyectos de Matem\u00e1ticas<\/a><\/strong><\/span><\/p>\n\t\t\t\t\t\n\t\t\t\t\t\t\t\t\t<\/div>\n\t\t\t\t\t\t\t\t\n\t\t\t\t\t\t\t<\/div>\n\n\t\t\t\t\t\t\t\t<div\n\t\t\t\tclass=\"sow-features-feature sow-icon-container-position-top\"\n\t\t\t\tstyle=\"display: flex; flex-direction: column; width: calc(25% - 25px);\"\n\t\t\t>\n\t\t\t\n\t\t\t\t\t\t\t\t<div\n\t\t\t\t\tclass=\"sow-icon-container sow-container-sticker\"\n\t\t\t\t\tstyle=\"color: #afda1b; \"\n\t\t\t\t\t\t\t\t\t>\n\t\t\t\t\t<div class=\"sow-icon-image\" style=\"background-image: url(https:\/\/site.educa.madrid.org\/cp.pedrobrimonis.humanes\/\/wp-content\/uploads\/cp.pedrobrimonis.humanes\/2022\/03\/mascota3.png); font-size: 70px\"><\/div>\t\t\t\t<\/div>\n\t\t\t\t\n\t\t\t\t<div class=\"textwidget\">\n\t\t\t\t\t\n\t\t\t\t\t\t\t\t\t\t\t<h5>\n\t\t\t\t\t\t\t\n\t\t\t\t\t\t\tProyectos de Ed. F\u00edsica\t\t\t\t\t\t\t\t\t\t\t\t\t<\/h5>\n\t\t\t\t\t\n\t\t\t\t\t\t\t\t\t\t\t<p><span style=\"color: #05367b\"><strong><a style=\"color: #05367b\" href=\"https:\/\/site.educa.madrid.org\/cp.pedrobrimonis.humanes\/index.php\/proyectos\/proyectos-de-educacion-fisica\/\">Consulta los proyectos de Educaci\u00f3n F\u00edsica<\/a><\/strong><\/span><\/p>\n\t\t\t\t\t\n\t\t\t\t\t\t\t\t\t<\/div>\n\t\t\t\t\t\t\t\t\n\t\t\t\t\t\t\t<\/div>\n\n\t\t\t\n<\/div>\n<\/div><\/div><\/div><\/div><\/div><div id=\"pg-gb147-6a038e3c8a8f6-1\"  class=\"panel-grid panel-has-style\"  data-style=\"{&quot;padding&quot;:&quot;2%&quot;,&quot;background_image_attachment&quot;:false,&quot;background_display&quot;:&quot;tile&quot;,&quot;full_height&quot;:&quot;&quot;,&quot;bottom_margin&quot;:&quot;2%&quot;,&quot;cell_alignment&quot;:&quot;flex-start&quot;,&quot;link_overlay_new_window&quot;:&quot;&quot;}\"  data-label=\"Categories\" ><div class=\"panel-row-style panel-row-style-for-gb147-6a038e3c8a8f6-1\" ><div id=\"pgc-gb147-6a038e3c8a8f6-1-0\"  class=\"panel-grid-cell\"  data-weight=\"1\" ><div id=\"panel-gb147-6a038e3c8a8f6-1-0-0\" class=\"so-panel widget widget_sow-headline panel-first-child panel-last-child\" data-index=\"2\" data-style=\"{&quot;background_image_attachment&quot;:false,&quot;background_display&quot;:&quot;tile&quot;,&quot;link_overlay_new_window&quot;:&quot;&quot;}\" ><div\n\t\t\t\n\t\t\tclass=\"so-widget-sow-headline so-widget-sow-headline-default-c14ae5c5a068 so-widget-fittext-wrapper\"\n\t\t\t data-fit-text-compressor=\"0.85\"\n\t\t><div class=\"sow-headline-container \">\n\t\t\t\t\t\t\t<h1 class=\"sow-headline\">\n\t\t\t\t\t\tOtros proyectos en los que participamos\t\t\t\t\t\t<\/h1>\n\t\t\t\t\t\t<\/div>\n<\/div><\/div><\/div><\/div><\/div><div id=\"pg-gb147-6a038e3c8a8f6-2\"  class=\"panel-grid panel-no-style\"  data-style=\"{&quot;background_image_attachment&quot;:false,&quot;background_display&quot;:&quot;tile&quot;,&quot;full_height&quot;:&quot;&quot;,&quot;bottom_margin&quot;:&quot;60px&quot;,&quot;cell_alignment&quot;:&quot;flex-start&quot;,&quot;link_overlay_new_window&quot;:&quot;&quot;}\"  data-ratio=\"1\"  data-ratio-direction=\"right\" ><div id=\"pgc-gb147-6a038e3c8a8f6-2-0\"  class=\"panel-grid-cell\"  data-style=\"{&quot;background_image_attachment&quot;:false,&quot;background_display&quot;:&quot;tile&quot;,&quot;vertical_alignment&quot;:&quot;auto&quot;,&quot;link_overlay_new_window&quot;:&quot;&quot;}\"  data-weight=\"0.33333333333333\" ><div id=\"panel-gb147-6a038e3c8a8f6-2-0-0\" class=\"so-panel widget widget_sow-image panel-first-child panel-last-child\" data-index=\"3\" data-style=\"{&quot;background_image_attachment&quot;:false,&quot;background_display&quot;:&quot;tile&quot;,&quot;link_overlay_new_window&quot;:&quot;&quot;}\" ><div\n\t\t\t\n\t\t\tclass=\"so-widget-sow-image so-widget-sow-image-default-c67d20f9f743\"\n\t\t\t\n\t\t>\n\n<div class=\"sow-image-container\">\n\t\t\t<a href=\"https:\/\/site.educa.madrid.org\/cp.pedrobrimonis.humanes\/index.php\/aula-virtual\/retotech\/\"\n\t\t\t\t\t>\n\t\t\t<img loading=\"lazy\" decoding=\"async\" src=\"https:\/\/site.educa.madrid.org\/cp.pedrobrimonis.humanes\/\/wp-content\/uploads\/cp.pedrobrimonis.humanes\/2022\/03\/Retotech-300x188.png\" width=\"300\" height=\"188\" srcset=\"https:\/\/site.educa.madrid.org\/cp.pedrobrimonis.humanes\/\/wp-content\/uploads\/cp.pedrobrimonis.humanes\/2022\/03\/Retotech-300x188.png 300w, https:\/\/site.educa.madrid.org\/cp.pedrobrimonis.humanes\/\/wp-content\/uploads\/cp.pedrobrimonis.humanes\/2022\/03\/Retotech.png 400w\" sizes=\"auto, (max-width: 300px) 100vw, 300px\" title=\"RetoTech\" alt=\"RetoTech\" \t\tclass=\"so-widget-image\"\/>\n\t<\/a><\/div>\n\n<\/div><\/div><\/div><div id=\"pgc-gb147-6a038e3c8a8f6-2-1\"  class=\"panel-grid-cell\"  data-weight=\"0.33333333333333\" ><div id=\"panel-gb147-6a038e3c8a8f6-2-1-0\" class=\"so-panel widget widget_sow-image panel-first-child panel-last-child\" data-index=\"4\" data-style=\"{&quot;background_image_attachment&quot;:false,&quot;background_display&quot;:&quot;tile&quot;,&quot;link_overlay_new_window&quot;:&quot;&quot;}\" ><div\n\t\t\t\n\t\t\tclass=\"so-widget-sow-image so-widget-sow-image-default-c67d20f9f743\"\n\t\t\t\n\t\t>\n\n<div class=\"sow-image-container\">\n\t\t\t<a href=\"https:\/\/site.educa.madrid.org\/cp.pedrobrimonis.humanes\/index.php\/aula-virtual\/digicraft\/\"\n\t\t\t\t\t>\n\t\t\t<img loading=\"lazy\" decoding=\"async\" src=\"https:\/\/site.educa.madrid.org\/cp.pedrobrimonis.humanes\/\/wp-content\/uploads\/cp.pedrobrimonis.humanes\/2022\/03\/logodigicraft-300x182.png\" width=\"300\" height=\"182\" srcset=\"https:\/\/site.educa.madrid.org\/cp.pedrobrimonis.humanes\/\/wp-content\/uploads\/cp.pedrobrimonis.humanes\/2022\/03\/logodigicraft-300x182.png 300w, https:\/\/site.educa.madrid.org\/cp.pedrobrimonis.humanes\/\/wp-content\/uploads\/cp.pedrobrimonis.humanes\/2022\/03\/logodigicraft.png 469w\" sizes=\"auto, (max-width: 300px) 100vw, 300px\" title=\"DigiCraft\" alt=\"DigiCraft en tu cole\" \t\tclass=\"so-widget-image\"\/>\n\t<\/a><\/div>\n\n<\/div><\/div><\/div><div id=\"pgc-gb147-6a038e3c8a8f6-2-2\"  class=\"panel-grid-cell\"  data-weight=\"0.33333333333333\" ><div id=\"panel-gb147-6a038e3c8a8f6-2-2-0\" class=\"so-panel widget widget_sow-image panel-first-child panel-last-child\" data-index=\"5\" data-style=\"{&quot;background_image_attachment&quot;:false,&quot;background_display&quot;:&quot;tile&quot;,&quot;link_overlay_new_window&quot;:&quot;&quot;}\" ><div\n\t\t\t\n\t\t\tclass=\"so-widget-sow-image so-widget-sow-image-default-c67d20f9f743\"\n\t\t\t\n\t\t>\n\n<div class=\"sow-image-container\">\n\t\t\t<a href=\"https:\/\/site.educa.madrid.org\/cp.pedrobrimonis.humanes\/index.php\/feria-madrid-es-ciencia\/\"\n\t\t\t\t\t>\n\t\t\t<img loading=\"lazy\" decoding=\"async\" src=\"https:\/\/site.educa.madrid.org\/cp.pedrobrimonis.humanes\/\/wp-content\/uploads\/cp.pedrobrimonis.humanes\/2022\/03\/feria-mxci-300x188.png\" width=\"300\" height=\"188\" srcset=\"https:\/\/site.educa.madrid.org\/cp.pedrobrimonis.humanes\/\/wp-content\/uploads\/cp.pedrobrimonis.humanes\/2022\/03\/feria-mxci-300x188.png 300w, https:\/\/site.educa.madrid.org\/cp.pedrobrimonis.humanes\/\/wp-content\/uploads\/cp.pedrobrimonis.humanes\/2022\/03\/feria-mxci.png 400w\" sizes=\"auto, (max-width: 300px) 100vw, 300px\" title=\"Feria de Madrid es Ciencia\" alt=\"Feria de Madrid es Ciencia\" \t\tclass=\"so-widget-image\"\/>\n\t<\/a><\/div>\n\n<\/div><\/div><\/div><\/div><\/div>\n\n<div class=\"wp-block-image\">\n<figure class=\"aligncenter size-large is-resized\"><a href=\"https:\/\/site.educa.madrid.org\/cp.pedrobrimonis.humanes\/\/wp-content\/uploads\/cp.pedrobrimonis.humanes\/2022\/03\/proyecto_tecnologi\u0301a.pdf\" target=\"_blank\" rel=\"noopener\"><img loading=\"lazy\" decoding=\"async\" src=\"https:\/\/site.educa.madrid.org\/cp.pedrobrimonis.humanes\/\/wp-content\/uploads\/cp.pedrobrimonis.humanes\/2022\/03\/area_tecnologia.png\" alt=\"\u00c1rea de Tecnolog\u00eda\" class=\"wp-image-997\" width=\"535\" height=\"201\" srcset=\"https:\/\/site.educa.madrid.org\/cp.pedrobrimonis.humanes\/\/wp-content\/uploads\/cp.pedrobrimonis.humanes\/2022\/03\/area_tecnologia.png 800w, https:\/\/site.educa.madrid.org\/cp.pedrobrimonis.humanes\/\/wp-content\/uploads\/cp.pedrobrimonis.humanes\/2022\/03\/area_tecnologia-300x113.png 300w, https:\/\/site.educa.madrid.org\/cp.pedrobrimonis.humanes\/\/wp-content\/uploads\/cp.pedrobrimonis.humanes\/2022\/03\/area_tecnologia-768x288.png 768w\" sizes=\"auto, (max-width: 535px) 100vw, 535px\" \/><\/a><\/figure>\n<\/div>\n\n\n<div style=\"width: 100%;\"><div style=\"position: relative; padding-bottom: 56.25%; padding-top: 0; height: 0;\"><iframe loading=\"lazy\" title=\"Peque\u00f1os Cient\u00edficos\" frameborder=\"0\" width=\"1200px\" height=\"675px\" style=\"position: absolute; top: 0; left: 0; width: 100%; height: 100%;\" src=\"https:\/\/view.genially.com\/6666ed6c42b7390014b57479\" type=\"text\/html\" allowscriptaccess=\"always\" allowfullscreen=\"true\" scrolling=\"yes\" allownetworking=\"all\"><\/iframe> <\/div> <\/div>\n","protected":false},"excerpt":{"rendered":"<p>Proyectos<\/p>\n","protected":false},"author":5,"featured_media":0,"parent":0,"menu_order":23,"comment_status":"closed","ping_status":"closed","template":"template-fullwidth.php","meta":{"footnotes":""},"folder":[],"class_list":["post-147","page","type-page","status-publish","hentry"],"rttpg_featured_image_url":null,"rttpg_author":{"display_name":"Eduardo Delgado Bernal","author_link":"https:\/\/site.educa.madrid.org\/cp.pedrobrimonis.humanes\/index.php\/author\/eduardo_delgado-bernal\/"},"rttpg_comment":0,"rttpg_category":false,"rttpg_excerpt":"Proyectos","post_mailing_queue_ids":[],"_links":{"self":[{"href":"https:\/\/site.educa.madrid.org\/cp.pedrobrimonis.humanes\/index.php\/wp-json\/wp\/v2\/pages\/147","targetHints":{"allow":["GET"]}}],"collection":[{"href":"https:\/\/site.educa.madrid.org\/cp.pedrobrimonis.humanes\/index.php\/wp-json\/wp\/v2\/pages"}],"about":[{"href":"https:\/\/site.educa.madrid.org\/cp.pedrobrimonis.humanes\/index.php\/wp-json\/wp\/v2\/types\/page"}],"author":[{"embeddable":true,"href":"https:\/\/site.educa.madrid.org\/cp.pedrobrimonis.humanes\/index.php\/wp-json\/wp\/v2\/users\/5"}],"replies":[{"embeddable":true,"href":"https:\/\/site.educa.madrid.org\/cp.pedrobrimonis.humanes\/index.php\/wp-json\/wp\/v2\/comments?post=147"}],"version-history":[{"count":23,"href":"https:\/\/site.educa.madrid.org\/cp.pedrobrimonis.humanes\/index.php\/wp-json\/wp\/v2\/pages\/147\/revisions"}],"predecessor-version":[{"id":4243,"href":"https:\/\/site.educa.madrid.org\/cp.pedrobrimonis.humanes\/index.php\/wp-json\/wp\/v2\/pages\/147\/revisions\/4243"}],"wp:attachment":[{"href":"https:\/\/site.educa.madrid.org\/cp.pedrobrimonis.humanes\/index.php\/wp-json\/wp\/v2\/media?parent=147"}],"wp:term":[{"taxonomy":"folder","embeddable":true,"href":"https:\/\/site.educa.madrid.org\/cp.pedrobrimonis.humanes\/index.php\/wp-json\/wp\/v2\/folder?post=147"}],"curies":[{"name":"wp","href":"https:\/\/api.w.org\/{rel}","templated":true}]}}