{"id":1571,"date":"2022-03-12T16:51:04","date_gmt":"2022-03-12T15:51:04","guid":{"rendered":"https:\/\/site.educa.madrid.org\/cp.pedrobrimonis.humanes\/?page_id=1571"},"modified":"2023-05-26T07:34:14","modified_gmt":"2023-05-26T05:34:14","slug":"feria-madrid-es-ciencia","status":"publish","type":"page","link":"https:\/\/site.educa.madrid.org\/cp.pedrobrimonis.humanes\/index.php\/feria-madrid-es-ciencia\/","title":{"rendered":"Feria Madrid es Ciencia"},"content":{"rendered":"\n\t\t\t<!-- Flexy Breadcrumb -->\n\t\t\t<div class=\"fbc fbc-page\">\n\n\t\t\t\t<!-- Breadcrumb wrapper -->\n\t\t\t\t<div class=\"fbc-wrap\">\n\n\t\t\t\t\t<!-- Ordered list-->\n\t\t\t\t\t<ol class=\"fbc-items\" itemscope itemtype=\"https:\/\/schema.org\/BreadcrumbList\">\n\t\t\t\t\t\t            <li itemprop=\"itemListElement\" itemscope itemtype=\"https:\/\/schema.org\/ListItem\">\n                <span itemprop=\"name\">\n                    <!-- Home Link -->\n                    <a itemprop=\"item\" href=\"https:\/\/site.educa.madrid.org\/cp.pedrobrimonis.humanes\">\n                    \n                        Inicio                    <\/a>\n                <\/span>\n                <meta itemprop=\"position\" content=\"1\" \/><!-- Meta Position-->\n             <\/li><li><span class=\"fbc-separator\">\/<\/span><\/li><li class=\"active\" itemprop=\"itemListElement\" itemscope itemtype=\"https:\/\/schema.org\/ListItem\"><span itemprop=\"name\" title=\"Novedades\">Novedades<\/span><meta itemprop=\"position\" content=\"2\" \/><\/li>\t\t\t\t\t<\/ol>\n\t\t\t\t\t<div class=\"clearfix\"><\/div>\n\t\t\t\t<\/div>\n\t\t\t<\/div>\n\t\t\t\n\n\n\n<h2 class=\"wp-block-heading\">Feria Madrid por la Ciencia y la Innovaci\u00f3n<\/h2>\n\n\n\n<div class=\"wp-block-columns is-layout-flex wp-container-core-columns-is-layout-9d6595d7 wp-block-columns-is-layout-flex\">\n<div class=\"wp-block-column is-layout-flow wp-block-column-is-layout-flow\" style=\"flex-basis:33.33%\"><p><iframe loading=\"lazy\" src=\"https:\/\/mediateca.educa.madrid.org\/video\/mqobfv8g98qt3gb2\/fs\" scrolling=\"no\" style=\"border:0;overflow:hidden\" allowfullscreen=\"\" width=\"275\" height=\"210\" frameborder=\"0\"><\/iframe><\/p>\n\n\n\n<div style=\"height:20px\" aria-hidden=\"true\" class=\"wp-block-spacer\"><\/div>\n\n\n\n<figure class=\"wp-block-image is-resized\"><img loading=\"lazy\" decoding=\"async\" src=\"https:\/\/www.educa2.madrid.org\/web\/educamadrid\/principal\/files\/f8450ace-0703-455b-a886-20d966056498\/logo%20mxci.png\" alt=\"\" width=\"252\" height=\"157\" title=\"Logo MXCI\"\/><\/figure>\n\n\n\n<div style=\"height:20px\" aria-hidden=\"true\" class=\"wp-block-spacer\"><\/div>\n\n\n<p><iframe loading=\"lazy\" src=\"https:\/\/mediateca.educa.madrid.org\/video\/mqobfv8g98qt3gb2\/fs\" scrolling=\"no\" style=\"border:0;overflow:hidden\" allowfullscreen=\"\" width=\"275\" height=\"210\" frameborder=\"0\"><\/iframe><\/p>\n<\/div>\n\n\n\n<div class=\"wp-block-column is-layout-flow wp-block-column-is-layout-flow\" style=\"flex-basis:66.66%\">\n<h1 class=\"wp-block-heading\">Feria MXCI 2019 &#8211; Crea tu Robot-Mascota<\/h1>\n\n\n\n<p>Tras unos a\u00f1os de ausencia vuelve la&nbsp;<strong>Feria Madrid por la Ciencia y la Innovaci\u00f3n<\/strong>&nbsp;y no pod\u00edamos faltar en ella. En esta ocasi\u00f3n nos presentamos con el proyecto<strong>&nbsp;\u00abCrea tu Robot-Mascota\u00bb<\/strong>.<\/p>\n\n\n\n<p>Nuestr@s alumn@s guiar\u00e1n a los visitantes de nuestro stand para que sigan los pasos que hemos seguido hasta crear a<strong><em>&nbsp;Buddy<\/em><\/strong>, nuestro simp\u00e1tico y regordete robot.<\/p>\n\n\n\n<p>Estaremos del&nbsp;<strong>28 al 31 de marzo<\/strong>&nbsp;en el pabell\u00f3n 5 de&nbsp;<strong>IFEMA<\/strong>.<\/p>\n\n\n\n<p>Pinchando en la siguiente imagen ten\u00e9is una explicaci\u00f3n pormenorizada de las cuatro estaciones que componen la experiencia:<\/p>\n\n\n\n<figure class=\"wp-block-image\"><a href=\"https:\/\/view.genial.ly\/5c9011e468711f76b995c91b\/crea-tu-robot-mascota\" target=\"_blank\" rel=\"noreferrer noopener\"><img decoding=\"async\" src=\"https:\/\/www.educa2.madrid.org\/web\/educamadrid\/principal\/files\/dc5ef784-ecb9-48a5-b3e3-d0ed5b10501e\/presentaci%C3%B3nmxci_peq.png\" alt=\"\" title=\"presentaci\u00f3nmxci_peq.png\"\/><\/a><\/figure>\n\n\n\n<figure class=\"wp-block-image is-resized\"><img loading=\"lazy\" decoding=\"async\" src=\"https:\/\/www.educa2.madrid.org\/web\/educamadrid\/principal\/files\/dc5ef784-ecb9-48a5-b3e3-d0ed5b10501e\/plano%20feria%20peq.jpg\" alt=\"\" width=\"539\" height=\"379\" title=\"Plano MXCI\"\/><\/figure>\n<\/div>\n<\/div>\n\n\n<p><iframe loading=\"lazy\" src=\"https:\/\/mediateca.educa.madrid.org\/lista\/l7jwekl6qvzsj2sd\/fs\" scrolling=\"no\" style=\"border:0;overflow:hidden\" allowfullscreen=\"\" width=\"850\" height=\"420\" frameborder=\"0\"><\/iframe><\/p>\n\n\n\n<h3 class=\"wp-block-heading\">Consulta otros proyectos realizados en la Feria de Madrid es Ciencia. <\/h3>\n\n\n\n<ul class=\"wp-block-list\"><li>Experiencias de Matem\u00e1ticas: <strong><a rel=\"noreferrer noopener\" href=\"https:\/\/aulavirtual33.educa.madrid.org\/cp.pedrobrimonis.humanes\/mod\/scorm\/player.php?a=19&amp;currentorg=eXeperiencias60cf2801265dafb61f86&amp;scoid=133&amp;sesskey=gOh6RXWXRL&amp;display=popup&amp;mode=normal\" target=\"_blank\">miniMates y City-Mates<\/a><\/strong>. <a href=\"https:\/\/aulavirtual33.educa.madrid.org\/cp.pedrobrimonis.humanes\/mod\/scorm\/player.php?a=19&amp;currentorg=eXeperiencias60cf2801265dafb61f86&amp;scoid=133&amp;sesskey=gOh6RXWXRL&amp;display=popup&amp;mode=normal\" target=\"_blank\" rel=\"noreferrer noopener\"><kbd>Para acceder debes pulsar entrar como invitado<\/kbd><\/a>.<\/li><li>Experiencias de Educaci\u00f3n F\u00edsica: <strong><a rel=\"noreferrer noopener\" href=\"https:\/\/www.madrimasd.org\/Madridporlaciencia\/Feria_VIII\/stand\/default.aspx?idStand=52\" target=\"_blank\">Gana Salud<\/a><\/strong>.<\/li><\/ul>\n","protected":false},"excerpt":{"rendered":"<p>Feria Madrid por la Ciencia y la Innovaci\u00f3n Feria MXCI 2019 &#8211; Crea tu Robot-Mascota Tras unos a\u00f1os de ausencia vuelve la&nbsp;Feria Madrid por la Ciencia y la Innovaci\u00f3n&nbsp;y no &#8230;<\/p>\n","protected":false},"author":4,"featured_media":0,"parent":0,"menu_order":63,"comment_status":"closed","ping_status":"closed","template":"","meta":{"footnotes":""},"folder":[],"class_list":["post-1571","page","type-page","status-publish","hentry"],"rttpg_featured_image_url":null,"rttpg_author":{"display_name":"Antonio Linares Vivar","author_link":"https:\/\/site.educa.madrid.org\/cp.pedrobrimonis.humanes\/index.php\/author\/antonio_linares-vivar\/"},"rttpg_comment":0,"rttpg_category":false,"rttpg_excerpt":"Feria Madrid por la Ciencia y la Innovaci\u00f3n Feria MXCI 2019 &#8211; Crea tu Robot-Mascota Tras unos a\u00f1os de ausencia vuelve la&nbsp;Feria Madrid por la Ciencia y la Innovaci\u00f3n&nbsp;y no ...","post_mailing_queue_ids":[],"_links":{"self":[{"href":"https:\/\/site.educa.madrid.org\/cp.pedrobrimonis.humanes\/index.php\/wp-json\/wp\/v2\/pages\/1571","targetHints":{"allow":["GET"]}}],"collection":[{"href":"https:\/\/site.educa.madrid.org\/cp.pedrobrimonis.humanes\/index.php\/wp-json\/wp\/v2\/pages"}],"about":[{"href":"https:\/\/site.educa.madrid.org\/cp.pedrobrimonis.humanes\/index.php\/wp-json\/wp\/v2\/types\/page"}],"author":[{"embeddable":true,"href":"https:\/\/site.educa.madrid.org\/cp.pedrobrimonis.humanes\/index.php\/wp-json\/wp\/v2\/users\/4"}],"replies":[{"embeddable":true,"href":"https:\/\/site.educa.madrid.org\/cp.pedrobrimonis.humanes\/index.php\/wp-json\/wp\/v2\/comments?post=1571"}],"version-history":[{"count":6,"href":"https:\/\/site.educa.madrid.org\/cp.pedrobrimonis.humanes\/index.php\/wp-json\/wp\/v2\/pages\/1571\/revisions"}],"predecessor-version":[{"id":2020,"href":"https:\/\/site.educa.madrid.org\/cp.pedrobrimonis.humanes\/index.php\/wp-json\/wp\/v2\/pages\/1571\/revisions\/2020"}],"wp:attachment":[{"href":"https:\/\/site.educa.madrid.org\/cp.pedrobrimonis.humanes\/index.php\/wp-json\/wp\/v2\/media?parent=1571"}],"wp:term":[{"taxonomy":"folder","embeddable":true,"href":"https:\/\/site.educa.madrid.org\/cp.pedrobrimonis.humanes\/index.php\/wp-json\/wp\/v2\/folder?post=1571"}],"curies":[{"name":"wp","href":"https:\/\/api.w.org\/{rel}","templated":true}]}}