{"id":214,"date":"2022-02-14T21:41:07","date_gmt":"2022-02-14T20:41:07","guid":{"rendered":"https:\/\/site.educa.madrid.org\/cp.pedrobrimonis.humanes\/?page_id=214"},"modified":"2022-03-08T12:12:04","modified_gmt":"2022-03-08T11:12:04","slug":"educacion-infantil","status":"publish","type":"page","link":"https:\/\/site.educa.madrid.org\/cp.pedrobrimonis.humanes\/index.php\/ensenanzas\/educacion-infantil\/","title":{"rendered":"Proyecto Educativo"},"content":{"rendered":"<div class=\"description autoclear\">\n<div class=\"main-content autoclear\">\n<div class=\"page\" title=\"Page 1\">\n<div class=\"section\">\n<div class=\"layoutArea\">\n<div class=\"column\">\n<h1><span style=\"color: #000000;\"><strong>EDUCACI\u00d3N INFANTIL<\/strong><\/span><\/h1>\n<p>La Educaci\u00f3n Infantil atiende al alumnado de 3 a 5 a\u00f1os. A lo largo de este ciclo se pretende conseguir el desarrollo integral del ni\u00f1o, de acuerdo a sus capacidades:<\/p>\n<ul>\n<li>Desarrollo motor.<\/li>\n<li>Desarrollo cognitivo.<\/li>\n<li>Desarrollo ling\u00fc\u00edstico.<\/li>\n<li>Relaciones interpersonales.<\/li>\n<li>Actuaci\u00f3n de inserci\u00f3n social.<\/li>\n<li>Equilibrio personal.<\/li>\n<\/ul>\n<p>Algunas de las l\u00edneas de actuaci\u00f3n m\u00e1s destacadas de nuestro centro son:<\/p>\n<ul>\n<li>Metodologi\u0301a por proyectos.<\/li>\n<li>Ingle\u0301s, mu\u0301sica, informa\u0301tica, psicomotricidad y biblioteca con servicio de pr\u00e9stamo desde los 3 an\u0303os.<\/li>\n<li>Trabajo con pizarras digitales y ordenador en el aula.<\/li>\n<li>Asistencia semanal al aula de inform\u00e1tica.<\/li>\n<li>Profesorado de apoyo (infantil, pedagogi\u0301a terape\u0301utica, audicio\u0301n y lenguaje).<\/li>\n<li>Plan de mejora de estimulacio\u0301n del lenguaje.<\/li>\n<li>Plan de mejora de L\u00f3gica &#8211; Matem\u00e1tica en Ed. Infantil (Algoritmo abierto Basado en N\u00fameros).<\/li>\n<\/ul>\n<p><img loading=\"lazy\" decoding=\"async\" class=\"aligncenter\" title=\"Im\u00e1genes de Ed. Infantil\" src=\"https:\/\/www.educa2.madrid.org\/web\/educamadrid\/principal\/files\/9fa5bb8c-3985-4a92-b3ad-271865283f33\/infantil.png?largeSize=true\" alt=\"Im\u00e1genes de Ed. Infantil.\" width=\"374\" height=\"260\"><\/p>\n<\/div>\n<\/div>\n<\/div>\n<\/div>\n<\/div>\n<\/div>\n","protected":false},"excerpt":{"rendered":"<p>EDUCACI\u00d3N INFANTIL La Educaci\u00f3n Infantil atiende al alumnado de 3 a 5 a\u00f1os. A lo largo de este ciclo se pretende conseguir el desarrollo integral del ni\u00f1o, de acuerdo a &#8230;<\/p>\n","protected":false},"author":5,"featured_media":0,"parent":126,"menu_order":5,"comment_status":"closed","ping_status":"closed","template":"","meta":{"footnotes":""},"folder":[],"class_list":["post-214","page","type-page","status-publish","hentry"],"rttpg_featured_image_url":null,"rttpg_author":{"display_name":"Eduardo Delgado Bernal","author_link":"https:\/\/site.educa.madrid.org\/cp.pedrobrimonis.humanes\/index.php\/author\/eduardo_delgado-bernal\/"},"rttpg_comment":0,"rttpg_category":false,"rttpg_excerpt":"EDUCACI\u00d3N INFANTIL La Educaci\u00f3n Infantil atiende al alumnado de 3 a 5 a\u00f1os. A lo largo de este ciclo se pretende conseguir el desarrollo integral del ni\u00f1o, de acuerdo a ...","post_mailing_queue_ids":[],"_links":{"self":[{"href":"https:\/\/site.educa.madrid.org\/cp.pedrobrimonis.humanes\/index.php\/wp-json\/wp\/v2\/pages\/214","targetHints":{"allow":["GET"]}}],"collection":[{"href":"https:\/\/site.educa.madrid.org\/cp.pedrobrimonis.humanes\/index.php\/wp-json\/wp\/v2\/pages"}],"about":[{"href":"https:\/\/site.educa.madrid.org\/cp.pedrobrimonis.humanes\/index.php\/wp-json\/wp\/v2\/types\/page"}],"author":[{"embeddable":true,"href":"https:\/\/site.educa.madrid.org\/cp.pedrobrimonis.humanes\/index.php\/wp-json\/wp\/v2\/users\/5"}],"replies":[{"embeddable":true,"href":"https:\/\/site.educa.madrid.org\/cp.pedrobrimonis.humanes\/index.php\/wp-json\/wp\/v2\/comments?post=214"}],"version-history":[{"count":8,"href":"https:\/\/site.educa.madrid.org\/cp.pedrobrimonis.humanes\/index.php\/wp-json\/wp\/v2\/pages\/214\/revisions"}],"predecessor-version":[{"id":1191,"href":"https:\/\/site.educa.madrid.org\/cp.pedrobrimonis.humanes\/index.php\/wp-json\/wp\/v2\/pages\/214\/revisions\/1191"}],"up":[{"embeddable":true,"href":"https:\/\/site.educa.madrid.org\/cp.pedrobrimonis.humanes\/index.php\/wp-json\/wp\/v2\/pages\/126"}],"wp:attachment":[{"href":"https:\/\/site.educa.madrid.org\/cp.pedrobrimonis.humanes\/index.php\/wp-json\/wp\/v2\/media?parent=214"}],"wp:term":[{"taxonomy":"folder","embeddable":true,"href":"https:\/\/site.educa.madrid.org\/cp.pedrobrimonis.humanes\/index.php\/wp-json\/wp\/v2\/folder?post=214"}],"curies":[{"name":"wp","href":"https:\/\/api.w.org\/{rel}","templated":true}]}}