{"id":221,"date":"2022-02-14T22:02:57","date_gmt":"2022-02-14T21:02:57","guid":{"rendered":"https:\/\/site.educa.madrid.org\/cp.pedrobrimonis.humanes\/?page_id=221"},"modified":"2022-03-08T12:13:03","modified_gmt":"2022-03-08T11:13:03","slug":"educacion-primaria","status":"publish","type":"page","link":"https:\/\/site.educa.madrid.org\/cp.pedrobrimonis.humanes\/index.php\/ensenanzas\/educacion-primaria\/","title":{"rendered":"\u00bfQui\u00e9nes somos?"},"content":{"rendered":"<div id=\"contentElement_d8aec1ad-b3e2-4688-b3c7-d37a87bf40a0\" class=\"cms-content detail\">\n<article id=\"cms-content-d8aec1ad-b3e2-4688-b3c7-d37a87bf40a0\" class=\"html-page\">\n<header class=\"header options\">\n<h1><span style=\"color: #000000;\">EDUCACI\u00d3N PRIMARIA<\/span><\/h1>\n<div class=\"content-options cms-content-d8aec1ad-b3e2-4688-b3c7-d37a87bf40a0 autoclear\"><\/div>\n<\/header>\n<div class=\"description autoclear\">\n<div class=\"main-content autoclear\">\n<p>La finalidad de la Educaci\u00f3n Primaria, es facilitar a los alumnos los aprendizajes de la expresi\u00f3n y comprensi\u00f3n oral, la lectura, la escritura, el c\u00e1lculo, la adquisici\u00f3n de las nociones b\u00e1sicas de la cultura, y el h\u00e1bito de convivencia as\u00ed como los de estudio y trabajo, con el fin de garantizar una formaci\u00f3n integral que contribuya al pleno desarrollo de la personalidad de los alumnos y de prepararlos para cursar con aprovechamiento la Educaci\u00f3n Secundaria. Comprende seis cursos, desde los 6 a los 12 a\u00f1os y tiene car\u00e1cter obligatorio.<\/p>\n<p>\u00c1reas que son objeto de estudio en la Educaci\u00f3n Primaria:<\/p>\n<ul>\n<li>Ciencias de la Naturaleza.<\/li>\n<li>Ciencias Sociales.<\/li>\n<li>Educaci\u00f3n Art\u00edstica (desglosada en educaci\u00f3n pl\u00e1stica y m\u00fasica).<\/li>\n<li>Educaci\u00f3n F\u00edsica.<\/li>\n<li>Lengua castellana y literatura.<\/li>\n<li>Lengua Inglesa.<\/li>\n<li>Matem\u00e1ticas.<\/li>\n<li>\u00c1rea Optativa: Religi\u00f3n \/ Valores sociales y c\u00edvicos.<\/li>\n<\/ul>\n<p>Algunas de las l\u00edneas de actuaci\u00f3n m\u00e1s destacadas de nuestro centro son:<\/p>\n<div class=\"page\" title=\"Page 1\">\n<div class=\"section\">\n<div class=\"layoutArea\">\n<div class=\"column\">\n<ul>\n<li>Trabajo con pizarras digitales en todas las aulas.<\/li>\n<li>Servicio de pre\u0301stamo de libros en la Biblioteca del Centro.<\/li>\n<li>Planes de mejora de resolucio\u0301n de problemas y ca\u0301lculo mental.<\/li>\n<li>Planes de mejora de ortografi\u0301a, lectura comprensiva y expresio\u0301n oral y escrita.<\/li>\n<li>Plan de mejora en lengua inglesa.<\/li>\n<li>Desdobles en el a\u0301rea de Lengua en 1\u00ba de Ed. Primaria.<\/li>\n<li>Desdobles en el a\u0301rea de Ingle\u0301s en 6\u00ba de Ed. Primaria.<\/li>\n<\/ul>\n<\/div>\n<\/div>\n<div class=\"layoutArea\">\n<div class=\"column\">\n<p><strong>PROYECTOS<\/strong><\/p>\n<ul>\n<li>Desayunos saludables.<\/li>\n<li>Encuentros por el Juego y la Amistad.<\/li>\n<li>Habilidades Sociales y Mediacio\u0301n Escolar.<\/li>\n<\/ul>\n<p><img loading=\"lazy\" decoding=\"async\" class=\"aligncenter\" title=\"Huerto escolar\" src=\"https:\/\/www.educa2.madrid.org\/web\/educamadrid\/principal\/files\/c08fd19f-bad4-4ba3-aa1b-cabce0285389\/primaria.png?largeSize=true\" alt=\"Huerto escolar.\" width=\"265\" height=\"201\"><\/p>\n<\/div>\n<\/div>\n<\/div>\n<\/div>\n<\/div>\n<\/div>\n<\/article>\n<\/div>\n","protected":false},"excerpt":{"rendered":"<p>EDUCACI\u00d3N PRIMARIA La finalidad de la Educaci\u00f3n Primaria, es facilitar a los alumnos los aprendizajes de la expresi\u00f3n y comprensi\u00f3n oral, la lectura, la escritura, el c\u00e1lculo, la adquisici\u00f3n de &#8230;<\/p>\n","protected":false},"author":5,"featured_media":0,"parent":126,"menu_order":6,"comment_status":"closed","ping_status":"closed","template":"","meta":{"footnotes":""},"folder":[],"class_list":["post-221","page","type-page","status-publish","hentry"],"rttpg_featured_image_url":null,"rttpg_author":{"display_name":"Eduardo Delgado Bernal","author_link":"https:\/\/site.educa.madrid.org\/cp.pedrobrimonis.humanes\/index.php\/author\/eduardo_delgado-bernal\/"},"rttpg_comment":0,"rttpg_category":false,"rttpg_excerpt":"EDUCACI\u00d3N PRIMARIA La finalidad de la Educaci\u00f3n Primaria, es facilitar a los alumnos los aprendizajes de la expresi\u00f3n y comprensi\u00f3n oral, la lectura, la escritura, el c\u00e1lculo, la adquisici\u00f3n de ...","post_mailing_queue_ids":[],"_links":{"self":[{"href":"https:\/\/site.educa.madrid.org\/cp.pedrobrimonis.humanes\/index.php\/wp-json\/wp\/v2\/pages\/221","targetHints":{"allow":["GET"]}}],"collection":[{"href":"https:\/\/site.educa.madrid.org\/cp.pedrobrimonis.humanes\/index.php\/wp-json\/wp\/v2\/pages"}],"about":[{"href":"https:\/\/site.educa.madrid.org\/cp.pedrobrimonis.humanes\/index.php\/wp-json\/wp\/v2\/types\/page"}],"author":[{"embeddable":true,"href":"https:\/\/site.educa.madrid.org\/cp.pedrobrimonis.humanes\/index.php\/wp-json\/wp\/v2\/users\/5"}],"replies":[{"embeddable":true,"href":"https:\/\/site.educa.madrid.org\/cp.pedrobrimonis.humanes\/index.php\/wp-json\/wp\/v2\/comments?post=221"}],"version-history":[{"count":6,"href":"https:\/\/site.educa.madrid.org\/cp.pedrobrimonis.humanes\/index.php\/wp-json\/wp\/v2\/pages\/221\/revisions"}],"predecessor-version":[{"id":1192,"href":"https:\/\/site.educa.madrid.org\/cp.pedrobrimonis.humanes\/index.php\/wp-json\/wp\/v2\/pages\/221\/revisions\/1192"}],"up":[{"embeddable":true,"href":"https:\/\/site.educa.madrid.org\/cp.pedrobrimonis.humanes\/index.php\/wp-json\/wp\/v2\/pages\/126"}],"wp:attachment":[{"href":"https:\/\/site.educa.madrid.org\/cp.pedrobrimonis.humanes\/index.php\/wp-json\/wp\/v2\/media?parent=221"}],"wp:term":[{"taxonomy":"folder","embeddable":true,"href":"https:\/\/site.educa.madrid.org\/cp.pedrobrimonis.humanes\/index.php\/wp-json\/wp\/v2\/folder?post=221"}],"curies":[{"name":"wp","href":"https:\/\/api.w.org\/{rel}","templated":true}]}}