{"id":238,"date":"2022-02-14T23:55:52","date_gmt":"2022-02-14T22:55:52","guid":{"rendered":"https:\/\/site.educa.madrid.org\/cp.pedrobrimonis.humanes\/?page_id=238"},"modified":"2025-02-18T10:39:08","modified_gmt":"2025-02-18T09:39:08","slug":"desayunos-los-primeros-del-cole","status":"publish","type":"page","link":"https:\/\/site.educa.madrid.org\/cp.pedrobrimonis.humanes\/index.php\/servicios-y-actividades\/desayunos-los-primeros-del-cole\/","title":{"rendered":"Desayunos: Los primeros del cole"},"content":{"rendered":"\n\t\t\t<!-- Flexy Breadcrumb -->\n\t\t\t<div class=\"fbc fbc-page\">\n\n\t\t\t\t<!-- Breadcrumb wrapper -->\n\t\t\t\t<div class=\"fbc-wrap\">\n\n\t\t\t\t\t<!-- Ordered list-->\n\t\t\t\t\t<ol class=\"fbc-items\" itemscope itemtype=\"https:\/\/schema.org\/BreadcrumbList\">\n\t\t\t\t\t\t            <li itemprop=\"itemListElement\" itemscope itemtype=\"https:\/\/schema.org\/ListItem\">\n                <span itemprop=\"name\">\n                    <!-- Home Link -->\n                    <a itemprop=\"item\" href=\"https:\/\/site.educa.madrid.org\/cp.pedrobrimonis.humanes\">\n                    \n                        Inicio                    <\/a>\n                <\/span>\n                <meta itemprop=\"position\" content=\"1\" \/><!-- Meta Position-->\n             <\/li><li><span class=\"fbc-separator\">\/<\/span><\/li><li class=\"active\" itemprop=\"itemListElement\" itemscope itemtype=\"https:\/\/schema.org\/ListItem\"><span itemprop=\"name\" title=\"Novedades\">Novedades<\/span><meta itemprop=\"position\" content=\"2\" \/><\/li>\t\t\t\t\t<\/ol>\n\t\t\t\t\t<div class=\"clearfix\"><\/div>\n\t\t\t\t<\/div>\n\t\t\t<\/div>\n\t\t\t\n\n\n\n<h2 class=\"wp-block-heading\">Desayunos: Los primeros del cole<\/h2>\n\n\n<h6>\u00a0<\/h6>\n<div class=\"description autoclear\">\n<div class=\"main-content autoclear\">\n<p class=\"Estilo15\">La Concejal\u00eda de Infancia organiza este servicio de acogida diario desde las 7:00 hasta las 9:00 para ayudar a las familias a organizar su jornada laboral. En este tiempo los ni\u00f1os y ni\u00f1as son atendidos por personal de la empresa de comedor que organiza juegos y actividades l\u00fadicas apropiadas a su edad. Adem\u00e1s los ni\u00f1os y ni\u00f1as desayunan en el comedor del colegio. <\/p>\n<p>Con el objetivo de hacer m\u00e1s accesible el servicio, y gracias al esfuerzo del Ayuntamiento de Humanes de Madrid,\u00a0<strong>el precio se mantiene sin incremento por\u00a0decimos\u00e9ptimo a\u00f1o consecutivo,\u00a0<\/strong>estableci\u00e9ndose dos cuotas: 45 \u20ac al mes o 3\u201950 \u20ac por d\u00eda (a elegir por las familias usuarias). Adem\u00e1s, todos los pagos se podr\u00e1n domiciliar para evitar desplazamientos a las familias.<\/p>\n<p class=\"Estilo5 Estilo6\"><strong>Solicitud de plaza en la Concejal\u00eda de Infancia: <span id=\"form-text\" class=\"form-message-text\" role=\"alert\">Para nuevas inscripciones llame al 914982095<\/span><\/strong><\/p>\n<p><iframe class=\"wp-embedded-content\" sandbox=\"allow-scripts\" security=\"restricted\" height=\"1000px\" src=\"https:\/\/oembed.jotform.com\/241271314662349#?secret=FxKsItJV0f\" data-secret=\"FxKsItJV0f\"><\/iframe><\/p>\n<p class=\"Estilo5 Estilo6\"><strong><a title=\"Men\u00fa desayuno\" href=\"https:\/\/www.educa2.madrid.org\/web\/educamadrid\/principal\/files\/86596a33-66d4-43a0-8b0f-030ccf52bbd7\/DESAYUNOS%20DE%20HUMANES%20CEIP%20PEDRO%20BRIMONIS.pdf?t=1645530536439\" target=\"_blank\" rel=\"noopener\">Consulta el men\u00fa del desayuno pulsando aqu\u00ed<\/a>.<\/strong><\/p>\n<p class=\"Estilo5 Estilo6\"><a href=\"https:\/\/www.educa2.madrid.org\/web\/educamadrid\/principal\/files\/86596a33-66d4-43a0-8b0f-030ccf52bbd7\/DESAYUNOS%20DE%20HUMANES%20CEIP%20PEDRO%20BRIMONIS.pdf?t=1645530536439\" target=\"_blank\" rel=\"noopener\"><img loading=\"lazy\" decoding=\"async\" class=\"aligncenter\" title=\"Consulta men\u00fa desayuno\" src=\"https:\/\/www.educa2.madrid.org\/web\/educamadrid\/principal\/files\/86596a33-66d4-43a0-8b0f-030ccf52bbd7\/desayunos-escolares.png?t=1605250855411&amp;largeSize=true\" alt=\"Consulta men\u00fa desayuno\" width=\"300\" height=\"172\" \/><\/a><\/p>\n<\/div>\n<\/div>","protected":false},"excerpt":{"rendered":"<p>Desayunos: Los primeros del cole \u00a0 La Concejal\u00eda de Infancia organiza este servicio de acogida diario desde las 7:00 hasta las 9:00 para ayudar a las familias a organizar su &#8230;<\/p>\n","protected":false},"author":5,"featured_media":0,"parent":130,"menu_order":11,"comment_status":"closed","ping_status":"closed","template":"","meta":{"footnotes":""},"folder":[],"class_list":["post-238","page","type-page","status-publish","hentry"],"rttpg_featured_image_url":null,"rttpg_author":{"display_name":"Eduardo Delgado Bernal","author_link":"https:\/\/site.educa.madrid.org\/cp.pedrobrimonis.humanes\/index.php\/author\/eduardo_delgado-bernal\/"},"rttpg_comment":0,"rttpg_category":false,"rttpg_excerpt":"Desayunos: Los primeros del cole \u00a0 La Concejal\u00eda de Infancia organiza este servicio de acogida diario desde las 7:00 hasta las 9:00 para ayudar a las familias a organizar su ...","post_mailing_queue_ids":[],"_links":{"self":[{"href":"https:\/\/site.educa.madrid.org\/cp.pedrobrimonis.humanes\/index.php\/wp-json\/wp\/v2\/pages\/238","targetHints":{"allow":["GET"]}}],"collection":[{"href":"https:\/\/site.educa.madrid.org\/cp.pedrobrimonis.humanes\/index.php\/wp-json\/wp\/v2\/pages"}],"about":[{"href":"https:\/\/site.educa.madrid.org\/cp.pedrobrimonis.humanes\/index.php\/wp-json\/wp\/v2\/types\/page"}],"author":[{"embeddable":true,"href":"https:\/\/site.educa.madrid.org\/cp.pedrobrimonis.humanes\/index.php\/wp-json\/wp\/v2\/users\/5"}],"replies":[{"embeddable":true,"href":"https:\/\/site.educa.madrid.org\/cp.pedrobrimonis.humanes\/index.php\/wp-json\/wp\/v2\/comments?post=238"}],"version-history":[{"count":11,"href":"https:\/\/site.educa.madrid.org\/cp.pedrobrimonis.humanes\/index.php\/wp-json\/wp\/v2\/pages\/238\/revisions"}],"predecessor-version":[{"id":4799,"href":"https:\/\/site.educa.madrid.org\/cp.pedrobrimonis.humanes\/index.php\/wp-json\/wp\/v2\/pages\/238\/revisions\/4799"}],"up":[{"embeddable":true,"href":"https:\/\/site.educa.madrid.org\/cp.pedrobrimonis.humanes\/index.php\/wp-json\/wp\/v2\/pages\/130"}],"wp:attachment":[{"href":"https:\/\/site.educa.madrid.org\/cp.pedrobrimonis.humanes\/index.php\/wp-json\/wp\/v2\/media?parent=238"}],"wp:term":[{"taxonomy":"folder","embeddable":true,"href":"https:\/\/site.educa.madrid.org\/cp.pedrobrimonis.humanes\/index.php\/wp-json\/wp\/v2\/folder?post=238"}],"curies":[{"name":"wp","href":"https:\/\/api.w.org\/{rel}","templated":true}]}}