{"id":275,"date":"2022-02-16T01:04:59","date_gmt":"2022-02-16T00:04:59","guid":{"rendered":"https:\/\/site.educa.madrid.org\/cp.pedrobrimonis.humanes\/?page_id=275"},"modified":"2026-03-12T14:13:36","modified_gmt":"2026-03-12T13:13:36","slug":"proyecto-educativo","status":"publish","type":"page","link":"https:\/\/site.educa.madrid.org\/cp.pedrobrimonis.humanes\/index.php\/proyectos\/proyecto-educativo\/","title":{"rendered":"Proyecto Educativo"},"content":{"rendered":"\n\t\t\t<!-- Flexy Breadcrumb -->\n\t\t\t<div class=\"fbc fbc-page\">\n\n\t\t\t\t<!-- Breadcrumb wrapper -->\n\t\t\t\t<div class=\"fbc-wrap\">\n\n\t\t\t\t\t<!-- Ordered list-->\n\t\t\t\t\t<ol class=\"fbc-items\" itemscope itemtype=\"https:\/\/schema.org\/BreadcrumbList\">\n\t\t\t\t\t\t            <li itemprop=\"itemListElement\" itemscope itemtype=\"https:\/\/schema.org\/ListItem\">\n                <span itemprop=\"name\">\n                    <!-- Home Link -->\n                    <a itemprop=\"item\" href=\"https:\/\/site.educa.madrid.org\/cp.pedrobrimonis.humanes\">\n                    \n                        Inicio                    <\/a>\n                <\/span>\n                <meta itemprop=\"position\" content=\"1\" \/><!-- Meta Position-->\n             <\/li><li><span class=\"fbc-separator\">\/<\/span><\/li><li class=\"active\" itemprop=\"itemListElement\" itemscope itemtype=\"https:\/\/schema.org\/ListItem\"><span itemprop=\"name\" title=\"Novedades\">Novedades<\/span><meta itemprop=\"position\" content=\"2\" \/><\/li>\t\t\t\t\t<\/ol>\n\t\t\t\t\t<div class=\"clearfix\"><\/div>\n\t\t\t\t<\/div>\n\t\t\t<\/div>\n\t\t\t\n\n\n\n<div class=\"wp-block-columns is-layout-flex wp-container-core-columns-is-layout-9d6595d7 wp-block-columns-is-layout-flex\">\n<div class=\"wp-block-column is-layout-flow wp-block-column-is-layout-flow\">\n<h2 class=\"wp-block-heading\">Proyecto Educativo<\/h2>\n\n\n\n<p>Nuestro proyecto educativo, se basa en una serie de ejes fundamentales:<\/p>\n\n\n\n<ul class=\"wp-block-list\">\n<li>Una&nbsp;<strong>metodolog\u00eda<\/strong>&nbsp;del Siglo XXI.<\/li>\n\n\n\n<li>Matem\u00e1ticas manipulativas. <\/li>\n\n\n\n<li>Mayor Inclusi\u00f3n de la<strong> Tecnolog\u00eda y la Rob\u00f3tica<\/strong>. Proyecto propio de centro.<\/li>\n\n\n\n<li>Ampliaci\u00f3n horaria de Ingl\u00e9s. <\/li>\n\n\n\n<li><strong>Educaci\u00f3n en valores<\/strong>&nbsp;y convivencia.<\/li>\n<\/ul>\n\n\n\n<p>Puedes consultar nuestro proyecto educativo a continuaci\u00f3n. <\/p>\n\n\n\n<iframe loading=\"lazy\" id=\"Proyecto_Educativo\" title=\"Proyecto Educativo\" src=\"https:\/\/site.educa.madrid.org\/cp.pedrobrimonis.humanes\/\/wp-content\/uploads\/cp.pedrobrimonis.humanes\/2025\/10\/pec_brimonis_2025_26_web-1.pdf\" width=\"500\" height=\"400\">\n<\/iframe>\n\n\n\n<p>Si tienes problemas para descargar el documento anterior, puedes descargarlo desde <a href=\"https:\/\/site.educa.madrid.org\/cp.pedrobrimonis.humanes\/\/wp-content\/uploads\/cp.pedrobrimonis.humanes\/2025\/10\/pec_brimonis_2025_26_web-1.pdf\" target=\"_blank\" rel=\"noreferrer noopener\">aqu\u00ed<\/a><a href=\"https:\/\/site.educa.madrid.org\/cp.pedrobrimonis.humanes\/\/wp-content\/uploads\/cp.pedrobrimonis.humanes\/2022\/11\/pec_brimonis_2022_23web.pdf\" target=\"_blank\" rel=\"noreferrer noopener\">.<\/a><a href=\"https:\/\/site.educa.madrid.org\/cp.pedrobrimonis.humanes\/\/wp-content\/uploads\/cp.pedrobrimonis.humanes\/2022\/02\/pec_brimonis_2020_21_web.pdf\" data-type=\"URL\" data-id=\"https:\/\/site.educa.madrid.org\/cp.pedrobrimonis.humanes\/\/wp-content\/uploads\/cp.pedrobrimonis.humanes\/2022\/02\/pec_brimonis_2020_21_web.pdf\" target=\"_blank\" rel=\"noreferrer noopener\"> <\/a><\/p>\n<\/div>\n\n\n\n<div class=\"wp-block-column is-layout-flow wp-block-column-is-layout-flow\">\n<h2 class=\"wp-block-heading\">Documentos Institucionales<\/h2>\n\n\n\n<p><strong>Desde este aportado podr\u00e1n acceder a los documentos institucionales en vigor del centro&nbsp;(tras pulsar el documento solicitado pulsa la tecla F5 para actualizar el documento):<\/strong><\/p>\n\n\n\n<ul class=\"wp-block-list\">\n<li><strong><a href=\"https:\/\/site.educa.madrid.org\/cp.pedrobrimonis.humanes\/\/wp-content\/uploads\/cp.pedrobrimonis.humanes\/2025\/10\/pec_brimonis_2025_26_web-1.pdf\" target=\"_blank\" rel=\"noreferrer noopener\">Proyecto Educativo del C.P. Pedro Brimonis<\/a><a href=\"https:\/\/site.educa.madrid.org\/cp.pedrobrimonis.humanes\/\/wp-content\/uploads\/cp.pedrobrimonis.humanes\/2022\/10\/pec_brimonis_2022_23web-1.pdf\" target=\"_blank\" rel=\"noreferrer noopener\">.<\/a><\/strong><\/li>\n\n\n\n<li><strong><a href=\"https:\/\/site.educa.madrid.org\/cp.pedrobrimonis.humanes\/\/wp-content\/uploads\/cp.pedrobrimonis.humanes\/2025\/10\/Normas-basicas-de-organizacion-y-funcionamiento_oct25.pdf\" target=\"_blank\" rel=\"noreferrer noopener\">Normas de organizaci\u00f3n y funcionamiento del centro<\/a>.<\/strong><\/li>\n\n\n\n<li><strong><a href=\"https:\/\/site.educa.madrid.org\/cp.pedrobrimonis.humanes\/\/wp-content\/uploads\/cp.pedrobrimonis.humanes\/2025\/10\/plan_convivencia_25_26.pdf\" target=\"_blank\" rel=\"noreferrer noopener\">Plan de Convivencia<\/a><\/strong>.<\/li>\n\n\n\n<li><strong><a href=\"https:\/\/site.educa.madrid.org\/cp.pedrobrimonis.humanes\/\/wp-content\/uploads\/cp.pedrobrimonis.humanes\/2022\/10\/Plan-de-Autoprotecci\u00f3n-CEIP-Pedro-BrimonisED003_JUNIO_2022.pdf\" target=\"_blank\" rel=\"noreferrer noopener\"><strong><a href=\"https:\/\/site.educa.madrid.org\/cp.pedrobrimonis.humanes\/\/wp-content\/uploads\/cp.pedrobrimonis.humanes\/2025\/10\/anexo_plan_evacuacion_2025.pdf\" target=\"_blank\" rel=\"noreferrer noopener\">Anexo Plan de Evacuaci\u00f3n<\/a><\/strong><\/a>.<\/strong><\/li>\n\n\n\n<li><strong><a href=\"https:\/\/site.educa.madrid.org\/cp.pedrobrimonis.humanes\/\/wp-content\/uploads\/cp.pedrobrimonis.humanes\/2025\/10\/PGA-2025-2026-web.pdf\" target=\"_blank\" rel=\"noreferrer noopener\">Programaci\u00f3n General Anual (P.G.A.) 2025\/2026<\/a>.<\/strong><\/li>\n\n\n\n<li><strong><a href=\"https:\/\/site.educa.madrid.org\/cp.pedrobrimonis.humanes\/\/wp-content\/uploads\/cp.pedrobrimonis.humanes\/2025\/10\/PGA-2025-2026-actividades-complementarias.pdf\" target=\"_blank\" rel=\"noreferrer noopener\">Actividades complementarias, extraescolares y servicios complementarios 2025\/2026<\/a><\/strong>.<\/li>\n\n\n\n<li><a href=\"https:\/\/site.educa.madrid.org\/cp.pedrobrimonis.humanes\/\/wp-content\/uploads\/cp.pedrobrimonis.humanes\/2025\/06\/memoria_PBrimonis_24_25.pdf\" target=\"_blank\" rel=\"noreferrer noopener\"><strong>Memoria anual curso 2024\/2025<\/strong><\/a><strong>.<\/strong>\n<ul class=\"wp-block-list\">\n<li><strong><a href=\"https:\/\/site.educa.madrid.org\/cp.pedrobrimonis.humanes\/\/wp-content\/uploads\/cp.pedrobrimonis.humanes\/2025\/06\/resultados_evaluacion_2024_2025.pdf\" target=\"_blank\" rel=\"noreferrer noopener\">Resultados evaluaciones internas y externas<\/a>.<\/strong><\/li>\n<\/ul>\n<\/li>\n\n\n\n<li><strong><a href=\"https:\/\/site.educa.madrid.org\/cp.pedrobrimonis.humanes\/\/wp-content\/uploads\/cp.pedrobrimonis.humanes\/2025\/10\/criterios_calificacion.pdf\" target=\"_blank\" rel=\"noreferrer noopener\">Criterios de Calificaci\u00f3n de Ed. Primaria<\/a>.&nbsp;<\/strong><\/li>\n\n\n\n<li><strong><a href=\"https:\/\/site.educa.madrid.org\/cp.pedrobrimonis.humanes\/\/wp-content\/uploads\/cp.pedrobrimonis.humanes\/2025\/10\/criterios_promocion_pb_25-26.pdf\" target=\"_blank\" rel=\"noreferrer noopener\">Criterios de Promoci\u00f3n de Ed. Primaria<\/a>.<\/strong><\/li>\n\n\n\n<li><strong><a href=\"https:\/\/site.educa.madrid.org\/cp.pedrobrimonis.humanes\/\/wp-content\/uploads\/cp.pedrobrimonis.humanes\/2025\/10\/plan_fomento_lectura.pdf\" target=\"_blank\" rel=\"noreferrer noopener\">Plan para el fomento de la lectura, el desarrollo de la comprensi\u00f3n lectora y la mejora de la expresi\u00f3n oral<\/a><a href=\"https:\/\/site.educa.madrid.org\/cp.pedrobrimonis.humanes\/\/wp-content\/uploads\/cp.pedrobrimonis.humanes\/2022\/10\/plan_fomento_lectura.pdf\">.<\/a><\/strong><\/li>\n\n\n\n<li><strong><a href=\"https:\/\/site.educa.madrid.org\/cp.pedrobrimonis.humanes\/\/wp-content\/uploads\/cp.pedrobrimonis.humanes\/2025\/10\/pat.pdf\" target=\"_blank\" rel=\"noreferrer noopener\">Plan de Orientaci\u00f3n y Acci\u00f3n Tutorial<\/a>&nbsp;(P.A.T.).<\/strong><\/li>\n\n\n\n<li><strong><a href=\"https:\/\/site.educa.madrid.org\/cp.pedrobrimonis.humanes\/\/wp-content\/uploads\/cp.pedrobrimonis.humanes\/2025\/10\/plan_incluyo-Pedro-Brimonis-v3-1.pdf\" target=\"_blank\" rel=\"noreferrer noopener\">Plan de Atenci\u00f3n a las Diferencias Individuales<\/a>&nbsp;(Plan Incluyo).<\/strong><\/li>\n\n\n\n<li><strong><a href=\"https:\/\/site.educa.madrid.org\/cp.pedrobrimonis.humanes\/\/wp-content\/uploads\/cp.pedrobrimonis.humanes\/2025\/10\/PLAN-TIC-2025-2026.pdf\" target=\"_blank\" rel=\"noreferrer noopener\">Plan TIC<\/a>.<\/strong><\/li>\n\n\n\n<li><strong><a href=\"https:\/\/site.educa.madrid.org\/cp.pedrobrimonis.humanes\/\/wp-content\/uploads\/cp.pedrobrimonis.humanes\/2025\/10\/Elementos_transversales.pdf\" target=\"_blank\" rel=\"noreferrer noopener\">Elementos transversales<\/a>.<\/strong><\/li>\n\n\n\n<li><strong><a href=\"https:\/\/site.educa.madrid.org\/cp.pedrobrimonis.humanes\/\/wp-content\/uploads\/cp.pedrobrimonis.humanes\/2025\/10\/att_educativa.pdf\" target=\"_blank\" rel=\"noreferrer noopener\">Medidas de Atenci\u00f3n Educativa<\/a><a href=\"https:\/\/site.educa.madrid.org\/cp.pedrobrimonis.humanes\/\/wp-content\/uploads\/cp.pedrobrimonis.humanes\/2022\/10\/att_educativa-1.pdf\" target=\"_blank\" rel=\"noreferrer noopener\">.<\/a><\/strong><\/li>\n\n\n\n<li><strong><a href=\"https:\/\/site.educa.madrid.org\/cp.pedrobrimonis.humanes\/\/wp-content\/uploads\/cp.pedrobrimonis.humanes\/2025\/10\/Plan_digital_25_26.pdf\" target=\"_blank\" rel=\"noreferrer noopener\">Plan Digital de Centro curso 2025\/2026.<\/a><\/strong><\/li>\n\n\n\n<li><strong><a href=\"https:\/\/site.educa.madrid.org\/cp.pedrobrimonis.humanes\/\/wp-content\/uploads\/cp.pedrobrimonis.humanes\/2025\/05\/Plan-de-alerta-y-prevencion_olas_calor.pdf\" target=\"_blank\" rel=\"noreferrer noopener\">Plan de alerta y prevenci\u00f3n frente a \u00abolas de calor\u00bb<\/a>.<\/strong><\/li>\n<\/ul>\n<\/div>\n<\/div>\n","protected":false},"excerpt":{"rendered":"<p>Proyecto Educativo Nuestro proyecto educativo, se basa en una serie de ejes fundamentales: Puedes consultar nuestro proyecto educativo a continuaci\u00f3n. Si tienes problemas para descargar el documento anterior, puedes descargarlo &#8230;<\/p>\n","protected":false},"author":5,"featured_media":0,"parent":147,"menu_order":24,"comment_status":"closed","ping_status":"closed","template":"template-fullwidth.php","meta":{"footnotes":""},"folder":[],"class_list":["post-275","page","type-page","status-publish","hentry"],"rttpg_featured_image_url":null,"rttpg_author":{"display_name":"Eduardo Delgado Bernal","author_link":"https:\/\/site.educa.madrid.org\/cp.pedrobrimonis.humanes\/index.php\/author\/eduardo_delgado-bernal\/"},"rttpg_comment":0,"rttpg_category":false,"rttpg_excerpt":"Proyecto Educativo Nuestro proyecto educativo, se basa en una serie de ejes fundamentales: Puedes consultar nuestro proyecto educativo a continuaci\u00f3n. Si tienes problemas para descargar el documento anterior, puedes descargarlo ...","post_mailing_queue_ids":[],"_links":{"self":[{"href":"https:\/\/site.educa.madrid.org\/cp.pedrobrimonis.humanes\/index.php\/wp-json\/wp\/v2\/pages\/275","targetHints":{"allow":["GET"]}}],"collection":[{"href":"https:\/\/site.educa.madrid.org\/cp.pedrobrimonis.humanes\/index.php\/wp-json\/wp\/v2\/pages"}],"about":[{"href":"https:\/\/site.educa.madrid.org\/cp.pedrobrimonis.humanes\/index.php\/wp-json\/wp\/v2\/types\/page"}],"author":[{"embeddable":true,"href":"https:\/\/site.educa.madrid.org\/cp.pedrobrimonis.humanes\/index.php\/wp-json\/wp\/v2\/users\/5"}],"replies":[{"embeddable":true,"href":"https:\/\/site.educa.madrid.org\/cp.pedrobrimonis.humanes\/index.php\/wp-json\/wp\/v2\/comments?post=275"}],"version-history":[{"count":50,"href":"https:\/\/site.educa.madrid.org\/cp.pedrobrimonis.humanes\/index.php\/wp-json\/wp\/v2\/pages\/275\/revisions"}],"predecessor-version":[{"id":5397,"href":"https:\/\/site.educa.madrid.org\/cp.pedrobrimonis.humanes\/index.php\/wp-json\/wp\/v2\/pages\/275\/revisions\/5397"}],"up":[{"embeddable":true,"href":"https:\/\/site.educa.madrid.org\/cp.pedrobrimonis.humanes\/index.php\/wp-json\/wp\/v2\/pages\/147"}],"wp:attachment":[{"href":"https:\/\/site.educa.madrid.org\/cp.pedrobrimonis.humanes\/index.php\/wp-json\/wp\/v2\/media?parent=275"}],"wp:term":[{"taxonomy":"folder","embeddable":true,"href":"https:\/\/site.educa.madrid.org\/cp.pedrobrimonis.humanes\/index.php\/wp-json\/wp\/v2\/folder?post=275"}],"curies":[{"name":"wp","href":"https:\/\/api.w.org\/{rel}","templated":true}]}}