{"id":346,"date":"2022-02-17T22:02:04","date_gmt":"2022-02-17T21:02:04","guid":{"rendered":"https:\/\/site.educa.madrid.org\/cp.pedrobrimonis.humanes\/?page_id=346"},"modified":"2022-10-11T18:38:13","modified_gmt":"2022-10-11T16:38:13","slug":"horario-de-atencion-a-las-familias","status":"publish","type":"page","link":"https:\/\/site.educa.madrid.org\/cp.pedrobrimonis.humanes\/index.php\/secretaria\/horario-de-atencion-a-las-familias\/","title":{"rendered":"Horario de Atenci\u00f3n a las Familias"},"content":{"rendered":"\n\t\t\t<!-- Flexy Breadcrumb -->\n\t\t\t<div class=\"fbc fbc-page\">\n\n\t\t\t\t<!-- Breadcrumb wrapper -->\n\t\t\t\t<div class=\"fbc-wrap\">\n\n\t\t\t\t\t<!-- Ordered list-->\n\t\t\t\t\t<ol class=\"fbc-items\" itemscope itemtype=\"https:\/\/schema.org\/BreadcrumbList\">\n\t\t\t\t\t\t            <li itemprop=\"itemListElement\" itemscope itemtype=\"https:\/\/schema.org\/ListItem\">\n                <span itemprop=\"name\">\n                    <!-- Home Link -->\n                    <a itemprop=\"item\" href=\"https:\/\/site.educa.madrid.org\/cp.pedrobrimonis.humanes\">\n                    \n                        Inicio                    <\/a>\n                <\/span>\n                <meta itemprop=\"position\" content=\"1\" \/><!-- Meta Position-->\n             <\/li><li><span class=\"fbc-separator\">\/<\/span><\/li><li class=\"active\" itemprop=\"itemListElement\" itemscope itemtype=\"https:\/\/schema.org\/ListItem\"><span itemprop=\"name\" title=\"Novedades\">Novedades<\/span><meta itemprop=\"position\" content=\"2\" \/><\/li>\t\t\t\t\t<\/ol>\n\t\t\t\t\t<div class=\"clearfix\"><\/div>\n\t\t\t\t<\/div>\n\t\t\t<\/div>\n\t\t\t\n\n\n\n<h2 class=\"wp-block-heading\">Horario de atenci\u00f3n a las familias<\/h2>\n\n\n\n<div class=\"wp-block-columns is-layout-flex wp-container-core-columns-is-layout-9d6595d7 wp-block-columns-is-layout-flex\">\n<div class=\"wp-block-column is-layout-flow wp-block-column-is-layout-flow\">\n<p><br><strong>Horario de atenci\u00f3n en la Secretar\u00eda del centro<\/strong><br>Nuestro horario de atenci\u00f3n en Secretar\u00eda es por la ma\u00f1ana de 9:00 a 10:00 horas de lunes a viernes.<\/p>\n<\/div>\n\n\n\n<div class=\"wp-block-column is-layout-flow wp-block-column-is-layout-flow\">\n<p><br><strong>Horario de atenci\u00f3n en Direcci\u00f3n<\/strong><br>La direcci\u00f3n del centro atender\u00e1 a las familias de lunes a viernes previa petici\u00f3n de hora.<\/p>\n<\/div>\n\n\n\n<div class=\"wp-block-column is-layout-flow wp-block-column-is-layout-flow\">\n<p><br><strong>Horario de atenci\u00f3n en Jefatura de Estudios<\/strong><br>La Jefatura de estudios atender\u00e1 a las familias de lunes a viernes previa petici\u00f3n de hora.<\/p>\n<\/div>\n<\/div>\n\n\n\n<div class=\"wp-block-columns is-layout-flex wp-container-core-columns-is-layout-9d6595d7 wp-block-columns-is-layout-flex\">\n<div class=\"wp-block-column is-layout-flow wp-block-column-is-layout-flow\">\n<p><strong>Horario de tutor\u00eda de profesores<\/strong><br>Los maestros recibir\u00e1n a las familias los mi\u00e9rcoles de 14:00 a 15:00 horas.<\/p>\n<\/div>\n\n\n\n<div class=\"wp-block-column is-layout-flow wp-block-column-is-layout-flow\">\n<p><strong>Horario lectivo de los alumnos<\/strong><br>El horario lectivo de nuestros alumnos es de 9:00 a 14:00 horas, durante los meses de octubre a mayo.<br>En los meses de septiembre y junio ser\u00e1 de 9:00 a 13:00 horas.<\/p>\n<\/div>\n\n\n\n<div class=\"wp-block-column is-layout-flow wp-block-column-is-layout-flow\">\n<p><strong>Horario de comedor<\/strong><br>Horario de comedor de septiembre a junio: 13:00 &#8211; 15:00 horas. En septiembre y junio la salida ser\u00e1 a las 15:00 horas.<br>Horario de comedor de octubre a mayo: 14:00 &#8211; 16:00 horas. La salida de los alumnos ser\u00e1 a las 16:00 horas.<\/p>\n<\/div>\n<\/div>\n\n\n\n<div class=\"wp-block-columns is-layout-flex wp-container-core-columns-is-layout-9d6595d7 wp-block-columns-is-layout-flex\">\n<div class=\"wp-block-column is-layout-flow wp-block-column-is-layout-flow\">\n<p><strong>Horario de desayuno<\/strong><br>Nuestro programa de desayuno posee un horario de 7:00 a 9:00 horas.<\/p>\n<\/div>\n\n\n\n<div class=\"wp-block-column is-layout-flow wp-block-column-is-layout-flow\">\n<p><strong>Horario de actividades extraescolares<\/strong><br>El horario de realizaci\u00f3n de actividades extraescolares es de 16:00 a 19:00 horas.<\/p>\n<\/div>\n\n\n\n<div class=\"wp-block-column is-layout-flow wp-block-column-is-layout-flow\">\n<p><strong>Horario del AMPA<\/strong><br>Si quiere contactar con el A.M.P.A. puede hacerlo a trav\u00e9s del correo electr\u00f3nico:\u00a0<strong><a rel=\"noreferrer noopener\" href=\"mailto:ampapedrobrimonis@hotmail.com\" target=\"_blank\">ampapedrobrimonis@hotmail.com<\/a><\/strong>\u00a0 y la p\u00e1gina de <strong><a rel=\"noreferrer noopener\" href=\"https:\/\/es-la.facebook.com\/pages\/ampa-pedro-brimonis-humanes-de-madrid\/191616290920656\" target=\"_blank\">facebook del\u00a0ampa del CP Pedro Brimonis<\/a>. <\/strong>Se  reanuda la atenci\u00f3n presencial\u00a0 los martes y jueves de 17:00 a 18:00 h. <strong><a rel=\"noreferrer noopener\" href=\"mailto:ampapedrobrimonis@hotmail.com\" target=\"_blank\">previa cita por correo electr\u00f3nica anteriormente mencionado.<\/a><\/strong><\/p>\n<\/div>\n<\/div>\n","protected":false},"excerpt":{"rendered":"<p>Horario de atenci\u00f3n a las familias Horario de atenci\u00f3n en la Secretar\u00eda del centroNuestro horario de atenci\u00f3n en Secretar\u00eda es por la ma\u00f1ana de 9:00 a 10:00 horas de lunes &#8230;<\/p>\n","protected":false},"author":2,"featured_media":0,"parent":134,"menu_order":19,"comment_status":"closed","ping_status":"closed","template":"","meta":{"footnotes":""},"folder":[],"class_list":["post-346","page","type-page","status-publish","hentry"],"rttpg_featured_image_url":null,"rttpg_author":{"display_name":"tic.cp.pedrobrimonis.humanes","author_link":"https:\/\/site.educa.madrid.org\/cp.pedrobrimonis.humanes\/index.php\/author\/cuenta_tic-cp-pedrobrimonis-humanes\/"},"rttpg_comment":0,"rttpg_category":false,"rttpg_excerpt":"Horario de atenci\u00f3n a las familias Horario de atenci\u00f3n en la Secretar\u00eda del centroNuestro horario de atenci\u00f3n en Secretar\u00eda es por la ma\u00f1ana de 9:00 a 10:00 horas de lunes ...","post_mailing_queue_ids":[],"_links":{"self":[{"href":"https:\/\/site.educa.madrid.org\/cp.pedrobrimonis.humanes\/index.php\/wp-json\/wp\/v2\/pages\/346","targetHints":{"allow":["GET"]}}],"collection":[{"href":"https:\/\/site.educa.madrid.org\/cp.pedrobrimonis.humanes\/index.php\/wp-json\/wp\/v2\/pages"}],"about":[{"href":"https:\/\/site.educa.madrid.org\/cp.pedrobrimonis.humanes\/index.php\/wp-json\/wp\/v2\/types\/page"}],"author":[{"embeddable":true,"href":"https:\/\/site.educa.madrid.org\/cp.pedrobrimonis.humanes\/index.php\/wp-json\/wp\/v2\/users\/2"}],"replies":[{"embeddable":true,"href":"https:\/\/site.educa.madrid.org\/cp.pedrobrimonis.humanes\/index.php\/wp-json\/wp\/v2\/comments?post=346"}],"version-history":[{"count":17,"href":"https:\/\/site.educa.madrid.org\/cp.pedrobrimonis.humanes\/index.php\/wp-json\/wp\/v2\/pages\/346\/revisions"}],"predecessor-version":[{"id":2574,"href":"https:\/\/site.educa.madrid.org\/cp.pedrobrimonis.humanes\/index.php\/wp-json\/wp\/v2\/pages\/346\/revisions\/2574"}],"up":[{"embeddable":true,"href":"https:\/\/site.educa.madrid.org\/cp.pedrobrimonis.humanes\/index.php\/wp-json\/wp\/v2\/pages\/134"}],"wp:attachment":[{"href":"https:\/\/site.educa.madrid.org\/cp.pedrobrimonis.humanes\/index.php\/wp-json\/wp\/v2\/media?parent=346"}],"wp:term":[{"taxonomy":"folder","embeddable":true,"href":"https:\/\/site.educa.madrid.org\/cp.pedrobrimonis.humanes\/index.php\/wp-json\/wp\/v2\/folder?post=346"}],"curies":[{"name":"wp","href":"https:\/\/api.w.org\/{rel}","templated":true}]}}