{"id":484,"date":"2022-02-20T23:32:23","date_gmt":"2022-02-20T22:32:23","guid":{"rendered":"https:\/\/site.educa.madrid.org\/cp.pedrobrimonis.humanes\/?page_id=484"},"modified":"2025-09-05T09:20:36","modified_gmt":"2025-09-05T07:20:36","slug":"becas","status":"publish","type":"page","link":"https:\/\/site.educa.madrid.org\/cp.pedrobrimonis.humanes\/index.php\/secretaria\/becas\/","title":{"rendered":"Becas y ayudas"},"content":{"rendered":"\n\t\t\t<!-- Flexy Breadcrumb -->\n\t\t\t<div class=\"fbc fbc-page\">\n\n\t\t\t\t<!-- Breadcrumb wrapper -->\n\t\t\t\t<div class=\"fbc-wrap\">\n\n\t\t\t\t\t<!-- Ordered list-->\n\t\t\t\t\t<ol class=\"fbc-items\" itemscope itemtype=\"https:\/\/schema.org\/BreadcrumbList\">\n\t\t\t\t\t\t            <li itemprop=\"itemListElement\" itemscope itemtype=\"https:\/\/schema.org\/ListItem\">\n                <span itemprop=\"name\">\n                    <!-- Home Link -->\n                    <a itemprop=\"item\" href=\"https:\/\/site.educa.madrid.org\/cp.pedrobrimonis.humanes\">\n                    \n                        Inicio                    <\/a>\n                <\/span>\n                <meta itemprop=\"position\" content=\"1\" \/><!-- Meta Position-->\n             <\/li><li><span class=\"fbc-separator\">\/<\/span><\/li><li class=\"active\" itemprop=\"itemListElement\" itemscope itemtype=\"https:\/\/schema.org\/ListItem\"><span itemprop=\"name\" title=\"Novedades\">Novedades<\/span><meta itemprop=\"position\" content=\"2\" \/><\/li>\t\t\t\t\t<\/ol>\n\t\t\t\t\t<div class=\"clearfix\"><\/div>\n\t\t\t\t<\/div>\n\t\t\t<\/div>\n\t\t\t\n\n\n\n<h2 class=\"wp-block-heading\">Becas y ayudas<\/h2>\n\n\n\n<div class=\"wp-block-columns is-layout-flex wp-container-core-columns-is-layout-9d6595d7 wp-block-columns-is-layout-flex\">\n<div class=\"wp-block-column is-layout-flow wp-block-column-is-layout-flow\" style=\"flex-basis:66.66%\">\n<div class=\"wp-block-columns is-layout-flex wp-container-core-columns-is-layout-9d6595d7 wp-block-columns-is-layout-flex\">\n<div class=\"wp-block-column is-layout-flow wp-block-column-is-layout-flow\">\n<h3 class=\"wp-block-heading\"><br><kbd><mark style=\"background-color:rgba(0, 0, 0, 0);color:#053676\" class=\"has-inline-color\">PROGRAMA ACCEDE DE PR\u00c9STAMO DE LIBROS<\/mark><\/kbd><\/h3>\n\n\n<div\n\t\t\t\n\t\t\tclass=\"so-widget-sow-cta so-widget-sow-cta-default-701b24f7413e\"\n\t\t\t\n\t\t><div\n\tclass=\"sow-cta-base\"\n\t>\n\t\n\t<div class=\"sow-cta-wrapper\">\n\n\t\t<div class=\"sow-cta-text\">\n\t\t\t\t\t\t\t<h4 class=\"sow-cta-title\">\n\t\t\t\t\tRecogida de libros Programa ACCEDE 2024\/2025\t\t\t\t<\/h4>\n\t\t\t\n\t\t\t\t\t<\/div>\n\n\t\t<div\n\t\t\t\n\t\t\tclass=\"so-widget-sow-button so-widget-sow-button-wire-3405ba34dc6d\"\n\t\t\t\n\t\t><div class=\"ow-button-base ow-button-align-center\">\n\t<a\n\thref=\"https:\/\/site.educa.madrid.org\/cp.pedrobrimonis.humanes\/\/wp-content\/uploads\/cp.pedrobrimonis.humanes\/2025\/06\/Recogida-de-libros-Programa-ACCEDE-24-25.pdf\"\n\t\tclass=\"ow-icon-placement-left ow-button-hover\" target=\"_blank\" rel=\"noopener noreferrer\" \t>\n\t\t<span>\n\t\t\t<span class=\"sow-icon-fontawesome sow-far\" data-sow-icon=\"&#xf1c1;\"\n\t\tstyle=\"color: #053676\" \n\t\taria-hidden=\"true\"><\/span>\n\t\t\tDescarga\t\t<\/span>\n\t<\/a>\n<\/div>\n<\/div>\n\t<\/div>\n\n\t<\/div>\n<\/div>\n\n<div\n\t\t\t\n\t\t\tclass=\"so-widget-sow-cta so-widget-sow-cta-default-701b24f7413e\"\n\t\t\t\n\t\t><div\n\tclass=\"sow-cta-base\"\n\t>\n\t\n\t<div class=\"sow-cta-wrapper\">\n\n\t\t<div class=\"sow-cta-text\">\n\t\t\t\t\t\t\t<h4 class=\"sow-cta-title\">\n\t\t\t\t\tADHESI\u00d3N NUEVOS ALUMNOS Y ALUMNAS AL PROGRAMA ACCEDE DE PR\u00c9STAMO DE LIBROS PARA EL CURSO 2025-2026\t\t\t\t<\/h4>\n\t\t\t\n\t\t\t\t\t<\/div>\n\n\t\t<div\n\t\t\t\n\t\t\tclass=\"so-widget-sow-button so-widget-sow-button-wire-3405ba34dc6d\"\n\t\t\t\n\t\t><div class=\"ow-button-base ow-button-align-center\">\n\t<a\n\thref=\"https:\/\/site.educa.madrid.org\/cp.pedrobrimonis.humanes\/\/wp-content\/uploads\/cp.pedrobrimonis.humanes\/2025\/06\/CIRCULAR-NUEVAS-ADHESIONES-ACCEDE-25-26.pdf\"\n\t\tclass=\"ow-icon-placement-left ow-button-hover\" target=\"_blank\" rel=\"noopener noreferrer\" \t>\n\t\t<span>\n\t\t\t<span class=\"sow-icon-fontawesome sow-far\" data-sow-icon=\"&#xf1c1;\"\n\t\tstyle=\"color: #053676\" \n\t\taria-hidden=\"true\"><\/span>\n\t\t\tDescarga\t\t<\/span>\n\t<\/a>\n<\/div>\n<\/div>\n\t<\/div>\n\n\t<\/div>\n<\/div>\n\n\n<h3 class=\"wp-block-heading\"><kbd><mark style=\"background-color:rgba(0, 0, 0, 0);color:#053676\" class=\"has-inline-color\">BECAS DE COMEDOR ESCOLAR<\/mark><\/kbd><\/h3>\n\n\n\n<p>Estimadas familias pueden consultar la informaci\u00f3n relevante sobre las becas de comedor pulsando <strong><a rel=\"noreferrer noopener\" href=\"https:\/\/site.educa.madrid.org\/cp.pedrobrimonis.humanes\/index.php\/2023\/06\/06\/informacion-sobre-becas-de-comedor\/\" target=\"_blank\">aqu\u00ed<\/a>.<\/strong><\/p>\n\n\n\n<h3 class=\"wp-block-heading\"><kbd><mark style=\"background-color:rgba(0, 0, 0, 0);color:#053676\" class=\"has-inline-color\">AYUDAS DESAYUNO ESCOLAR (RMI o IMV)<\/mark><\/kbd><\/h3>\n\n\n\n<p>Estimadas familias pueden consultar la informaci\u00f3n relevante sobre las becas de comedor pulsando <strong><a href=\"https:\/\/sede.comunidad.madrid\/ayudas-becas-subvenciones\/ayudas-desayuno-escolar\" target=\"_blank\" rel=\"noreferrer noopener\">aqu\u00ed<\/a>.<\/strong><\/p>\n\n\n\n<h3 class=\"wp-block-heading\"><kbd><span style=\"color:#053676\" class=\"has-inline-color\">AYUDAS PARA ALUMNADO CON NECESIDADES<\/span><\/kbd><\/h3>\n\n\n\n<h3 class=\"wp-block-heading\"><kbd><span style=\"color:#053676\" class=\"has-inline-color\">ESPEC\u00cdFICAS DE APOYO EDUCATIVO<\/span><\/kbd><\/h3>\n\n\n\n<p>Estimadas familias.<\/p>\n\n\n\n<p>Desde los siguientes enlaces pueden consultar la informaci\u00f3n referente a las ayudas para alumnado con necesidades espec\u00edficas de apoyo educativo.&nbsp; Las fechas de entrega de la documentaci\u00f3n abarcan desde el <strong>30 de abril al 11 de septiembre de 2025<\/strong>. Consulta informaci\u00f3n de tramitaci\u00f3n <strong><a href=\"https:\/\/site.educa.madrid.org\/cp.pedrobrimonis.humanes\/\/wp-content\/uploads\/cp.pedrobrimonis.humanes\/2025\/06\/Ayudas-para-alumnos-con-necesidad-especifica-de-apoyo-educativo-para-el-curso-academico-2025-2026.pdf\" target=\"_blank\" rel=\"noreferrer noopener\">aqu\u00ed<\/a><\/strong>.<\/p>\n\n\n\n<p>Forma de presentaci\u00f3n: La presentaci\u00f3n de la solicitud se realizar\u00e1 \u00edntegramente online. Una vez presentada telem\u00e1ticamente (estado presentado), la solicitud se encuentra en poder de la Unidad Tramitadora y no en el centro educativo (NO tienen que imprimirla y llevarla al centro, la solicitud se registra \u00edntegramente al hacer la presentaci\u00f3n online).<\/p>\n\n\n\n<ul class=\"wp-block-list\">\n<li><a href=\"https:\/\/www.educacionfpydeportes.gob.es\/servicios-al-ciudadano\/catalogo\/general\/05\/050130\/ficha\/050130-2025.html#dg\">Informaci\u00f3n general<\/a>: <a href=\"https:\/\/www.educacionfpydeportes.gob.es\/servicios-al-ciudadano\/catalogo\/general\/05\/050130\/ficha\/050130-2025.html#dg1\">Descripci\u00f3n<\/a>. <a href=\"https:\/\/www.educacionfpydeportes.gob.es\/servicios-al-ciudadano\/catalogo\/general\/05\/050130\/ficha\/050130-2025.html#dg8\">M\u00e1s Informaci\u00f3n<\/a><\/li>\n\n\n\n<li><a href=\"https:\/\/www.educacionfpydeportes.gob.es\/servicios-al-ciudadano\/catalogo\/general\/05\/050130\/ficha\/050130-2025.html#dc\">Convocatoria<\/a>: <a href=\"https:\/\/www.educacionfpydeportes.gob.es\/servicios-al-ciudadano\/catalogo\/general\/05\/050130\/ficha\/050130-2025.html#dc1\">Informaci\u00f3n<\/a><\/li>\n\n\n\n<li><a href=\"https:\/\/www.educacionfpydeportes.gob.es\/servicios-al-ciudadano\/catalogo\/general\/05\/050130\/ficha\/050130-2025.html#ds\">Solicitud<\/a>: <a href=\"https:\/\/www.educacionfpydeportes.gob.es\/servicios-al-ciudadano\/catalogo\/general\/05\/050130\/ficha\/050130-2025.html#ds1\">Plazo de presentaci\u00f3n de solicitudes<\/a>. <a href=\"https:\/\/www.educacionfpydeportes.gob.es\/servicios-al-ciudadano\/catalogo\/general\/05\/050130\/ficha\/050130-2025.html#doi\">M\u00e1s informaci\u00f3n<\/a><\/li>\n\n\n\n<li><a href=\"https:\/\/www.educacionfpydeportes.gob.es\/servicios-al-ciudadano\/catalogo\/general\/05\/050130\/ficha\/050130-2025.html#doi1\">Contacto<\/a>: <a href=\"https:\/\/www.educacionfpydeportes.gob.es\/servicios-al-ciudadano\/catalogo\/general\/05\/050130\/ficha\/050130-2025.html#doi3\">Informaci\u00f3n de SIA<\/a>, <a href=\"https:\/\/www.educacionfpydeportes.gob.es\/servicios-al-ciudadano\/catalogo\/general\/05\/050130\/ficha\/050130-2025.html#doi5\">Informaci\u00f3n de la Pasarela Digital \u00danica<\/a><\/li>\n\n\n\n<li><a href=\"https:\/\/www.educacionfpydeportes.gob.es\/servicios-al-ciudadano\/catalogo\/general\/05\/050130\/ficha\/050130-2025.html#doi4\">Otras convocatorias<\/a><\/li>\n<\/ul>\n\n\n\n<p>El equipo directivo.<\/p>\n<\/div>\n<\/div>\n\n\n\n<div style=\"width: 100%;\"><div style=\"position: relative; padding-bottom: 56.25%; padding-top: 0; height: 0;\"><iframe loading=\"lazy\" style=\"position: absolute; top: 0; left: 0; width: 100%; height: 100%;\" src=\"https:\/\/view.genial.ly\/5c9e5e2ac177214910c2ebed\" type=\"text\/html\" allowscriptaccess=\"always\" allowfullscreen=\"true\" scrolling=\"yes\" allownetworking=\"all\" width=\"1200px\" height=\"675px\" frameborder=\"0\"><\/iframe> <\/div> <\/div>\n<\/div>\n<\/div>\n","protected":false},"excerpt":{"rendered":"<p>Becas y ayudas PROGRAMA ACCEDE DE PR\u00c9STAMO DE LIBROS BECAS DE COMEDOR ESCOLAR Estimadas familias pueden consultar la informaci\u00f3n relevante sobre las becas de comedor pulsando aqu\u00ed. AYUDAS DESAYUNO ESCOLAR &#8230;<\/p>\n","protected":false},"author":2,"featured_media":0,"parent":134,"menu_order":21,"comment_status":"closed","ping_status":"closed","template":"template-fullwidth.php","meta":{"footnotes":""},"folder":[],"class_list":["post-484","page","type-page","status-publish","hentry"],"rttpg_featured_image_url":null,"rttpg_author":{"display_name":"tic.cp.pedrobrimonis.humanes","author_link":"https:\/\/site.educa.madrid.org\/cp.pedrobrimonis.humanes\/index.php\/author\/cuenta_tic-cp-pedrobrimonis-humanes\/"},"rttpg_comment":0,"rttpg_category":false,"rttpg_excerpt":"Becas y ayudas PROGRAMA ACCEDE DE PR\u00c9STAMO DE LIBROS BECAS DE COMEDOR ESCOLAR Estimadas familias pueden consultar la informaci\u00f3n relevante sobre las becas de comedor pulsando aqu\u00ed. AYUDAS DESAYUNO ESCOLAR ...","post_mailing_queue_ids":[],"_links":{"self":[{"href":"https:\/\/site.educa.madrid.org\/cp.pedrobrimonis.humanes\/index.php\/wp-json\/wp\/v2\/pages\/484","targetHints":{"allow":["GET"]}}],"collection":[{"href":"https:\/\/site.educa.madrid.org\/cp.pedrobrimonis.humanes\/index.php\/wp-json\/wp\/v2\/pages"}],"about":[{"href":"https:\/\/site.educa.madrid.org\/cp.pedrobrimonis.humanes\/index.php\/wp-json\/wp\/v2\/types\/page"}],"author":[{"embeddable":true,"href":"https:\/\/site.educa.madrid.org\/cp.pedrobrimonis.humanes\/index.php\/wp-json\/wp\/v2\/users\/2"}],"replies":[{"embeddable":true,"href":"https:\/\/site.educa.madrid.org\/cp.pedrobrimonis.humanes\/index.php\/wp-json\/wp\/v2\/comments?post=484"}],"version-history":[{"count":49,"href":"https:\/\/site.educa.madrid.org\/cp.pedrobrimonis.humanes\/index.php\/wp-json\/wp\/v2\/pages\/484\/revisions"}],"predecessor-version":[{"id":5091,"href":"https:\/\/site.educa.madrid.org\/cp.pedrobrimonis.humanes\/index.php\/wp-json\/wp\/v2\/pages\/484\/revisions\/5091"}],"up":[{"embeddable":true,"href":"https:\/\/site.educa.madrid.org\/cp.pedrobrimonis.humanes\/index.php\/wp-json\/wp\/v2\/pages\/134"}],"wp:attachment":[{"href":"https:\/\/site.educa.madrid.org\/cp.pedrobrimonis.humanes\/index.php\/wp-json\/wp\/v2\/media?parent=484"}],"wp:term":[{"taxonomy":"folder","embeddable":true,"href":"https:\/\/site.educa.madrid.org\/cp.pedrobrimonis.humanes\/index.php\/wp-json\/wp\/v2\/folder?post=484"}],"curies":[{"name":"wp","href":"https:\/\/api.w.org\/{rel}","templated":true}]}}