{"id":953,"date":"2022-03-04T13:22:11","date_gmt":"2022-03-04T12:22:11","guid":{"rendered":"https:\/\/site.educa.madrid.org\/cp.pedrobrimonis.humanes\/?page_id=953"},"modified":"2023-10-09T20:23:08","modified_gmt":"2023-10-09T18:23:08","slug":"area-de-tecnologia","status":"publish","type":"page","link":"https:\/\/site.educa.madrid.org\/cp.pedrobrimonis.humanes\/index.php\/aula-virtual\/area-de-tecnologia\/","title":{"rendered":"\u00c1rea de Tecnolog\u00eda."},"content":{"rendered":"\n\t\t\t<!-- Flexy Breadcrumb -->\n\t\t\t<div class=\"fbc fbc-page\">\n\n\t\t\t\t<!-- Breadcrumb wrapper -->\n\t\t\t\t<div class=\"fbc-wrap\">\n\n\t\t\t\t\t<!-- Ordered list-->\n\t\t\t\t\t<ol class=\"fbc-items\" itemscope itemtype=\"https:\/\/schema.org\/BreadcrumbList\">\n\t\t\t\t\t\t            <li itemprop=\"itemListElement\" itemscope itemtype=\"https:\/\/schema.org\/ListItem\">\n                <span itemprop=\"name\">\n                    <!-- Home Link -->\n                    <a itemprop=\"item\" href=\"https:\/\/site.educa.madrid.org\/cp.pedrobrimonis.humanes\">\n                    \n                        Inicio                    <\/a>\n                <\/span>\n                <meta itemprop=\"position\" content=\"1\" \/><!-- Meta Position-->\n             <\/li><li><span class=\"fbc-separator\">\/<\/span><\/li><li class=\"active\" itemprop=\"itemListElement\" itemscope itemtype=\"https:\/\/schema.org\/ListItem\"><span itemprop=\"name\" title=\"Novedades\">Novedades<\/span><meta itemprop=\"position\" content=\"2\" \/><\/li>\t\t\t\t\t<\/ol>\n\t\t\t\t\t<div class=\"clearfix\"><\/div>\n\t\t\t\t<\/div>\n\t\t\t<\/div>\n\t\t\t\n\n\n\n<h2 class=\"wp-block-heading\">\u00c1rea de Tecnolog\u00eda<\/h2>\n\n\n<div class=\"wp-block-image\">\n<figure class=\"aligncenter size-large\"><a href=\"https:\/\/site.educa.madrid.org\/cp.pedrobrimonis.humanes\/\/wp-content\/uploads\/cp.pedrobrimonis.humanes\/2022\/03\/proyecto_tecnologi\u0301a.pdf\" target=\"_blank\" rel=\"noopener\"><img loading=\"lazy\" decoding=\"async\" width=\"1024\" height=\"160\" src=\"https:\/\/site.educa.madrid.org\/cp.pedrobrimonis.humanes\/\/wp-content\/uploads\/cp.pedrobrimonis.humanes\/2022\/03\/banner2-1024x160.png\" alt=\"\u00c1rea de Tecnolog\u00eda\" class=\"wp-image-988\" srcset=\"https:\/\/site.educa.madrid.org\/cp.pedrobrimonis.humanes\/\/wp-content\/uploads\/cp.pedrobrimonis.humanes\/2022\/03\/banner2-1024x160.png 1024w, https:\/\/site.educa.madrid.org\/cp.pedrobrimonis.humanes\/\/wp-content\/uploads\/cp.pedrobrimonis.humanes\/2022\/03\/banner2-300x47.png 300w, https:\/\/site.educa.madrid.org\/cp.pedrobrimonis.humanes\/\/wp-content\/uploads\/cp.pedrobrimonis.humanes\/2022\/03\/banner2-768x120.png 768w, https:\/\/site.educa.madrid.org\/cp.pedrobrimonis.humanes\/\/wp-content\/uploads\/cp.pedrobrimonis.humanes\/2022\/03\/banner2.png 1280w\" sizes=\"auto, (max-width: 1024px) 100vw, 1024px\" \/><\/a><\/figure>\n<\/div>\n\n\n<div class=\"wp-block-columns is-layout-flex wp-container-core-columns-is-layout-9d6595d7 wp-block-columns-is-layout-flex\">\n<div class=\"wp-block-column is-layout-flow wp-block-column-is-layout-flow\" style=\"flex-basis:33.33%\"><div\n\t\t\t\n\t\t\tclass=\"so-widget-sow-button so-widget-sow-button-flat-c1c0929f4a88\"\n\t\t\t\n\t\t><div class=\"ow-button-base ow-button-align-justify\">\n\t<a\n\thref=\"https:\/\/site.educa.madrid.org\/cp.pedrobrimonis.humanes\/index.php\/2021\/09\/06\/bloque-ofimatica\/?customize_changeset_uuid=9d5b480c-6e39-4534-a022-41e419cf6815\"\n\t\tclass=\"ow-icon-placement-left ow-button-hover\" \t>\n\t\t<span>\n\t\t\t<div class=\"sow-icon-image\" style=\"background-image: url(https:\/\/site.educa.madrid.org\/cp.pedrobrimonis.humanes\/\/wp-content\/uploads\/cp.pedrobrimonis.humanes\/2022\/03\/ofimatica-150x128.jpg)\"><\/div>\n\t\t\tBloque de ofim\u00e1tica\t\t<\/span>\n\t<\/a>\n<\/div>\n<\/div>\n\n\n<div style=\"height:25px\" aria-hidden=\"true\" class=\"wp-block-spacer\"><\/div>\n\n\n<div\n\t\t\t\n\t\t\tclass=\"so-widget-sow-button so-widget-sow-button-flat-c1c0929f4a88\"\n\t\t\t\n\t\t><div class=\"ow-button-base ow-button-align-justify\">\n\t<a\n\thref=\"https:\/\/site.educa.madrid.org\/cp.pedrobrimonis.humanes\/index.php\/2021\/09\/08\/bloque-de-programacion\/?customize_changeset_uuid=9d5b480c-6e39-4534-a022-41e419cf6815\"\n\t\tclass=\"ow-icon-placement-left ow-button-hover\" \t>\n\t\t<span>\n\t\t\t<div class=\"sow-icon-image\" style=\"background-image: url(https:\/\/site.educa.madrid.org\/cp.pedrobrimonis.humanes\/\/wp-content\/uploads\/cp.pedrobrimonis.humanes\/2021\/09\/bloque-programacion-150x150.png)\"><\/div>\n\t\t\tBloque de programaci\u00f3n\t\t<\/span>\n\t<\/a>\n<\/div>\n<\/div>\n\n\n<div style=\"height:25px\" aria-hidden=\"true\" class=\"wp-block-spacer\"><\/div>\n\n\n<div\n\t\t\t\n\t\t\tclass=\"so-widget-sow-button so-widget-sow-button-flat-674f26b37598\"\n\t\t\t\n\t\t><div class=\"ow-button-base ow-button-align-justify\">\n\t<a\n\thref=\"https:\/\/site.educa.madrid.org\/cp.pedrobrimonis.humanes\/index.php\/aula-virtual\/retotech\/\"\n\t\tclass=\"ow-icon-placement-left ow-button-hover\" \t>\n\t\t<span>\n\t\t\t<div class=\"sow-icon-image\" style=\"background-image: url(https:\/\/site.educa.madrid.org\/cp.pedrobrimonis.humanes\/\/wp-content\/uploads\/cp.pedrobrimonis.humanes\/2022\/03\/Retotech-150x150.png)\"><\/div>\n\t\t\tRetoTech\t\t<\/span>\n\t<\/a>\n<\/div>\n<\/div>\n\n\n<div style=\"height:25px\" aria-hidden=\"true\" class=\"wp-block-spacer\"><\/div>\n\n\n<div\n\t\t\t\n\t\t\tclass=\"so-widget-sow-button so-widget-sow-button-flat-674f26b37598\"\n\t\t\t\n\t\t><div class=\"ow-button-base ow-button-align-justify\">\n\t<a\n\thref=\"https:\/\/site.educa.madrid.org\/cp.pedrobrimonis.humanes\/index.php\/aula-virtual\/digicraft\/\"\n\t\tclass=\"ow-icon-placement-left ow-button-hover\" \t>\n\t\t<span>\n\t\t\t<div class=\"sow-icon-image\" style=\"background-image: url(https:\/\/site.educa.madrid.org\/cp.pedrobrimonis.humanes\/\/wp-content\/uploads\/cp.pedrobrimonis.humanes\/2022\/03\/logodigicraft-150x150.png)\"><\/div>\n\t\t\tDigiCraft\t\t<\/span>\n\t<\/a>\n<\/div>\n<\/div>\n\n\n<div style=\"height:30px\" aria-hidden=\"true\" class=\"wp-block-spacer\"><\/div>\n\n\n\n<h2 class=\"wp-block-heading\">Ayuda para padres y madres<\/h2>\n\n\n\n<figure class=\"wp-block-embed is-type-video is-provider-youtube wp-block-embed-youtube wp-embed-aspect-16-9 wp-has-aspect-ratio\"><div class=\"wp-block-embed__wrapper\">\n<iframe loading=\"lazy\" title=\"CPR02 TikTok\" width=\"800\" height=\"450\" src=\"https:\/\/www.youtube.com\/embed\/JxOTXKRLogQ?feature=oembed\" frameborder=\"0\" allow=\"accelerometer; autoplay; clipboard-write; encrypted-media; gyroscope; picture-in-picture; web-share\" allowfullscreen><\/iframe>\n<\/div><\/figure>\n<\/div>\n\n\n\n<div class=\"wp-block-column is-layout-flow wp-block-column-is-layout-flow\" style=\"flex-basis:66.66%\">\n<figure class=\"wp-block-image size-large\"><img loading=\"lazy\" decoding=\"async\" width=\"600\" height=\"240\" src=\"https:\/\/site.educa.madrid.org\/cp.pedrobrimonis.humanes\/\/wp-content\/uploads\/cp.pedrobrimonis.humanes\/2022\/03\/STEAM_Banner.png\" alt=\"\" class=\"wp-image-1044\" srcset=\"https:\/\/site.educa.madrid.org\/cp.pedrobrimonis.humanes\/\/wp-content\/uploads\/cp.pedrobrimonis.humanes\/2022\/03\/STEAM_Banner.png 600w, https:\/\/site.educa.madrid.org\/cp.pedrobrimonis.humanes\/\/wp-content\/uploads\/cp.pedrobrimonis.humanes\/2022\/03\/STEAM_Banner-300x120.png 300w\" sizes=\"auto, (max-width: 600px) 100vw, 600px\" \/><\/figure>\n\n\n\n<p>Los pa\u00edses que est\u00e1n apostando por la innovaci\u00f3n est\u00e1n tratando de aumentar el inter\u00e9s de los y las estudiantes por la ciencia y la tecnolog\u00eda; y est\u00e1n introduciendo en sus agendas <strong>estrategias STEAM<\/strong>.<\/p>\n\n\n\n<p>El t\u00e9rmino STEM es un acr\u00f3nimo que corresponde a las iniciales de las palabras en ingl\u00e9s <em>Science, Technology, Engineering and Maths<\/em>, que fue acu\u00f1ado en los a\u00f1os 90 por la <a rel=\"noreferrer noopener\" href=\"https:\/\/es.wikipedia.org\/wiki\/Fundaci%C3%B3n_Nacional_para_la_Ciencia\" target=\"_blank\"><em><strong>National Science Foundation<\/strong><\/em><\/a>. <strong>Pero la Educaci\u00f3n STEM va m\u00e1s all\u00e1 de eso<\/strong>.<strong> Se trata de un nuevo modelo de aprendizaje<\/strong> basado en la ense\u00f1anza de las 5 disciplinas de manera integrada en lugar de \u00e1reas de conocimiento separadas, con un enfoque interdisciplinar y aplicado.<\/p>\n\n\n\n<p><strong>\u00bfPor qu\u00e9 apostar por la Educaci\u00f3n STEAM?<\/strong><\/p>\n\n\n\n<p>Las corrientes educativas actuales convierten la Educaci\u00f3n STEAM en una prioridad debido a 2 factores principales:<\/p>\n\n\n\n<p>&#8211; Est\u00e1 aumentando la demanda de profesionales cualificados en STEAM, y se prev\u00e9 que vaya a continuar esta tendencia. Sin embargo, a la baja natalidad de pa\u00edses como el nuestro, hay que sumarle el hecho de que el n\u00famero de estudiantes que optan por una formaci\u00f3n cient\u00edfico-tecnol\u00f3gica no aumenta al mismo ritmo que la demanda.<\/p>\n\n\n\n<p>&#8211;&nbsp;Es necesario y urgente fomentar una cultura innovadora en toda la sociedad y a todos los niveles empezando por los ni\u00f1os y ni\u00f1as. La Educaci\u00f3n STEAM permite que el alumnado desarrolle habilidades y competencias relacionadas con la innovaci\u00f3n, independientemente de que se vayan a dedicar o no a una profesi\u00f3n cient\u00edfico-t\u00e9cnica.<\/p>\n\n\n<div class=\"wp-block-image\">\n<figure class=\"aligncenter\"><img decoding=\"async\" src=\"https:\/\/www.educa2.madrid.org\/web\/educamadrid\/principal\/files\/6d46646e-ec3a-407d-b52c-767fb19f6480\/learning%20technology_peq.png\" alt=\"\" title=\"Learning Technology\"\/><\/figure>\n<\/div><\/div>\n<\/div>\n\n\n\n<p><\/p>\n","protected":false},"excerpt":{"rendered":"<p>\u00c1rea de Tecnolog\u00eda Ayuda para padres y madres Los pa\u00edses que est\u00e1n apostando por la innovaci\u00f3n est\u00e1n tratando de aumentar el inter\u00e9s de los y las estudiantes por la ciencia &#8230;<\/p>\n","protected":false},"author":4,"featured_media":0,"parent":153,"menu_order":30,"comment_status":"closed","ping_status":"closed","template":"","meta":{"footnotes":""},"folder":[],"class_list":["post-953","page","type-page","status-publish","hentry"],"rttpg_featured_image_url":null,"rttpg_author":{"display_name":"Antonio Linares Vivar","author_link":"https:\/\/site.educa.madrid.org\/cp.pedrobrimonis.humanes\/index.php\/author\/antonio_linares-vivar\/"},"rttpg_comment":0,"rttpg_category":false,"rttpg_excerpt":"\u00c1rea de Tecnolog\u00eda Ayuda para padres y madres Los pa\u00edses que est\u00e1n apostando por la innovaci\u00f3n est\u00e1n tratando de aumentar el inter\u00e9s de los y las estudiantes por la ciencia ...","post_mailing_queue_ids":[],"_links":{"self":[{"href":"https:\/\/site.educa.madrid.org\/cp.pedrobrimonis.humanes\/index.php\/wp-json\/wp\/v2\/pages\/953","targetHints":{"allow":["GET"]}}],"collection":[{"href":"https:\/\/site.educa.madrid.org\/cp.pedrobrimonis.humanes\/index.php\/wp-json\/wp\/v2\/pages"}],"about":[{"href":"https:\/\/site.educa.madrid.org\/cp.pedrobrimonis.humanes\/index.php\/wp-json\/wp\/v2\/types\/page"}],"author":[{"embeddable":true,"href":"https:\/\/site.educa.madrid.org\/cp.pedrobrimonis.humanes\/index.php\/wp-json\/wp\/v2\/users\/4"}],"replies":[{"embeddable":true,"href":"https:\/\/site.educa.madrid.org\/cp.pedrobrimonis.humanes\/index.php\/wp-json\/wp\/v2\/comments?post=953"}],"version-history":[{"count":24,"href":"https:\/\/site.educa.madrid.org\/cp.pedrobrimonis.humanes\/index.php\/wp-json\/wp\/v2\/pages\/953\/revisions"}],"predecessor-version":[{"id":3559,"href":"https:\/\/site.educa.madrid.org\/cp.pedrobrimonis.humanes\/index.php\/wp-json\/wp\/v2\/pages\/953\/revisions\/3559"}],"up":[{"embeddable":true,"href":"https:\/\/site.educa.madrid.org\/cp.pedrobrimonis.humanes\/index.php\/wp-json\/wp\/v2\/pages\/153"}],"wp:attachment":[{"href":"https:\/\/site.educa.madrid.org\/cp.pedrobrimonis.humanes\/index.php\/wp-json\/wp\/v2\/media?parent=953"}],"wp:term":[{"taxonomy":"folder","embeddable":true,"href":"https:\/\/site.educa.madrid.org\/cp.pedrobrimonis.humanes\/index.php\/wp-json\/wp\/v2\/folder?post=953"}],"curies":[{"name":"wp","href":"https:\/\/api.w.org\/{rel}","templated":true}]}}