{"id":957,"date":"2022-03-04T13:23:07","date_gmt":"2022-03-04T12:23:07","guid":{"rendered":"https:\/\/site.educa.madrid.org\/cp.pedrobrimonis.humanes\/?page_id=957"},"modified":"2022-03-16T15:28:34","modified_gmt":"2022-03-16T14:28:34","slug":"madread-sin-limites","status":"publish","type":"page","link":"https:\/\/site.educa.madrid.org\/cp.pedrobrimonis.humanes\/index.php\/aula-virtual\/madread-sin-limites\/","title":{"rendered":"MadREAD sin l\u00edmites"},"content":{"rendered":"\n\t\t\t<!-- Flexy Breadcrumb -->\n\t\t\t<div class=\"fbc fbc-page\">\n\n\t\t\t\t<!-- Breadcrumb wrapper -->\n\t\t\t\t<div class=\"fbc-wrap\">\n\n\t\t\t\t\t<!-- Ordered list-->\n\t\t\t\t\t<ol class=\"fbc-items\" itemscope itemtype=\"https:\/\/schema.org\/BreadcrumbList\">\n\t\t\t\t\t\t            <li itemprop=\"itemListElement\" itemscope itemtype=\"https:\/\/schema.org\/ListItem\">\n                <span itemprop=\"name\">\n                    <!-- Home Link -->\n                    <a itemprop=\"item\" href=\"https:\/\/site.educa.madrid.org\/cp.pedrobrimonis.humanes\">\n                    \n                        Inicio                    <\/a>\n                <\/span>\n                <meta itemprop=\"position\" content=\"1\" \/><!-- Meta Position-->\n             <\/li><li><span class=\"fbc-separator\">\/<\/span><\/li><li class=\"active\" itemprop=\"itemListElement\" itemscope itemtype=\"https:\/\/schema.org\/ListItem\"><span itemprop=\"name\" title=\"Novedades\">Novedades<\/span><meta itemprop=\"position\" content=\"2\" \/><\/li>\t\t\t\t\t<\/ol>\n\t\t\t\t\t<div class=\"clearfix\"><\/div>\n\t\t\t\t<\/div>\n\t\t\t<\/div>\n\t\t\t\n\n\n\n<h2 class=\"wp-block-heading\">MadREAD sin l\u00edmites<\/h2>\n\n\n\n<p><br>La plataforma\u00a0<a rel=\"noreferrer noopener\" href=\"https:\/\/madread.educa.madrid.org\/\" target=\"_blank\"><strong>MadREAD sin l\u00edmites<\/strong><\/a>\u00a0es un plan integral de\u00a0lectura digital y de aprendizaje interactivo.<\/p>\n\n\n\n<div class=\"wp-block-image\"><figure class=\"aligncenter\"><img decoding=\"async\" src=\"https:\/\/site.educa.madrid.org\/cp.campohermoso.humanes\/\/wp-content\/uploads\/cp.campohermoso.humanes\/2020\/10\/logo.png\" alt=\"\" class=\"wp-image-1244\"\/><\/figure><\/div>\n\n\n\n<p>Esta plataforma permite combinar la ense\u00f1anza presencial con la virtual, a trav\u00e9s de&nbsp;contenidos digitales en varios idiomas, y en formatos de texto, audio o v\u00eddeo.<\/p>\n\n\n\n<p>Los contenidos est\u00e1n&nbsp;divididos por etapas y niveles educativos&nbsp;para facilitar el acceso de los alumnos a las obras m\u00e1s adecuadas a su edad,&nbsp;a partir de 4\u00ba de Educaci\u00f3n Primaria, con algunos de los t\u00edtulos m\u00e1s relevantes y atractivos publicados en los \u00faltimos a\u00f1os en varios idiomas.<\/p>\n\n\n\n<p><a rel=\"noreferrer noopener\" href=\"https:\/\/madread.educa.madrid.org\/\" target=\"_blank\"><strong>MadREAD sin l\u00edmites<\/strong><\/a>\u00a0funcionar\u00e1 desde cualquier dispositivo electr\u00f3nico, con o sin cobertura de Internet\u00a0y permite realizar multitud de actividades como la lectura compartida, la creaci\u00f3n y publicaci\u00f3n de contenidos y la participaci\u00f3n en clubes de lectura o debates con autores. Se podr\u00e1 adaptar a la diversidad de los alumnos con necesidades educativas especiales como dislexia y dificultades visuales, entre otras.<\/p>\n\n\n\n<p>El acceso a la plataforma es con el&nbsp;usuario y contrase\u00f1a de EducaMadrid, que los alumnos recibir\u00e1n de sus profesores en los pr\u00f3ximos d\u00edas.<\/p>\n\n\n\n<p><a rel=\"noreferrer noopener\" href=\"https:\/\/madread.educa.madrid.org\/\" target=\"_blank\"><strong>madread.educa.madrid.org\/<\/strong><\/a><\/p>\n\n\n\n<div class=\"wp-block-image\"><figure class=\"aligncenter\"><img decoding=\"async\" src=\"https:\/\/site.educa.madrid.org\/cp.campohermoso.humanes\/\/wp-content\/uploads\/cp.campohermoso.humanes\/2020\/10\/madread-1024x304.jpg\" alt=\"\" class=\"wp-image-1245\"\/><\/figure><\/div>\n","protected":false},"excerpt":{"rendered":"<p>MadREAD sin l\u00edmites La plataforma\u00a0MadREAD sin l\u00edmites\u00a0es un plan integral de\u00a0lectura digital y de aprendizaje interactivo. Esta plataforma permite combinar la ense\u00f1anza presencial con la virtual, a trav\u00e9s de&nbsp;contenidos digitales &#8230;<\/p>\n","protected":false},"author":5,"featured_media":0,"parent":153,"menu_order":35,"comment_status":"closed","ping_status":"closed","template":"","meta":{"footnotes":""},"folder":[],"class_list":["post-957","page","type-page","status-publish","hentry"],"rttpg_featured_image_url":null,"rttpg_author":{"display_name":"Eduardo Delgado Bernal","author_link":"https:\/\/site.educa.madrid.org\/cp.pedrobrimonis.humanes\/index.php\/author\/eduardo_delgado-bernal\/"},"rttpg_comment":0,"rttpg_category":false,"rttpg_excerpt":"MadREAD sin l\u00edmites La plataforma\u00a0MadREAD sin l\u00edmites\u00a0es un plan integral de\u00a0lectura digital y de aprendizaje interactivo. Esta plataforma permite combinar la ense\u00f1anza presencial con la virtual, a trav\u00e9s de&nbsp;contenidos digitales ...","post_mailing_queue_ids":[],"_links":{"self":[{"href":"https:\/\/site.educa.madrid.org\/cp.pedrobrimonis.humanes\/index.php\/wp-json\/wp\/v2\/pages\/957","targetHints":{"allow":["GET"]}}],"collection":[{"href":"https:\/\/site.educa.madrid.org\/cp.pedrobrimonis.humanes\/index.php\/wp-json\/wp\/v2\/pages"}],"about":[{"href":"https:\/\/site.educa.madrid.org\/cp.pedrobrimonis.humanes\/index.php\/wp-json\/wp\/v2\/types\/page"}],"author":[{"embeddable":true,"href":"https:\/\/site.educa.madrid.org\/cp.pedrobrimonis.humanes\/index.php\/wp-json\/wp\/v2\/users\/5"}],"replies":[{"embeddable":true,"href":"https:\/\/site.educa.madrid.org\/cp.pedrobrimonis.humanes\/index.php\/wp-json\/wp\/v2\/comments?post=957"}],"version-history":[{"count":4,"href":"https:\/\/site.educa.madrid.org\/cp.pedrobrimonis.humanes\/index.php\/wp-json\/wp\/v2\/pages\/957\/revisions"}],"predecessor-version":[{"id":1885,"href":"https:\/\/site.educa.madrid.org\/cp.pedrobrimonis.humanes\/index.php\/wp-json\/wp\/v2\/pages\/957\/revisions\/1885"}],"up":[{"embeddable":true,"href":"https:\/\/site.educa.madrid.org\/cp.pedrobrimonis.humanes\/index.php\/wp-json\/wp\/v2\/pages\/153"}],"wp:attachment":[{"href":"https:\/\/site.educa.madrid.org\/cp.pedrobrimonis.humanes\/index.php\/wp-json\/wp\/v2\/media?parent=957"}],"wp:term":[{"taxonomy":"folder","embeddable":true,"href":"https:\/\/site.educa.madrid.org\/cp.pedrobrimonis.humanes\/index.php\/wp-json\/wp\/v2\/folder?post=957"}],"curies":[{"name":"wp","href":"https:\/\/api.w.org\/{rel}","templated":true}]}}